{"id":6855,"date":"2026-01-15T15:41:22","date_gmt":"2026-01-15T12:41:22","guid":{"rendered":"https:\/\/wristbandfactory.eu\/?post_type=product&#038;p=6855"},"modified":"2026-01-15T15:41:35","modified_gmt":"2026-01-15T12:41:35","slug":"custom-printed-event-badges-id-cards-pvc-laminated","status":"publish","type":"product","link":"https:\/\/wristbandfactory.eu\/de\/p\/custom-printed-event-badges-id-cards-pvc-laminated\/","title":{"rendered":"Bedruckte Event-Ausweise und Umh\u00e4ngekarten"},"content":{"rendered":"<p data-path-to-node=\"6\">Optimieren Sie Ihren Akkreditierungsprozess mit unserem vielseitigen Angebot an <b data-path-to-node=\"6\" data-index-in-node=\"91\">Individuell bedruckte Veranstaltungsausweise und -karten<\/b>. Ob Sie eine eint\u00e4gige Konferenz organisieren oder die langfristige Geb\u00e4udesicherheit gew\u00e4hrleisten m\u00f6chten \u2013 wir bieten Ihnen eine L\u00f6sung, die Ihrem Budget und Ihren Anforderungen an die Langlebigkeit entspricht und die Sie bequem in einer einzigen Bestellung erledigen k\u00f6nnen.<\/p>\n<p data-path-to-node=\"7\">Anstatt separate Halter und Einlagen zu kaufen, bieten diese Namensschilder eine komplette \u201cAll-in-One\u201d-L\u00f6sung \u2013 bedruckt, fertiggestellt und sofort aufh\u00e4ngefertig.<\/p>\n<h2 data-path-to-node=\"8\">W\u00e4hlen Sie Ihr Material aus<\/h2>\n<ul data-path-to-node=\"9\">\n<li>\n<p data-path-to-node=\"9,0,0\"><b data-path-to-node=\"9,0,0\" data-index-in-node=\"0\">Option A: Hart-PVC (Premium):<\/b> Hergestellt aus robustem Polyvinylchlorid (\u00e4hnlich einer Bankkarte). Diese Ausweise sind wasserfest, formstabil und extrem langlebig. Ideal f\u00fcr Mitarbeiterausweise, VIP-P\u00e4sse und wiederverwendbare Presseausweise.<\/p>\n<\/li>\n<li>\n<p data-path-to-node=\"9,1,0\"><b data-path-to-node=\"9,1,0\" data-index-in-node=\"0\">Option B: Laminiertes Papier (Standard):<\/b> Ein hochwertiger Papiereinleger, der mittels Hei\u00dflaminierung in einer robusten Kunststoffh\u00fclle eingeschwei\u00dft ist. Dies ist der Branchenstandard f\u00fcr Messen, Festivals und Konferenzen, bei denen Budget und Schnelligkeit entscheidend sind.<\/p>\n<\/li>\n<\/ul>\n<h2 data-path-to-node=\"10\">Verf\u00fcgbare Gr\u00f6\u00dfen und Formate<\/h2>\n<ul data-path-to-node=\"11\">\n<li>\n<p data-path-to-node=\"11,0,0\"><b data-path-to-node=\"11,0,0\" data-index-in-node=\"0\">Standard CR80 (86 x 54 mm):<\/b> Das klassische Kreditkartenformat. Erh\u00e4ltlich im Quer- oder Hochformat.<\/p>\n<\/li>\n<li>\n<p data-path-to-node=\"11,1,0\"><b data-path-to-node=\"11,1,0\" data-index-in-node=\"0\">Mittelgro\u00dfes Ereignis (100 x 70 mm):<\/b> Bietet mit dem 30% mehr Fl\u00e4che f\u00fcr Agenden, Karten oder gr\u00f6\u00dfere Fotos.<\/p>\n<\/li>\n<li>\n<p data-path-to-node=\"11,2,0\"><b data-path-to-node=\"11,2,0\" data-index-in-node=\"0\">Gro\u00df \/ XL (120 x 80 mm):<\/b> Maximale Sichtbarkeit. Perfekt f\u00fcr \u201cZugang zu allen Bereichen\u201d-P\u00e4sse und Festival-Line-up-Zeitpl\u00e4ne.<\/p>\n<\/li>\n<\/ul>\n<h2 data-path-to-node=\"12\">Technische Daten<\/h2>\n<ul data-path-to-node=\"13\">\n<li>\n<p data-path-to-node=\"13,0,0\"><b data-path-to-node=\"13,0,0\" data-index-in-node=\"0\">Drucktechnologie:<\/b> Vollfarbiger Digital- oder Offsetdruck<\/p>\n<\/li>\n<li>\n<p data-path-to-node=\"13,1,0\"><b data-path-to-node=\"13,1,0\" data-index-in-node=\"0\">PVC-Dicke:<\/b> 0,76 mm (Standard-Kreditkarte)<\/p>\n<\/li>\n<li>\n<p data-path-to-node=\"13,2,0\"><b data-path-to-node=\"13,2,0\" data-index-in-node=\"0\">Laminierte Dicke:<\/b> Schweres Papier + 150\u2013250 Mikron Laminat<\/p>\n<\/li>\n<li>\n<p data-path-to-node=\"13,3,0\"><b data-path-to-node=\"13,3,0\" data-index-in-node=\"0\">Abschluss:<\/b> Ausgestanzte, abgerundete Ecken + Lochung (Kreis oder Schlitz)<\/p>\n<\/li>\n<li>\n<p data-path-to-node=\"13,4,0\"><b data-path-to-node=\"13,4,0\" data-index-in-node=\"0\">Mindestbestellwert:<\/b> 50 St\u00fcck<\/p>\n<\/li>\n<\/ul>\n<h2 data-path-to-node=\"14\">Anwendungsf\u00e4lle<\/h2>\n<ul data-path-to-node=\"15\">\n<li>\n<p data-path-to-node=\"15,0,0\"><b data-path-to-node=\"15,0,0\" data-index-in-node=\"0\">Konferenzen &amp; Messen:<\/b> Kosteng\u00fcnstige, laminierte Namensschilder f\u00fcr Tausende von Teilnehmern.<\/p>\n<\/li>\n<li>\n<p data-path-to-node=\"15,1,0\"><b data-path-to-node=\"15,1,0\" data-index-in-node=\"0\">Musikfestivals:<\/b> Gro\u00dfformatige XL-P\u00e4sse f\u00fcr K\u00fcnstler und Crew (schon von Weitem gut erkennbar).<\/p>\n<\/li>\n<li>\n<p data-path-to-node=\"15,2,0\"><b data-path-to-node=\"15,2,0\" data-index-in-node=\"0\">Firmen-ID:<\/b> Strapazierf\u00e4hige PVC-Karten f\u00fcr den t\u00e4glichen B\u00fcrozugang.<\/p>\n<\/li>\n<li>\n<p data-path-to-node=\"15,3,0\"><b data-path-to-node=\"15,3,0\" data-index-in-node=\"0\">Sportveranstaltungen:<\/b> Wetterfeste PVC-Ausweise f\u00fcr Au\u00dfendienstmitarbeiter und Medienvertreter.<\/p>\n<\/li>\n<\/ul>","protected":false},"excerpt":{"rendered":"<ul data-path-to-node=\"5\">\n<li>\n<p data-path-to-node=\"5,0,0\"><b data-path-to-node=\"5,0,0\" data-index-in-node=\"0\">Zwei Materialoptionen:<\/b> W\u00e4hlen Sie zwischen starr <b data-path-to-node=\"5,0,0\" data-index-in-node=\"43\">PVC-Kunststoff<\/b> (langlebig, f\u00fchlt sich an wie eine Kreditkarte) oder kosteng\u00fcnstig <b data-path-to-node=\"5,0,0\" data-index-in-node=\"101\">Laminiertes Papier<\/b> (leicht, gekapselt).<\/p>\n<\/li>\n<li>\n<p data-path-to-node=\"5,1,0\"><b data-path-to-node=\"5,1,0\" data-index-in-node=\"0\">Vielseitige Gr\u00f6\u00dfen:<\/b> Erh\u00e4ltlich in Standard-Kreditkartengr\u00f6\u00dfe (86x54mm) und in gro\u00dfen Eventformaten (100x70mm, 120x80mm).<\/p>\n<\/li>\n<li>\n<p data-path-to-node=\"5,2,0\"><b data-path-to-node=\"5,2,0\" data-index-in-node=\"0\">Randloser Druck:<\/b> Der vollfarbige, hochaufl\u00f6sende Druck auf beiden Seiten sorgt daf\u00fcr, dass Ihre Markenbotschaft oder Ihre Veranstaltungsgrafiken optimal zur Geltung kommen.<\/p>\n<\/li>\n<li>\n<p data-path-to-node=\"5,3,0\"><b data-path-to-node=\"5,3,0\" data-index-in-node=\"0\">Konfektionsware:<\/b> Alle Namensschilder sind mit einem Standardlocher (rund oder oval) zur sofortigen Befestigung an Lanyards ausgestattet.<\/p>\n<\/li>\n<\/ul>","protected":false},"featured_media":6856,"comment_status":"closed","ping_status":"closed","template":"","meta":[],"product_brand":[],"product_cat":[90],"product_tag":[],"class_list":{"0":"post-6855","1":"product","2":"type-product","3":"status-publish","4":"has-post-thumbnail","6":"product_cat-laminated-cards","8":"first","9":"instock","10":"shipping-taxable","11":"purchasable","12":"product-type-simple"},"_links":{"self":[{"href":"https:\/\/wristbandfactory.eu\/de\/wp-json\/wp\/v2\/product\/6855","targetHints":{"allow":["GET"]}}],"collection":[{"href":"https:\/\/wristbandfactory.eu\/de\/wp-json\/wp\/v2\/product"}],"about":[{"href":"https:\/\/wristbandfactory.eu\/de\/wp-json\/wp\/v2\/types\/product"}],"replies":[{"embeddable":true,"href":"https:\/\/wristbandfactory.eu\/de\/wp-json\/wp\/v2\/comments?post=6855"}],"wp:featuredmedia":[{"embeddable":true,"href":"https:\/\/wristbandfactory.eu\/de\/wp-json\/wp\/v2\/media\/6856"}],"wp:attachment":[{"href":"https:\/\/wristbandfactory.eu\/de\/wp-json\/wp\/v2\/media?parent=6855"}],"wp:term":[{"taxonomy":"product_brand","embeddable":true,"href":"https:\/\/wristbandfactory.eu\/de\/wp-json\/wp\/v2\/product_brand?post=6855"},{"taxonomy":"product_cat","embeddable":true,"href":"https:\/\/wristbandfactory.eu\/de\/wp-json\/wp\/v2\/product_cat?post=6855"},{"taxonomy":"product_tag","embeddable":true,"href":"https:\/\/wristbandfactory.eu\/de\/wp-json\/wp\/v2\/product_tag?post=6855"}],"curies":[{"name":"wp","href":"https:\/\/api.w.org\/{rel}","templated":true}]}}