{"id":6853,"date":"2026-01-15T15:29:17","date_gmt":"2026-01-15T12:29:17","guid":{"rendered":"https:\/\/wristbandfactory.eu\/?post_type=product&#038;p=6853"},"modified":"2026-01-15T15:29:30","modified_gmt":"2026-01-15T12:29:30","slug":"custom-printed-eco-friendly-yoga-mats-cork-microfiber-coconut","status":"publish","type":"product","link":"https:\/\/wristbandfactory.eu\/de\/p\/custom-printed-eco-friendly-yoga-mats-cork-microfiber-coconut\/","title":{"rendered":"Bedruckte Yogamatten (Kork und Mikrofaser)"},"content":{"rendered":"<p data-path-to-node=\"6\">Verwandeln Sie Ihre Studior\u00e4ume oder Ihr betriebliches Gesundheitsprogramm mit unserem Premium-Sortiment. <b data-path-to-node=\"6\" data-index-in-node=\"109\">Individuell bedruckte, umweltfreundliche Yogamatten<\/b>. Diese Matten wurden f\u00fcr den professionellen Einsatz und hochwertiges Merchandising entwickelt und vereinen Nachhaltigkeit mit \u00fcberragender Leistung. Im Gegensatz zu herk\u00f6mmlichen PVC-Matten verwendet unsere Kollektion eine Basis aus Naturkautschuk f\u00fcr un\u00fcbertroffene Stabilit\u00e4t und bietet drei verschiedene Oberfl\u00e4chenmaterialien, die Ihren individuellen Branding- und Funktionsanforderungen gerecht werden.<\/p>\n<p data-path-to-node=\"7\">Egal ob Sie eine schwei\u00dfabsorbierende Oberfl\u00e4che f\u00fcr Hot Yoga oder eine griffige Textur f\u00fcr pr\u00e4zise Posen ben\u00f6tigen, unsere individuell gestaltbaren Matten bieten die perfekte Grundlage f\u00fcr Ihre Marke.<\/p>\n<h2 data-path-to-node=\"8\">Materialoptionen<\/h2>\n<ul data-path-to-node=\"9\">\n<li>\n<p data-path-to-node=\"9,0,0\"><b data-path-to-node=\"9,0,0\" data-index-in-node=\"0\">Option A: Wildlederartige Mikrofaser:<\/b> Eine weiche, samtige Oberfl\u00e4che, die durch Schwitzen griffiger wird. Ideal f\u00fcr Hot Yoga und detailreiche Farbfotodrucke.<\/p>\n<\/li>\n<li>\n<p data-path-to-node=\"9,1,0\"><b data-path-to-node=\"9,1,0\" data-index-in-node=\"0\">Option B: 100% Naturkork:<\/b> Antimikrobiell und umweltfreundlich. Bietet eine nat\u00fcrliche, organische Optik mit ausgezeichnetem Trockengriff.<\/p>\n<\/li>\n<li>\n<p data-path-to-node=\"9,2,0\"><b data-path-to-node=\"9,2,0\" data-index-in-node=\"0\">Option C: Kokosnuss-PU-Faser:<\/b> Die ultimative Wahl f\u00fcr H\u00f6chstleistungen. Eine Mischung aus PU und mindestens 10% Kokosfasern bietet \u00fcberragende Griffigkeit und eine einzigartige, strukturierte Optik.<\/p>\n<\/li>\n<\/ul>\n<h2 data-path-to-node=\"10\">Technische Daten<\/h2>\n<ul data-path-to-node=\"11\">\n<li>\n<p data-path-to-node=\"11,0,0\"><b data-path-to-node=\"11,0,0\" data-index-in-node=\"0\">Grundmaterial:<\/b> Naturkautschuk (Alle Modelle)<\/p>\n<\/li>\n<li>\n<p data-path-to-node=\"11,1,0\"><b data-path-to-node=\"11,1,0\" data-index-in-node=\"0\">Drucken:<\/b> Vollfarb-CMYK (Hinweis: Aufgrund der Materialabsorption k\u00f6nnen Farbabweichungen von \u00b115% auftreten)<\/p>\n<\/li>\n<li>\n<p data-path-to-node=\"11,2,0\"><b data-path-to-node=\"11,2,0\" data-index-in-node=\"0\">Mindestbestellwert:<\/b> 12 St\u00fcck (Bestellung in 6er-Schritten m\u00f6glich)<\/p>\n<\/li>\n<li>\n<p data-path-to-node=\"11,3,0\"><b data-path-to-node=\"11,3,0\" data-index-in-node=\"0\">Modell 1 (Mikrofaser):<\/b> 183 x 68 cm | Dicke: 0,15 cm oder 0,4 cm | Gewicht: ca. 1,5 kg \u2013 3,0 kg<\/p>\n<\/li>\n<li>\n<p data-path-to-node=\"11,4,0\"><b data-path-to-node=\"11,4,0\" data-index-in-node=\"0\">Modell 2 (Kork):<\/b> 183 x 61 cm | Dicke: 0,2 cm oder 0,4 cm | Gewicht: ca. 1,4 kg \u2013 2,8 kg<\/p>\n<\/li>\n<li>\n<p data-path-to-node=\"11,5,0\"><b data-path-to-node=\"11,5,0\" data-index-in-node=\"0\">Modell 3 (Kokosnuss-PU):<\/b> 183 x 68 cm | Dicke: 0,2 cm oder 0,45 cm | Gewicht: ca. 1,5 kg \u2013 3,0 kg | Latex-\/PVC-frei (100%)<\/p>\n<\/li>\n<\/ul>\n<h2 data-path-to-node=\"12\">Anwendungsf\u00e4lle<\/h2>\n<ul data-path-to-node=\"13\">\n<li>\n<p data-path-to-node=\"13,0,0\"><b data-path-to-node=\"13,0,0\" data-index-in-node=\"0\">Yoga-Studios &amp; Fitnessstudios:<\/b> Markenger\u00e4te f\u00fcr den Unterricht oder den Einzelhandelsverkauf an Mitglieder.<\/p>\n<\/li>\n<li>\n<p data-path-to-node=\"13,1,0\"><b data-path-to-node=\"13,1,0\" data-index-in-node=\"0\">Betriebliches Gesundheitsmanagement:<\/b> Hochwertige Geschenke f\u00fcr Mitarbeiter zur F\u00f6rderung von Gesundheit und Work-Life-Balance.<\/p>\n<\/li>\n<li>\n<p data-path-to-node=\"13,2,0\"><b data-path-to-node=\"13,2,0\" data-index-in-node=\"0\">Wellness-Oasen und Spas:<\/b> Exklusive Merchandise-Artikel f\u00fcr luxuri\u00f6se Wellness-Resorts.<\/p>\n<\/li>\n<li>\n<p data-path-to-node=\"13,3,0\"><b data-path-to-node=\"13,3,0\" data-index-in-node=\"0\">Influencer-Merchandise:<\/b> Hochwertige, individuell gestaltete Produkte f\u00fcr Fitness-Influencer und -Trainer.<\/p>\n<\/li>\n<\/ul>","protected":false},"excerpt":{"rendered":"<ul>\n<li>\n<p data-path-to-node=\"5,0,0\"><b data-path-to-node=\"5,0,0\" data-index-in-node=\"0\">Hochwertige \u00d6ko-Materialien:<\/b> W\u00e4hlen Sie zwischen weichem Wildleder-Mikrofaser, nat\u00fcrlichem antimikrobiellem Kork oder griffigen Kokosnuss-PU-Mischungen \u2013 alle mit einer rutschfesten Unterseite aus Naturkautschuk.<\/p>\n<\/li>\n<li>\n<p data-path-to-node=\"5,1,0\"><b data-path-to-node=\"5,1,0\" data-index-in-node=\"0\">Vollfarbiges Branding:<\/b> Der randlose CMYK-Druck erm\u00f6glicht fotorealistische Designs, individuelle Muster oder ausdrucksstarke Firmenlogos.<\/p>\n<\/li>\n<li>\n<p data-path-to-node=\"5,2,0\"><b data-path-to-node=\"5,2,0\" data-index-in-node=\"0\">Gewerbliche Haltbarkeit:<\/b> Robuste Konstruktion, konzipiert f\u00fcr Fitnessstudios, Yogastudios und hochwertige Firmengeschenke im Bereich Wellness.<\/p>\n<\/li>\n<li>\n<p data-path-to-node=\"5,3,0\"><b data-path-to-node=\"5,3,0\" data-index-in-node=\"0\">Rutschfestigkeit:<\/b> Die Unterseite aus Naturkautschuk sorgt daf\u00fcr, dass die Matte auch bei intensiven Trainingseinheiten fest an ihrem Platz bleibt.<\/p>\n<\/li>\n<\/ul>","protected":false},"featured_media":6854,"comment_status":"closed","ping_status":"closed","template":"","meta":[],"product_brand":[],"product_cat":[118],"product_tag":[],"class_list":{"0":"post-6853","1":"product","2":"type-product","3":"status-publish","4":"has-post-thumbnail","6":"product_cat-sports-fitness","8":"first","9":"instock","10":"shipping-taxable","11":"purchasable","12":"product-type-simple"},"_links":{"self":[{"href":"https:\/\/wristbandfactory.eu\/de\/wp-json\/wp\/v2\/product\/6853","targetHints":{"allow":["GET"]}}],"collection":[{"href":"https:\/\/wristbandfactory.eu\/de\/wp-json\/wp\/v2\/product"}],"about":[{"href":"https:\/\/wristbandfactory.eu\/de\/wp-json\/wp\/v2\/types\/product"}],"replies":[{"embeddable":true,"href":"https:\/\/wristbandfactory.eu\/de\/wp-json\/wp\/v2\/comments?post=6853"}],"wp:featuredmedia":[{"embeddable":true,"href":"https:\/\/wristbandfactory.eu\/de\/wp-json\/wp\/v2\/media\/6854"}],"wp:attachment":[{"href":"https:\/\/wristbandfactory.eu\/de\/wp-json\/wp\/v2\/media?parent=6853"}],"wp:term":[{"taxonomy":"product_brand","embeddable":true,"href":"https:\/\/wristbandfactory.eu\/de\/wp-json\/wp\/v2\/product_brand?post=6853"},{"taxonomy":"product_cat","embeddable":true,"href":"https:\/\/wristbandfactory.eu\/de\/wp-json\/wp\/v2\/product_cat?post=6853"},{"taxonomy":"product_tag","embeddable":true,"href":"https:\/\/wristbandfactory.eu\/de\/wp-json\/wp\/v2\/product_tag?post=6853"}],"curies":[{"name":"wp","href":"https:\/\/api.w.org\/{rel}","templated":true}]}}