{"id":6838,"date":"2026-01-13T10:28:34","date_gmt":"2026-01-13T07:28:34","guid":{"rendered":"https:\/\/wristbandfactory.eu\/?post_type=product&#038;p=6838"},"modified":"2026-01-13T10:28:34","modified_gmt":"2026-01-13T07:28:34","slug":"custom-printed-velvet-gift-bags-premium-drawstring-pouches","status":"publish","type":"product","link":"https:\/\/wristbandfactory.eu\/de\/p\/custom-printed-velvet-gift-bags-premium-drawstring-pouches\/","title":{"rendered":"Bedruckte Samtbeutel"},"content":{"rendered":"<p data-path-to-node=\"9\">Schaffen Sie ein unvergessliches Auspackerlebnis mit unserem <b data-path-to-node=\"9\" data-index-in-node=\"78\">Individuell bedruckte Samt-Geschenkt\u00fcten<\/b>. Diese weichen Beutel wurden f\u00fcr Luxuseinzelh\u00e4ndler, Schmuckmarken und Eventplaner von Unternehmen entwickelt und bieten eine elegante M\u00f6glichkeit, kleine Artikel zu verpacken. Im Gegensatz zu herk\u00f6mmlichen Verpackungen aus Kunststoff oder Papier vermittelt Samt Langlebigkeit, Eleganz und Wertigkeit.<\/p>\n<p data-path-to-node=\"10\">Ob Sie ein kleines T\u00e4schchen f\u00fcr Ringe oder eine gr\u00f6\u00dfere Tasche f\u00fcr Kosmetikartikel und technische Ger\u00e4te ben\u00f6tigen, wir bieten Ihnen volle Flexibilit\u00e4t bei Gr\u00f6\u00dfe und Fertigung.<\/p>\n<h2 data-path-to-node=\"11\">Wichtigste Markenmerkmale<\/h2>\n<p data-path-to-node=\"12\">Wir bieten drei verschiedene Branding-Methoden an, die zum Stil Ihres Logos passen:<\/p>\n<ul data-path-to-node=\"13\">\n<li>\n<p data-path-to-node=\"13,0,0\"><b data-path-to-node=\"13,0,0\" data-index-in-node=\"0\">Siebdruck:<\/b> Ideal f\u00fcr kr\u00e4ftige, satte Farben und ein klares Branding.<\/p>\n<\/li>\n<li>\n<p data-path-to-node=\"13,1,0\"><b data-path-to-node=\"13,1,0\" data-index-in-node=\"0\">Hei\u00dfpr\u00e4gung (Folie):<\/b> Perfekt f\u00fcr Luxusmarken. Verleihen Sie Ihrem Look mit einer gl\u00e4nzenden Gold- oder Silberfolienveredelung einen besonderen Glanz, der das Licht auf der dunklen Samtstruktur perfekt einf\u00e4ngt.<\/p>\n<\/li>\n<li>\n<p data-path-to-node=\"13,2,0\"><b data-path-to-node=\"13,2,0\" data-index-in-node=\"0\">Pr\u00e4gen\/Entgraten:<\/b> Erzeugen Sie einen subtilen, haptischen 3D-Effekt, bei dem das Logo in den Stoff eingepr\u00e4gt wird, f\u00fcr einen hochwertigen, dezenten Look.<\/p>\n<\/li>\n<\/ul>\n<h2 data-path-to-node=\"14\">Technische Daten<\/h2>\n<ul data-path-to-node=\"15\">\n<li>\n<p data-path-to-node=\"15,0,0\"><b data-path-to-node=\"15,0,0\" data-index-in-node=\"0\">Material:<\/b> Hochwertiger, weicher Samt-\/Veloursstoff.<\/p>\n<\/li>\n<li>\n<p data-path-to-node=\"15,1,0\"><b data-path-to-node=\"15,1,0\" data-index-in-node=\"0\">Verschlussarten:<\/b> Einseitiger Kordelzug oder doppelseitiger Kordelzug (wird an beiden Enden gezogen).<\/p>\n<\/li>\n<li>\n<p data-path-to-node=\"15,2,0\"><b data-path-to-node=\"15,2,0\" data-index-in-node=\"0\">Saitenmaterialien:<\/b> Satinband, PP-Kordel, Baumwollseil oder passender Samtstreifen.<\/p>\n<\/li>\n<li>\n<p data-path-to-node=\"15,3,0\"><b data-path-to-node=\"15,3,0\" data-index-in-node=\"0\">Farben:<\/b> Gro\u00dfe Auswahl an Standard-Samtfarben (Schwarz, Marineblau, Rot, Grau, Gr\u00fcn usw.).<\/p>\n<\/li>\n<li>\n<p data-path-to-node=\"15,4,0\"><b data-path-to-node=\"15,4,0\" data-index-in-node=\"0\">Gr\u00f6\u00dfen:<\/b> Vollst\u00e4ndig anpassbar (z. B. 5x7 cm, 8x10 cm, 10x15 cm, 15x20 cm und gr\u00f6\u00dfer).<\/p>\n<\/li>\n<li>\n<p data-path-to-node=\"15,5,0\"><b data-path-to-node=\"15,5,0\" data-index-in-node=\"0\">Mindestbestellwert:<\/b> Gro\u00dfhandelsmengen verf\u00fcgbar.<\/p>\n<\/li>\n<\/ul>\n<h2 data-path-to-node=\"16\">H\u00e4ufige Anwendungsf\u00e4lle<\/h2>\n<ul data-path-to-node=\"17\">\n<li>\n<p data-path-to-node=\"17,0,0\"><b data-path-to-node=\"17,0,0\" data-index-in-node=\"0\">Schmuckverpackung:<\/b> Ringe, Halsketten, Ohrringe und Uhren.<\/p>\n<\/li>\n<li>\n<p data-path-to-node=\"17,1,0\"><b data-path-to-node=\"17,1,0\" data-index-in-node=\"0\">Firmengeschenke:<\/b> Hochwertige Verpackung f\u00fcr USB-Sticks, Medaillen oder M\u00fcnzen.<\/p>\n<\/li>\n<li>\n<p data-path-to-node=\"17,2,0\"><b data-path-to-node=\"17,2,0\" data-index-in-node=\"0\">Gastgeschenke:<\/b> Hochzeiten, Galas und Werbegeschenke.<\/p>\n<\/li>\n<li>\n<p data-path-to-node=\"17,3,0\"><b data-path-to-node=\"17,3,0\" data-index-in-node=\"0\">Kosmetika:<\/b> Luxuri\u00f6se Etuis f\u00fcr Beauty-Tools und Parfums.<\/p>\n<\/li>\n<\/ul>","protected":false},"excerpt":{"rendered":"<ul data-path-to-node=\"8\">\n<li>\n<p data-path-to-node=\"8,0,0\"><b data-path-to-node=\"8,0,0\" data-index-in-node=\"0\">Premiumweiche Textur:<\/b> Hochwertiger Samtstoff, der jedem Produkt oder Geschenk eine luxuri\u00f6se Note verleiht.<\/p>\n<\/li>\n<li>\n<p data-path-to-node=\"8,1,0\"><b data-path-to-node=\"8,1,0\" data-index-in-node=\"0\">Vielseitige Anpassungsm\u00f6glichkeiten:<\/b> W\u00e4hlen Sie zwischen Siebdruck, Hei\u00dfpr\u00e4gung (Gold\/Silber) oder eleganter Pr\u00e4gung.<\/p>\n<\/li>\n<li>\n<p data-path-to-node=\"8,2,0\"><b data-path-to-node=\"8,2,0\" data-index-in-node=\"0\">Flexibles Design:<\/b> Erh\u00e4ltlich mit unbedrucktem oder doppeltem Kordelzugverschluss aus verschiedenen Band- oder Kordelmaterialien.<\/p>\n<\/li>\n<li>\n<p data-path-to-node=\"8,3,0\"><b data-path-to-node=\"8,3,0\" data-index-in-node=\"0\">Ma\u00dfanfertigung:<\/b> Individuelle Gr\u00f6\u00dfen sind erh\u00e4ltlich, um Schmuck, Kosmetikartikel, technisches Zubeh\u00f6r oder Gastgeschenke perfekt anzupassen.<\/p>\n<\/li>\n<\/ul>","protected":false},"featured_media":6839,"comment_status":"closed","ping_status":"closed","template":"","meta":[],"product_brand":[],"product_cat":[131],"product_tag":[],"class_list":{"0":"post-6838","1":"product","2":"type-product","3":"status-publish","4":"has-post-thumbnail","6":"product_cat-custom-bags-totes","8":"first","9":"instock","10":"shipping-taxable","11":"purchasable","12":"product-type-simple"},"_links":{"self":[{"href":"https:\/\/wristbandfactory.eu\/de\/wp-json\/wp\/v2\/product\/6838","targetHints":{"allow":["GET"]}}],"collection":[{"href":"https:\/\/wristbandfactory.eu\/de\/wp-json\/wp\/v2\/product"}],"about":[{"href":"https:\/\/wristbandfactory.eu\/de\/wp-json\/wp\/v2\/types\/product"}],"replies":[{"embeddable":true,"href":"https:\/\/wristbandfactory.eu\/de\/wp-json\/wp\/v2\/comments?post=6838"}],"wp:featuredmedia":[{"embeddable":true,"href":"https:\/\/wristbandfactory.eu\/de\/wp-json\/wp\/v2\/media\/6839"}],"wp:attachment":[{"href":"https:\/\/wristbandfactory.eu\/de\/wp-json\/wp\/v2\/media?parent=6838"}],"wp:term":[{"taxonomy":"product_brand","embeddable":true,"href":"https:\/\/wristbandfactory.eu\/de\/wp-json\/wp\/v2\/product_brand?post=6838"},{"taxonomy":"product_cat","embeddable":true,"href":"https:\/\/wristbandfactory.eu\/de\/wp-json\/wp\/v2\/product_cat?post=6838"},{"taxonomy":"product_tag","embeddable":true,"href":"https:\/\/wristbandfactory.eu\/de\/wp-json\/wp\/v2\/product_tag?post=6838"}],"curies":[{"name":"wp","href":"https:\/\/api.w.org\/{rel}","templated":true}]}}