{"id":6671,"date":"2026-01-09T18:39:46","date_gmt":"2026-01-09T15:39:46","guid":{"rendered":"https:\/\/wristbandfactory.eu\/?post_type=product&#038;p=6671"},"modified":"2026-01-09T18:44:21","modified_gmt":"2026-01-09T15:44:21","slug":"custom-foil-holographic-event-wristbands","status":"publish","type":"product","link":"https:\/\/wristbandfactory.eu\/de\/p\/custom-foil-holographic-event-wristbands\/","title":{"rendered":"Kontrollb\u00e4nder mit Folienpr\u00e4gung"},"content":{"rendered":"<p data-path-to-node=\"9\">Werten Sie die Markenpr\u00e4senz Ihrer Veranstaltung mit unseren individuell gestaltbaren Folien- und Hologramm-Armb\u00e4ndern auf. Hergestellt aus hochwertigem YUPO-Synthetikpapier, bieten diese Armb\u00e4nder eine erstklassige Alternative zu herk\u00f6mmlichem Tyvek. Ihre milchig-wei\u00dfe Oberfl\u00e4che sorgt f\u00fcr leuchtende und designgetreue Farben.<\/p>\n<p data-path-to-node=\"10\">Diese Armb\u00e4nder wurden f\u00fcr exklusive Events, Clubs und Festivals entwickelt und erm\u00f6glichen luxuri\u00f6se Metallic-Details \u2013 darunter Gold, Silber und Glasfolie \u2013 oder holografische Oberfl\u00e4chen. Die glatte Oberfl\u00e4che in Kombination mit hochaufl\u00f6sendem CMYK-Offsetdruck macht sie ideal f\u00fcr aufwendige Designs und die Kennzeichnung von VIPs. Trotz ihres eleganten Aussehens sind sie robust und widerstandsf\u00e4hig gegen Wasser, Schwei\u00df und sportliche Aktivit\u00e4ten.<\/p>\n<h2 data-path-to-node=\"11\">Hauptmerkmale<\/h2>\n<ul data-path-to-node=\"12\">\n<li>\n<p data-path-to-node=\"12,0,0\"><b data-path-to-node=\"12,0,0\" data-index-in-node=\"0\">Luxuri\u00f6se Ausstattungen:<\/b> Erh\u00e4ltlich mit hei\u00dfgepr\u00e4gter Goldfolie, Silberfolie, \u201cGlas\u201d-Folie und holografischen \u00dcberz\u00fcgen f\u00fcr maximale Sichtbarkeit.<\/p>\n<\/li>\n<li>\n<p data-path-to-node=\"12,1,0\"><b data-path-to-node=\"12,1,0\" data-index-in-node=\"0\">Materialexzellenz:<\/b> YUPO-Synthetikzellstoff bietet eine glattere Oberfl\u00e4che als Tyvek und erm\u00f6glicht so sch\u00e4rfere Druckdetails und leuchtendere Farben.<\/p>\n<\/li>\n<li>\n<p data-path-to-node=\"12,2,0\"><b data-path-to-node=\"12,2,0\" data-index-in-node=\"0\">Manipulationssicheres Design:<\/b> Der starke Klebeverschluss verf\u00fcgt \u00fcber ausgestanzte Sicherheitsstreifen, die beim Versuch, ihn zu entfernen, zerbrechen, sodass das Armband nicht wiederverwendet werden kann.<\/p>\n<\/li>\n<li>\n<p data-path-to-node=\"12,3,0\"><b data-path-to-node=\"12,3,0\" data-index-in-node=\"0\">Smart Data Ready:<\/b> Vollst\u00e4ndig kompatibel mit variablem Datendruck, einschlie\u00dflich fortlaufender Nummerierung, Barcodes und QR-Codes zur digitalen Integration.<\/p>\n<\/li>\n<\/ul>\n<h2 data-path-to-node=\"13\">Technische Daten<\/h2>\n<ul data-path-to-node=\"14\">\n<li>\n<p data-path-to-node=\"14,0,0\"><b data-path-to-node=\"14,0,0\" data-index-in-node=\"0\">Material:<\/b> YUPO (Mischfaserpapier aus Zellstoff und Synthetik) \u2013 Wasserfest und rei\u00dffest.<\/p>\n<\/li>\n<li>\n<p data-path-to-node=\"14,1,0\"><b data-path-to-node=\"14,1,0\" data-index-in-node=\"0\">Standardabmessungen:<\/b><\/p>\n<ul data-path-to-node=\"14,1,1\">\n<li>\n<p data-path-to-node=\"14,1,1,0,0\">20 mm x 250 mm<\/p>\n<\/li>\n<li>\n<p data-path-to-node=\"14,1,1,1,0\">25 mm x 250 mm<\/p>\n<\/li>\n<li>\n<p data-path-to-node=\"14,1,1,2,0\"><i data-path-to-node=\"14,1,1,2,0\" data-index-in-node=\"0\">Sondergr\u00f6\u00dfen auf Anfrage erh\u00e4ltlich.<\/i><\/p>\n<\/li>\n<\/ul>\n<\/li>\n<li>\n<p data-path-to-node=\"14,2,0\"><b data-path-to-node=\"14,2,0\" data-index-in-node=\"0\">Druckverfahren:<\/b> Vollfarbiger CMYK-Offsetdruck + Hei\u00dffolienpr\u00e4gung.<\/p>\n<\/li>\n<li>\n<p data-path-to-node=\"14,3,0\"><b data-path-to-node=\"14,3,0\" data-index-in-node=\"0\">Folienoptionen:<\/b> Gold, Silber, Glasfolie, Hologramm.<\/p>\n<\/li>\n<li>\n<p data-path-to-node=\"14,4,0\"><b data-path-to-node=\"14,4,0\" data-index-in-node=\"0\">Herkunft:<\/b> S\u00fcdkorea (ANYWRISTBAND \/ Modell TS25).<\/p>\n<\/li>\n<\/ul>\n<h2 data-path-to-node=\"15\">Anwendungsf\u00e4lle<\/h2>\n<ul data-path-to-node=\"16\">\n<li>\n<p data-path-to-node=\"16,0,0\"><b data-path-to-node=\"16,0,0\" data-index-in-node=\"0\">VIP-Zugangskontrolle:<\/b> Dank der reflektierenden Metallic-Oberfl\u00e4che eignet sie sich perfekt, um VIP-G\u00e4ste bei Konzerten, Festivals und in Nachtclubs hervorzuheben.<\/p>\n<\/li>\n<li>\n<p data-path-to-node=\"16,1,0\"><b data-path-to-node=\"16,1,0\" data-index-in-node=\"0\">Firmenveranstaltungen:<\/b> Hochwertiges Branding f\u00fcr Galas und Konferenzen, bei denen die visuelle Pr\u00e4sentation entscheidend ist.<\/p>\n<\/li>\n<li>\n<p data-path-to-node=\"16,2,0\"><b data-path-to-node=\"16,2,0\" data-index-in-node=\"0\">Sichere Veranstaltungsorte:<\/b> Ideal f\u00fcr Vergn\u00fcgungsparks und Sperrbereiche, die eine zuverl\u00e4ssige Identifizierung mit Barcode-Integration erfordern.<\/p>\n<\/li>\n<\/ul>\n<p data-path-to-node=\"17\">","protected":false},"excerpt":{"rendered":"<ul>\n<li>\n<p data-path-to-node=\"7,0,0\"><b data-path-to-node=\"7,0,0\" data-index-in-node=\"0\">Erstklassige visuelle Wirkung:<\/b> Verf\u00fcgt \u00fcber atemberaubende Metallic-Akzente (Gold, Silber, Glasfolie) oder holografische Effekte auf einer glatten, milchig-wei\u00dfen YUPO-Oberfl\u00e4che.<\/p>\n<\/li>\n<li>\n<p data-path-to-node=\"7,1,0\"><b data-path-to-node=\"7,1,0\" data-index-in-node=\"0\">\u00dcberragende Haltbarkeit:<\/b> Hergestellt aus rei\u00dffestem, wasserfestem 100%-Synthetikpapier, das herk\u00f6mmliche Papierb\u00e4nder \u00fcbertrifft.<\/p>\n<\/li>\n<li>\n<p data-path-to-node=\"7,2,0\"><b data-path-to-node=\"7,2,0\" data-index-in-node=\"0\">Hohe Sicherheit:<\/b> Ausgestattet mit einem manipulationssicheren Klebeverschluss und speziell entwickelten Sicherheitsschnitten, um eine Weitergabe zu verhindern.<\/p>\n<\/li>\n<li>\n<p data-path-to-node=\"7,3,0\"><b data-path-to-node=\"7,3,0\" data-index-in-node=\"0\">Vollst\u00e4ndige Anpassung:<\/b> Unterst\u00fctzt brillante CMYK-Offsetdrucke, Barcodes, QR-Codes und variable Nummerierung f\u00fcr die Zutrittskontrolle.<\/p>\n<\/li>\n<\/ul>","protected":false},"featured_media":6677,"comment_status":"closed","ping_status":"closed","template":"","meta":[],"product_brand":[],"product_cat":[41],"product_tag":[],"class_list":{"0":"post-6671","1":"product","2":"type-product","3":"status-publish","4":"has-post-thumbnail","6":"product_cat-tyvek","8":"first","9":"instock","10":"shipping-taxable","11":"product-type-simple"},"_links":{"self":[{"href":"https:\/\/wristbandfactory.eu\/de\/wp-json\/wp\/v2\/product\/6671","targetHints":{"allow":["GET"]}}],"collection":[{"href":"https:\/\/wristbandfactory.eu\/de\/wp-json\/wp\/v2\/product"}],"about":[{"href":"https:\/\/wristbandfactory.eu\/de\/wp-json\/wp\/v2\/types\/product"}],"replies":[{"embeddable":true,"href":"https:\/\/wristbandfactory.eu\/de\/wp-json\/wp\/v2\/comments?post=6671"}],"wp:featuredmedia":[{"embeddable":true,"href":"https:\/\/wristbandfactory.eu\/de\/wp-json\/wp\/v2\/media\/6677"}],"wp:attachment":[{"href":"https:\/\/wristbandfactory.eu\/de\/wp-json\/wp\/v2\/media?parent=6671"}],"wp:term":[{"taxonomy":"product_brand","embeddable":true,"href":"https:\/\/wristbandfactory.eu\/de\/wp-json\/wp\/v2\/product_brand?post=6671"},{"taxonomy":"product_cat","embeddable":true,"href":"https:\/\/wristbandfactory.eu\/de\/wp-json\/wp\/v2\/product_cat?post=6671"},{"taxonomy":"product_tag","embeddable":true,"href":"https:\/\/wristbandfactory.eu\/de\/wp-json\/wp\/v2\/product_tag?post=6671"}],"curies":[{"name":"wp","href":"https:\/\/api.w.org\/{rel}","templated":true}]}}