{"id":6615,"date":"2026-01-09T15:29:35","date_gmt":"2026-01-09T12:29:35","guid":{"rendered":"https:\/\/wristbandfactory.eu\/?post_type=product&#038;p=6615"},"modified":"2026-01-09T15:33:16","modified_gmt":"2026-01-09T12:33:16","slug":"custom-full-color-vinyl-wristbands","status":"publish","type":"product","link":"https:\/\/wristbandfactory.eu\/de\/p\/custom-full-color-vinyl-wristbands\/","title":{"rendered":"Vinyl-Kontrollb\u00e4nder mit Vollfarbdruck"},"content":{"rendered":"<p data-path-to-node=\"10\">Steigern Sie die Markenpr\u00e4senz Ihrer Veranstaltung mit unserem <b data-path-to-node=\"10\" data-index-in-node=\"62\">Vinyl-Kontrollb\u00e4nder mit Vollfarbdruck<\/b>. W\u00e4hrend Standardarmb\u00e4nder auf unbedruckte, einfarbige Logos beschr\u00e4nkt sind, nutzen diese Premium-Armb\u00e4nder fortschrittliche Technologien. <b data-path-to-node=\"10\" data-index-in-node=\"200\">CMYK-Digitaldrucktechnologie<\/b> um fotografische Bilder, sanfte Farb\u00fcberg\u00e4nge und hochdetaillierte Grafiken direkt auf die Oberfl\u00e4che des Armbands zu reproduzieren.<\/p>\n<p data-path-to-node=\"11\">Konzipiert f\u00fcr hochkar\u00e4tige Veranstaltungen, Festivals und Resorts, <b data-path-to-node=\"11\" data-index-in-node=\"62\">Breites Gesicht (L-Form)<\/b> Die spezielle Struktur maximiert die bedruckbare Fl\u00e4che und macht die Armb\u00e4nder somit ideal f\u00fcr die Pr\u00e4sentation von Sponsorenlogos oder komplexen Grafiken. Trotz der hochwertigen Verarbeitung bieten diese Armb\u00e4nder die branchenf\u00fchrenden Sicherheitsmerkmale, die Sie erwarten, darunter ein manipulationssicherer Verschluss und eine wasserdichte Dreischichtkonstruktion, die Schwimmen, Duschen und langes Tragen problemlos \u00fcbersteht.<\/p>\n<h2 data-path-to-node=\"12\">Hauptmerkmale<\/h2>\n<ul data-path-to-node=\"13\">\n<li>\n<p data-path-to-node=\"13,0,0\"><b data-path-to-node=\"13,0,0\" data-index-in-node=\"0\">Fotoqualit\u00e4tsdruck:<\/b> Reproduzieren Sie jedes Design, einschlie\u00dflich Fotos und Farbverl\u00e4ufe, mit gestochen scharfen, hochaufl\u00f6senden Details.<\/p>\n<\/li>\n<li>\n<p data-path-to-node=\"13,1,0\"><b data-path-to-node=\"13,1,0\" data-index-in-node=\"0\">Manipulationssichere Verriegelung:<\/b> Der permanente Kunststoffverschluss muss zerst\u00f6rt werden, um das Armband zu entfernen und so absolute Sicherheit zu gew\u00e4hrleisten.<\/p>\n<\/li>\n<li>\n<p data-path-to-node=\"13,2,0\"><b data-path-to-node=\"13,2,0\" data-index-in-node=\"0\">Wasserfest und rei\u00dffest:<\/b> Ideal f\u00fcr den mehrt\u00e4gigen Einsatz in feuchten Umgebungen wie Wasserparks und Strandresorts.<\/p>\n<\/li>\n<li>\n<p data-path-to-node=\"13,3,0\"><b data-path-to-node=\"13,3,0\" data-index-in-node=\"0\">Variable Daten bereit:<\/b> Kann mit eindeutigen QR-Codes, Barcodes oder Seriennummern f\u00fcr eine integrierte Zugangskontrolle bedruckt werden.<\/p>\n<\/li>\n<\/ul>\n<h2 data-path-to-node=\"14\">Technische Daten<\/h2>\n<ul data-path-to-node=\"15\">\n<li>\n<p data-path-to-node=\"15,0,0\"><b data-path-to-node=\"15,0,0\" data-index-in-node=\"0\">Material:<\/b> 3-lagiges Trilaminat-Vinyl<\/p>\n<\/li>\n<li>\n<p data-path-to-node=\"15,1,0\"><b data-path-to-node=\"15,1,0\" data-index-in-node=\"0\">Druckverfahren:<\/b> CMYK-Digitaldruck (Vollfarbe)<\/p>\n<\/li>\n<li>\n<p data-path-to-node=\"15,2,0\"><b data-path-to-node=\"15,2,0\" data-index-in-node=\"0\">Modell:<\/b> Breites Gesicht \/ L-Form<\/p>\n<\/li>\n<li>\n<p data-path-to-node=\"15,3,0\"><b data-path-to-node=\"15,3,0\" data-index-in-node=\"0\">Schlie\u00dfung:<\/b> Einweg-Kunststoffverschluss<\/p>\n<\/li>\n<li>\n<p data-path-to-node=\"15,4,0\"><b data-path-to-node=\"15,4,0\" data-index-in-node=\"0\">Wasserdicht:<\/b> Ja (100%)<\/p>\n<\/li>\n<li>\n<p data-path-to-node=\"15,5,0\"><b data-path-to-node=\"15,5,0\" data-index-in-node=\"0\">Produktionszeit:<\/b> 5-10 Werktage<\/p>\n<\/li>\n<li>\n<p data-path-to-node=\"15,6,0\"><b data-path-to-node=\"15,6,0\" data-index-in-node=\"0\">Mindestmenge:<\/b> 100 Einheiten<\/p>\n<\/li>\n<\/ul>\n<h2 data-path-to-node=\"16\">Anwendungsf\u00e4lle<\/h2>\n<ul data-path-to-node=\"17\">\n<li>\n<p data-path-to-node=\"17,0,0\"><b data-path-to-node=\"17,0,0\" data-index-in-node=\"0\">Musikfestivals:<\/b> Komplexe, schwer zu kopierende Designs dienen als sichere Zugangsberechtigung f\u00fcr mehrt\u00e4gige Aufenthalte.<\/p>\n<\/li>\n<li>\n<p data-path-to-node=\"17,1,0\"><b data-path-to-node=\"17,1,0\" data-index-in-node=\"0\">VIP- und Backstage-Bereich:<\/b> Ein hochwertiger, vollfarbiger Look unterscheidet VIP-G\u00e4ste von G\u00e4sten mit normalem Eintrittspreis.<\/p>\n<\/li>\n<li>\n<p data-path-to-node=\"17,2,0\"><b data-path-to-node=\"17,2,0\" data-index-in-node=\"0\">Sponsoring:<\/b> Die gro\u00dfe Oberfl\u00e4che erm\u00f6glicht eine klare und farbenfrohe Darstellung der Sponsorenlogos.<\/p>\n<\/li>\n<li>\n<p data-path-to-node=\"17,3,0\"><b data-path-to-node=\"17,3,0\" data-index-in-node=\"0\">Resorts &amp; Hotels:<\/b> Langlebig genug f\u00fcr die einw\u00f6chige G\u00e4steidentifizierung mit hochwertiger \u00c4sthetik.<\/p>\n<\/li>\n<\/ul>","protected":false},"excerpt":{"rendered":"<ul>\n<li>\n<p data-path-to-node=\"9,0,0\"><b data-path-to-node=\"9,0,0\" data-index-in-node=\"0\">Unbegrenzte Farben:<\/b> Der digitale CMYK-Druck erm\u00f6glicht Fotos, Farbverl\u00e4ufe und aufwendige Designs ohne Farbbeschr\u00e4nkungen.<\/p>\n<\/li>\n<li>\n<p data-path-to-node=\"9,1,0\"><b data-path-to-node=\"9,1,0\" data-index-in-node=\"0\">Maximaler Markenraum:<\/b> \u201cDas \u201dWide Face\u201c-Design bietet eine gro\u00dfe Fl\u00e4che f\u00fcr Sponsorenlogos und Eventgrafiken.<\/p>\n<\/li>\n<li>\n<p data-path-to-node=\"9,2,0\"><b data-path-to-node=\"9,2,0\" data-index-in-node=\"0\">Hohe Sicherheit:<\/b> Der Einweg-Kunststoffverschluss mit Schnappverschluss verhindert die Weitergabe und Wiederverwendung zwischen den G\u00e4sten.<\/p>\n<\/li>\n<li>\n<p data-path-to-node=\"9,3,0\"><b data-path-to-node=\"9,3,0\" data-index-in-node=\"0\">Erstklassige Langlebigkeit:<\/b> Die dreilagige Vinylkonstruktion sorgt daf\u00fcr, dass das Armband \u00fcber 7 Tage lang intakt und farbbrillant bleibt.<\/p>\n<\/li>\n<\/ul>","protected":false},"featured_media":6616,"comment_status":"closed","ping_status":"closed","template":"","meta":[],"product_brand":[],"product_cat":[51],"product_tag":[],"class_list":{"0":"post-6615","1":"product","2":"type-product","3":"status-publish","4":"has-post-thumbnail","6":"product_cat-vinyl","8":"first","9":"instock","10":"shipping-taxable","11":"purchasable","12":"product-type-simple"},"_links":{"self":[{"href":"https:\/\/wristbandfactory.eu\/de\/wp-json\/wp\/v2\/product\/6615","targetHints":{"allow":["GET"]}}],"collection":[{"href":"https:\/\/wristbandfactory.eu\/de\/wp-json\/wp\/v2\/product"}],"about":[{"href":"https:\/\/wristbandfactory.eu\/de\/wp-json\/wp\/v2\/types\/product"}],"replies":[{"embeddable":true,"href":"https:\/\/wristbandfactory.eu\/de\/wp-json\/wp\/v2\/comments?post=6615"}],"wp:featuredmedia":[{"embeddable":true,"href":"https:\/\/wristbandfactory.eu\/de\/wp-json\/wp\/v2\/media\/6616"}],"wp:attachment":[{"href":"https:\/\/wristbandfactory.eu\/de\/wp-json\/wp\/v2\/media?parent=6615"}],"wp:term":[{"taxonomy":"product_brand","embeddable":true,"href":"https:\/\/wristbandfactory.eu\/de\/wp-json\/wp\/v2\/product_brand?post=6615"},{"taxonomy":"product_cat","embeddable":true,"href":"https:\/\/wristbandfactory.eu\/de\/wp-json\/wp\/v2\/product_cat?post=6615"},{"taxonomy":"product_tag","embeddable":true,"href":"https:\/\/wristbandfactory.eu\/de\/wp-json\/wp\/v2\/product_tag?post=6615"}],"curies":[{"name":"wp","href":"https:\/\/api.w.org\/{rel}","templated":true}]}}