{"id":6599,"date":"2026-01-06T00:43:04","date_gmt":"2026-01-05T21:43:04","guid":{"rendered":"https:\/\/wristbandfactory.eu\/?post_type=product&#038;p=6599"},"modified":"2026-01-06T00:55:13","modified_gmt":"2026-01-05T21:55:13","slug":"premium-fabric-wristbands-with-gold-thread","status":"publish","type":"product","link":"https:\/\/wristbandfactory.eu\/de\/p\/premium-fabric-wristbands-with-gold-thread\/","title":{"rendered":"Stoffarmb\u00e4nder mit Goldfaden"},"content":{"rendered":"<p data-path-to-node=\"8\">Unsere Premium-Armb\u00e4nder aus goldfarbenem Stoff sind die Kr\u00f6nung der Event-Identifizierung. Durch die Kombination von hochwertigen Polyesterfasern mit metallischem Lurexfaden entsteht ein Armband, das nicht nur G\u00e4ste identifiziert, sondern das gesamte Event-Erlebnis aufwertet. Diese Armb\u00e4nder sind ideal f\u00fcr Veranstalter, die weder bei Sicherheit noch bei Stil Kompromisse eingehen wollen.<\/p>\n<h2 data-path-to-node=\"9\">Hauptmerkmale<\/h2>\n<ul data-path-to-node=\"10\">\n<li>\n<p data-path-to-node=\"10,0,0\"><b data-path-to-node=\"10,0,0\" data-index-in-node=\"0\">Metallisches Lurexgewebe:<\/b> Authentische goldfarbene F\u00e4den werden direkt in den Stoff eingewebt, um ein dauerhaftes, glitzerndes Finish zu erzielen.<\/p>\n<\/li>\n<li>\n<p data-path-to-node=\"10,1,0\"><b data-path-to-node=\"10,1,0\" data-index-in-node=\"0\">Manipulationssichere Verschl\u00fcsse:<\/b> Sie haben die Wahl zwischen Einweg-Kunststoffschiebern, Metallringen oder umweltfreundlichen Bambusschl\u00f6ssern.<\/p>\n<\/li>\n<li>\n<p data-path-to-node=\"10,2,0\"><b data-path-to-node=\"10,2,0\" data-index-in-node=\"0\">Komfort-Passform:<\/b> Weiche Kanten sorgen daf\u00fcr, dass das Armband auch bei mehrt\u00e4gigen Veranstaltungen angenehm zu tragen bleibt.<\/p>\n<\/li>\n<li>\n<p data-path-to-node=\"10,3,0\"><b data-path-to-node=\"10,3,0\" data-index-in-node=\"0\">Wasser- und rei\u00dffest:<\/b> Entwickelt, um Regen, Schwei\u00df und starker Beanspruchung standzuhalten, ohne an Farbe oder struktureller Integrit\u00e4t zu verlieren.<\/p>\n<\/li>\n<\/ul>\n<h2 data-path-to-node=\"11\">Technische Daten<\/h2>\n<ul data-path-to-node=\"12\">\n<li>\n<p data-path-to-node=\"12,0,0\"><b data-path-to-node=\"12,0,0\" data-index-in-node=\"0\">Material:<\/b> Hochwertiges Polyester + metallisch-goldenes Lurex.<\/p>\n<\/li>\n<li>\n<p data-path-to-node=\"12,1,0\"><b data-path-to-node=\"12,1,0\" data-index-in-node=\"0\">Abmessungen:<\/b> Standardgr\u00f6\u00dfe 15 mm x 350 mm (Sonderbreiten auf Anfrage erh\u00e4ltlich).<\/p>\n<\/li>\n<li>\n<p data-path-to-node=\"12,2,0\"><b data-path-to-node=\"12,2,0\" data-index-in-node=\"0\">Drucken:<\/b> Bis zu 8 gewebte Farben, einschlie\u00dflich der metallischen Basis.<\/p>\n<\/li>\n<li>\n<p data-path-to-node=\"12,3,0\"><b data-path-to-node=\"12,3,0\" data-index-in-node=\"0\">Verriegelungsoptionen:<\/b> Einweg-Schiebeverschluss (Kunststoff\/Metall) oder wiederverwendbare Perle.<\/p>\n<\/li>\n<li>\n<p data-path-to-node=\"12,4,0\"><b data-path-to-node=\"12,4,0\" data-index-in-node=\"0\">Mindestbestellmenge:<\/b> 100 Einheiten.<\/p>\n<\/li>\n<\/ul>\n<h2 data-path-to-node=\"13\">Anwendungsf\u00e4lle<\/h2>\n<ul data-path-to-node=\"14\">\n<li>\n<p data-path-to-node=\"14,0,0\"><b data-path-to-node=\"14,0,0\" data-index-in-node=\"0\">Musikfestivals:<\/b> VIP-, Backstage- oder K\u00fcnstlerbereiche werden mit einem sichtbaren Premium-Markierungszeichen gekennzeichnet.<\/p>\n<\/li>\n<li>\n<p data-path-to-node=\"14,1,0\"><b data-path-to-node=\"14,1,0\" data-index-in-node=\"0\">Firmenfeiern:<\/b> Eine elegante Alternative zu herk\u00f6mmlichen Armb\u00e4ndern aus Plastik oder Papier f\u00fcr festliche Anl\u00e4sse.<\/p>\n<\/li>\n<li>\n<p data-path-to-node=\"14,2,0\"><b data-path-to-node=\"14,2,0\" data-index-in-node=\"0\">Luxushotels &amp; Resorts:<\/b> \u201cAll-Inclusive\u201d- oder \u201cClub Level\u201d-G\u00e4ste werden stilvoll hervorgehoben.<\/p>\n<\/li>\n<li>\n<p data-path-to-node=\"14,3,0\"><b data-path-to-node=\"14,3,0\" data-index-in-node=\"0\">Gedenkveranstaltungen:<\/b> Jubil\u00e4umsfeiern, bei denen das Armband als wertvolles Erinnerungsst\u00fcck dient.<\/p>\n<\/li>\n<\/ul>\n<p data-path-to-node=\"15\">","protected":false},"excerpt":{"rendered":"<ul>\n<li>\n<p data-path-to-node=\"7,0,0\"><b data-path-to-node=\"7,0,0\" data-index-in-node=\"0\">Premium-VIP-\u00c4sthetik:<\/b> Eingewebte metallisch-goldene F\u00e4den sorgen f\u00fcr einen exklusiven, hochwertigen Look, der VIP-G\u00e4ste auszeichnet.<\/p>\n<\/li>\n<li>\n<p data-path-to-node=\"7,1,0\"><b data-path-to-node=\"7,1,0\" data-index-in-node=\"0\">Ultimative Sicherheit:<\/b> Verf\u00fcgt \u00fcber einen nicht \u00fcbertragbaren Sperrmechanismus, um unbefugte Weitergabe und unbefugten Zugriff zu verhindern.<\/p>\n<\/li>\n<li>\n<p data-path-to-node=\"7,2,0\"><b data-path-to-node=\"7,2,0\" data-index-in-node=\"0\">Langfristige Markenbildung:<\/b> Hergestellt aus hochwertigem Polyester, das mehrt\u00e4gigen Festivals standh\u00e4lt und als Souvenir dient.<\/p>\n<\/li>\n<li>\n<p data-path-to-node=\"7,3,0\"><b data-path-to-node=\"7,3,0\" data-index-in-node=\"0\">Vollst\u00e4ndige Anpassungsm\u00f6glichkeiten:<\/b> Durch die vollfarbige Webtechnik lassen sich aufwendige Logos in die funkelnden Goldakzente integrieren.<\/p>\n<\/li>\n<\/ul>","protected":false},"featured_media":6603,"comment_status":"closed","ping_status":"closed","template":"","meta":[],"product_brand":[],"product_cat":[47],"product_tag":[],"class_list":{"0":"post-6599","1":"product","2":"type-product","3":"status-publish","4":"has-post-thumbnail","6":"product_cat-fabric-wristbands","8":"first","9":"instock","10":"shipping-taxable","11":"purchasable","12":"product-type-simple"},"_links":{"self":[{"href":"https:\/\/wristbandfactory.eu\/de\/wp-json\/wp\/v2\/product\/6599","targetHints":{"allow":["GET"]}}],"collection":[{"href":"https:\/\/wristbandfactory.eu\/de\/wp-json\/wp\/v2\/product"}],"about":[{"href":"https:\/\/wristbandfactory.eu\/de\/wp-json\/wp\/v2\/types\/product"}],"replies":[{"embeddable":true,"href":"https:\/\/wristbandfactory.eu\/de\/wp-json\/wp\/v2\/comments?post=6599"}],"wp:featuredmedia":[{"embeddable":true,"href":"https:\/\/wristbandfactory.eu\/de\/wp-json\/wp\/v2\/media\/6603"}],"wp:attachment":[{"href":"https:\/\/wristbandfactory.eu\/de\/wp-json\/wp\/v2\/media?parent=6599"}],"wp:term":[{"taxonomy":"product_brand","embeddable":true,"href":"https:\/\/wristbandfactory.eu\/de\/wp-json\/wp\/v2\/product_brand?post=6599"},{"taxonomy":"product_cat","embeddable":true,"href":"https:\/\/wristbandfactory.eu\/de\/wp-json\/wp\/v2\/product_cat?post=6599"},{"taxonomy":"product_tag","embeddable":true,"href":"https:\/\/wristbandfactory.eu\/de\/wp-json\/wp\/v2\/product_tag?post=6599"}],"curies":[{"name":"wp","href":"https:\/\/api.w.org\/{rel}","templated":true}]}}