{"id":6514,"date":"2026-01-03T00:15:17","date_gmt":"2026-01-02T21:15:17","guid":{"rendered":"https:\/\/wristbandfactory.eu\/?post_type=product&#038;p=6514"},"modified":"2026-01-03T00:19:12","modified_gmt":"2026-01-02T21:19:12","slug":"event-watch-led-wristband-with-custom-logo","status":"publish","type":"product","link":"https:\/\/wristbandfactory.eu\/de\/p\/event-watch-led-wristband-with-custom-logo\/","title":{"rendered":"LED-Armb\u00e4nder im Uhrendesign mit Logo"},"content":{"rendered":"<p data-path-to-node=\"10\">Steigern Sie Ihre Markenpr\u00e4senz mit dem LED-Armband \u201cEvent Watch\u201d. Das markante Geh\u00e4use im Stil einer modernen Uhr sorgt f\u00fcr maximale Markenpr\u00e4senz. Dank der flachen, gro\u00dfen Oberfl\u00e4che des LED-Moduls werden selbst detaillierte Logos klar dargestellt und bleiben im gesamten Veranstaltungsort im Mittelpunkt. Das nur 30 g leichte Armband aus schlagfestem ABS und medizinischem Silikon f\u00fchlt sich hochwertig und wertig an und wird von Ihren G\u00e4sten als Hightech-Souvenir gesch\u00e4tzt.<\/p>\n<h2 data-path-to-node=\"11\">Hauptmerkmale<\/h2>\n<ul data-path-to-node=\"12\">\n<li>\n<p data-path-to-node=\"12,0,0\"><b data-path-to-node=\"12,0,0\" data-index-in-node=\"0\">Hochwertige \u00c4sthetik im Uhrenstil:<\/b> Das vertraute Uhrendesign macht sie zur professionellsten Wahl f\u00fcr hochkar\u00e4tige Galas und Firmenkonferenzen.<\/p>\n<\/li>\n<li>\n<p data-path-to-node=\"12,1,0\"><b data-path-to-node=\"12,1,0\" data-index-in-node=\"0\">Professionelle HF-Integration:<\/b> L\u00e4sst sich nahtlos mit Ihrem Lichtpult synchronisieren, um im perfekten Einklang mit dem B\u00fchnenprogramm der Veranstaltung zu pulsieren und zu blinken.<\/p>\n<\/li>\n<li>\n<p data-path-to-node=\"12,2,0\"><b data-path-to-node=\"12,2,0\" data-index-in-node=\"0\">Langlebig und wiederverwendbar:<\/b> Dank der hochwertigen Materialien und des austauschbaren Batteriesystems eignen sich diese Armb\u00e4nder f\u00fcr den mehrt\u00e4gigen Einsatz oder aufeinanderfolgende Tourneen.<\/p>\n<\/li>\n<li>\n<p data-path-to-node=\"12,3,0\"><b data-path-to-node=\"12,3,0\" data-index-in-node=\"0\">Hochleistungs-LEDs:<\/b> Verf\u00fcgt \u00fcber eine hohe Lichtleistung, die 15 verschiedene Farben darstellen kann, um perfekt zur spezifischen Farbpalette Ihrer Marke zu passen.<\/p>\n<\/li>\n<\/ul>\n<h2 data-path-to-node=\"13\">Technische Daten<\/h2>\n<ul data-path-to-node=\"14\">\n<li>\n<p data-path-to-node=\"14,0,0\"><b data-path-to-node=\"14,0,0\" data-index-in-node=\"0\">Material:<\/b> Verst\u00e4rktes ABS-Geh\u00e4use und hochwertiges Silikonarmband<\/p>\n<\/li>\n<li>\n<p data-path-to-node=\"14,1,0\"><b data-path-to-node=\"14,1,0\" data-index-in-node=\"0\">Gewicht:<\/b> 30 g<\/p>\n<\/li>\n<li>\n<p data-path-to-node=\"14,2,0\"><b data-path-to-node=\"14,2,0\" data-index-in-node=\"0\">Einheitengr\u00f6\u00dfe:<\/b> 6,7 x 7,5 cm<\/p>\n<\/li>\n<li>\n<p data-path-to-node=\"14,3,0\"><b data-path-to-node=\"14,3,0\" data-index-in-node=\"0\">Kommunikation:<\/b> RF 433MHz \/ Fernbedienung \/ DMX512<\/p>\n<\/li>\n<li>\n<p data-path-to-node=\"14,4,0\"><b data-path-to-node=\"14,4,0\" data-index-in-node=\"0\">Batterie:<\/b> 2x CR2032 (austauschbar)<\/p>\n<\/li>\n<li>\n<p data-path-to-node=\"14,5,0\"><b data-path-to-node=\"14,5,0\" data-index-in-node=\"0\">Arbeitszeit:<\/b> Bis zu 12 Stunden<\/p>\n<\/li>\n<li>\n<p data-path-to-node=\"14,6,0\"><b data-path-to-node=\"14,6,0\" data-index-in-node=\"0\">LED-Farben:<\/b> 15 Mehrfarbenmodi<\/p>\n<\/li>\n<\/ul>\n<h2 data-path-to-node=\"15\">Anwendungsf\u00e4lle<\/h2>\n<ul data-path-to-node=\"16\">\n<li>\n<p data-path-to-node=\"16,0,0\"><b data-path-to-node=\"16,0,0\" data-index-in-node=\"0\">Firmengala-Veranstaltungen:<\/b> Ein professionelles Wearable, das sowohl als interaktives Accessoire als auch als hochwertiges Markengeschenk dient.<\/p>\n<\/li>\n<li>\n<p data-path-to-node=\"16,1,0\"><b data-path-to-node=\"16,1,0\" data-index-in-node=\"0\">Gro\u00dfkonferenzen:<\/b> Das gesamte Publikum wird w\u00e4hrend der Keynotes und Enth\u00fcllungen in eine synchronisierte Lichtleinwand verwandelt.<\/p>\n<\/li>\n<li>\n<p data-path-to-node=\"16,2,0\"><b data-path-to-node=\"16,2,0\" data-index-in-node=\"0\">VIP-Sponsoren-Branding:<\/b> Das \u00fcberdimensionale Gesicht wird genutzt, um die Hauptsponsoren der Veranstaltung bei exklusiven Abendveranstaltungen in Szene zu setzen.<\/p>\n<\/li>\n<li>\n<p data-path-to-node=\"16,3,0\"><b data-path-to-node=\"16,3,0\" data-index-in-node=\"0\">Produkteinf\u00fchrungen:<\/b> Die Markenidentit\u00e4t wird durch eine zentrale Lichtsteuerung gleichzeitig Tausenden von Teilnehmern pr\u00e4sentiert.<\/p>\n<\/li>\n<\/ul>\n<p data-path-to-node=\"17\">","protected":false},"excerpt":{"rendered":"<ul>\n<li>\n<p data-path-to-node=\"9,0,0\"><b data-path-to-node=\"9,0,0\" data-index-in-node=\"0\">Modernes Uhrendesign:<\/b> Verf\u00fcgt \u00fcber ein markantes rechteckiges Geh\u00e4use an einem komfortablen Silikonarmband und ahmt so das Aussehen einer professionellen Smartwatch nach.<\/p>\n<\/li>\n<li>\n<p data-path-to-node=\"9,1,0\"><b data-path-to-node=\"9,1,0\" data-index-in-node=\"0\">Maximale Markenfl\u00e4che:<\/b> Das \u00fcbergro\u00dfe, flache \u201cZifferblatt\u201d bietet die gr\u00f6\u00dfte Druckfl\u00e4che in unserem Katalog f\u00fcr wirkungsvolle, individuelle Logos.<\/p>\n<\/li>\n<li>\n<p data-path-to-node=\"9,2,0\"><b data-path-to-node=\"9,2,0\" data-index-in-node=\"0\">Langanhaltende Leistung:<\/b> Ausgestattet mit 2 austauschbaren CR2032-Batterien, die eine zuverl\u00e4ssige 12-Stunden-Lichtshow f\u00fcr l\u00e4ngere Veranstaltungen erm\u00f6glichen.<\/p>\n<\/li>\n<li>\n<p data-path-to-node=\"9,3,0\"><b data-path-to-node=\"9,3,0\" data-index-in-node=\"0\">Vollst\u00e4ndige synchronisierte Steuerung:<\/b> Reagiert sofort auf zentrale RF- und DMX512-Controller, um 15 leuchtende LED-Farben gleichzeitig zu steuern.<\/p>\n<\/li>\n<\/ul>","protected":false},"featured_media":6515,"comment_status":"closed","ping_status":"closed","template":"","meta":[],"product_brand":[],"product_cat":[80],"product_tag":[],"class_list":{"0":"post-6514","1":"product","2":"type-product","3":"status-publish","4":"has-post-thumbnail","6":"product_cat-led-wristbands","8":"first","9":"instock","10":"shipping-taxable","11":"purchasable","12":"product-type-simple"},"_links":{"self":[{"href":"https:\/\/wristbandfactory.eu\/de\/wp-json\/wp\/v2\/product\/6514","targetHints":{"allow":["GET"]}}],"collection":[{"href":"https:\/\/wristbandfactory.eu\/de\/wp-json\/wp\/v2\/product"}],"about":[{"href":"https:\/\/wristbandfactory.eu\/de\/wp-json\/wp\/v2\/types\/product"}],"replies":[{"embeddable":true,"href":"https:\/\/wristbandfactory.eu\/de\/wp-json\/wp\/v2\/comments?post=6514"}],"wp:featuredmedia":[{"embeddable":true,"href":"https:\/\/wristbandfactory.eu\/de\/wp-json\/wp\/v2\/media\/6515"}],"wp:attachment":[{"href":"https:\/\/wristbandfactory.eu\/de\/wp-json\/wp\/v2\/media?parent=6514"}],"wp:term":[{"taxonomy":"product_brand","embeddable":true,"href":"https:\/\/wristbandfactory.eu\/de\/wp-json\/wp\/v2\/product_brand?post=6514"},{"taxonomy":"product_cat","embeddable":true,"href":"https:\/\/wristbandfactory.eu\/de\/wp-json\/wp\/v2\/product_cat?post=6514"},{"taxonomy":"product_tag","embeddable":true,"href":"https:\/\/wristbandfactory.eu\/de\/wp-json\/wp\/v2\/product_tag?post=6514"}],"curies":[{"name":"wp","href":"https:\/\/api.w.org\/{rel}","templated":true}]}}