{"id":6512,"date":"2026-01-02T23:35:13","date_gmt":"2026-01-02T20:35:13","guid":{"rendered":"https:\/\/wristbandfactory.eu\/?post_type=product&#038;p=6512"},"modified":"2026-01-09T23:00:52","modified_gmt":"2026-01-09T20:00:52","slug":"curved-ergonomic-led-wristband-with-custom-logo","status":"publish","type":"product","link":"https:\/\/wristbandfactory.eu\/de\/p\/curved-ergonomic-led-wristband-with-custom-logo\/","title":{"rendered":"Ergonomische LED-Armb\u00e4nder mit Logo"},"content":{"rendered":"<p data-path-to-node=\"9\">Steigern Sie Ihr Markenerlebnis mit dem ergonomischen LED-Armband \u201cCurved\u201d. Dieses Modell (Katalog-LED 7) besticht durch seine robuste PVC-Konstruktion, die im Vergleich zu herk\u00f6mmlichen Silikonarmb\u00e4ndern f\u00fcr ein hochwertiges Erscheinungsbild und Tragegef\u00fchl sorgt. Das lichtdurchl\u00e4ssige Material l\u00e4sst das Licht elegant \u00fcber das gesamte Armband streuen, w\u00e4hrend der einzigartige Verschluss f\u00fcr sicheren und bequemen Halt w\u00e4hrend der gesamten Veranstaltung sorgt. Es ist die ideale Wahl f\u00fcr VIP-Bereiche in Unternehmen und wirkungsvolle Produkteinf\u00fchrungen, bei denen modernes Design im Vordergrund steht.<\/p>\n<h2 data-path-to-node=\"10\">Hauptmerkmale<\/h2>\n<ul data-path-to-node=\"11\">\n<li>\n<p data-path-to-node=\"11,0,0\"><b data-path-to-node=\"11,0,0\" data-index-in-node=\"0\">W\u00e4hlbare LED-Leistung:<\/b> Sie haben die Wahl zwischen der 2-LED-Version f\u00fcr dezentes Ambiente oder der 4-LED-Version f\u00fcr maximale Helligkeit in gro\u00dfen Veranstaltungsorten.<\/p>\n<\/li>\n<li>\n<p data-path-to-node=\"11,1,0\"><b data-path-to-node=\"11,1,0\" data-index-in-node=\"0\">Strapazierf\u00e4higes PVC-Material:<\/b> Hergestellt aus einer Kombination aus hochschlagfestem ABS und professionellem PVC f\u00fcr erh\u00f6hte Haltbarkeit.<\/p>\n<\/li>\n<li>\n<p data-path-to-node=\"11,2,0\"><b data-path-to-node=\"11,2,0\" data-index-in-node=\"0\">Nahtlose HF-Integration:<\/b> Verbindet sich mit zentralen Lichtsteuerpulten, um Farb\u00e4nderungen in Echtzeit und dynamische Blinksequenzen auszul\u00f6sen.<\/p>\n<\/li>\n<li>\n<p data-path-to-node=\"11,3,0\"><b data-path-to-node=\"11,3,0\" data-index-in-node=\"0\">Anatomische Passform:<\/b> Durch die vorgeformte Kontur sitzt die Uhr tiefer am Handgelenk, wodurch das Volumen reduziert wird und ein schlankes, uhren\u00e4hnliches Profil entsteht.<\/p>\n<\/li>\n<\/ul>\n<h2 data-path-to-node=\"12\">Technische Daten<\/h2>\n<ul data-path-to-node=\"13\">\n<li>\n<p data-path-to-node=\"13,0,0\"><b data-path-to-node=\"13,0,0\" data-index-in-node=\"0\">Material:<\/b> Geh\u00e4use aus hochschlagfestem ABS und hochwertiges PVC-Armband.<\/p>\n<\/li>\n<li>\n<p data-path-to-node=\"13,1,0\"><b data-path-to-node=\"13,1,0\" data-index-in-node=\"0\">Einheitengr\u00f6\u00dfe:<\/b> Durchmesser 6,9 x 6,4 cm.<\/p>\n<\/li>\n<li>\n<p data-path-to-node=\"13,2,0\"><b data-path-to-node=\"13,2,0\" data-index-in-node=\"0\">Gewicht:<\/b> 30 g.<\/p>\n<\/li>\n<li>\n<p data-path-to-node=\"13,3,0\"><b data-path-to-node=\"13,3,0\" data-index-in-node=\"0\">Kommunikation:<\/b> RF 433MHz \/ Fernbedienung \/ DMX512.<\/p>\n<\/li>\n<li>\n<p data-path-to-node=\"13,4,0\"><b data-path-to-node=\"13,4,0\" data-index-in-node=\"0\">Batterie:<\/b> 2x CR2032 (austauschbar).<\/p>\n<\/li>\n<li>\n<p data-path-to-node=\"13,5,0\"><b data-path-to-node=\"13,5,0\" data-index-in-node=\"0\">Akkulaufzeit:<\/b> Etwa 8 Stunden aktive Lichtshow-Vorf\u00fchrung.<\/p>\n<\/li>\n<li>\n<p data-path-to-node=\"13,6,0\"><b data-path-to-node=\"13,6,0\" data-index-in-node=\"0\">LED-Modi:<\/b> Mehr als 15 Mehrfarben-Synchronisationsmodi.<\/p>\n<\/li>\n<\/ul>\n<h2 data-path-to-node=\"14\">Anwendungsf\u00e4lle<\/h2>\n<ul data-path-to-node=\"15\">\n<li>\n<p data-path-to-node=\"15,0,0\"><b data-path-to-node=\"15,0,0\" data-index-in-node=\"0\">Firmengala-Veranstaltungen:<\/b> Wir bieten ein Hightech- und stylisches Wearable, das die formelle Atmosph\u00e4re aufwertet.<\/p>\n<\/li>\n<li>\n<p data-path-to-node=\"15,1,0\"><b data-path-to-node=\"15,1,0\" data-index-in-node=\"0\">Produktvorstellungen:<\/b> Durch den Einsatz synchronisierter Farbmuster soll bei Produkteinf\u00fchrungen Begeisterung geweckt werden.<\/p>\n<\/li>\n<li>\n<p data-path-to-node=\"15,2,0\"><b data-path-to-node=\"15,2,0\" data-index-in-node=\"0\">VIP-Zugangskontrolle:<\/b> Premium-G\u00e4ste werden durch ein robustes, gut sichtbares LED-Modell hervorgehoben.<\/p>\n<\/li>\n<li>\n<p data-path-to-node=\"15,3,0\"><b data-path-to-node=\"15,3,0\" data-index-in-node=\"0\">Themenpartys:<\/b> Nutzen Sie die Mehrfarbenfunktionen, um die spezifische Farbpalette Ihrer Veranstaltung zu erreichen.<\/p>\n<\/li>\n<\/ul>\n<p data-path-to-node=\"16\">","protected":false},"excerpt":{"rendered":"<ul>\n<li>\n<p data-path-to-node=\"8,0,0\"><b data-path-to-node=\"8,0,0\" data-index-in-node=\"0\">Anatomisch starre Konstruktion:<\/b> Die konturierte PVC-Konstruktion passt sich der nat\u00fcrlichen Handgelenksform an und sorgt so f\u00fcr professionellen ergonomischen Tragekomfort bei Veranstaltungen.<\/p>\n<\/li>\n<li>\n<p data-path-to-node=\"8,1,0\"><b data-path-to-node=\"8,1,0\" data-index-in-node=\"0\">Sicherer Verriegelungsverschluss:<\/b> Verf\u00fcgt \u00fcber einen einzigartigen, puzzleartigen Verriegelungsmechanismus, der daf\u00fcr sorgt, dass das Armband auch bei intensiven Bewegungen sicher sitzt.<\/p>\n<\/li>\n<li>\n<p data-path-to-node=\"8,2,0\"><b data-path-to-node=\"8,2,0\" data-index-in-node=\"0\">Ferngesteuerte Synchronisierung:<\/b> Vollst\u00e4ndig kompatibel mit professionellen RF- und DMX512-Controllern f\u00fcr synchronisierte Lichteffekte im gesamten Veranstaltungsort.<\/p>\n<\/li>\n<li>\n<p data-path-to-node=\"8,3,0\"><b data-path-to-node=\"8,3,0\" data-index-in-node=\"0\">Gut sichtbares Branding:<\/b> Die starre PVC-Oberfl\u00e4che bietet eine stabile und gut sichtbare Fl\u00e4che f\u00fcr den hochpr\u00e4zisen, individuellen Logodruck.<\/p>\n<\/li>\n<\/ul>","protected":false},"featured_media":6687,"comment_status":"closed","ping_status":"closed","template":"","meta":[],"product_brand":[],"product_cat":[80],"product_tag":[],"class_list":{"0":"post-6512","1":"product","2":"type-product","3":"status-publish","4":"has-post-thumbnail","6":"product_cat-led-wristbands","8":"first","9":"instock","10":"shipping-taxable","11":"product-type-simple"},"_links":{"self":[{"href":"https:\/\/wristbandfactory.eu\/de\/wp-json\/wp\/v2\/product\/6512","targetHints":{"allow":["GET"]}}],"collection":[{"href":"https:\/\/wristbandfactory.eu\/de\/wp-json\/wp\/v2\/product"}],"about":[{"href":"https:\/\/wristbandfactory.eu\/de\/wp-json\/wp\/v2\/types\/product"}],"replies":[{"embeddable":true,"href":"https:\/\/wristbandfactory.eu\/de\/wp-json\/wp\/v2\/comments?post=6512"}],"wp:featuredmedia":[{"embeddable":true,"href":"https:\/\/wristbandfactory.eu\/de\/wp-json\/wp\/v2\/media\/6687"}],"wp:attachment":[{"href":"https:\/\/wristbandfactory.eu\/de\/wp-json\/wp\/v2\/media?parent=6512"}],"wp:term":[{"taxonomy":"product_brand","embeddable":true,"href":"https:\/\/wristbandfactory.eu\/de\/wp-json\/wp\/v2\/product_brand?post=6512"},{"taxonomy":"product_cat","embeddable":true,"href":"https:\/\/wristbandfactory.eu\/de\/wp-json\/wp\/v2\/product_cat?post=6512"},{"taxonomy":"product_tag","embeddable":true,"href":"https:\/\/wristbandfactory.eu\/de\/wp-json\/wp\/v2\/product_tag?post=6512"}],"curies":[{"name":"wp","href":"https:\/\/api.w.org\/{rel}","templated":true}]}}