{"id":6248,"date":"2025-12-20T19:03:55","date_gmt":"2025-12-20T16:03:55","guid":{"rendered":"https:\/\/wristbandfactory.eu\/?post_type=product&#038;p=6248"},"modified":"2025-12-20T19:03:55","modified_gmt":"2025-12-20T16:03:55","slug":"custom-printed-nail-files-made-in-europe-full-color-uv-print","status":"publish","type":"product","link":"https:\/\/wristbandfactory.eu\/de\/p\/custom-printed-nail-files-made-in-europe-full-color-uv-print\/","title":{"rendered":"Bedruckte Nagelfeilen"},"content":{"rendered":"<p data-path-to-node=\"10\">Werten Sie Ihre Beauty-Marke oder Ihr Firmengeschenk-Sortiment mit unseren Produkten auf <b data-path-to-node=\"10\" data-index-in-node=\"88\">Individuell bedruckte Nagelfeilen<\/b>, stolz <b data-path-to-node=\"10\" data-index-in-node=\"123\">Hergestellt in Europa<\/b>. Im Gegensatz zu generischen Werbeartikeln sind diese hochwertigen Nagelfeilen f\u00fcr den praktischen Einsatz konzipiert und somit ein gesch\u00e4tztes Zubeh\u00f6r f\u00fcr professionelle Salons, Spas und Reisesets.<\/p>\n<p data-path-to-node=\"11\">Wir verwenden modernste <b data-path-to-node=\"11\" data-index-in-node=\"20\">UV-Digitaldruck<\/b> Gestalten Sie die Datei mit Ihrem individuellen Design, Logo oder Muster. Diese Technologie erm\u00f6glicht fotorealistische Details und brillante Farben mit sicheren, ungiftigen Tinten, die dem t\u00e4glichen Gebrauch standhalten. Ob Hotelkette auf der Suche nach hochwertigen Zimmerausstattungen oder Kosmetikmarke mit Merchandising-Artikeln \u2013 diese Dateien bieten die perfekte Kombination aus Stil und Funktionalit\u00e4t.<\/p>\n<h2 data-path-to-node=\"12\">Hauptmerkmale<\/h2>\n<ul data-path-to-node=\"13\">\n<li>\n<p data-path-to-node=\"13,0,0\"><b data-path-to-node=\"13,0,0\" data-index-in-node=\"0\">Lebendige Individualisierungsm\u00f6glichkeiten:<\/b> Der vollfl\u00e4chige UV-Druck verwandelt ein unbedrucktes Werkzeug in ein modisches Accessoire. Perfekt f\u00fcr aufwendige Logos oder gro\u00dffl\u00e4chige Muster.<\/p>\n<\/li>\n<li>\n<p data-path-to-node=\"13,1,0\"><b data-path-to-node=\"13,1,0\" data-index-in-node=\"0\">Sicherheit geht vor:<\/b> Wir verwenden ausschlie\u00dflich ungiftige, sichere Druckfarben, wodurch sich diese f\u00fcr eine breite Verteilung und h\u00e4ufigen Hautkontakt eignen.<\/p>\n<\/li>\n<li>\n<p data-path-to-node=\"13,2,0\"><b data-path-to-node=\"13,2,0\" data-index-in-node=\"0\">Robuste Konstruktion:<\/b> Hergestellt f\u00fcr eine lange Lebensdauer mit hochwertigem Schleifpapier, das nat\u00fcrliche und verl\u00e4ngerte N\u00e4gel effektiv formt, ohne abzubl\u00e4ttern.<\/p>\n<\/li>\n<li>\n<p data-path-to-node=\"13,3,0\"><b data-path-to-node=\"13,3,0\" data-index-in-node=\"0\">Marketingauswirkungen:<\/b> Ein \u00e4u\u00dferst funktionaler Artikel, der in der Handtasche oder im Badezimmer Ihres Kunden aufbewahrt wird und so f\u00fcr wiederholte Markenpr\u00e4senz sorgt.<\/p>\n<\/li>\n<\/ul>\n<h2 data-path-to-node=\"14\">Technische Daten<\/h2>\n<ul data-path-to-node=\"15\">\n<li>\n<p data-path-to-node=\"15,0,0\"><b data-path-to-node=\"15,0,0\" data-index-in-node=\"0\">Herkunft:<\/b> Hergestellt in Europa.<\/p>\n<\/li>\n<li>\n<p data-path-to-node=\"15,1,0\"><b data-path-to-node=\"15,1,0\" data-index-in-node=\"0\">Druckverfahren:<\/b> Vollfarbiger UV-Digitaldruck.<\/p>\n<\/li>\n<li>\n<p data-path-to-node=\"15,2,0\"><b data-path-to-node=\"15,2,0\" data-index-in-node=\"0\">Material:<\/b> Hochwertiger Schleifpapierkern.<\/p>\n<\/li>\n<li>\n<p data-path-to-node=\"15,3,0\"><b data-path-to-node=\"15,3,0\" data-index-in-node=\"0\">Verf\u00fcgbare Gr\u00f6\u00dfen:<\/b><\/p>\n<ul data-path-to-node=\"15,3,1\">\n<li>\n<p data-path-to-node=\"15,3,1,0,0\"><b data-path-to-node=\"15,3,1,0,0\" data-index-in-node=\"0\">Professionell (18 cm \u00d7 1,85 cm):<\/b> Der Standard f\u00fcr Nagelstudios und die Manik\u00fcre zu Hause. Gro\u00dfe Oberfl\u00e4che f\u00fcr gleichm\u00e4\u00dfige Pinselstriche.<\/p>\n<\/li>\n<li>\n<p data-path-to-node=\"15,3,1,1,0\"><b data-path-to-node=\"15,3,1,1,0\" data-index-in-node=\"0\">Universal (12 cm \u00d7 1,6 cm):<\/b> Die perfekte Balance zwischen Komfort und Tragbarkeit.<\/p>\n<\/li>\n<li>\n<p data-path-to-node=\"15,3,1,2,0\"><b data-path-to-node=\"15,3,1,2,0\" data-index-in-node=\"0\">Reise (8,7 cm \u00d7 1,6 cm):<\/b> Kompakte Gr\u00f6\u00dfe, ideal f\u00fcr Kosmetiktaschen, Reisesets und schnelle Reparaturen unterwegs.<\/p>\n<\/li>\n<\/ul>\n<\/li>\n<\/ul>\n<h2 data-path-to-node=\"16\">Anwendungsf\u00e4lle<\/h2>\n<ul data-path-to-node=\"17\">\n<li>\n<p data-path-to-node=\"17,0,0\"><b data-path-to-node=\"17,0,0\" data-index-in-node=\"0\">Sch\u00f6nheitssalons &amp; Spas:<\/b> Markenwerkzeuge f\u00fcr Techniker oder Einzelhandelsartikel f\u00fcr Kunden zum Mitnehmen nach Hause.<\/p>\n<\/li>\n<li>\n<p data-path-to-node=\"17,1,0\"><b data-path-to-node=\"17,1,0\" data-index-in-node=\"0\">Hotelausstattung:<\/b> Eine durchdachte Erg\u00e4nzung f\u00fcr Badezimmerausstattungen in Luxushotels und Resorts.<\/p>\n<\/li>\n<li>\n<p data-path-to-node=\"17,2,0\"><b data-path-to-node=\"17,2,0\" data-index-in-node=\"0\">Firmengeschenke:<\/b> Ein kompaktes, preiswertes und dennoch \u00e4u\u00dferst n\u00fctzliches Werbegeschenk f\u00fcr Frauenkonferenzen, Modeveranstaltungen oder Wellness-Kampagnen.<\/p>\n<\/li>\n<\/ul>","protected":false},"excerpt":{"rendered":"<ul>\n<li>\n<p data-path-to-node=\"9,0,0\"><b data-path-to-node=\"9,0,0\" data-index-in-node=\"0\">Europ\u00e4ische Produktion:<\/b> Mit Stolz in Europa gefertigt, was im Vergleich zu Standardimporten \u00fcberlegene Verarbeitung, Sicherheit und Langlebigkeit gew\u00e4hrleistet.<\/p>\n<\/li>\n<li>\n<p data-path-to-node=\"9,1,0\"><b data-path-to-node=\"9,1,0\" data-index-in-node=\"0\">Vollfarbiges Branding:<\/b> Nutzt fortschrittliche UV-Drucktechnologie mit ungiftigen Tinten, um lebendige, kratzfeste Logos und Muster zu erzeugen.<\/p>\n<\/li>\n<li>\n<p data-path-to-node=\"9,2,0\"><b data-path-to-node=\"9,2,0\" data-index-in-node=\"0\">Drei vielseitige Gr\u00f6\u00dfen:<\/b> Erh\u00e4ltlich in den Gr\u00f6\u00dfen Gro\u00df (Professionell), Mittel (Universell) und Klein (Reisen), um jeder Zielgruppe gerecht zu werden.<\/p>\n<\/li>\n<li>\n<p data-path-to-node=\"9,3,0\"><b data-path-to-node=\"9,3,0\" data-index-in-node=\"0\">Professionelle Qualit\u00e4t:<\/b> Geeignet f\u00fcr nat\u00fcrliche und k\u00fcnstliche N\u00e4gel, bietet effektives Feilen mit hochwertigen Schleifmitteln.<\/p>\n<\/li>\n<\/ul>","protected":false},"featured_media":6249,"comment_status":"closed","ping_status":"closed","template":"","meta":[],"product_brand":[],"product_cat":[132],"product_tag":[],"class_list":{"0":"post-6248","1":"product","2":"type-product","3":"status-publish","4":"has-post-thumbnail","6":"product_cat-hotel-spa-amenities","8":"first","9":"instock","10":"shipping-taxable","11":"product-type-simple"},"_links":{"self":[{"href":"https:\/\/wristbandfactory.eu\/de\/wp-json\/wp\/v2\/product\/6248","targetHints":{"allow":["GET"]}}],"collection":[{"href":"https:\/\/wristbandfactory.eu\/de\/wp-json\/wp\/v2\/product"}],"about":[{"href":"https:\/\/wristbandfactory.eu\/de\/wp-json\/wp\/v2\/types\/product"}],"replies":[{"embeddable":true,"href":"https:\/\/wristbandfactory.eu\/de\/wp-json\/wp\/v2\/comments?post=6248"}],"wp:featuredmedia":[{"embeddable":true,"href":"https:\/\/wristbandfactory.eu\/de\/wp-json\/wp\/v2\/media\/6249"}],"wp:attachment":[{"href":"https:\/\/wristbandfactory.eu\/de\/wp-json\/wp\/v2\/media?parent=6248"}],"wp:term":[{"taxonomy":"product_brand","embeddable":true,"href":"https:\/\/wristbandfactory.eu\/de\/wp-json\/wp\/v2\/product_brand?post=6248"},{"taxonomy":"product_cat","embeddable":true,"href":"https:\/\/wristbandfactory.eu\/de\/wp-json\/wp\/v2\/product_cat?post=6248"},{"taxonomy":"product_tag","embeddable":true,"href":"https:\/\/wristbandfactory.eu\/de\/wp-json\/wp\/v2\/product_tag?post=6248"}],"curies":[{"name":"wp","href":"https:\/\/api.w.org\/{rel}","templated":true}]}}