{"id":6245,"date":"2025-12-20T18:56:31","date_gmt":"2025-12-20T15:56:31","guid":{"rendered":"https:\/\/wristbandfactory.eu\/?post_type=product&#038;p=6245"},"modified":"2025-12-29T12:14:01","modified_gmt":"2025-12-29T09:14:01","slug":"bio-based-reusable-coffee-cups","status":"publish","type":"product","link":"https:\/\/wristbandfactory.eu\/de\/p\/bio-based-reusable-coffee-cups\/","title":{"rendered":"Bedruckte Mehrwegbecher (Bio-basiert)"},"content":{"rendered":"<p data-path-to-node=\"10\">Setzen Sie ein Zeichen f\u00fcr Nachhaltigkeit mit unserem <b data-path-to-node=\"10\" data-index-in-node=\"63\">Individuell gestaltete, wiederverwendbare Kaffeebecher aus biobasierten Materialien<\/b>. Dieses 200-ml-Gef\u00e4\u00df wurde als perfekte, umweltfreundliche Alternative zu Einweg-Pappbechern entwickelt und vereint deutsche Ingenieurskunst mit nachwachsenden Rohstoffen. Es ist ein ideales Werbegeschenk f\u00fcr umweltbewusste B\u00fcros, Caf\u00e9s und Firmenveranstaltungen.<\/p>\n<p data-path-to-node=\"11\">Die Tasse ist aus hochwertigem Material gefertigt. <b data-path-to-node=\"11\" data-index-in-node=\"37\">biobasierte Kunststoffe aus erneuerbaren Quellen<\/b>, Dadurch wird eine geringere CO\u2082-Bilanz gew\u00e4hrleistet, ohne die Langlebigkeit zu beeintr\u00e4chtigen. Das praktische Design umfasst einen sicheren Deckel, der Getr\u00e4nke l\u00e4nger warm h\u00e4lt und gleichzeitig ein Versch\u00fctten w\u00e4hrend der Fahrt verhindert.<\/p>\n<h2 data-path-to-node=\"12\">Hauptmerkmale<\/h2>\n<ul data-path-to-node=\"13\">\n<li>\n<p data-path-to-node=\"13,0,0\"><b data-path-to-node=\"13,0,0\" data-index-in-node=\"0\">Zusammensetzung aus erneuerbaren Rohstoffen:<\/b> Hergestellt aus biobasierten Polymeren, bietet es eine verantwortungsvolle Alternative zu Kunststoffen auf Basis fossiler Brennstoffe.<\/p>\n<\/li>\n<li>\n<p data-path-to-node=\"13,1,0\"><b data-path-to-node=\"13,1,0\" data-index-in-node=\"0\">B\u00fcrofreundlich:<\/b> Es wurde so konzipiert, dass es perfekt unter die Ausl\u00e4ufe g\u00e4ngiger Kaffeemaschinen passt und ist damit das ultimative Accessoire f\u00fcr den Einsatz vom Schreibtisch bis zum Meeting.<\/p>\n<\/li>\n<li>\n<p data-path-to-node=\"13,2,0\"><b data-path-to-node=\"13,2,0\" data-index-in-node=\"0\">Hygiene &amp; Sicherheit:<\/b> Absolut BPA-frei und lebensmittelecht. Das Material ist robust und am Ende seines Lebenszyklus vollst\u00e4ndig recycelbar.<\/p>\n<\/li>\n<li>\n<p data-path-to-node=\"13,3,0\"><b data-path-to-node=\"13,3,0\" data-index-in-node=\"0\">Vielseitiges Branding:<\/b> Personalisieren Sie Ihr Logo mit Siebdruck, Tampondruck oder hochwertiger Lasergravur, um es dauerhaft zu pr\u00e4sentieren.<\/p>\n<\/li>\n<\/ul>\n<h2 data-path-to-node=\"14\">Technische Daten<\/h2>\n<ul data-path-to-node=\"15\">\n<li>\n<p data-path-to-node=\"15,0,0\"><b data-path-to-node=\"15,0,0\" data-index-in-node=\"0\">Kapazit\u00e4t:<\/b> 200 ml.<\/p>\n<\/li>\n<li>\n<p data-path-to-node=\"15,1,0\"><b data-path-to-node=\"15,1,0\" data-index-in-node=\"0\">Material:<\/b> Biobasierte Kunststoffe (nachwachsende Rohstoffe).<\/p>\n<\/li>\n<li>\n<p data-path-to-node=\"15,2,0\"><b data-path-to-node=\"15,2,0\" data-index-in-node=\"0\">Herkunft:<\/b> Hergestellt in Deutschland.<\/p>\n<\/li>\n<li>\n<p data-path-to-node=\"15,3,0\"><b data-path-to-node=\"15,3,0\" data-index-in-node=\"0\">Eigenschaften:<\/b> BPA-frei, 100%-recycelbar, sp\u00fclmaschinenfest.<\/p>\n<\/li>\n<li>\n<p data-path-to-node=\"15,4,0\"><b data-path-to-node=\"15,4,0\" data-index-in-node=\"0\">Deckel:<\/b> Enthalten (biobasiert, w\u00e4rmespeichernd).<\/p>\n<\/li>\n<li>\n<p data-path-to-node=\"15,5,0\"><b data-path-to-node=\"15,5,0\" data-index-in-node=\"0\">Branding-Optionen:<\/b> Siebdruck, Tampondruck, Lasergravur.<\/p>\n<\/li>\n<\/ul>\n<h2 data-path-to-node=\"16\">Anwendungsf\u00e4lle<\/h2>\n<ul data-path-to-node=\"17\">\n<li>\n<p data-path-to-node=\"17,0,0\"><b data-path-to-node=\"17,0,0\" data-index-in-node=\"0\">Nachhaltigkeit im B\u00fcro:<\/b> Um Abfall und Kosten zu reduzieren, sollten in der B\u00fcrok\u00fcche Einwegbecher ersetzt werden.<\/p>\n<\/li>\n<li>\n<p data-path-to-node=\"17,1,0\"><b data-path-to-node=\"17,1,0\" data-index-in-node=\"0\">Firmengeschenke:<\/b> Ein praktisches, hochwertiges Geschenk f\u00fcr Mitarbeiter und Kunden, das mit den Zielen der sozialen Verantwortung von Unternehmen (CSR) \u00fcbereinstimmt.<\/p>\n<\/li>\n<li>\n<p data-path-to-node=\"17,2,0\"><b data-path-to-node=\"17,2,0\" data-index-in-node=\"0\">Cafeterien &amp; Veranstaltungen:<\/b> Langlebige Servierl\u00f6sung f\u00fcr Konferenzen und Kantinen, die stapelbare, abwaschbare Trinkgef\u00e4\u00dfe erfordern.<\/p>\n<\/li>\n<\/ul>","protected":false},"excerpt":{"rendered":"<ul>\n<li>\n<p data-path-to-node=\"9,0,0\"><b data-path-to-node=\"9,0,0\" data-index-in-node=\"0\">\u00d6ko-Innovation:<\/b> Hergestellt in Deutschland aus nachwachsenden, biobasierten Rohstoffen \u2013 f\u00fcr einen umweltfreundlicheren Lebensstil.<\/p>\n<\/li>\n<li>\n<p data-path-to-node=\"9,1,0\"><b data-path-to-node=\"9,1,0\" data-index-in-node=\"0\">Perfekte Gr\u00f6\u00dfe zum Mitnehmen:<\/b> Das Fassungsverm\u00f6gen von 200 ml passt unter die meisten Standard-Kaffeemaschinen; ideal f\u00fcr B\u00fcro und Zuhause.<\/p>\n<\/li>\n<li>\n<p data-path-to-node=\"9,2,0\"><b data-path-to-node=\"9,2,0\" data-index-in-node=\"0\">Intelligentes Design:<\/b> Verf\u00fcgt \u00fcber einen w\u00e4rmespeichernden, auslaufsicheren Bio-Deckel und ist stapelbar f\u00fcr eine unbedruckte Aufbewahrung.<\/p>\n<\/li>\n<li>\n<p data-path-to-node=\"9,3,0\"><b data-path-to-node=\"9,3,0\" data-index-in-node=\"0\">Sicher und langlebig:<\/b> BPA-frei, 100%-recycelbar und sp\u00fclmaschinenfest (Handw\u00e4sche f\u00fcr aufgedruckte Logos empfohlen).<\/p>\n<\/li>\n<\/ul>","protected":false},"featured_media":6246,"comment_status":"closed","ping_status":"closed","template":"","meta":[],"product_brand":[],"product_cat":[111],"product_tag":[],"class_list":{"0":"post-6245","1":"product","2":"type-product","3":"status-publish","4":"has-post-thumbnail","6":"product_cat-reusable-event-cups","8":"first","9":"instock","10":"shipping-taxable","11":"purchasable","12":"product-type-simple"},"_links":{"self":[{"href":"https:\/\/wristbandfactory.eu\/de\/wp-json\/wp\/v2\/product\/6245","targetHints":{"allow":["GET"]}}],"collection":[{"href":"https:\/\/wristbandfactory.eu\/de\/wp-json\/wp\/v2\/product"}],"about":[{"href":"https:\/\/wristbandfactory.eu\/de\/wp-json\/wp\/v2\/types\/product"}],"replies":[{"embeddable":true,"href":"https:\/\/wristbandfactory.eu\/de\/wp-json\/wp\/v2\/comments?post=6245"}],"wp:featuredmedia":[{"embeddable":true,"href":"https:\/\/wristbandfactory.eu\/de\/wp-json\/wp\/v2\/media\/6246"}],"wp:attachment":[{"href":"https:\/\/wristbandfactory.eu\/de\/wp-json\/wp\/v2\/media?parent=6245"}],"wp:term":[{"taxonomy":"product_brand","embeddable":true,"href":"https:\/\/wristbandfactory.eu\/de\/wp-json\/wp\/v2\/product_brand?post=6245"},{"taxonomy":"product_cat","embeddable":true,"href":"https:\/\/wristbandfactory.eu\/de\/wp-json\/wp\/v2\/product_cat?post=6245"},{"taxonomy":"product_tag","embeddable":true,"href":"https:\/\/wristbandfactory.eu\/de\/wp-json\/wp\/v2\/product_tag?post=6245"}],"curies":[{"name":"wp","href":"https:\/\/api.w.org\/{rel}","templated":true}]}}