{"id":6242,"date":"2025-12-20T18:48:57","date_gmt":"2025-12-20T15:48:57","guid":{"rendered":"https:\/\/wristbandfactory.eu\/?post_type=product&#038;p=6242"},"modified":"2025-12-20T18:53:47","modified_gmt":"2025-12-20T15:53:47","slug":"custom-made-hooded-wearable-blankets-bespoke-design","status":"publish","type":"product","link":"https:\/\/wristbandfactory.eu\/de\/p\/custom-made-hooded-wearable-blankets-bespoke-design\/","title":{"rendered":"Ma\u00dfgefertigte Kapuzendecken (Bespoke Design)"},"content":{"rendered":"<p data-path-to-node=\"10\">Kreieren Sie mit unserem Produkt ein wirklich einzigartiges Firmengeschenk oder Einzelhandelsprodukt. <b data-path-to-node=\"10\" data-index-in-node=\"89\">Ma\u00dfgefertigte Kapuzendecken<\/b>. Dieser Service erm\u00f6glicht es Ihnen, die Grenzen herk\u00f6mmlicher Lagerartikel zu \u00fcberwinden. Wir bieten ein umfassendes Sortiment an. <b data-path-to-node=\"10\" data-index-in-node=\"226\">\u201cFertigungsl\u00f6sung \u201dZuschneiden &amp; N\u00e4hen\u201c<\/b>, Dadurch erhalten Sie die volle Kontrolle \u00fcber Aussehen, Haptik und Funktionen des Endprodukts.<\/p>\n<p data-path-to-node=\"11\">Ob Sie einen riesigen Oversize-Hoodie f\u00fcr eine Winterkampagne, einen leichten Poncho f\u00fcr Sommerfestivals oder eine luxuri\u00f6se, mit Sherpa-Fleece gef\u00fctterte Decke als VIP-Geschenk w\u00fcnschen \u2013 wir fertigen nach Ihren Vorgaben. Ihr Design wird vor dem Zuschnitt auf die Stoffrollen gedruckt, um einen nahtlosen \u00dcbergang zu gew\u00e4hrleisten. <b data-path-to-node=\"11\" data-index-in-node=\"274\">360-Grad-Markenerlebnis<\/b> ohne unbedruckte R\u00e4nder.<\/p>\n<h2 data-path-to-node=\"12\">Hauptmerkmale<\/h2>\n<ul data-path-to-node=\"13\">\n<li>\n<p data-path-to-node=\"13,0,0\"><b data-path-to-node=\"13,0,0\" data-index-in-node=\"0\">Unbegrenzte Gestaltungsfreiheit:<\/b> Unser vollfl\u00e4chiger Sublimationsdruck sorgt daf\u00fcr, dass Ihr Motiv jeden Zentimeter des Stoffes bedeckt. Ideal f\u00fcr komplexe Muster, Markenmaskottchen oder Fotomotive.<\/p>\n<\/li>\n<li>\n<p data-path-to-node=\"13,1,0\"><b data-path-to-node=\"13,1,0\" data-index-in-node=\"0\">Materialauswahl:<\/b><\/p>\n<ul data-path-to-node=\"13,1,1\">\n<li>\n<p data-path-to-node=\"13,1,1,0,0\"><i data-path-to-node=\"13,1,1,0,0\" data-index-in-node=\"0\">\u00c4u\u00dfere Schicht:<\/i> Glatter Flanellfleece (perfekt zum Bedrucken) oder Velours.<\/p>\n<\/li>\n<li>\n<p data-path-to-node=\"13,1,1,1,0\"><i data-path-to-node=\"13,1,1,1,0\" data-index-in-node=\"0\">Innenfutter:<\/i> Dickes wei\u00dfes Sherpa (klassische W\u00e4rme), graues Sherpa oder Microfleece (leichteres Gewicht).<\/p>\n<\/li>\n<li>\n<p data-path-to-node=\"13,1,1,2,0\"><i data-path-to-node=\"13,1,1,2,0\" data-index-in-node=\"0\">\u00d6ko-Option:<\/i> Auf Anfrage auch in 100% GRS-zertifiziertem Recycling-Polyester erh\u00e4ltlich.<\/p>\n<\/li>\n<\/ul>\n<\/li>\n<li>\n<p data-path-to-node=\"13,2,0\"><b data-path-to-node=\"13,2,0\" data-index-in-node=\"0\">Ma\u00dfanfertigung:<\/b> Wir k\u00f6nnen in den Gr\u00f6\u00dfen Kinder, Standard f\u00fcr Erwachsene und \u00dcbergr\u00f6\u00dfe f\u00fcr Erwachsene (Riesengr\u00f6\u00dfe) fertigen.<\/p>\n<\/li>\n<li>\n<p data-path-to-node=\"13,3,0\"><b data-path-to-node=\"13,3,0\" data-index-in-node=\"0\">Bereit f\u00fcr Eigenmarken:<\/b> Wir k\u00f6nnen Ihre eigenen Marken-Nackenetiketten und Pflegeetiketten einn\u00e4hen und sogar die Rei\u00dfverschlussanh\u00e4nger oder Kn\u00f6pfe individuell gestalten.<\/p>\n<\/li>\n<\/ul>\n<h2 data-path-to-node=\"14\">Technische Daten<\/h2>\n<ul data-path-to-node=\"15\">\n<li>\n<p data-path-to-node=\"15,0,0\"><b data-path-to-node=\"15,0,0\" data-index-in-node=\"0\">Produktionsart:<\/b> Ma\u00dfanfertigung (OEM\/ODM).<\/p>\n<\/li>\n<li>\n<p data-path-to-node=\"15,1,0\"><b data-path-to-node=\"15,1,0\" data-index-in-node=\"0\">Standard-Stoffgewicht:<\/b> 200 g\/m\u00b2 Flanell + 230 g\/m\u00b2 Sherpa (anpassbar).<\/p>\n<\/li>\n<li>\n<p data-path-to-node=\"15,2,0\"><b data-path-to-node=\"15,2,0\" data-index-in-node=\"0\">Druckverfahren:<\/b> Vollfarb-Sublimation (CMYK).<\/p>\n<\/li>\n<li>\n<p data-path-to-node=\"15,3,0\"><b data-path-to-node=\"15,3,0\" data-index-in-node=\"0\">Standardgr\u00f6\u00dfe:<\/b> 100 x 80 cm (tragbarer Hoodie-Stil) \u2013 <i data-path-to-node=\"15,3,0\" data-index-in-node=\"53\">Sondergr\u00f6\u00dfen erh\u00e4ltlich.<\/i><\/p>\n<\/li>\n<li>\n<p data-path-to-node=\"15,4,0\"><b data-path-to-node=\"15,4,0\" data-index-in-node=\"0\">Merkmale:<\/b> Kapuze, K\u00e4ngurutasche, elastische B\u00fcndchen.<\/p>\n<\/li>\n<li>\n<p data-path-to-node=\"15,5,0\"><b data-path-to-node=\"15,5,0\" data-index-in-node=\"0\">Verpackung:<\/b> Vakuumverpackt f\u00fcr effizienten Versand oder in individuellen Geschenkboxen.<\/p>\n<\/li>\n<\/ul>","protected":false},"excerpt":{"rendered":"<ul>\n<li>\n<p data-path-to-node=\"9,0,0\"><b data-path-to-node=\"9,0,0\" data-index-in-node=\"0\">100% Vollst\u00e4ndig anpassbar:<\/b> Im Gegensatz zu Lagerware wird dieses Produkt von Grund auf neu gefertigt, was einen randlosen Druck und eine individuelle Pantone-Farbanpassung erm\u00f6glicht.<\/p>\n<\/li>\n<li>\n<p data-path-to-node=\"9,1,0\"><b data-path-to-node=\"9,1,0\" data-index-in-node=\"0\">Premium-Materialoptionen:<\/b> Sie haben die Wahl zwischen flauschigem Sherpa-Futter, weichem Mikrofleece oder umweltfreundlichen Kombinationen aus recyceltem Polyester (GRS).<\/p>\n<\/li>\n<li>\n<p data-path-to-node=\"9,2,0\"><b data-path-to-node=\"9,2,0\" data-index-in-node=\"0\">Rundum-Branding:<\/b> Nutzen Sie die gesamte Oberfl\u00e4che der Decke \u2013 Vorderseite, R\u00fcckseite, Kapuze und \u00c4rmel \u2013 f\u00fcr einen brillanten, fotorealistischen Sublimationsdruck.<\/p>\n<\/li>\n<li>\n<p data-path-to-node=\"9,3,0\"><b data-path-to-node=\"9,3,0\" data-index-in-node=\"0\">Ma\u00dfgeschneiderte Funktionen:<\/b> Passen Sie Details wie Taschenform und Manschettenfarben individuell an und f\u00fcgen Sie Eigenmarken oder gestickte Aufn\u00e4her hinzu.<\/p>\n<\/li>\n<\/ul>","protected":false},"featured_media":6244,"comment_status":"closed","ping_status":"closed","template":"","meta":[],"product_brand":[],"product_cat":[129],"product_tag":[],"class_list":{"0":"post-6242","1":"product","2":"type-product","3":"status-publish","4":"has-post-thumbnail","6":"product_cat-leisure-lifestyle","8":"first","9":"instock","10":"shipping-taxable","11":"product-type-simple"},"_links":{"self":[{"href":"https:\/\/wristbandfactory.eu\/de\/wp-json\/wp\/v2\/product\/6242","targetHints":{"allow":["GET"]}}],"collection":[{"href":"https:\/\/wristbandfactory.eu\/de\/wp-json\/wp\/v2\/product"}],"about":[{"href":"https:\/\/wristbandfactory.eu\/de\/wp-json\/wp\/v2\/types\/product"}],"replies":[{"embeddable":true,"href":"https:\/\/wristbandfactory.eu\/de\/wp-json\/wp\/v2\/comments?post=6242"}],"wp:featuredmedia":[{"embeddable":true,"href":"https:\/\/wristbandfactory.eu\/de\/wp-json\/wp\/v2\/media\/6244"}],"wp:attachment":[{"href":"https:\/\/wristbandfactory.eu\/de\/wp-json\/wp\/v2\/media?parent=6242"}],"wp:term":[{"taxonomy":"product_brand","embeddable":true,"href":"https:\/\/wristbandfactory.eu\/de\/wp-json\/wp\/v2\/product_brand?post=6242"},{"taxonomy":"product_cat","embeddable":true,"href":"https:\/\/wristbandfactory.eu\/de\/wp-json\/wp\/v2\/product_cat?post=6242"},{"taxonomy":"product_tag","embeddable":true,"href":"https:\/\/wristbandfactory.eu\/de\/wp-json\/wp\/v2\/product_tag?post=6242"}],"curies":[{"name":"wp","href":"https:\/\/api.w.org\/{rel}","templated":true}]}}