{"id":6239,"date":"2025-12-20T18:40:33","date_gmt":"2025-12-20T15:40:33","guid":{"rendered":"https:\/\/wristbandfactory.eu\/?post_type=product&#038;p=6239"},"modified":"2025-12-20T18:40:33","modified_gmt":"2025-12-20T15:40:33","slug":"custom-laser-engraved-portable-ashtrays-zinc-alloy-with-carabiner","status":"publish","type":"product","link":"https:\/\/wristbandfactory.eu\/de\/p\/custom-laser-engraved-portable-ashtrays-zinc-alloy-with-carabiner\/","title":{"rendered":"Taschenaschenbecher mit Gravur (Zinklegierung)"},"content":{"rendered":"<p data-path-to-node=\"10\">Kombinieren Sie Stil, Funktionalit\u00e4t und Umweltverantwortung mit unserem <b data-path-to-node=\"10\" data-index-in-node=\"97\">Individuell lasergravierte tragbare Aschenbecher<\/b>. Dieser Aschenbecher wurde f\u00fcr den modernen Berufst\u00e4tigen entwickelt und bietet eine diskrete und elegante M\u00f6glichkeit, Asche und Zigarettenstummel unterwegs zu entsorgen. Ob f\u00fcr F\u00fchrungskr\u00e4fte, Outdoor-Fans oder als durchdachtes Firmengeschenk \u2013 dieser Aschenbecher aus Zinklegierung zeugt von Qualit\u00e4t.<\/p>\n<p data-path-to-node=\"11\">Das elegante <b data-path-to-node=\"11\" data-index-in-node=\"10\">Konstruktion aus Zinklegierung<\/b> Sie besticht nicht nur durch ihr modernes, gl\u00e4nzendes Silber-Design, sondern ist auch besonders langlebig. Sie ist rost- und abriebfest und beh\u00e4lt ihren polierten Glanz \u00fcber lange Zeit. Das kompakte, rechteckige Design verf\u00fcgt \u00fcber einen sicheren Verschlussmechanismus, der Ger\u00fcche und Asche im Inneren einschlie\u00dft und somit ein sicheres Tragen in der Tasche erm\u00f6glicht.<\/p>\n<h2 data-path-to-node=\"12\">Hauptmerkmale<\/h2>\n<ul data-path-to-node=\"13\">\n<li>\n<p data-path-to-node=\"13,0,0\"><b data-path-to-node=\"13,0,0\" data-index-in-node=\"0\">F\u00fcr die Ewigkeit gebaut:<\/b> Zinklegierungen sind deutlich haltbarer als Alternativen aus Kunststoff oder Aluminium, was dem Produkt ein angenehmes Gewicht und eine hochwertige Haptik verleiht.<\/p>\n<\/li>\n<li>\n<p data-path-to-node=\"13,1,0\"><b data-path-to-node=\"13,1,0\" data-index-in-node=\"0\">Laserpr\u00e4zision:<\/b> Wir verwenden Lasergravur, um Ihr Logo in die Metalloberfl\u00e4che einzubringen. Dieses Verfahren erzeugt eine pr\u00e4zise, dauerhafte Markierung, die sich im Gegensatz zu gedruckter Tinte nicht abreibt.<\/p>\n<\/li>\n<li>\n<p data-path-to-node=\"13,2,0\"><b data-path-to-node=\"13,2,0\" data-index-in-node=\"0\">Tragbarer Komfort:<\/b> Ausgestattet mit einem Karabinerhaken, der es dem Benutzer erm\u00f6glicht, ihn zur unbedruckten Handhabung an G\u00fcrtelschlaufen, Rucks\u00e4cken oder Schl\u00fcsselanh\u00e4ngern zu befestigen.<\/p>\n<\/li>\n<li>\n<p data-path-to-node=\"13,3,0\"><b data-path-to-node=\"13,3,0\" data-index-in-node=\"0\">Hygiene &amp; Sicherheit:<\/b> Der dicht schlie\u00dfende Deckel verhindert das Versch\u00fctten von Asche und h\u00e4lt Ger\u00fcche zur\u00fcck, sodass Taschen und Beutel sauber bleiben.<\/p>\n<\/li>\n<\/ul>\n<h2 data-path-to-node=\"14\">Technische Daten<\/h2>\n<ul data-path-to-node=\"15\">\n<li>\n<p data-path-to-node=\"15,0,0\"><b data-path-to-node=\"15,0,0\" data-index-in-node=\"0\">Material:<\/b> Hochwertige Zinklegierung.<\/p>\n<\/li>\n<li>\n<p data-path-to-node=\"15,1,0\"><b data-path-to-node=\"15,1,0\" data-index-in-node=\"0\">Beenden:<\/b> Gl\u00e4nzendes Silber \/ Poliert.<\/p>\n<\/li>\n<li>\n<p data-path-to-node=\"15,2,0\"><b data-path-to-node=\"15,2,0\" data-index-in-node=\"0\">Abmessungen:<\/b> 85 \u00d7 32 \u00d7 17 mm.<\/p>\n<\/li>\n<li>\n<p data-path-to-node=\"15,3,0\"><b data-path-to-node=\"15,3,0\" data-index-in-node=\"0\">Branding-Methode:<\/b> Lasergravur (einseitig).<\/p>\n<\/li>\n<li>\n<p data-path-to-node=\"15,4,0\"><b data-path-to-node=\"15,4,0\" data-index-in-node=\"0\">Verpackung:<\/b> Wird in einem sch\u00fctzenden Beutel geliefert und ist somit ideal zum Verschenken.<\/p>\n<\/li>\n<li>\n<p data-path-to-node=\"15,5,0\"><b data-path-to-node=\"15,5,0\" data-index-in-node=\"0\">Merkmale:<\/b> Integrierter Karabinerhaken.<\/p>\n<\/li>\n<\/ul>\n<h2 data-path-to-node=\"16\">Anwendungsf\u00e4lle<\/h2>\n<ul data-path-to-node=\"17\">\n<li>\n<p data-path-to-node=\"17,0,0\"><b data-path-to-node=\"17,0,0\" data-index-in-node=\"0\">Firmengeschenke:<\/b> Ein anspruchsvolles Geschenk f\u00fcr Kunden und Partner, die praktische, hochwertige Accessoires zu sch\u00e4tzen wissen.<\/p>\n<\/li>\n<li>\n<p data-path-to-node=\"17,1,0\"><b data-path-to-node=\"17,1,0\" data-index-in-node=\"0\">Veranstaltungen im Freien:<\/b> Unverzichtbar f\u00fcr Festivals, Golfturniere und Freiluftveranstaltungen, um das Gel\u00e4nde sauber zu halten.<\/p>\n<\/li>\n<li>\n<p data-path-to-node=\"17,2,0\"><b data-path-to-node=\"17,2,0\" data-index-in-node=\"0\">Gastfreundschaft:<\/b> Bieten Sie Hotelg\u00e4sten oder Restaurantbesuchern in Raucherbereichen tragbare Markenaschenbecher an.<\/p>\n<\/li>\n<\/ul>\n<p data-path-to-node=\"18\">","protected":false},"excerpt":{"rendered":"<ul>\n<li>\n<p data-path-to-node=\"9,0,0\"><b data-path-to-node=\"9,0,0\" data-index-in-node=\"0\">Hochwertiges Material:<\/b> Hergestellt aus einer hochwertigen Zinklegierung mit gl\u00e4nzender Silberoberfl\u00e4che, bietet sie Rost- und Verschlei\u00dfbest\u00e4ndigkeit.<\/p>\n<\/li>\n<li>\n<p data-path-to-node=\"9,1,0\"><b data-path-to-node=\"9,1,0\" data-index-in-node=\"0\">Kompakt und tragbar:<\/b> Mit Abmessungen von 85 \u00d7 32 \u00d7 17 mm passt es problemlos in Taschen oder Beutel oder kann mithilfe des Karabiners an Ausr\u00fcstung befestigt werden.<\/p>\n<\/li>\n<li>\n<p data-path-to-node=\"9,2,0\"><b data-path-to-node=\"9,2,0\" data-index-in-node=\"0\">Anspruchsvolles Branding:<\/b> Ihr Logo wird per Laser an der Seite eingraviert \u2013 f\u00fcr einen dauerhaften, dezenten und professionellen Look.<\/p>\n<\/li>\n<li>\n<p data-path-to-node=\"9,3,0\"><b data-path-to-node=\"9,3,0\" data-index-in-node=\"0\">Umweltfreundliche L\u00f6sung:<\/b> F\u00f6rdert die verantwortungsvolle Entsorgung von Zigarettenabf\u00e4llen und eignet sich perfekt f\u00fcr Veranstaltungen im Freien und Umweltinitiativen.<\/p>\n<\/li>\n<\/ul>","protected":false},"featured_media":6240,"comment_status":"closed","ping_status":"closed","template":"","meta":[],"product_brand":[],"product_cat":[68,121],"product_tag":[],"class_list":{"0":"post-6239","1":"product","2":"type-product","3":"status-publish","4":"has-post-thumbnail","6":"product_cat-event-supplies","7":"product_cat-promotional-merchandise","9":"first","10":"instock","11":"shipping-taxable","12":"purchasable","13":"product-type-simple"},"_links":{"self":[{"href":"https:\/\/wristbandfactory.eu\/de\/wp-json\/wp\/v2\/product\/6239","targetHints":{"allow":["GET"]}}],"collection":[{"href":"https:\/\/wristbandfactory.eu\/de\/wp-json\/wp\/v2\/product"}],"about":[{"href":"https:\/\/wristbandfactory.eu\/de\/wp-json\/wp\/v2\/types\/product"}],"replies":[{"embeddable":true,"href":"https:\/\/wristbandfactory.eu\/de\/wp-json\/wp\/v2\/comments?post=6239"}],"wp:featuredmedia":[{"embeddable":true,"href":"https:\/\/wristbandfactory.eu\/de\/wp-json\/wp\/v2\/media\/6240"}],"wp:attachment":[{"href":"https:\/\/wristbandfactory.eu\/de\/wp-json\/wp\/v2\/media?parent=6239"}],"wp:term":[{"taxonomy":"product_brand","embeddable":true,"href":"https:\/\/wristbandfactory.eu\/de\/wp-json\/wp\/v2\/product_brand?post=6239"},{"taxonomy":"product_cat","embeddable":true,"href":"https:\/\/wristbandfactory.eu\/de\/wp-json\/wp\/v2\/product_cat?post=6239"},{"taxonomy":"product_tag","embeddable":true,"href":"https:\/\/wristbandfactory.eu\/de\/wp-json\/wp\/v2\/product_tag?post=6239"}],"curies":[{"name":"wp","href":"https:\/\/api.w.org\/{rel}","templated":true}]}}