{"id":6234,"date":"2025-12-20T18:28:29","date_gmt":"2025-12-20T15:28:29","guid":{"rendered":"https:\/\/wristbandfactory.eu\/?post_type=product&#038;p=6234"},"modified":"2025-12-29T12:16:39","modified_gmt":"2025-12-29T09:16:39","slug":"custom-3d-printed-cookie-cutters-gingerbread-molds-logo-shape","status":"publish","type":"product","link":"https:\/\/wristbandfactory.eu\/de\/p\/custom-3d-printed-cookie-cutters-gingerbread-molds-logo-shape\/","title":{"rendered":"Ausstechformen mit Logo (3D-Druck)"},"content":{"rendered":"<p data-path-to-node=\"10\">Bringen Sie mit unserem Produkt einen Hauch Ihrer Marke in die K\u00fcche jedes Kunden. <b data-path-to-node=\"10\" data-index-in-node=\"88\">Individuell gestaltete 3D-gedruckte Ausstechformen<\/b>. Ob f\u00fcr Lebkuchen, Shortbread oder Zuckerkekse \u2013 diese ma\u00dfgefertigten Formen machen das Backen zu einem Markenerlebnis. Im Gegensatz zu herk\u00f6mmlichen Metallausstechern erm\u00f6glicht uns unsere 3D-Drucktechnologie die Herstellung individueller Formen. <b data-path-to-node=\"10\" data-index-in-node=\"332\">jede erdenkliche Form<\/b>\u2014von Ihrem exakten Firmenlogo bis hin zur spezifischen Produktsilhouette.<\/p>\n<p data-path-to-node=\"11\">Diese im hochaufl\u00f6senden 3D-Druckverfahren hergestellten Ausstecher sind robust und pr\u00e4zise. Besonderes Augenmerk legen wir auf die Schneide, die scharf genug ist, um Teig sauber zu schneiden und gleichzeitig einen sicheren und komfortablen Griff zu gew\u00e4hrleisten. Erh\u00e4ltlich in festlichen Farben wie Rot, Gr\u00fcn und Blau \u2013 passend zur Weihnachtszeit oder Ihrem Corporate Design.<\/p>\n<h2 data-path-to-node=\"12\">Hauptmerkmale<\/h2>\n<ul data-path-to-node=\"13\">\n<li>\n<p data-path-to-node=\"13,0,0\"><b data-path-to-node=\"13,0,0\" data-index-in-node=\"0\">Markenkonformes Design:<\/b> Hier gibt es keine \u201cStandardformen\u201d. Jeder Ausstecher wird speziell f\u00fcr Sie angefertigt, passend zu Ihrem Logo oder Kampagnenthema.<\/p>\n<\/li>\n<li>\n<p data-path-to-node=\"13,1,0\"><b data-path-to-node=\"13,1,0\" data-index-in-node=\"0\">Biobasiertes Material:<\/b> Hergestellt aus <b data-path-to-node=\"13,1,0\" data-index-in-node=\"30\">Lebensmittelsicheres PLA<\/b> (Polymilchs\u00e4ure), ein Biokunststoff, der aus Maisst\u00e4rke oder Zuckerrohr gewonnen wird und somit eine umweltvertr\u00e4gliche Wahl darstellt.<\/p>\n<\/li>\n<li>\n<p data-path-to-node=\"13,2,0\"><b data-path-to-node=\"13,2,0\" data-index-in-node=\"0\">Optimierte Geometrie:<\/b> Verf\u00fcgt \u00fcber einen verst\u00e4rkten Rand f\u00fcr Langlebigkeit und eine spitz zulaufende Schneide f\u00fcr unbedrucktes Abl\u00f6sen des Teigs.<\/p>\n<\/li>\n<li>\n<p data-path-to-node=\"13,3,0\"><b data-path-to-node=\"13,3,0\" data-index-in-node=\"0\">Leuchtende Farben:<\/b> Erh\u00e4ltlich in verschiedenen Farben, sodass das Werkzeug auch optisch als Geschenk ansprechend ist.<\/p>\n<\/li>\n<\/ul>\n<h2 data-path-to-node=\"14\">Technische Daten<\/h2>\n<ul data-path-to-node=\"15\">\n<li>\n<p data-path-to-node=\"15,0,0\"><b data-path-to-node=\"15,0,0\" data-index-in-node=\"0\">Material:<\/b> Lebensmittelechter PLA-Kunststoff (biologisch abbaubar).<\/p>\n<\/li>\n<li>\n<p data-path-to-node=\"15,1,0\"><b data-path-to-node=\"15,1,0\" data-index-in-node=\"0\">Produktionsmethode:<\/b> Hochaufl\u00f6sender FDM-3D-Druck (70\u2013200 Mikrometer).<\/p>\n<\/li>\n<li>\n<p data-path-to-node=\"15,2,0\"><b data-path-to-node=\"15,2,0\" data-index-in-node=\"0\">Standardtiefe:<\/b> 1,27 cm (0,5 Zoll) \u2013 Ideal f\u00fcr Standard-Ausrollteig. <i data-path-to-node=\"15,2,0\" data-index-in-node=\"72\">Individuelle Tiefen auf Anfrage.<\/i><\/p>\n<\/li>\n<li>\n<p data-path-to-node=\"15,3,0\"><b data-path-to-node=\"15,3,0\" data-index-in-node=\"0\">Gr\u00f6\u00dfe:<\/b> Kundenspezifisch (an das Design angepasst). <i data-path-to-node=\"15,3,0\" data-index-in-node=\"33\">Die Referenzfotos verwenden ein 2,54 cm Raster.<\/i><\/p>\n<\/li>\n<li>\n<p data-path-to-node=\"15,4,0\"><b data-path-to-node=\"15,4,0\" data-index-in-node=\"0\">Pflegehinweise:<\/b> <b data-path-to-node=\"15,4,0\" data-index-in-node=\"19\">Handw\u00e4sche nur<\/b> Mit lauwarmem Wasser reinigen. Nicht sp\u00fclmaschinengeeignet (hohe Temperaturen k\u00f6nnen PLA verformen). L\u00e4ngere direkte Sonneneinstrahlung vermeiden.<\/p>\n<\/li>\n<\/ul>\n<h2 data-path-to-node=\"16\">Anwendungsf\u00e4lle<\/h2>\n<ul data-path-to-node=\"17\">\n<li>\n<p data-path-to-node=\"17,0,0\"><b data-path-to-node=\"17,0,0\" data-index-in-node=\"0\">Weihnachtsgeschenke f\u00fcr Unternehmen:<\/b> Legen Sie einen gebrandeten Ausstecher in die Weihnachtsgeschenkk\u00f6rbe f\u00fcr Partner und Mitarbeiter.<\/p>\n<\/li>\n<li>\n<p data-path-to-node=\"17,1,0\"><b data-path-to-node=\"17,1,0\" data-index-in-node=\"0\">Event-Catering:<\/b> Servieren Sie Kekse in Form Ihres neuen Produkts auf Produkteinf\u00fchrungsfeiern oder Messen.<\/p>\n<\/li>\n<li>\n<p data-path-to-node=\"17,2,0\"><b data-path-to-node=\"17,2,0\" data-index-in-node=\"0\">Merchandising:<\/b> Ein einzigartiger, preisg\u00fcnstiger Artikel f\u00fcr Kochschulen, B\u00e4ckereien oder familienorientierte Marken zum Verkauf oder zur Verlosung.<\/p>\n<\/li>\n<\/ul>","protected":false},"excerpt":{"rendered":"<ul>\n<li>\n<p data-path-to-node=\"9,0,0\"><b data-path-to-node=\"9,0,0\" data-index-in-node=\"0\">Bedruckte Formmodellierung:<\/b> Wir verwandeln Ihr 2D-Logo oder Maskottchen in einen voll funktionsf\u00e4higen 3D-Ausstecher.<\/p>\n<\/li>\n<li>\n<p data-path-to-node=\"9,1,0\"><b data-path-to-node=\"9,1,0\" data-index-in-node=\"0\">Lebensmittelsicher und umweltfreundlich:<\/b> Hergestellt aus PLA-Kunststoff, einem biologisch abbaubaren Material, das aus nachwachsenden Rohstoffen gewonnen wird.<\/p>\n<\/li>\n<li>\n<p data-path-to-node=\"9,2,0\"><b data-path-to-node=\"9,2,0\" data-index-in-node=\"0\">Pr\u00e4zisionsschneiden:<\/b> Hochaufl\u00f6sender 3D-Druck (70\u2013200 Mikrometer) erzeugt scharfe Kanten f\u00fcr saubere Schnitte, selbst bei komplizierten Designs.<\/p>\n<\/li>\n<li>\n<p data-path-to-node=\"9,3,0\"><b data-path-to-node=\"9,3,0\" data-index-in-node=\"0\">Saisonales Branding:<\/b> Das ultimative interaktive Firmengeschenk, das Ihre Marke auf den Festtagstisch bringt.<\/p>\n<\/li>\n<\/ul>","protected":false},"featured_media":6235,"comment_status":"closed","ping_status":"closed","template":"","meta":[],"product_brand":[],"product_cat":[122],"product_tag":[],"class_list":{"0":"post-6234","1":"product","2":"type-product","3":"status-publish","4":"has-post-thumbnail","6":"product_cat-promotional-accessories","8":"first","9":"instock","10":"shipping-taxable","11":"purchasable","12":"product-type-simple"},"_links":{"self":[{"href":"https:\/\/wristbandfactory.eu\/de\/wp-json\/wp\/v2\/product\/6234","targetHints":{"allow":["GET"]}}],"collection":[{"href":"https:\/\/wristbandfactory.eu\/de\/wp-json\/wp\/v2\/product"}],"about":[{"href":"https:\/\/wristbandfactory.eu\/de\/wp-json\/wp\/v2\/types\/product"}],"replies":[{"embeddable":true,"href":"https:\/\/wristbandfactory.eu\/de\/wp-json\/wp\/v2\/comments?post=6234"}],"wp:featuredmedia":[{"embeddable":true,"href":"https:\/\/wristbandfactory.eu\/de\/wp-json\/wp\/v2\/media\/6235"}],"wp:attachment":[{"href":"https:\/\/wristbandfactory.eu\/de\/wp-json\/wp\/v2\/media?parent=6234"}],"wp:term":[{"taxonomy":"product_brand","embeddable":true,"href":"https:\/\/wristbandfactory.eu\/de\/wp-json\/wp\/v2\/product_brand?post=6234"},{"taxonomy":"product_cat","embeddable":true,"href":"https:\/\/wristbandfactory.eu\/de\/wp-json\/wp\/v2\/product_cat?post=6234"},{"taxonomy":"product_tag","embeddable":true,"href":"https:\/\/wristbandfactory.eu\/de\/wp-json\/wp\/v2\/product_tag?post=6234"}],"curies":[{"name":"wp","href":"https:\/\/api.w.org\/{rel}","templated":true}]}}