{"id":6232,"date":"2025-12-20T18:21:12","date_gmt":"2025-12-20T15:21:12","guid":{"rendered":"https:\/\/wristbandfactory.eu\/?post_type=product&#038;p=6232"},"modified":"2026-02-05T15:09:01","modified_gmt":"2026-02-05T12:09:01","slug":"custom-printed-beer-coasters-pulpboard-beermat","status":"publish","type":"product","link":"https:\/\/wristbandfactory.eu\/de\/p\/custom-printed-beer-coasters-pulpboard-beermat\/","title":{"rendered":"Bedruckte Bierdeckel"},"content":{"rendered":"<p data-path-to-node=\"8\">Verwandeln Sie jede Tischplatte in einen direkten Werbekanal mit unseren individuell bedruckten Bierdeckeln. Diese \u201cBieruntersetzer\u201d sind weit mehr als nur ein Schutz f\u00fcr Ihre M\u00f6bel: Sie bieten intensive Kundenkontakte und bringen Ihre Marke durchschnittlich 45 Minuten pro Getr\u00e4nk direkt in die H\u00e4nde Ihrer Kunden.<\/p>\n<p data-path-to-node=\"9\">Unsere speziell f\u00fcr die Gastronomie- und Veranstaltungsbranche entwickelten Untersetzer werden aus hochwertigem, hochdichtem Zellstoffkarton gefertigt. Im Gegensatz zu herk\u00f6mmlichem Papier oder Karton absorbiert dieses Material Kondenswasser von kalten Glasb\u00f6den, ohne sich zu verziehen oder zu zerfallen. So garantieren wir ein erstklassiges Erlebnis, das Ihre Marke optimal pr\u00e4sentiert.<\/p>\n<h2 data-path-to-node=\"10\">Hauptmerkmale<\/h2>\n<ul data-path-to-node=\"11\">\n<li>\n<p data-path-to-node=\"11,0,0\"><b data-path-to-node=\"11,0,0\" data-index-in-node=\"0\">Offsetdruck in Fotoqualit\u00e4t:<\/b> Wir verwenden den CMYK-Offsetdruck, um lebendige Farben, gestochen scharfen Text und fotografische Details zu erzielen, die die Aufmerksamkeit auf sich ziehen.<\/p>\n<\/li>\n<li>\n<p data-path-to-node=\"11,1,0\"><b data-path-to-node=\"11,1,0\" data-index-in-node=\"0\">Interaktives Marketing:<\/b> Nutzen Sie die Duplexdruckfunktion, um zwei verschiedene Designs zu drucken. Vorderseite: Markenlogo. R\u00fcckseite: QR-Code f\u00fcr ein Men\u00fc, ein Gewinnspiel oder einen Social-Media-Link.<\/p>\n<\/li>\n<li>\n<p data-path-to-node=\"11,2,0\"><b data-path-to-node=\"11,2,0\" data-index-in-node=\"0\">Authentisches \u201cBar-Feeling\u201d:<\/b> Die haptische Textur von echtem Zellstoffkarton bietet die traditionelle Qualit\u00e4t, die von Craft-Brauereien und gehobenen Veranstaltungsorten erwartet wird.<\/p>\n<\/li>\n<li>\n<p data-path-to-node=\"11,3,0\"><b data-path-to-node=\"11,3,0\" data-index-in-node=\"0\">Umweltfreundliche Optionen:<\/b> Zellstoffkarton ist ein biologisch abbaubares Material und eignet sich daher hervorragend f\u00fcr nachhaltige Veranstaltungen.<\/p>\n<\/li>\n<\/ul>\n<h2 data-path-to-node=\"12\">Technische Daten<\/h2>\n<ul data-path-to-node=\"13\">\n<li>\n<p data-path-to-node=\"13,0,0\"><b data-path-to-node=\"13,0,0\" data-index-in-node=\"0\">Material:<\/b> Hochdichte saugf\u00e4hige Zellstoffpappe (Bierdeckelpappe).<\/p>\n<\/li>\n<li>\n<p data-path-to-node=\"13,1,0\"><b data-path-to-node=\"13,1,0\" data-index-in-node=\"0\">Dickenoptionen:<\/b><\/p>\n<ul data-path-to-node=\"13,1,1\">\n<li>\n<p data-path-to-node=\"13,1,1,0,0\"><b data-path-to-node=\"13,1,1,0,0\" data-index-in-node=\"0\">Standard (1,2 mm):<\/b> Kosteng\u00fcnstig bei Werbeaktionen mit hohem Volumen.<\/p>\n<\/li>\n<li>\n<p data-path-to-node=\"13,1,1,1,0\"><b data-path-to-node=\"13,1,1,1,0\" data-index-in-node=\"0\">Premium (1,6 mm):<\/b> Der Branchenstandard f\u00fcr Bars und Restaurants.<\/p>\n<\/li>\n<li>\n<p data-path-to-node=\"13,1,1,2,0\"><b data-path-to-node=\"13,1,1,2,0\" data-index-in-node=\"0\">Hochleistungsausf\u00fchrung (2,0 mm):<\/b> Besonders steif f\u00fcr Luxusmarken und Erinnerungsst\u00fccke.<\/p>\n<\/li>\n<\/ul>\n<\/li>\n<li>\n<p data-path-to-node=\"13,2,0\"><b data-path-to-node=\"13,2,0\" data-index-in-node=\"0\">Standardformen:<\/b><\/p>\n<ul data-path-to-node=\"13,2,1\">\n<li>\n<p data-path-to-node=\"13,2,1,0,0\"><b data-path-to-node=\"13,2,1,0,0\" data-index-in-node=\"0\">Runden:<\/b> \u00d8 93 mm oder \u00d8 107 mm.<\/p>\n<\/li>\n<li>\n<p data-path-to-node=\"13,2,1,1,0\"><b data-path-to-node=\"13,2,1,1,0\" data-index-in-node=\"0\">Quadrat:<\/b> 93 \u00d7 93 mm oder 107 \u00d7 107 mm (mit abgerundeten Ecken).<\/p>\n<\/li>\n<\/ul>\n<\/li>\n<li>\n<p data-path-to-node=\"13,3,0\"><b data-path-to-node=\"13,3,0\" data-index-in-node=\"0\">Drucken:<\/b> Beidseitig vollfarbig (4\/4).<\/p>\n<\/li>\n<\/ul>\n<h2 data-path-to-node=\"14\">Anwendungsf\u00e4lle<\/h2>\n<ul data-path-to-node=\"15\">\n<li>\n<p data-path-to-node=\"15,0,0\"><b data-path-to-node=\"15,0,0\" data-index-in-node=\"0\">Craft-Brauereien &amp; Schankstuben:<\/b> Die Markenidentit\u00e4t wird mit jedem ausgeschenkten Pint gest\u00e4rkt.<\/p>\n<\/li>\n<li>\n<p data-path-to-node=\"15,1,0\"><b data-path-to-node=\"15,1,0\" data-index-in-node=\"0\">Produkteinf\u00fchrungen:<\/b> Verteilen Sie Bierdeckel an Partnerbars, um f\u00fcr eine neue App, einen Taxiservice oder ein neues Getr\u00e4nk zu werben.<\/p>\n<\/li>\n<li>\n<p data-path-to-node=\"15,2,0\"><b data-path-to-node=\"15,2,0\" data-index-in-node=\"0\">Hochzeiten &amp; private Veranstaltungen:<\/b> Personalisierte Untersetzer dienen als einzigartige Dekoration und unvergessliche Gastgeschenke.<\/p>\n<\/li>\n<\/ul>","protected":false},"excerpt":{"rendered":"<ul>\n<li>\n<p data-path-to-node=\"7,0,0\"><b data-path-to-node=\"7,0,0\" data-index-in-node=\"0\">Hochabsorbierender Zellstoffkarton:<\/b> spezielles \u201cBierdeckel\u201d-Material (1,2 mm \u2013 2,0 mm), das Feuchtigkeit speichert und Tische trocken h\u00e4lt.<\/p>\n<\/li>\n<li>\n<p data-path-to-node=\"7,1,0\"><b data-path-to-node=\"7,1,0\" data-index-in-node=\"0\">Doppelseitiges Branding:<\/b> Vollfarbiger Offsetdruck auf Vorder- und R\u00fcckseite f\u00fcr maximale Werbefl\u00e4che (z. B. QR-Codes, Rezepte).<\/p>\n<\/li>\n<li>\n<p data-path-to-node=\"7,2,0\"><b data-path-to-node=\"7,2,0\" data-index-in-node=\"0\">Vielseitige Formen:<\/b> Erh\u00e4ltlich in Standard-Rundform (\u00d8 107\/93 mm) oder Quadratisch (93\u00d793\/107\u00d7107 mm) mit abgerundeten Ecken.<\/p>\n<\/li>\n<li>\n<p data-path-to-node=\"7,3,0\"><b data-path-to-node=\"7,3,0\" data-index-in-node=\"0\">Marketing-Kraftpaket:<\/b> Ideale \u201cMini-Werbetafeln\u201d f\u00fcr Brauereien, Bars, Festivals und Guerilla-Marketing-Kampagnen.<\/p>\n<\/li>\n<\/ul>","protected":false},"featured_media":6872,"comment_status":"closed","ping_status":"closed","template":"","meta":[],"product_brand":[],"product_cat":[119],"product_tag":[],"class_list":{"0":"post-6232","1":"product","2":"type-product","3":"status-publish","4":"has-post-thumbnail","6":"product_cat-drinkware-accessories","8":"first","9":"instock","10":"shipping-taxable","11":"purchasable","12":"product-type-simple"},"_links":{"self":[{"href":"https:\/\/wristbandfactory.eu\/de\/wp-json\/wp\/v2\/product\/6232","targetHints":{"allow":["GET"]}}],"collection":[{"href":"https:\/\/wristbandfactory.eu\/de\/wp-json\/wp\/v2\/product"}],"about":[{"href":"https:\/\/wristbandfactory.eu\/de\/wp-json\/wp\/v2\/types\/product"}],"replies":[{"embeddable":true,"href":"https:\/\/wristbandfactory.eu\/de\/wp-json\/wp\/v2\/comments?post=6232"}],"wp:featuredmedia":[{"embeddable":true,"href":"https:\/\/wristbandfactory.eu\/de\/wp-json\/wp\/v2\/media\/6872"}],"wp:attachment":[{"href":"https:\/\/wristbandfactory.eu\/de\/wp-json\/wp\/v2\/media?parent=6232"}],"wp:term":[{"taxonomy":"product_brand","embeddable":true,"href":"https:\/\/wristbandfactory.eu\/de\/wp-json\/wp\/v2\/product_brand?post=6232"},{"taxonomy":"product_cat","embeddable":true,"href":"https:\/\/wristbandfactory.eu\/de\/wp-json\/wp\/v2\/product_cat?post=6232"},{"taxonomy":"product_tag","embeddable":true,"href":"https:\/\/wristbandfactory.eu\/de\/wp-json\/wp\/v2\/product_tag?post=6232"}],"curies":[{"name":"wp","href":"https:\/\/api.w.org\/{rel}","templated":true}]}}