{"id":6230,"date":"2025-12-20T18:14:23","date_gmt":"2025-12-20T15:14:23","guid":{"rendered":"https:\/\/wristbandfactory.eu\/?post_type=product&#038;p=6230"},"modified":"2025-12-29T12:18:25","modified_gmt":"2025-12-29T09:18:25","slug":"custom-printed-door-hangers-do-not-disturb-signs-pvc-pp-cardboard","status":"publish","type":"product","link":"https:\/\/wristbandfactory.eu\/de\/p\/custom-printed-door-hangers-do-not-disturb-signs-pvc-pp-cardboard\/","title":{"rendered":"Bedruckte T\u00fcranh\u00e4nger"},"content":{"rendered":"<p data-path-to-node=\"10\">Optimieren Sie Ihre Kommunikation und st\u00e4rken Sie Ihre Markenpr\u00e4senz mit unserem <b data-path-to-node=\"10\" data-index-in-node=\"80\">Individuell bedruckte T\u00fcrh\u00e4nger<\/b>. Ob Sie funktionale \u201cBitte nicht st\u00f6ren\u201d-Schilder f\u00fcr eine Hotelkette oder auff\u00e4llige Marketinginstrumente f\u00fcr eine Guerilla-Werbekampagne ben\u00f6tigen \u2013 unsere T\u00fcrh\u00e4nger sind so konzipiert, dass sie Ihre Botschaft klar und professionell vermitteln.<\/p>\n<p data-path-to-node=\"11\">Wir bieten eine Reihe von Materialien an, die Ihren spezifischen Anforderungen an die Haltbarkeit gerecht werden. <b data-path-to-node=\"11\" data-index-in-node=\"74\">PVC und Polypropylen (PP)<\/b> Unsere Varianten sind rei\u00dffest und wasserfest und eignen sich daher ideal f\u00fcr den t\u00e4glichen, wiederholten Einsatz im Gastgewerbe. F\u00fcr kurzfristige Werbeaktionen oder Direktmarketingkampagnen bieten wir hochwertige Produkte an. <b data-path-to-node=\"11\" data-index-in-node=\"283\">Karton<\/b> Die Optionen bieten ein hochwertiges Erscheinungsbild zu einem kosteng\u00fcnstigen Preis.<\/p>\n<h2 data-path-to-node=\"12\">Hauptmerkmale<\/h2>\n<ul data-path-to-node=\"13\">\n<li>\n<p data-path-to-node=\"13,0,0\"><b data-path-to-node=\"13,0,0\" data-index-in-node=\"0\">Materialflexibilit\u00e4t:<\/b><\/p>\n<ul data-path-to-node=\"13,0,1\">\n<li>\n<p data-path-to-node=\"13,0,1,0,0\"><b data-path-to-node=\"13,0,1,0,0\" data-index-in-node=\"0\">PVC\/PP:<\/b> Wasserdicht, robust und leicht zu reinigen. Perfekt f\u00fcr den langfristigen Einsatz im Innen- und Au\u00dfenbereich.<\/p>\n<\/li>\n<li>\n<p data-path-to-node=\"13,0,1,1,0\"><b data-path-to-node=\"13,0,1,1,0\" data-index-in-node=\"0\">Karton:<\/b> Nachhaltig und leicht. Ideal f\u00fcr einmalige Veranstaltungen oder den Massenvertrieb.<\/p>\n<\/li>\n<\/ul>\n<\/li>\n<li>\n<p data-path-to-node=\"13,1,0\"><b data-path-to-node=\"13,1,0\" data-index-in-node=\"0\">Visuelle Exzellenz:<\/b> Wir verwenden hochaufl\u00f6sende Bilder. <b data-path-to-node=\"13,1,0\" data-index-in-node=\"42\">Offset<\/b> oder <b data-path-to-node=\"13,1,0\" data-index-in-node=\"52\">Siebdruck<\/b> um sicherzustellen, dass Ihr Logo und Ihr Text scharf, farbenfroh und lichtbest\u00e4ndig sind.<\/p>\n<\/li>\n<li>\n<p data-path-to-node=\"13,2,0\"><b data-path-to-node=\"13,2,0\" data-index-in-node=\"0\">Bedruckte Formen:<\/b> Wir bieten standardm\u00e4\u00dfige rechteckige Kleiderb\u00fcgel mit Haken an, k\u00f6nnen diese aber auch in individuelle Formen stanzen, die zu Ihrem Branding passen.<\/p>\n<\/li>\n<li>\n<p data-path-to-node=\"13,3,0\"><b data-path-to-node=\"13,3,0\" data-index-in-node=\"0\">Doppelte Nachrichten\u00fcbermittlung:<\/b> Nutzen Sie beide Seiten des Etiketts, um mehr Informationen zu vermitteln oder eine doppelte Funktionalit\u00e4t anzubieten.<\/p>\n<\/li>\n<\/ul>\n<h2 data-path-to-node=\"14\">Technische Daten<\/h2>\n<ul data-path-to-node=\"15\">\n<li>\n<p data-path-to-node=\"15,0,0\"><b data-path-to-node=\"15,0,0\" data-index-in-node=\"0\">Materialien:<\/b> Starres PVC, flexibles PP (Polypropylen) oder beschichteter Karton.<\/p>\n<\/li>\n<li>\n<p data-path-to-node=\"15,1,0\"><b data-path-to-node=\"15,1,0\" data-index-in-node=\"0\">Drucktechnik:<\/b> Vollfarb-Offsetdruck (CMYK) oder Siebdruck (Sonderfarben).<\/p>\n<\/li>\n<li>\n<p data-path-to-node=\"15,2,0\"><b data-path-to-node=\"15,2,0\" data-index-in-node=\"0\">Printabdeckung:<\/b> Einseitig oder doppelseitig.<\/p>\n<\/li>\n<li>\n<p data-path-to-node=\"15,3,0\"><b data-path-to-node=\"15,3,0\" data-index-in-node=\"0\">Dicke:<\/b> Anpassbar je nach Materialwahl (z. B. 300 g Karton, 500 Mikron PVC).<\/p>\n<\/li>\n<li>\n<p data-path-to-node=\"15,4,0\"><b data-path-to-node=\"15,4,0\" data-index-in-node=\"0\">Anhang:<\/b> Standardm\u00e4\u00dfiger Stanzhaken f\u00fcr T\u00fcrgriffe.<\/p>\n<\/li>\n<\/ul>\n<h2 data-path-to-node=\"16\">Anwendungsf\u00e4lle<\/h2>\n<ul data-path-to-node=\"17\">\n<li>\n<p data-path-to-node=\"17,0,0\"><b data-path-to-node=\"17,0,0\" data-index-in-node=\"0\">Gastgewerbe:<\/b> Unverzichtbar f\u00fcr Hotels, Resorts und Kreuzfahrtschiffe (\u201cBitte nicht st\u00f6ren\u201d, \u201cFr\u00fchst\u00fcckskarte\u201d, \u201cZimmerservice\u201d).<\/p>\n<\/li>\n<li>\n<p data-path-to-node=\"17,1,0\"><b data-path-to-node=\"17,1,0\" data-index-in-node=\"0\">Hauptsitze:<\/b> N\u00fctzlich f\u00fcr Besprechungsr\u00e4ume (\u201cBesprechung l\u00e4uft\u201d) oder Reinigungspl\u00e4ne.<\/p>\n<\/li>\n<li>\n<p data-path-to-node=\"17,2,0\"><b data-path-to-node=\"17,2,0\" data-index-in-node=\"0\">Immobilien &amp; Marketing:<\/b> \u201cAn den T\u00fcrklinken der H\u00e4user in der Nachbarschaft h\u00e4ngen Zettel mit der Aufschrift \u201dGerade verkauft\u201c oder \u201dTag der offenen T\u00fcr\u201c.<\/p>\n<\/li>\n<\/ul>\n<p data-path-to-node=\"18\">","protected":false},"excerpt":{"rendered":"<ul>\n<li>\n<p data-path-to-node=\"9,0,0\"><b data-path-to-node=\"9,0,0\" data-index-in-node=\"0\">Vielseitige Materialauswahl:<\/b> W\u00e4hlen Sie robustes PVC oder Polypropylen (PP) f\u00fcr die langlebige Wiederverwendung in Hotels oder kosteng\u00fcnstigen Karton f\u00fcr Marketingkampagnen.<\/p>\n<\/li>\n<li>\n<p data-path-to-node=\"9,1,0\"><b data-path-to-node=\"9,1,0\" data-index-in-node=\"0\">Hochleistungsdruck:<\/b> Erh\u00e4ltlich mit brillantem Vollfarb-Offset- oder Siebdruck, um sicherzustellen, dass Ihre Botschaft auch aus der Ferne gut sichtbar ist.<\/p>\n<\/li>\n<li>\n<p data-path-to-node=\"9,2,0\"><b data-path-to-node=\"9,2,0\" data-index-in-node=\"0\">Doppelseitige Kommunikation:<\/b> Maximieren Sie den Nutzen, indem Sie auf jeder Seite unterschiedliche Botschaften drucken (z. B. \u201cBitte nicht st\u00f6ren\u201d \/ \u201cBitte Zimmer reinigen\u201d).<\/p>\n<\/li>\n<li>\n<p data-path-to-node=\"9,3,0\"><b data-path-to-node=\"9,3,0\" data-index-in-node=\"0\">Universelle Passform:<\/b> Konzipiert f\u00fcr die Verwendung mit Standard-T\u00fcrgriffen in Hotels, Konferenzzentren und B\u00fcrogeb\u00e4uden.<\/p>\n<\/li>\n<\/ul>","protected":false},"featured_media":6280,"comment_status":"closed","ping_status":"closed","template":"","meta":[],"product_brand":[],"product_cat":[132],"product_tag":[],"class_list":{"0":"post-6230","1":"product","2":"type-product","3":"status-publish","4":"has-post-thumbnail","6":"product_cat-hotel-spa-amenities","8":"first","9":"instock","10":"shipping-taxable","11":"product-type-simple"},"_links":{"self":[{"href":"https:\/\/wristbandfactory.eu\/de\/wp-json\/wp\/v2\/product\/6230","targetHints":{"allow":["GET"]}}],"collection":[{"href":"https:\/\/wristbandfactory.eu\/de\/wp-json\/wp\/v2\/product"}],"about":[{"href":"https:\/\/wristbandfactory.eu\/de\/wp-json\/wp\/v2\/types\/product"}],"replies":[{"embeddable":true,"href":"https:\/\/wristbandfactory.eu\/de\/wp-json\/wp\/v2\/comments?post=6230"}],"wp:featuredmedia":[{"embeddable":true,"href":"https:\/\/wristbandfactory.eu\/de\/wp-json\/wp\/v2\/media\/6280"}],"wp:attachment":[{"href":"https:\/\/wristbandfactory.eu\/de\/wp-json\/wp\/v2\/media?parent=6230"}],"wp:term":[{"taxonomy":"product_brand","embeddable":true,"href":"https:\/\/wristbandfactory.eu\/de\/wp-json\/wp\/v2\/product_brand?post=6230"},{"taxonomy":"product_cat","embeddable":true,"href":"https:\/\/wristbandfactory.eu\/de\/wp-json\/wp\/v2\/product_cat?post=6230"},{"taxonomy":"product_tag","embeddable":true,"href":"https:\/\/wristbandfactory.eu\/de\/wp-json\/wp\/v2\/product_tag?post=6230"}],"curies":[{"name":"wp","href":"https:\/\/api.w.org\/{rel}","templated":true}]}}