{"id":6228,"date":"2025-12-20T18:09:00","date_gmt":"2025-12-20T15:09:00","guid":{"rendered":"https:\/\/wristbandfactory.eu\/?post_type=product&#038;p=6228"},"modified":"2025-12-20T18:09:00","modified_gmt":"2025-12-20T15:09:00","slug":"custom-printed-rulers-3d-lenticular-rulers-pvc-pp-pet","status":"publish","type":"product","link":"https:\/\/wristbandfactory.eu\/de\/p\/custom-printed-rulers-3d-lenticular-rulers-pvc-pp-pet\/","title":{"rendered":"Bedruckte Lineale mit Logo"},"content":{"rendered":"<p data-path-to-node=\"10\">Sichern Sie sich einen festen Platz auf dem Schreibtisch Ihres Kunden mit unserem <b data-path-to-node=\"10\" data-index-in-node=\"80\">Individuell bedruckte Lineale<\/b>. Im Gegensatz zu Einwegflyern ist ein Lineal mit Firmenlogo ein praktisches Werkzeug, das langfristigen Nutzen bietet und in B\u00fcros, Schulen und industriellen Umgebungen t\u00e4glich sichtbar ist.<\/p>\n<p data-path-to-node=\"11\">Wir bieten Ihnen eine breite Palette an Materialien, die Ihren Kampagnenzielen gerecht werden. W\u00e4hlen Sie unser Angebot. <b data-path-to-node=\"11\" data-index-in-node=\"75\">Standard-PVC<\/b> f\u00fcr einen klassischen Look, <b data-path-to-node=\"11\" data-index-in-node=\"108\">Umweltfreundliches Polypropylen (PP)<\/b> f\u00fcr nachhaltiges Branding oder unsere hochmoderne <b data-path-to-node=\"11\" data-index-in-node=\"186\">3D-Lentikularlineale<\/b> F\u00fcr maximale Wirkung. Die Lentikulartechnologie erzeugt ansprechende visuelle Effekte wie Animationen, Tiefenwirkung oder Bildumkehr und ist damit ideal f\u00fcr Kampagnen in der Pharma- und Lebensmittelindustrie.<\/p>\n<h2 data-path-to-node=\"12\">Hauptmerkmale<\/h2>\n<ul data-path-to-node=\"13\">\n<li>\n<p data-path-to-node=\"13,0,0\"><b data-path-to-node=\"13,0,0\" data-index-in-node=\"0\">Hochaufl\u00f6sendes Branding:<\/b> Ob Sie sich f\u00fcr Digitaldruck f\u00fcr komplexe Bilder oder f\u00fcr Siebdruck f\u00fcr Volltonfarben entscheiden, wir garantieren scharfe, brillante Ergebnisse.<\/p>\n<\/li>\n<li>\n<p data-path-to-node=\"13,1,0\"><b data-path-to-node=\"13,1,0\" data-index-in-node=\"0\">Bedruckte Abmessungen:<\/b> Wir bieten nicht nur Standardgr\u00f6\u00dfen an; wir k\u00f6nnen Lineale von kompakten 15-cm-Versionen bis hin zu gro\u00dfen 68-cm-Formaten herstellen.<\/p>\n<\/li>\n<li>\n<p data-path-to-node=\"13,2,0\"><b data-path-to-node=\"13,2,0\" data-index-in-node=\"0\">Umweltfreundliche Optionen:<\/b> F\u00fcr Umweltkampagnen bieten wir biologisch abbaubare und recycelbare Polypropylen (PP)-Materialien an.<\/p>\n<\/li>\n<li>\n<p data-path-to-node=\"13,3,0\"><b data-path-to-node=\"13,3,0\" data-index-in-node=\"0\">Erweiterte 3D-Effekte:<\/b> Der Lentikulardruck erm\u00f6glicht Effekte wie \u201cFlip\u201d (Bildwechsel), \u201cMotion\u201d (video\u00e4hnliche Bewegung) oder \u201c3D Depth\u201d und verwandelt so ein unbedrucktes Lineal in ein interaktives Erlebnis.<\/p>\n<\/li>\n<\/ul>\n<h2 data-path-to-node=\"14\">Technische Daten<\/h2>\n<table data-path-to-node=\"15\">\n<thead>\n<tr>\n<td><strong>Besonderheit<\/strong><\/td>\n<td><strong>PVC-Lineale<\/strong><\/td>\n<td><strong>PP (Polypropylen) Lineale<\/strong><\/td>\n<td><strong>3D-Lentikularlineale<\/strong><\/td>\n<\/tr>\n<\/thead>\n<tbody>\n<tr>\n<td><span data-path-to-node=\"15,1,0,0\"><b data-path-to-node=\"15,1,0,0\" data-index-in-node=\"0\">Material<\/b><\/span><\/td>\n<td><span data-path-to-node=\"15,1,1,0\">Halbstarres wei\u00dfes PVC<\/span><\/td>\n<td><span data-path-to-node=\"15,1,2,0\">Flexibles, umweltfreundliches PP<\/span><\/td>\n<td><span data-path-to-node=\"15,1,3,0\">Lentikul\u00e4re PET<\/span><\/td>\n<\/tr>\n<tr>\n<td><span data-path-to-node=\"15,2,0,0\"><b data-path-to-node=\"15,2,0,0\" data-index-in-node=\"0\">Dicke<\/b><\/span><\/td>\n<td><span data-path-to-node=\"15,2,1,0\">300, 500 oder 700 Mikrometer<\/span><\/td>\n<td><span data-path-to-node=\"15,2,2,0\">500 oder 800 Mikrometer<\/span><\/td>\n<td><span data-path-to-node=\"15,2,3,0\">500 Mikrometer<\/span><\/td>\n<\/tr>\n<tr>\n<td><span data-path-to-node=\"15,3,0,0\"><b data-path-to-node=\"15,3,0,0\" data-index-in-node=\"0\">Druckmethode<\/b><\/span><\/td>\n<td><span data-path-to-node=\"15,3,1,0\">Digital- oder Siebdruck<\/span><\/td>\n<td><span data-path-to-node=\"15,3,2,0\">Digital- oder Siebdruck<\/span><\/td>\n<td><span data-path-to-node=\"15,3,3,0\">Offset\/Screen (3D-Effekte)<\/span><\/td>\n<\/tr>\n<tr>\n<td><span data-path-to-node=\"15,4,0,0\"><b data-path-to-node=\"15,4,0,0\" data-index-in-node=\"0\">Seiten<\/b><\/span><\/td>\n<td><span data-path-to-node=\"15,4,1,0\">ein- oder zweiseitig<\/span><\/td>\n<td><span data-path-to-node=\"15,4,2,0\">ein- oder zweiseitig<\/span><\/td>\n<td><span data-path-to-node=\"15,4,3,0\">Vorderseite (3D) + R\u00fcckseite (statisch)<\/span><\/td>\n<\/tr>\n<tr>\n<td><span data-path-to-node=\"15,5,0,0\"><b data-path-to-node=\"15,5,0,0\" data-index-in-node=\"0\">L\u00e4ngenbereich<\/b><\/span><\/td>\n<td><span data-path-to-node=\"15,5,1,0\">15 cm \u2013 68 cm<\/span><\/td>\n<td><span data-path-to-node=\"15,5,2,0\">15 cm \u2013 68 cm<\/span><\/td>\n<td><span data-path-to-node=\"15,5,3,0\">Standardgr\u00f6\u00dfen<\/span><\/td>\n<\/tr>\n<\/tbody>\n<\/table>\n<h2 data-path-to-node=\"16\">Anwendungsf\u00e4lle<\/h2>\n<ul data-path-to-node=\"17\">\n<li>\n<p data-path-to-node=\"17,0,0\"><b data-path-to-node=\"17,0,0\" data-index-in-node=\"0\">Bildungskampagnen:<\/b> Unverzichtbare Handouts f\u00fcr Schulen, Universit\u00e4ten und Ausbildungszentren.<\/p>\n<\/li>\n<li>\n<p data-path-to-node=\"17,1,0\"><b data-path-to-node=\"17,1,0\" data-index-in-node=\"0\">Pharmamarketing:<\/b> Verwenden Sie 3D-Lentikulareffekte, um Vorher-Nachher-Ergebnisse oder Wirkungsmechanismus-Animationen darzustellen.<\/p>\n<\/li>\n<li>\n<p data-path-to-node=\"17,2,0\"><b data-path-to-node=\"17,2,0\" data-index-in-node=\"0\">Bauwesen &amp; Ingenieurwesen:<\/b> Ein unverzichtbares Werkzeug f\u00fcr Architekten und Ingenieure, das gleichzeitig als hochwertige Visitenkarte dient.<\/p>\n<\/li>\n<\/ul>","protected":false},"excerpt":{"rendered":"<ul>\n<li>\n<p data-path-to-node=\"9,0,0\"><b data-path-to-node=\"9,0,0\" data-index-in-node=\"0\">Vielseitige Materialoptionen:<\/b> Sie haben die Wahl zwischen halbstarrem PVC, umweltfreundlichem Polypropylen (PP) oder speziellem Lentikular-PET.<\/p>\n<\/li>\n<li>\n<p data-path-to-node=\"9,1,0\"><b data-path-to-node=\"9,1,0\" data-index-in-node=\"0\">3D-Visuelle Effekte:<\/b> Unsere lentikul\u00e4ren PET-Lineale bieten beeindruckende Bewegungs-, Zoom- und Morphing-Effekte, die die Aufmerksamkeit auf sich ziehen.<\/p>\n<\/li>\n<li>\n<p data-path-to-node=\"9,2,0\"><b data-path-to-node=\"9,2,0\" data-index-in-node=\"0\">Vollst\u00e4ndige Anpassung:<\/b> Erh\u00e4ltlich mit hochaufl\u00f6sendem Digital- oder Siebdruck auf der gesamten Oberfl\u00e4che (1 oder 2 Seiten).<\/p>\n<\/li>\n<li>\n<p data-path-to-node=\"9,3,0\"><b data-path-to-node=\"9,3,0\" data-index-in-node=\"0\">Praktische Markensichtbarkeit:<\/b> Ein funktionales Schreibtisch-Tool, das daf\u00fcr sorgt, dass Ihre Marke t\u00e4glich im Blickfeld des Kunden bleibt.<\/p>\n<\/li>\n<\/ul>","protected":false},"featured_media":6229,"comment_status":"closed","ping_status":"closed","template":"","meta":[],"product_brand":[],"product_cat":[122],"product_tag":[],"class_list":{"0":"post-6228","1":"product","2":"type-product","3":"status-publish","4":"has-post-thumbnail","6":"product_cat-promotional-accessories","8":"first","9":"instock","10":"shipping-taxable","11":"product-type-simple"},"_links":{"self":[{"href":"https:\/\/wristbandfactory.eu\/de\/wp-json\/wp\/v2\/product\/6228","targetHints":{"allow":["GET"]}}],"collection":[{"href":"https:\/\/wristbandfactory.eu\/de\/wp-json\/wp\/v2\/product"}],"about":[{"href":"https:\/\/wristbandfactory.eu\/de\/wp-json\/wp\/v2\/types\/product"}],"replies":[{"embeddable":true,"href":"https:\/\/wristbandfactory.eu\/de\/wp-json\/wp\/v2\/comments?post=6228"}],"wp:featuredmedia":[{"embeddable":true,"href":"https:\/\/wristbandfactory.eu\/de\/wp-json\/wp\/v2\/media\/6229"}],"wp:attachment":[{"href":"https:\/\/wristbandfactory.eu\/de\/wp-json\/wp\/v2\/media?parent=6228"}],"wp:term":[{"taxonomy":"product_brand","embeddable":true,"href":"https:\/\/wristbandfactory.eu\/de\/wp-json\/wp\/v2\/product_brand?post=6228"},{"taxonomy":"product_cat","embeddable":true,"href":"https:\/\/wristbandfactory.eu\/de\/wp-json\/wp\/v2\/product_cat?post=6228"},{"taxonomy":"product_tag","embeddable":true,"href":"https:\/\/wristbandfactory.eu\/de\/wp-json\/wp\/v2\/product_tag?post=6228"}],"curies":[{"name":"wp","href":"https:\/\/api.w.org\/{rel}","templated":true}]}}