{"id":6226,"date":"2025-12-20T18:04:19","date_gmt":"2025-12-20T15:04:19","guid":{"rendered":"https:\/\/wristbandfactory.eu\/?post_type=product&#038;p=6226"},"modified":"2025-12-20T18:04:20","modified_gmt":"2025-12-20T15:04:20","slug":"custom-fsc-certified-pencils-with-eraser-360-full-color-print","status":"publish","type":"product","link":"https:\/\/wristbandfactory.eu\/de\/p\/custom-fsc-certified-pencils-with-eraser-360-full-color-print\/","title":{"rendered":"Bedruckte Bleistifte (FSC\u00ae-zertifiziert)"},"content":{"rendered":"<p data-path-to-node=\"10\">Zeigen Sie Ihr Engagement f\u00fcr die Umwelt, ohne Kompromisse beim Design einzugehen \u2013 mit unseren <b data-path-to-node=\"10\" data-index-in-node=\"109\">Individuell gestaltete, FSC\u00ae-zertifizierte Bleistifte<\/b>. Dies sind nicht unbedruckt nur Schreibger\u00e4te; sie sind Ausdruck nachhaltiger Markenwerte. Mit der Wahl von FSC\u00ae-zertifiziertem Holz unterst\u00fctzen Sie verantwortungsvolle Forstwirtschaft weltweit.<\/p>\n<p data-path-to-node=\"11\">Was diesen Bleistift auszeichnet, ist die <b data-path-to-node=\"11\" data-index-in-node=\"35\">360\u00b0-Vollfarbanpassung<\/b>. Wir bedrucken nicht unbedruckt nur ein kleines Logo an der Seite; wir gestalten den gesamten Stiftschaft mit Ihrem individuellen Design. Ob komplexes Muster, Foto oder Ihre Firmenfarben \u2013 das Ergebnis ist ein nahtloses und aufmerksamkeitsstarkes Werbemittel.<\/p>\n<h2 data-path-to-node=\"12\">Hauptmerkmale<\/h2>\n<ul data-path-to-node=\"13\">\n<li>\n<p data-path-to-node=\"13,0,0\"><b data-path-to-node=\"13,0,0\" data-index-in-node=\"0\">Umweltfreundliche Wahl:<\/b> Hergestellt aus Naturholz aus zertifiziert nachhaltigen Quellen, ist es ein Werbeartikel ohne schlechtes Gewissen.<\/p>\n<\/li>\n<li>\n<p data-path-to-node=\"13,1,0\"><b data-path-to-node=\"13,1,0\" data-index-in-node=\"0\">Grenzenloses Design:<\/b> Die 360\u00b0-Drucktechnik erm\u00f6glicht randloses Branding in CMYK und eignet sich perfekt f\u00fcr komplexe Grafiken und aussagekr\u00e4ftige Botschaften.<\/p>\n<\/li>\n<li>\n<p data-path-to-node=\"13,2,0\"><b data-path-to-node=\"13,2,0\" data-index-in-node=\"0\">Funktional und stilvoll:<\/b> Ausgestattet mit einem praktischen Radiergummi, der von einer eleganten Halterung fixiert wird. <b data-path-to-node=\"13,2,0\" data-index-in-node=\"80\">Metallh\u00fclse<\/b>, Funktionalit\u00e4t mit einem eleganten Erscheinungsbild verbindend.<\/p>\n<\/li>\n<li>\n<p data-path-to-node=\"13,3,0\"><b data-path-to-node=\"13,3,0\" data-index-in-node=\"0\">Hoher Nutzen:<\/b> Bleistifte geh\u00f6ren zu den Werbeartikeln, die am h\u00e4ufigsten aufbewahrt werden, und sorgen so daf\u00fcr, dass Ihre Marke monatelang in den H\u00e4nden Ihrer Kunden bleibt.<\/p>\n<\/li>\n<\/ul>\n<h2 data-path-to-node=\"14\">Technische Daten<\/h2>\n<ul data-path-to-node=\"15\">\n<li>\n<p data-path-to-node=\"15,0,0\"><b data-path-to-node=\"15,0,0\" data-index-in-node=\"0\">Material:<\/b> Naturholz (FSC\u00ae-zertifiziert).<\/p>\n<\/li>\n<li>\n<p data-path-to-node=\"15,1,0\"><b data-path-to-node=\"15,1,0\" data-index-in-node=\"0\">Druckmethode:<\/b> 360\u00b0-Vollfarb-Digitalfolierung.<\/p>\n<\/li>\n<li>\n<p data-path-to-node=\"15,2,0\"><b data-path-to-node=\"15,2,0\" data-index-in-node=\"0\">Komponenten:<\/b> Graphitmine, Radiergummi, Metallh\u00fclse.<\/p>\n<\/li>\n<li>\n<p data-path-to-node=\"15,3,0\"><b data-path-to-node=\"15,3,0\" data-index-in-node=\"0\">Form:<\/b> Standardm\u00e4\u00dfig rund oder sechseckig (je nach Lagerbestand).<\/p>\n<\/li>\n<li>\n<p data-path-to-node=\"15,4,0\"><b data-path-to-node=\"15,4,0\" data-index-in-node=\"0\">Zertifizierungen:<\/b> FSC\u00ae (Forest Stewardship Council).<\/p>\n<\/li>\n<\/ul>\n<h2 data-path-to-node=\"16\">Anwendungsf\u00e4lle<\/h2>\n<ul data-path-to-node=\"17\">\n<li>\n<p data-path-to-node=\"17,0,0\"><b data-path-to-node=\"17,0,0\" data-index-in-node=\"0\">Bildungsveranstaltungen:<\/b> Ideal f\u00fcr Schulen, Universit\u00e4ten und Ausbildungszentren.<\/p>\n<\/li>\n<li>\n<p data-path-to-node=\"17,1,0\"><b data-path-to-node=\"17,1,0\" data-index-in-node=\"0\">Messen:<\/b> Ein leichtes, umweltbewusstes Werbegeschenk, das die Teilnehmer tats\u00e4chlich nutzen.<\/p>\n<\/li>\n<li>\n<p data-path-to-node=\"17,2,0\"><b data-path-to-node=\"17,2,0\" data-index-in-node=\"0\">B\u00fcrobedarf:<\/b> Gestalten Sie Ihr eigenes B\u00fcropapier, um die Corporate Identity intern und bei Kundengespr\u00e4chen zu st\u00e4rken.<\/p>\n<\/li>\n<\/ul>","protected":false},"excerpt":{"rendered":"<ul>\n<li>\n<p data-path-to-node=\"9,0,0\"><b data-path-to-node=\"9,0,0\" data-index-in-node=\"0\">Zertifiziert nachhaltig:<\/b> Hergestellt aus 100% Naturholz aus verantwortungsvoll bewirtschafteten W\u00e4ldern (FSC\u00ae-zertifiziert).<\/p>\n<\/li>\n<li>\n<p data-path-to-node=\"9,1,0\"><b data-path-to-node=\"9,1,0\" data-index-in-node=\"0\">360\u00b0-Komplettbranding:<\/b> Anders als beim herk\u00f6mmlichen Tampondruck wird Ihr Design mit einem brillanten, vollfarbigen Digitaldruck auf den gesamten Lauf aufgebracht.<\/p>\n<\/li>\n<li>\n<p data-path-to-node=\"9,2,0\"><b data-path-to-node=\"9,2,0\" data-index-in-node=\"0\">Premium-Finish:<\/b> Verf\u00fcgt \u00fcber einen hochwertigen Radiergummi, der mit einer robusten Metallzwinge befestigt ist (Detail).<\/p>\n<\/li>\n<li>\n<p data-path-to-node=\"9,3,0\"><b data-path-to-node=\"9,3,0\" data-index-in-node=\"0\">Vielseitige Werbeaktion:<\/b> Das ideale, kosteng\u00fcnstige und aufmerksamkeitsstarke Werbegeschenk f\u00fcr Messen, Schulen und B\u00fcros.<\/p>\n<\/li>\n<\/ul>","protected":false},"featured_media":6227,"comment_status":"closed","ping_status":"closed","template":"","meta":[],"product_brand":[],"product_cat":[122],"product_tag":[],"class_list":{"0":"post-6226","1":"product","2":"type-product","3":"status-publish","4":"has-post-thumbnail","6":"product_cat-promotional-accessories","8":"first","9":"instock","10":"shipping-taxable","11":"product-type-simple"},"_links":{"self":[{"href":"https:\/\/wristbandfactory.eu\/de\/wp-json\/wp\/v2\/product\/6226","targetHints":{"allow":["GET"]}}],"collection":[{"href":"https:\/\/wristbandfactory.eu\/de\/wp-json\/wp\/v2\/product"}],"about":[{"href":"https:\/\/wristbandfactory.eu\/de\/wp-json\/wp\/v2\/types\/product"}],"replies":[{"embeddable":true,"href":"https:\/\/wristbandfactory.eu\/de\/wp-json\/wp\/v2\/comments?post=6226"}],"wp:featuredmedia":[{"embeddable":true,"href":"https:\/\/wristbandfactory.eu\/de\/wp-json\/wp\/v2\/media\/6227"}],"wp:attachment":[{"href":"https:\/\/wristbandfactory.eu\/de\/wp-json\/wp\/v2\/media?parent=6226"}],"wp:term":[{"taxonomy":"product_brand","embeddable":true,"href":"https:\/\/wristbandfactory.eu\/de\/wp-json\/wp\/v2\/product_brand?post=6226"},{"taxonomy":"product_cat","embeddable":true,"href":"https:\/\/wristbandfactory.eu\/de\/wp-json\/wp\/v2\/product_cat?post=6226"},{"taxonomy":"product_tag","embeddable":true,"href":"https:\/\/wristbandfactory.eu\/de\/wp-json\/wp\/v2\/product_tag?post=6226"}],"curies":[{"name":"wp","href":"https:\/\/api.w.org\/{rel}","templated":true}]}}