{"id":6224,"date":"2025-12-20T18:00:02","date_gmt":"2025-12-20T15:00:02","guid":{"rendered":"https:\/\/wristbandfactory.eu\/?post_type=product&#038;p=6224"},"modified":"2025-12-20T18:00:02","modified_gmt":"2025-12-20T15:00:02","slug":"custom-foldable-glasses-cases-pu-leather-metal-core","status":"publish","type":"product","link":"https:\/\/wristbandfactory.eu\/de\/p\/custom-foldable-glasses-cases-pu-leather-metal-core\/","title":{"rendered":"Faltbare Brillenetuis mit Logo"},"content":{"rendered":"<p data-path-to-node=\"10\">Werten Sie Ihre Markenaccessoires mit unserem auf <b data-path-to-node=\"10\" data-index-in-node=\"67\">Ma\u00dfgefertigte, faltbare Brillenetuis<\/b>. Dieses Etui wurde f\u00fcr modernen Komfort entwickelt und l\u00f6st das Problem der sperrigen Aufbewahrung von Brillen. Wenn die Brille getragen wird, l\u00e4sst sich das Etui komplett flach zusammenfalten und passt problemlos in eine Jackentasche oder eine schmale Tasche.<\/p>\n<p data-path-to-node=\"11\">Dieses Etui ist ideal f\u00fcr Optikergesch\u00e4fte, Sommerkampagnen und als Geschenk f\u00fcr Gesch\u00e4ftsreisen und vereint Langlebigkeit mit hochwertiger Optik. Der Kern besteht aus leichten Metallplatten f\u00fcr optimale Stabilit\u00e4t, ist mit geschmeidigem PU-Leder bezogen und mit weichem Stoff ausgekleidet, um die Gl\u00e4ser vor Kratzern zu sch\u00fctzen.<\/p>\n<h2 data-path-to-node=\"12\">Hauptmerkmale<\/h2>\n<ul data-path-to-node=\"13\">\n<li>\n<p data-path-to-node=\"13,0,0\"><b data-path-to-node=\"13,0,0\" data-index-in-node=\"0\">Maximale Markenfl\u00e4che:<\/b> Im Gegensatz zu Standardh\u00fcllen, die auf ein kleines Logo beschr\u00e4nkt sind, erm\u00f6glicht dieses Modell Folgendes: <b data-path-to-node=\"13,0,0\" data-index-in-node=\"92\">vollfl\u00e4chiger CMYK-Digitaldruck<\/b> auf der gesamten Au\u00dfenfl\u00e4che.<\/p>\n<\/li>\n<li>\n<p data-path-to-node=\"13,1,0\"><b data-path-to-node=\"13,1,0\" data-index-in-node=\"0\">Luxuri\u00f6se Innenausstattung:<\/b> Verleihen Sie Ihrem Look mit Silber oder Gold einen Hauch von Eleganz. <b data-path-to-node=\"13,1,0\" data-index-in-node=\"70\">hei\u00dfgepr\u00e4gtes Logo<\/b> (5 \u00d7 2 cm) auf der Innenseite.<\/p>\n<\/li>\n<li>\n<p data-path-to-node=\"13,2,0\"><b data-path-to-node=\"13,2,0\" data-index-in-node=\"0\">Universelle Passform:<\/b> Im ge\u00f6ffneten Zustand bietet die dreieckige Form Platz f\u00fcr die meisten g\u00e4ngigen Lesebrillen und Sonnenbrillen.<\/p>\n<\/li>\n<li>\n<p data-path-to-node=\"13,3,0\"><b data-path-to-node=\"13,3,0\" data-index-in-node=\"0\">Strukturelle Festigkeit:<\/b> Die Konstruktion aus Metallplatten gew\u00e4hrleistet, dass das Geh\u00e4use trotz Faltbarkeit im ausgeklappten Zustand stabil und sch\u00fctzend ist.<\/p>\n<\/li>\n<\/ul>\n<h2 data-path-to-node=\"14\">Technische Daten<\/h2>\n<ul data-path-to-node=\"15\">\n<li>\n<p data-path-to-node=\"15,0,0\"><b data-path-to-node=\"15,0,0\" data-index-in-node=\"0\">Material:<\/b> Leichtmetallkern, Au\u00dfenmaterial aus PU-Leder, weiches Stofffutter.<\/p>\n<\/li>\n<li>\n<p data-path-to-node=\"15,1,0\"><b data-path-to-node=\"15,1,0\" data-index-in-node=\"0\">Abmessungen (geschlossen):<\/b> 16 \u00d7 6,5 \u00d7 1,0 cm.<\/p>\n<\/li>\n<li>\n<p data-path-to-node=\"15,2,0\"><b data-path-to-node=\"15,2,0\" data-index-in-node=\"0\">Abmessungen (ge\u00f6ffnet):<\/b> 16 \u00d7 6,5 \u00d7 6,5 cm.<\/p>\n<\/li>\n<li>\n<p data-path-to-node=\"15,3,0\"><b data-path-to-node=\"15,3,0\" data-index-in-node=\"0\">Verschlussart:<\/b> Versteckter Magnetstreifen.<\/p>\n<\/li>\n<li>\n<p data-path-to-node=\"15,4,0\"><b data-path-to-node=\"15,4,0\" data-index-in-node=\"0\">Branding-Optionen:<\/b><\/p>\n<ul data-path-to-node=\"15,4,1\">\n<li>\n<p data-path-to-node=\"15,4,1,0,0\">Au\u00dfenansicht: Vollfarbdruck (CMYK).<\/p>\n<\/li>\n<li>\n<p data-path-to-node=\"15,4,1,1,0\">Innenausstattung: Hei\u00dfpr\u00e4gung (Gold- oder Silberfolie).<\/p>\n<\/li>\n<\/ul>\n<\/li>\n<li>\n<p data-path-to-node=\"15,5,0\"><b data-path-to-node=\"15,5,0\" data-index-in-node=\"0\">Verpackung:<\/b> Einzeln im Polybeutel verpackt (Standard).<\/p>\n<ul data-path-to-node=\"15,5,1\">\n<li>\n<p data-path-to-node=\"15,5,1,0,0\"><i data-path-to-node=\"15,5,1,0,0\" data-index-in-node=\"0\">Optional:<\/i> Individuell bedruckte Einlegekarte aus Karton (15 \u00d7 6 cm).<\/p>\n<\/li>\n<\/ul>\n<\/li>\n<\/ul>\n<h2 data-path-to-node=\"16\">Anwendungsf\u00e4lle<\/h2>\n<ul data-path-to-node=\"17\">\n<li>\n<p data-path-to-node=\"17,0,0\"><b data-path-to-node=\"17,0,0\" data-index-in-node=\"0\">Optikfachh\u00e4ndler:<\/b> Beim Kauf einer verschreibungspflichtigen Brille erhalten Sie ein hochwertiges Gratisgeschenk.<\/p>\n<\/li>\n<li>\n<p data-path-to-node=\"17,1,0\"><b data-path-to-node=\"17,1,0\" data-index-in-node=\"0\">Reisen &amp; Tourismus:<\/b> Ideal f\u00fcr Reiseb\u00fcros oder Fluggesellschaften als platzsparendes Reiseaccessoire.<\/p>\n<\/li>\n<li>\n<p data-path-to-node=\"17,2,0\"><b data-path-to-node=\"17,2,0\" data-index-in-node=\"0\">Sommeraktionen:<\/b> Der ideale Begleiter f\u00fcr Kampagnen zur Vermarktung von Marken-Sonnenbrillen.<\/p>\n<\/li>\n<\/ul>","protected":false},"excerpt":{"rendered":"<ul>\n<li>\n<p data-path-to-node=\"9,0,0\"><b data-path-to-node=\"9,0,0\" data-index-in-node=\"0\">Intelligentes, zusammenklappbares Design:<\/b> L\u00e4sst sich flach zusammenfalten und ist nur 1,0 cm dick, wenn es nicht gebraucht wird, wodurch wertvoller Platz in der Tasche gespart wird.<\/p>\n<\/li>\n<li>\n<p data-path-to-node=\"9,1,0\"><b data-path-to-node=\"9,1,0\" data-index-in-node=\"0\">Vollst\u00e4ndige Anpassung:<\/b> Die gesamte \u00e4u\u00dfere PU-Oberfl\u00e4che kann vollfarbig bedruckt werden, w\u00e4hrend die Innenseite mit einem luxuri\u00f6sen, hei\u00dfgepr\u00e4gten Logo versehen ist.<\/p>\n<\/li>\n<li>\n<p data-path-to-node=\"9,2,0\"><b data-path-to-node=\"9,2,0\" data-index-in-node=\"0\">Hochwertige Materialien:<\/b> Gefertigt aus robusten Leichtmetallplatten, bezogen mit PU-Leder und gef\u00fcttert mit weichem Stoff, um Kratzer zu vermeiden.<\/p>\n<\/li>\n<li>\n<p data-path-to-node=\"9,3,0\"><b data-path-to-node=\"9,3,0\" data-index-in-node=\"0\">Magnetverschluss:<\/b> Ein sicherer und unbedruckt zu bedienender Magnetdeckel sch\u00fctzt die Brille.<\/p>\n<\/li>\n<\/ul>","protected":false},"featured_media":6225,"comment_status":"closed","ping_status":"closed","template":"","meta":[],"product_brand":[],"product_cat":[121],"product_tag":[],"class_list":{"0":"post-6224","1":"product","2":"type-product","3":"status-publish","4":"has-post-thumbnail","6":"product_cat-promotional-merchandise","8":"first","9":"instock","10":"shipping-taxable","11":"product-type-simple"},"_links":{"self":[{"href":"https:\/\/wristbandfactory.eu\/de\/wp-json\/wp\/v2\/product\/6224","targetHints":{"allow":["GET"]}}],"collection":[{"href":"https:\/\/wristbandfactory.eu\/de\/wp-json\/wp\/v2\/product"}],"about":[{"href":"https:\/\/wristbandfactory.eu\/de\/wp-json\/wp\/v2\/types\/product"}],"replies":[{"embeddable":true,"href":"https:\/\/wristbandfactory.eu\/de\/wp-json\/wp\/v2\/comments?post=6224"}],"wp:featuredmedia":[{"embeddable":true,"href":"https:\/\/wristbandfactory.eu\/de\/wp-json\/wp\/v2\/media\/6225"}],"wp:attachment":[{"href":"https:\/\/wristbandfactory.eu\/de\/wp-json\/wp\/v2\/media?parent=6224"}],"wp:term":[{"taxonomy":"product_brand","embeddable":true,"href":"https:\/\/wristbandfactory.eu\/de\/wp-json\/wp\/v2\/product_brand?post=6224"},{"taxonomy":"product_cat","embeddable":true,"href":"https:\/\/wristbandfactory.eu\/de\/wp-json\/wp\/v2\/product_cat?post=6224"},{"taxonomy":"product_tag","embeddable":true,"href":"https:\/\/wristbandfactory.eu\/de\/wp-json\/wp\/v2\/product_tag?post=6224"}],"curies":[{"name":"wp","href":"https:\/\/api.w.org\/{rel}","templated":true}]}}