{"id":6222,"date":"2025-12-20T17:56:31","date_gmt":"2025-12-20T14:56:31","guid":{"rendered":"https:\/\/wristbandfactory.eu\/?post_type=product&#038;p=6222"},"modified":"2025-12-20T17:56:31","modified_gmt":"2025-12-20T14:56:31","slug":"custom-3d-snow-globes-with-bespoke-interior-logo","status":"publish","type":"product","link":"https:\/\/wristbandfactory.eu\/de\/p\/custom-3d-snow-globes-with-bespoke-interior-logo\/","title":{"rendered":"Schneekugeln mit Logo (3D Sonderanfertigung)"},"content":{"rendered":"<p data-path-to-node=\"10\">Halten Sie die Magie der Feiertage fest oder bewahren Sie einen Moment f\u00fcr die Ewigkeit mit unserem <b data-path-to-node=\"10\" data-index-in-node=\"95\">Individuell gestaltete 3D-Schneekugeln<\/b>. Im Gegensatz zu herk\u00f6mmlichen Werbeartikeln enthalten diese Globen eine vollst\u00e4ndig individuell gestaltete 3D-Skulptur im Inneren \u2013 sei es eine Miniaturreplik Ihres Produkts, Ihr Firmenmaskottchen oder eine bestimmte Architekturszene.<\/p>\n<p data-path-to-node=\"11\">Diese aus robustem, l\u00f6sungsmittelfreiem Polyesterharz gefertigten Globen sind hochwertige Sammlerst\u00fccke. Der schwebende Glitzer sorgt f\u00fcr einen faszinierenden Effekt und lenkt die Aufmerksamkeit auf Ihre Marke. Dank der M\u00f6glichkeit, sowohl die innere Skulptur als auch den Sockel individuell zu gestalten, ist dies das ultimative Premium-Geschenk f\u00fcr Gesch\u00e4ftspartner und saisonale Kampagnen.<\/p>\n<h2 data-path-to-node=\"12\">Hauptmerkmale<\/h2>\n<ul data-path-to-node=\"13\">\n<li>\n<p data-path-to-node=\"13,0,0\"><b data-path-to-node=\"13,0,0\" data-index-in-node=\"0\">Vollst\u00e4ndig individualisierte 3D-Modellierung:<\/b> Das Innere ist kein flacher Einsatz, sondern eine speziell f\u00fcr Ihr Projekt angefertigte Figur aus Kunstharz.<\/p>\n<\/li>\n<li>\n<p data-path-to-node=\"13,1,0\"><b data-path-to-node=\"13,1,0\" data-index-in-node=\"0\">K\u00fcnstlerische Gestaltung:<\/b> Die 3D-Elemente k\u00f6nnen in elegantem Wei\u00df belassen oder sorgf\u00e4ltig von Hand bemalt werden, um Ihren Markenfarben zu entsprechen.<\/p>\n<\/li>\n<li>\n<p data-path-to-node=\"13,2,0\"><b data-path-to-node=\"13,2,0\" data-index-in-node=\"0\">Markenbasis:<\/b> Der Sockel (erh\u00e4ltlich in Wei\u00df oder Schwarz) zeichnet sich durch folgende Merkmale aus: <b data-path-to-node=\"13,2,0\" data-index-in-node=\"62\">Reliefdruck<\/b>, wodurch Ihrem Logo oder Text auf der Au\u00dfenseite eine 3D-Textur hinzugef\u00fcgt wird.<\/p>\n<\/li>\n<li>\n<p data-path-to-node=\"13,3,0\"><b data-path-to-node=\"13,3,0\" data-index-in-node=\"0\">Einzelhandelsfertige Verpackung:<\/b> Zus\u00e4tzliche Verpackung ist nicht n\u00f6tig. Jeder Globus wird in einem vollfarbig bedruckten Karton mit sicherer Polsterung geliefert und ist somit versandfertig.<\/p>\n<\/li>\n<\/ul>\n<h2 data-path-to-node=\"14\">Technische Daten<\/h2>\n<ul data-path-to-node=\"15\">\n<li>\n<p data-path-to-node=\"15,0,0\"><b data-path-to-node=\"15,0,0\" data-index-in-node=\"0\">Globusmaterial:<\/b> Glas\/Klarer Kunststoff mit Figuren aus Polyesterharz (l\u00f6sungsmittelfrei).<\/p>\n<\/li>\n<li>\n<p data-path-to-node=\"15,1,0\"><b data-path-to-node=\"15,1,0\" data-index-in-node=\"0\">Grundmaterial:<\/b> Strapazierf\u00e4higer Verbundwerkstoff.<\/p>\n<\/li>\n<li>\n<p data-path-to-node=\"15,2,0\"><b data-path-to-node=\"15,2,0\" data-index-in-node=\"0\">F\u00fcllung:<\/b> Fl\u00fcssigkeit mit funkelndem Glitzer\/Pailletten.<\/p>\n<\/li>\n<li>\n<p data-path-to-node=\"15,3,0\"><b data-path-to-node=\"15,3,0\" data-index-in-node=\"0\">Verf\u00fcgbare Gr\u00f6\u00dfen:<\/b><\/p>\n<ul data-path-to-node=\"15,3,1\">\n<li>\n<p data-path-to-node=\"15,3,1,0,0\"><b data-path-to-node=\"15,3,1,0,0\" data-index-in-node=\"0\">Globus, \u00d8 8 cm:<\/b> Grundfl\u00e4che 7,5 \u00d7 7,5 \u00d7 2,5 cm | Schachtel 11 \u00d7 13 \u00d7 11 cm.<\/p>\n<\/li>\n<li>\n<p data-path-to-node=\"15,3,1,1,0\"><b data-path-to-node=\"15,3,1,1,0\" data-index-in-node=\"0\">Globus, \u00d8 10 cm:<\/b> Grundfl\u00e4che 9 \u00d7 9 \u00d7 3 cm | Schachtel 13,7 \u00d7 15,7 \u00d7 13,7 cm.<\/p>\n<\/li>\n<\/ul>\n<\/li>\n<li>\n<p data-path-to-node=\"15,4,0\"><b data-path-to-node=\"15,4,0\" data-index-in-node=\"0\">Anpassung:<\/b> 3D-geformter Innenraum + Reliefdruck auf dem Sockel + individuelle Verpackung.<\/p>\n<\/li>\n<\/ul>\n<h2 data-path-to-node=\"16\">Anwendungsf\u00e4lle<\/h2>\n<ul data-path-to-node=\"17\">\n<li>\n<p data-path-to-node=\"17,0,0\"><b data-path-to-node=\"17,0,0\" data-index-in-node=\"0\">Weihnachtsgeschenke:<\/b> Das perfekte Weihnachtsgeschenk f\u00fcr Kunden und Mitarbeiter.<\/p>\n<\/li>\n<li>\n<p data-path-to-node=\"17,1,0\"><b data-path-to-node=\"17,1,0\" data-index-in-node=\"0\">Tourismus &amp; Souvenirs:<\/b> Individuell gestaltete Szenen von Sehensw\u00fcrdigkeiten f\u00fcr Museen, Hotels und Stadtr\u00e4te.<\/p>\n<\/li>\n<li>\n<p data-path-to-node=\"17,2,0\"><b data-path-to-node=\"17,2,0\" data-index-in-node=\"0\">Produkteinf\u00fchrungen:<\/b> Erschaffe eine Miniaturversion eines neuen Autos, Geb\u00e4udes oder Produkts, die im \u201cSchnee\u201d schwebt.\u201d<\/p>\n<\/li>\n<\/ul>","protected":false},"excerpt":{"rendered":"<ul>\n<li>\n<p data-path-to-node=\"9,0,0\"><b data-path-to-node=\"9,0,0\" data-index-in-node=\"0\">Ma\u00dfgeschneiderte 3D-Innenausstattung:<\/b> Wir modellieren Ihr Logo, Ihr Produkt oder Ihr Maskottchen zu einer detaillierten 3D-Skulptur im Inneren der Weltkugel.<\/p>\n<\/li>\n<li>\n<p data-path-to-node=\"9,1,0\"><b data-path-to-node=\"9,1,0\" data-index-in-node=\"0\">Handbemalt oder monochrom:<\/b> Sie haben die Wahl zwischen einer klassischen, ganz in Wei\u00df gehaltenen Skulptur oder lebendigen, handbemalten Details.<\/p>\n<\/li>\n<li>\n<p data-path-to-node=\"9,2,0\"><b data-path-to-node=\"9,2,0\" data-index-in-node=\"0\">Premium-Basis:<\/b> Robuster Sockel, erh\u00e4ltlich in Schwarz oder Wei\u00df, individuell gestaltbar mit taktiler Reliefpr\u00e4gung.<\/p>\n<\/li>\n<li>\n<p data-path-to-node=\"9,3,0\"><b data-path-to-node=\"9,3,0\" data-index-in-node=\"0\">Komplette Geschenkl\u00f6sung:<\/b> Geliefert wird in einer individuell bedruckten, vollfarbigen Box mit sch\u00fctzenden Styroporeins\u00e4tzen.<\/p>\n<\/li>\n<\/ul>","protected":false},"featured_media":6223,"comment_status":"closed","ping_status":"closed","template":"","meta":[],"product_brand":[],"product_cat":[121],"product_tag":[],"class_list":{"0":"post-6222","1":"product","2":"type-product","3":"status-publish","4":"has-post-thumbnail","6":"product_cat-promotional-merchandise","8":"first","9":"instock","10":"shipping-taxable","11":"product-type-simple"},"_links":{"self":[{"href":"https:\/\/wristbandfactory.eu\/de\/wp-json\/wp\/v2\/product\/6222","targetHints":{"allow":["GET"]}}],"collection":[{"href":"https:\/\/wristbandfactory.eu\/de\/wp-json\/wp\/v2\/product"}],"about":[{"href":"https:\/\/wristbandfactory.eu\/de\/wp-json\/wp\/v2\/types\/product"}],"replies":[{"embeddable":true,"href":"https:\/\/wristbandfactory.eu\/de\/wp-json\/wp\/v2\/comments?post=6222"}],"wp:featuredmedia":[{"embeddable":true,"href":"https:\/\/wristbandfactory.eu\/de\/wp-json\/wp\/v2\/media\/6223"}],"wp:attachment":[{"href":"https:\/\/wristbandfactory.eu\/de\/wp-json\/wp\/v2\/media?parent=6222"}],"wp:term":[{"taxonomy":"product_brand","embeddable":true,"href":"https:\/\/wristbandfactory.eu\/de\/wp-json\/wp\/v2\/product_brand?post=6222"},{"taxonomy":"product_cat","embeddable":true,"href":"https:\/\/wristbandfactory.eu\/de\/wp-json\/wp\/v2\/product_cat?post=6222"},{"taxonomy":"product_tag","embeddable":true,"href":"https:\/\/wristbandfactory.eu\/de\/wp-json\/wp\/v2\/product_tag?post=6222"}],"curies":[{"name":"wp","href":"https:\/\/api.w.org\/{rel}","templated":true}]}}