{"id":6217,"date":"2025-12-20T17:51:24","date_gmt":"2025-12-20T14:51:24","guid":{"rendered":"https:\/\/wristbandfactory.eu\/?post_type=product&#038;p=6217"},"modified":"2025-12-29T13:14:14","modified_gmt":"2025-12-29T10:14:14","slug":"custom-printed-bottle-openers-with-3d-domed-logo","status":"publish","type":"product","link":"https:\/\/wristbandfactory.eu\/de\/p\/custom-printed-bottle-openers-with-3d-domed-logo\/","title":{"rendered":"Flaschen\u00f6ffner mit Logo (Doming)"},"content":{"rendered":"<p data-path-to-node=\"10\">Stellen Sie sicher, dass Ihre Marke mit unserem Angebot Teil der Feierlichkeiten ist. <b data-path-to-node=\"10\" data-index-in-node=\"79\">Individuell bedruckte Flaschen\u00f6ffner<\/b>. Praktisch, langlebig und ein echter Hingucker: Diese \u00d6ffner sind f\u00fcr den wiederholten Gebrauch konzipiert und sorgen so f\u00fcr langfristige Sichtbarkeit Ihres Logos. Im Gegensatz zu herk\u00f6mmlichen Flachdrucken zeichnen sich unsere \u00d6ffner durch ein besonderes Merkmal aus: <b data-path-to-node=\"10\" data-index-in-node=\"288\">3D-gew\u00f6lbter Aufkleber (Epoxidharz)<\/b>, Dadurch erh\u00e4lt Ihr Design einen Hochglanz- und Vergr\u00f6\u00dferungseffekt und wird gleichzeitig vor Kratzern und Ausbleichen gesch\u00fctzt.<\/p>\n<p data-path-to-node=\"11\">Wir bieten drei spezielle Modelle f\u00fcr unterschiedliche Werbebed\u00fcrfnisse an, von handlichen Schl\u00fcsselanh\u00e4ngern bis hin zu professionellen Barwerkzeugen.<\/p>\n<h2 data-path-to-node=\"12\">Hauptmerkmale<\/h2>\n<ul data-path-to-node=\"13\">\n<li>\n<p data-path-to-node=\"13,0,0\"><b data-path-to-node=\"13,0,0\" data-index-in-node=\"0\">Lebendige Individualisierungsm\u00f6glichkeiten:<\/b> Wir verwenden digitalen CMYK-Druck, um Ihr Logo, Ihre Fotos oder Farbverl\u00e4ufe mit perfekter Genauigkeit zu reproduzieren, bevor wir sie unter einer sch\u00fctzenden Harzkuppel versiegeln.<\/p>\n<\/li>\n<li>\n<p data-path-to-node=\"13,1,0\"><b data-path-to-node=\"13,1,0\" data-index-in-node=\"0\">Premium-Finish:<\/b> Die Epoxidbeschichtung verleiht dem Produkt eine \u201cjuwelenartige\u201d Qualit\u00e4t, die sich glatt anf\u00fchlt und den wahrgenommenen Wert erh\u00f6ht.<\/p>\n<\/li>\n<li>\n<p data-path-to-node=\"13,2,0\"><b data-path-to-node=\"13,2,0\" data-index-in-node=\"0\">Hochleistungsmaterialien:<\/b> Gefertigt aus vernickeltem Stahl und robusten Metalllegierungen, um ein m\u00fcheloses \u00d6ffnen von Flaschen ohne Verbiegen zu gew\u00e4hrleisten.<\/p>\n<\/li>\n<li>\n<p data-path-to-node=\"13,3,0\"><b data-path-to-node=\"13,3,0\" data-index-in-node=\"0\">Vielseitig einsetzbar:<\/b> Ideal f\u00fcr Brauerei-Merchandise, Werbegeschenke auf Festivals oder als praktisches Werkzeug am Schl\u00fcsselbund.<\/p>\n<\/li>\n<\/ul>\n<h2 data-path-to-node=\"14\">Technische Daten<\/h2>\n<table data-path-to-node=\"15\">\n<thead>\n<tr>\n<td><strong>Modelltyp<\/strong><\/td>\n<td><strong>Ma\u00dfe<\/strong><\/td>\n<td><strong>Material<\/strong><\/td>\n<td><strong>Markenbereich<\/strong><\/td>\n<\/tr>\n<\/thead>\n<tbody>\n<tr>\n<td><span data-path-to-node=\"15,1,0,0\"><b data-path-to-node=\"15,1,0,0\" data-index-in-node=\"0\">Kartenhalter\u00f6ffner<\/b><\/span><\/td>\n<td><span data-path-to-node=\"15,1,1,0\">\u00d8 56 mm<\/span><\/td>\n<td><span data-path-to-node=\"15,1,2,0\">R\u00fcckseite aus Metall und Kunststoff<\/span><\/td>\n<td><span data-path-to-node=\"15,1,3,0\">Vollgesicht (rund)<\/span><\/td>\n<\/tr>\n<tr>\n<td><span data-path-to-node=\"15,2,0,0\"><b data-path-to-node=\"15,2,0,0\" data-index-in-node=\"0\">Flaschenform<\/b><\/span><\/td>\n<td><span data-path-to-node=\"15,2,1,0\">35 \u00d7 137 mm<\/span><\/td>\n<td><span data-path-to-node=\"15,2,2,0\">vernickelter Stahl<\/span><\/td>\n<td><span data-path-to-node=\"15,2,3,0\">Kuppel in Sonderform<\/span><\/td>\n<\/tr>\n<tr>\n<td><span data-path-to-node=\"15,3,0,0\"><b data-path-to-node=\"15,3,0,0\" data-index-in-node=\"0\">Birnen-Schl\u00fcsselanh\u00e4nger<\/b><\/span><\/td>\n<td><span data-path-to-node=\"15,3,1,0\">Standard-Schl\u00fcsselanh\u00e4ngergr\u00f6\u00dfe<\/span><\/td>\n<td><span data-path-to-node=\"15,3,2,0\">Metall (Nickel-Finish)<\/span><\/td>\n<td><span data-path-to-node=\"15,3,3,0\">\u00d8 20 mm Kuppel<\/span><\/td>\n<\/tr>\n<\/tbody>\n<\/table>\n<h2 data-path-to-node=\"16\">Anwendungsf\u00e4lle<\/h2>\n<ul data-path-to-node=\"17\">\n<li>\n<p data-path-to-node=\"17,0,0\"><b data-path-to-node=\"17,0,0\" data-index-in-node=\"0\">Getr\u00e4nkeindustrie:<\/b> Unverzichtbare Produkte f\u00fcr Craft-Brauereien, Apfelweinkeltereien und Getr\u00e4nkevertriebe.<\/p>\n<\/li>\n<li>\n<p data-path-to-node=\"17,1,0\"><b data-path-to-node=\"17,1,0\" data-index-in-node=\"0\">Festivals &amp; Events:<\/b> Ein beliebtes Souvenir f\u00fcr Musikfestivals und Food-Messen, das die Besucher gerne behalten.<\/p>\n<\/li>\n<li>\n<p data-path-to-node=\"17,2,0\"><b data-path-to-node=\"17,2,0\" data-index-in-node=\"0\">Gastfreundschaft:<\/b> Markeneigene Arbeitsmittel f\u00fcr Barkeeper und Servicekr\u00e4fte in Pubs, Clubs und Restaurants.<\/p>\n<\/li>\n<\/ul>","protected":false},"excerpt":{"rendered":"<ul>\n<li>\n<p data-path-to-node=\"9,0,0\"><b data-path-to-node=\"9,0,0\" data-index-in-node=\"0\">Drei unterschiedliche Stile:<\/b> W\u00e4hlen Sie zwischen dem klassischen Button-Badge-Stil, der robusten Flaschenform oder dem handlichen birnenf\u00f6rmigen Schl\u00fcsselanh\u00e4nger.<\/p>\n<\/li>\n<li>\n<p data-path-to-node=\"9,1,0\"><b data-path-to-node=\"9,1,0\" data-index-in-node=\"0\">3D-Harz-Finish:<\/b> Ihr Logo wird im Vollfarb-CMYK-Verfahren gedruckt und durch eine kristallklare Epoxidkuppel gesch\u00fctzt, um eine hochwertige, gl\u00e4nzende Optik zu erzielen.<\/p>\n<\/li>\n<li>\n<p data-path-to-node=\"9,2,0\"><b data-path-to-node=\"9,2,0\" data-index-in-node=\"0\">Robuste Konstruktion:<\/b> Hergestellt aus vernickeltem Stahl oder massivem Metall f\u00fcr eine lange Lebensdauer.<\/p>\n<\/li>\n<li>\n<p data-path-to-node=\"9,3,0\"><b data-path-to-node=\"9,3,0\" data-index-in-node=\"0\">Praktisches Marketing:<\/b> Ein \u00e4u\u00dferst praktischer Artikel, der daf\u00fcr sorgt, dass Ihre Marke auf Partys, Veranstaltungen und in Privathaushalten pr\u00e4sent ist.<\/p>\n<\/li>\n<\/ul>","protected":false},"featured_media":6218,"comment_status":"closed","ping_status":"closed","template":"","meta":[],"product_brand":[],"product_cat":[119,121],"product_tag":[],"class_list":{"0":"post-6217","1":"product","2":"type-product","3":"status-publish","4":"has-post-thumbnail","6":"product_cat-drinkware-accessories","7":"product_cat-promotional-merchandise","9":"first","10":"instock","11":"shipping-taxable","12":"product-type-simple"},"_links":{"self":[{"href":"https:\/\/wristbandfactory.eu\/de\/wp-json\/wp\/v2\/product\/6217","targetHints":{"allow":["GET"]}}],"collection":[{"href":"https:\/\/wristbandfactory.eu\/de\/wp-json\/wp\/v2\/product"}],"about":[{"href":"https:\/\/wristbandfactory.eu\/de\/wp-json\/wp\/v2\/types\/product"}],"replies":[{"embeddable":true,"href":"https:\/\/wristbandfactory.eu\/de\/wp-json\/wp\/v2\/comments?post=6217"}],"wp:featuredmedia":[{"embeddable":true,"href":"https:\/\/wristbandfactory.eu\/de\/wp-json\/wp\/v2\/media\/6218"}],"wp:attachment":[{"href":"https:\/\/wristbandfactory.eu\/de\/wp-json\/wp\/v2\/media?parent=6217"}],"wp:term":[{"taxonomy":"product_brand","embeddable":true,"href":"https:\/\/wristbandfactory.eu\/de\/wp-json\/wp\/v2\/product_brand?post=6217"},{"taxonomy":"product_cat","embeddable":true,"href":"https:\/\/wristbandfactory.eu\/de\/wp-json\/wp\/v2\/product_cat?post=6217"},{"taxonomy":"product_tag","embeddable":true,"href":"https:\/\/wristbandfactory.eu\/de\/wp-json\/wp\/v2\/product_tag?post=6217"}],"curies":[{"name":"wp","href":"https:\/\/api.w.org\/{rel}","templated":true}]}}