{"id":6207,"date":"2025-12-20T17:34:30","date_gmt":"2025-12-20T14:34:30","guid":{"rendered":"https:\/\/wristbandfactory.eu\/?post_type=product&#038;p=6207"},"modified":"2025-12-29T13:25:55","modified_gmt":"2025-12-29T10:25:55","slug":"custom-faux-leather-keychains-with-3d-domed-logo","status":"publish","type":"product","link":"https:\/\/wristbandfactory.eu\/de\/p\/custom-faux-leather-keychains-with-3d-domed-logo\/","title":{"rendered":"Kunstleder-Schl\u00fcsselanh\u00e4nger mit Doming"},"content":{"rendered":"<p data-path-to-node=\"10\">Steigern Sie Ihre Markenbekanntheit mit unserem <b data-path-to-node=\"10\" data-index-in-node=\"53\">Individuell gestaltete Schl\u00fcsselanh\u00e4nger aus Kunstleder<\/b>, Diese Schl\u00fcsselanh\u00e4nger mit hochwertiger, dreidimensionaler W\u00f6lbung vereinen die elegante Optik von Leder mit moderner Digitaldrucktechnologie und sind somit die ideale Wahl f\u00fcr Unternehmen, die ein anspruchsvolles Werbegeschenk ohne die hohen Kosten einer Echtledergravur suchen.<\/p>\n<p data-path-to-node=\"11\">Das Herzst\u00fcck dieses Schl\u00fcsselanh\u00e4ngers ist der <b data-path-to-node=\"11\" data-index-in-node=\"40\">3D-gew\u00f6lbter Aufkleber<\/b> (auch bekannt als Harz-Etikett). Wir bedrucken Ihr Logo in leuchtenden CMYK-Farben und \u00fcberziehen es mit einer kristallklaren Schicht Polyurethanharz. Dies verleiht Ihrem Design nicht nur einen vergr\u00f6\u00dfernden 3D-Effekt, sondern bietet auch einen dauerhaften Schutz vor Kratzern und UV-Strahlung.<\/p>\n<h2 data-path-to-node=\"12\">Hauptmerkmale<\/h2>\n<ul data-path-to-node=\"13\">\n<li>\n<p data-path-to-node=\"13,0,0\"><b data-path-to-node=\"13,0,0\" data-index-in-node=\"0\">Einseitig oder doppelseitig:<\/b> Entscheiden Sie sich f\u00fcr unsere einseitige Variante f\u00fcr einen eleganten, schlichten Look oder maximieren Sie die Sichtbarkeit mit dem doppelseitigen Modell, das ein Logo sowohl auf der Vorder- als auch auf der R\u00fcckseite aufweist.<\/p>\n<\/li>\n<li>\n<p data-path-to-node=\"13,1,0\"><b data-path-to-node=\"13,1,0\" data-index-in-node=\"0\">Vollfarbpr\u00e4zision:<\/b> Im Gegensatz zum Pr\u00e4geverfahren erfasst unser digitales Druckverfahren Farbverl\u00e4ufe und komplexe Logofarben perfekt.<\/p>\n<\/li>\n<li>\n<p data-path-to-node=\"13,2,0\"><b data-path-to-node=\"13,2,0\" data-index-in-node=\"0\">Taktile Erfahrung:<\/b> Die Kombination aus weichem Kunstleder und der glatten, erhabenen Harzkuppel sorgt f\u00fcr ein hochwertiges Handgef\u00fchl.<\/p>\n<\/li>\n<li>\n<p data-path-to-node=\"13,3,0\"><b data-path-to-node=\"13,3,0\" data-index-in-node=\"0\">Lang anhaltende:<\/b> Die Harzbeschichtung sorgt daf\u00fcr, dass Ihre Markenbotschaft auch bei t\u00e4glichem Gebrauch an einem Schl\u00fcsselanh\u00e4nger klar und unversehrt bleibt.<\/p>\n<\/li>\n<\/ul>\n<h2 data-path-to-node=\"14\">Technische Daten<\/h2>\n<ul data-path-to-node=\"15\">\n<li>\n<p data-path-to-node=\"15,0,0\"><b data-path-to-node=\"15,0,0\" data-index-in-node=\"0\">Material:<\/b> Korpus aus Kunstleder (PU) mit Etikett aus Polyurethanharz<\/p>\n<\/li>\n<li>\n<p data-path-to-node=\"15,1,0\"><b data-path-to-node=\"15,1,0\" data-index-in-node=\"0\">Druckverfahren:<\/b> CMYK-Digitaldruck unter Harzkuppel<\/p>\n<\/li>\n<li>\n<p data-path-to-node=\"15,2,0\"><b data-path-to-node=\"15,2,0\" data-index-in-node=\"0\">Abmessungen des doppelseitigen Modells:<\/b><\/p>\n<ul data-path-to-node=\"15,2,1\">\n<li>\n<p data-path-to-node=\"15,2,1,0,0\">Aufklebergr\u00f6\u00dfe: 19 \u00d7 21 mm<\/p>\n<\/li>\n<\/ul>\n<\/li>\n<li>\n<p data-path-to-node=\"15,3,0\"><b data-path-to-node=\"15,3,0\" data-index-in-node=\"0\">Standardformen f\u00fcr einseitige Modelle:<\/b><\/p>\n<ul data-path-to-node=\"15,3,1\">\n<li>\n<p data-path-to-node=\"15,3,1,0,0\">Rund (Durchmesser): 20 mm, 27 mm<\/p>\n<\/li>\n<li>\n<p data-path-to-node=\"15,3,1,1,0\">Quadratisch\/Rechteckig: 27 \u00d7 27 mm, 16 \u00d7 45 mm<\/p>\n<\/li>\n<\/ul>\n<\/li>\n<\/ul>\n<h2 data-path-to-node=\"16\">Anwendungsf\u00e4lle<\/h2>\n<ul data-path-to-node=\"17\">\n<li>\n<p data-path-to-node=\"17,0,0\"><b data-path-to-node=\"17,0,0\" data-index-in-node=\"0\">Automobilindustrie:<\/b> Ideale Werbegeschenke f\u00fcr Autoh\u00e4user, Autowaschanlagen und Autovermietungen.<\/p>\n<\/li>\n<li>\n<p data-path-to-node=\"17,1,0\"><b data-path-to-node=\"17,1,0\" data-index-in-node=\"0\">Immobilie:<\/b> Ein klassisches, langlebiges Geschenk f\u00fcr neue Hausbesitzer zur Schl\u00fcssel\u00fcbergabe.<\/p>\n<\/li>\n<li>\n<p data-path-to-node=\"17,2,0\"><b data-path-to-node=\"17,2,0\" data-index-in-node=\"0\">Corporate Branding:<\/b> Professionelle Produkte f\u00fcr Versicherungen, Banken und B\u00fcrobedarfsfirmen.<\/p>\n<\/li>\n<\/ul>\n<p data-path-to-node=\"18\">","protected":false},"excerpt":{"rendered":"<ul data-path-to-node=\"9\">\n<li>\n<p data-path-to-node=\"9,0,0\"><b data-path-to-node=\"9,0,0\" data-index-in-node=\"0\">Premium-Look:<\/b> Hochwertiges Kunstleder in Kombination mit einem gl\u00e4nzenden 3D-Harzetikett sorgt f\u00fcr ein edles Erscheinungsbild.<\/p>\n<\/li>\n<li>\n<p data-path-to-node=\"9,1,0\"><b data-path-to-node=\"9,1,0\" data-index-in-node=\"0\">Lebendiges Branding:<\/b> Der digitale CMYK-Druck erm\u00f6glicht vollfarbige Logos, die durch eine kratzfeste Harzkuppel gesch\u00fctzt werden.<\/p>\n<\/li>\n<li>\n<p data-path-to-node=\"9,2,0\"><b data-path-to-node=\"9,2,0\" data-index-in-node=\"0\">Vielseitige Optionen:<\/b> W\u00e4hlen Sie zwischen einseitiger oder doppelseitiger Personalisierung, um Ihren Marketingbed\u00fcrfnissen gerecht zu werden.<\/p>\n<\/li>\n<li>\n<p data-path-to-node=\"9,3,0\"><b data-path-to-node=\"9,3,0\" data-index-in-node=\"0\">Strapazierf\u00e4hige Oberfl\u00e4che:<\/b> Die Epoxidharzschicht sch\u00fctzt das Logo vor Abnutzung, Ausbleichen und Wassersch\u00e4den.<\/p>\n<\/li>\n<\/ul>","protected":false},"featured_media":6209,"comment_status":"closed","ping_status":"closed","template":"","meta":[],"product_brand":[],"product_cat":[94],"product_tag":[],"class_list":{"0":"post-6207","1":"product","2":"type-product","3":"status-publish","4":"has-post-thumbnail","6":"product_cat-keychains","8":"first","9":"instock","10":"shipping-taxable","11":"product-type-simple"},"_links":{"self":[{"href":"https:\/\/wristbandfactory.eu\/de\/wp-json\/wp\/v2\/product\/6207","targetHints":{"allow":["GET"]}}],"collection":[{"href":"https:\/\/wristbandfactory.eu\/de\/wp-json\/wp\/v2\/product"}],"about":[{"href":"https:\/\/wristbandfactory.eu\/de\/wp-json\/wp\/v2\/types\/product"}],"replies":[{"embeddable":true,"href":"https:\/\/wristbandfactory.eu\/de\/wp-json\/wp\/v2\/comments?post=6207"}],"wp:featuredmedia":[{"embeddable":true,"href":"https:\/\/wristbandfactory.eu\/de\/wp-json\/wp\/v2\/media\/6209"}],"wp:attachment":[{"href":"https:\/\/wristbandfactory.eu\/de\/wp-json\/wp\/v2\/media?parent=6207"}],"wp:term":[{"taxonomy":"product_brand","embeddable":true,"href":"https:\/\/wristbandfactory.eu\/de\/wp-json\/wp\/v2\/product_brand?post=6207"},{"taxonomy":"product_cat","embeddable":true,"href":"https:\/\/wristbandfactory.eu\/de\/wp-json\/wp\/v2\/product_cat?post=6207"},{"taxonomy":"product_tag","embeddable":true,"href":"https:\/\/wristbandfactory.eu\/de\/wp-json\/wp\/v2\/product_tag?post=6207"}],"curies":[{"name":"wp","href":"https:\/\/api.w.org\/{rel}","templated":true}]}}