{"id":6204,"date":"2025-12-20T17:26:54","date_gmt":"2025-12-20T14:26:54","guid":{"rendered":"https:\/\/wristbandfactory.eu\/?post_type=product&#038;p=6204"},"modified":"2025-12-20T17:26:54","modified_gmt":"2025-12-20T14:26:54","slug":"custom-printed-decorative-pillows-microfiber","status":"publish","type":"product","link":"https:\/\/wristbandfactory.eu\/de\/p\/custom-printed-decorative-pillows-microfiber\/","title":{"rendered":"Bedruckte Werbekissen"},"content":{"rendered":"<p data-path-to-node=\"10\">Verwandeln Sie jeden Raum mit unserem Produkt in eine Branding-M\u00f6glichkeit. <b data-path-to-node=\"10\" data-index-in-node=\"82\">Individuell bedruckte Dekokissen<\/b>. Ob Sie nun Reisebegeisterte ansprechen, den Komfort bei Veranstaltungen im Freien erh\u00f6hen oder Hotellobbys und Restaurants eine pers\u00f6nliche Note verleihen m\u00f6chten \u2013 mit diesen Kissen wird Ihre Botschaft gesehen und gef\u00fchlt.<\/p>\n<p data-path-to-node=\"11\">Diese aus hochwertiger, weicher Mikrofaser gefertigten Kissen bieten ein luxuri\u00f6ses Gef\u00fchl, das Kunden sehr sch\u00e4tzen. Die glatte Oberfl\u00e4che eignet sich perfekt f\u00fcr <b data-path-to-node=\"11\" data-index-in-node=\"142\">fotorealistischer Sublimationsdruck<\/b>, Dies erm\u00f6glicht aufwendige Designs, Produktfotos und ausdrucksstarke Logos, die sich \u00fcber das gesamte Kissen erstrecken.<\/p>\n<h2 data-path-to-node=\"12\">Hauptmerkmale<\/h2>\n<ul data-path-to-node=\"13\">\n<li>\n<p data-path-to-node=\"13,0,0\"><b data-path-to-node=\"13,0,0\" data-index-in-node=\"0\">Maximale Markensichtbarkeit:<\/b> Im Gegensatz zu kleinen Artikeln bieten Kissen eine gro\u00dfe Fl\u00e4che. Die Nutzung beider Seiten erm\u00f6glicht kreatives Marketing \u2013 zum Beispiel ein Lifestyle-Bild auf der Vorderseite und Ihr Firmenlogo auf der R\u00fcckseite.<\/p>\n<\/li>\n<li>\n<p data-path-to-node=\"13,1,0\"><b data-path-to-node=\"13,1,0\" data-index-in-node=\"0\">\u00dcberragender Komfort:<\/b> Der 200 g\/m\u00b2 schwere Mikrofaserstoff f\u00fchlt sich weich an und macht ihn zu einem funktionalen Artikel, den die Empf\u00e4nger tats\u00e4chlich gerne in ihren Wohnungen oder B\u00fcros verwenden m\u00f6chten.<\/p>\n<\/li>\n<li>\n<p data-path-to-node=\"13,2,0\"><b data-path-to-node=\"13,2,0\" data-index-in-node=\"0\">Langlebig und farbintensive Designs:<\/b> Die Konstruktion aus 100%-Polyester sorgt daf\u00fcr, dass das Kissen seine Form beh\u00e4lt und der Aufdruck auch nach l\u00e4ngerem Gebrauch leuchtend bleibt.<\/p>\n<\/li>\n<li>\n<p data-path-to-node=\"13,3,0\"><b data-path-to-node=\"13,3,0\" data-index-in-node=\"0\">Bereit f\u00fcr die Veranstaltung:<\/b> Eine hervorragende M\u00f6glichkeit, Lounge-Bereiche auf Messen, Festivals oder VIP-Ecken in Bars und Clubs mit Ihrem Branding zu versehen.<\/p>\n<\/li>\n<\/ul>\n<h2 data-path-to-node=\"14\">Technische Daten<\/h2>\n<ul data-path-to-node=\"15\">\n<li>\n<p data-path-to-node=\"15,0,0\"><b data-path-to-node=\"15,0,0\" data-index-in-node=\"0\">Material:<\/b> 100% Polyester-Mikrofaser<\/p>\n<\/li>\n<li>\n<p data-path-to-node=\"15,1,0\"><b data-path-to-node=\"15,1,0\" data-index-in-node=\"0\">Stoffgewicht:<\/b> 200 g\/m\u00b2<\/p>\n<\/li>\n<li>\n<p data-path-to-node=\"15,2,0\"><b data-path-to-node=\"15,2,0\" data-index-in-node=\"0\">Drucktechnik:<\/b> Vollfarbsublimation (fotorealistisch)<\/p>\n<\/li>\n<li>\n<p data-path-to-node=\"15,3,0\"><b data-path-to-node=\"15,3,0\" data-index-in-node=\"0\">Verf\u00fcgbare Gr\u00f6\u00dfen:<\/b><\/p>\n<ul data-path-to-node=\"15,3,1\">\n<li>\n<p data-path-to-node=\"15,3,1,0,0\"><b data-path-to-node=\"15,3,1,0,0\" data-index-in-node=\"0\">30 \u00d7 30 cm<\/b><\/p>\n<\/li>\n<li>\n<p data-path-to-node=\"15,3,1,1,0\"><b data-path-to-node=\"15,3,1,1,0\" data-index-in-node=\"0\">40 \u00d7 40 cm<\/b><\/p>\n<\/li>\n<\/ul>\n<\/li>\n<\/ul>\n<h2 data-path-to-node=\"16\">Anwendungsf\u00e4lle<\/h2>\n<ul>\n<li>\n<p data-path-to-node=\"6,0,0\"><b data-path-to-node=\"6,0,0\" data-index-in-node=\"0\">Veranstaltungen &amp; Aktionen:<\/b> Ideal f\u00fcr die Gestaltung von Au\u00dfensitzbereichen, VIP-Lounges auf Festivals und Chill-out-Zonen auf Messen.<\/p>\n<\/li>\n<li>\n<p data-path-to-node=\"6,1,0\"><b data-path-to-node=\"6,1,0\" data-index-in-node=\"0\">Gastfreundschaft &amp; Dekoration:<\/b> Verleiht Hotellobbys, Spa-Wartebereichen, Restaurants und Bars eine individuelle Note.<\/p>\n<\/li>\n<li>\n<p data-path-to-node=\"6,2,0\"><b data-path-to-node=\"6,2,0\" data-index-in-node=\"0\">Firmengeschenke:<\/b> Ein hochwertiges, weiches Geschenk f\u00fcr Partner und Mitarbeiter, das sich perfekt in die Homeoffice-Umgebung einf\u00fcgt.<\/p>\n<\/li>\n<\/ul>","protected":false},"excerpt":{"rendered":"<ul>\n<li>\n<p data-path-to-node=\"9,0,0\"><b data-path-to-node=\"9,0,0\" data-index-in-node=\"0\">Fotorealistisches Branding:<\/b> Hochaufl\u00f6sender vollfl\u00e4chiger Druck f\u00fcr gestochen scharfe Logos und brillante Bilder.<\/p>\n<\/li>\n<li>\n<p data-path-to-node=\"9,1,0\"><b data-path-to-node=\"9,1,0\" data-index-in-node=\"0\">Hochwertiges Material:<\/b> Hergestellt aus 100% Polyester-Mikrofaser (200 g\/m\u00b2) mit einer luxuri\u00f6s weichen Textur.<\/p>\n<\/li>\n<li>\n<p data-path-to-node=\"9,2,0\"><b data-path-to-node=\"9,2,0\" data-index-in-node=\"0\">Doppelseitiges Design:<\/b> F\u00fcr maximale Wirkung drucken Sie auf die eine Seite ein Produktbild und auf die andere Ihr Logo.<\/p>\n<\/li>\n<li>\n<p data-path-to-node=\"9,3,0\"><b data-path-to-node=\"9,3,0\" data-index-in-node=\"0\">Vielseitig einsetzbar:<\/b> Ideal f\u00fcr Reisekampagnen, Hotels, Restaurants und Sitzgelegenheiten bei Veranstaltungen im Freien.<\/p>\n<\/li>\n<\/ul>","protected":false},"featured_media":6206,"comment_status":"closed","ping_status":"closed","template":"","meta":[],"product_brand":[],"product_cat":[129,68],"product_tag":[],"class_list":{"0":"post-6204","1":"product","2":"type-product","3":"status-publish","4":"has-post-thumbnail","6":"product_cat-leisure-lifestyle","7":"product_cat-event-supplies","9":"first","10":"instock","11":"shipping-taxable","12":"product-type-simple"},"_links":{"self":[{"href":"https:\/\/wristbandfactory.eu\/de\/wp-json\/wp\/v2\/product\/6204","targetHints":{"allow":["GET"]}}],"collection":[{"href":"https:\/\/wristbandfactory.eu\/de\/wp-json\/wp\/v2\/product"}],"about":[{"href":"https:\/\/wristbandfactory.eu\/de\/wp-json\/wp\/v2\/types\/product"}],"replies":[{"embeddable":true,"href":"https:\/\/wristbandfactory.eu\/de\/wp-json\/wp\/v2\/comments?post=6204"}],"wp:featuredmedia":[{"embeddable":true,"href":"https:\/\/wristbandfactory.eu\/de\/wp-json\/wp\/v2\/media\/6206"}],"wp:attachment":[{"href":"https:\/\/wristbandfactory.eu\/de\/wp-json\/wp\/v2\/media?parent=6204"}],"wp:term":[{"taxonomy":"product_brand","embeddable":true,"href":"https:\/\/wristbandfactory.eu\/de\/wp-json\/wp\/v2\/product_brand?post=6204"},{"taxonomy":"product_cat","embeddable":true,"href":"https:\/\/wristbandfactory.eu\/de\/wp-json\/wp\/v2\/product_cat?post=6204"},{"taxonomy":"product_tag","embeddable":true,"href":"https:\/\/wristbandfactory.eu\/de\/wp-json\/wp\/v2\/product_tag?post=6204"}],"curies":[{"name":"wp","href":"https:\/\/api.w.org\/{rel}","templated":true}]}}