{"id":6196,"date":"2025-12-20T17:11:39","date_gmt":"2025-12-20T14:11:39","guid":{"rendered":"https:\/\/wristbandfactory.eu\/?post_type=product&#038;p=6196"},"modified":"2025-12-29T13:28:43","modified_gmt":"2025-12-29T10:28:43","slug":"custom-printed-beeswax-food-wraps-bags-gots-certified-cotton","status":"publish","type":"product","link":"https:\/\/wristbandfactory.eu\/de\/p\/custom-printed-beeswax-food-wraps-bags-gots-certified-cotton\/","title":{"rendered":"Bedruckte Bienenwachst\u00fccher"},"content":{"rendered":"<p data-path-to-node=\"12\">Steigern Sie Ihre soziale Unternehmensverantwortung mit unserem <b data-path-to-node=\"12\" data-index-in-node=\"79\">Individuell bedruckte Bienenwachst\u00fccher f\u00fcr Lebensmittel<\/b>. Als nachhaltige Alternative zu Einwegplastik bieten diese Frischhaltefolien eine innovative und umweltfreundliche M\u00f6glichkeit, Lebensmittel frisch zu halten. Ideal f\u00fcr umweltbewusste Marken: Mit diesen Folien werden allt\u00e4gliche K\u00fcchenutensilien zu wirkungsvollen Werbebotschaften.<\/p>\n<p data-path-to-node=\"13\">Unsere aus hochwertigen 100%-Naturmaterialien hergestellten Frischhaltefolien nutzen die W\u00e4rme Ihrer H\u00e4nde, um sich um Obst, Gem\u00fcse, Sandwiches oder Sch\u00fcsseln zu formen und so eine atmungsaktive Versiegelung zu schaffen, die Lebensmittel l\u00e4nger frisch h\u00e4lt.<\/p>\n<h2 data-path-to-node=\"14\">Hauptmerkmale<\/h2>\n<ul data-path-to-node=\"15\">\n<li>\n<p data-path-to-node=\"15,0,0\"><b data-path-to-node=\"15,0,0\" data-index-in-node=\"0\">Zero-Waste-L\u00f6sung:<\/b> Vollst\u00e4ndig biologisch abbaubar und kompostierbar, ersetzt Einweg-Plastikfolie und -Alufolie.<\/p>\n<\/li>\n<li>\n<p data-path-to-node=\"15,1,0\"><b data-path-to-node=\"15,1,0\" data-index-in-node=\"0\">Zertifizierte Qualit\u00e4t:<\/b> Wir verwenden ausschlie\u00dflich GOTS-zertifizierte, bedruckbare Baumwolle, um sicherzustellen, dass der Stoff aus biologischem Anbau stammt und ethisch einwandfrei produziert wurde.<\/p>\n<\/li>\n<li>\n<p data-path-to-node=\"15,2,0\"><b data-path-to-node=\"15,2,0\" data-index-in-node=\"0\">Nat\u00fcrliche Konservierung:<\/b> Die einzigartige Mischung aus Bienenwachs, Jojoba\u00f6l und Kiefernharz sorgt f\u00fcr nat\u00fcrliche antibakterielle Eigenschaften.<\/p>\n<\/li>\n<li>\n<p data-path-to-node=\"15,3,0\"><b data-path-to-node=\"15,3,0\" data-index-in-node=\"0\">Vielseitiges Branding:<\/b> Ihr Logo oder individuelles Muster kann direkt auf den Stoff gedruckt werden und sorgt so f\u00fcr t\u00e4gliche Markenpr\u00e4senz in Wohnungen und B\u00fcros.<\/p>\n<\/li>\n<li>\n<p data-path-to-node=\"15,4,0\"><b data-path-to-node=\"15,4,0\" data-index-in-node=\"0\">Lang anhaltende:<\/b> Bei unbedruckter Pflege (Waschen in lauwarmem Wasser) sind diese Folien f\u00fcr den wiederholten Gebrauch konzipiert und bieten einen hohen ROI f\u00fcr Werbebudgets.<\/p>\n<\/li>\n<\/ul>\n<h2 data-path-to-node=\"16\">Technische Daten<\/h2>\n<ul data-path-to-node=\"17\">\n<li>\n<p data-path-to-node=\"17,0,0\"><b data-path-to-node=\"17,0,0\" data-index-in-node=\"0\">Materialzusammensetzung:<\/b> GOTS-Baumwolle, Bienenwachs (Lebensmittelqualit\u00e4t), Jojoba\u00f6l, Kiefernharz.<\/p>\n<\/li>\n<li>\n<p data-path-to-node=\"17,1,0\"><b data-path-to-node=\"17,1,0\" data-index-in-node=\"0\">Standard-Blattgr\u00f6\u00dfen:<\/b><\/p>\n<ul data-path-to-node=\"17,1,1\">\n<li>\n<p data-path-to-node=\"17,1,1,0,0\"><b data-path-to-node=\"17,1,1,0,0\" data-index-in-node=\"0\">Klein (18\u00d718 cm):<\/b> F\u00fcr Snacks, geschnittenes Obst oder zum Abdecken kleiner Gl\u00e4ser.<\/p>\n<\/li>\n<li>\n<p data-path-to-node=\"17,1,1,1,0\"><b data-path-to-node=\"17,1,1,1,0\" data-index-in-node=\"0\">Mittel (25\u00d725 cm):<\/b> Ideal f\u00fcr K\u00e4se, Sandwiches oder mittelgro\u00dfe Sch\u00fcsseln.<\/p>\n<\/li>\n<li>\n<p data-path-to-node=\"17,1,1,2,0\"><b data-path-to-node=\"17,1,1,2,0\" data-index-in-node=\"0\">Gro\u00df (36\u00d736 cm):<\/b> Deckt gro\u00dfe Sch\u00fcsseln, Brot oder Melonen ab.<\/p>\n<\/li>\n<\/ul>\n<\/li>\n<li>\n<p data-path-to-node=\"17,2,0\"><b data-path-to-node=\"17,2,0\" data-index-in-node=\"0\">Taschengr\u00f6\u00dfen:<\/b><\/p>\n<ul data-path-to-node=\"17,2,1\">\n<li>\n<p data-path-to-node=\"17,2,1,0,0\"><b data-path-to-node=\"17,2,1,0,0\" data-index-in-node=\"0\">Mittlere Tasche (16\u00d723 cm):<\/b> Ideal f\u00fcr Snacks und Sandwiches unterwegs.<\/p>\n<\/li>\n<li>\n<p data-path-to-node=\"17,2,1,1,0\"><b data-path-to-node=\"17,2,1,1,0\" data-index-in-node=\"0\">Gro\u00dfe Tasche (23\u00d732 cm):<\/b> Geeignet f\u00fcr Backwaren, frisches Gr\u00fcnzeug oder gr\u00f6\u00dferes Obst und Gem\u00fcse.<\/p>\n<\/li>\n<\/ul>\n<\/li>\n<li>\n<p data-path-to-node=\"17,3,0\"><b data-path-to-node=\"17,3,0\" data-index-in-node=\"0\">Anpassung:<\/b> Vollfl\u00e4chiger Druck oder Logoplatzierung m\u00f6glich.<\/p>\n<\/li>\n<\/ul>\n<h2 data-path-to-node=\"18\">Anwendungsf\u00e4lle<\/h2>\n<ul data-path-to-node=\"19\">\n<li>\n<p data-path-to-node=\"19,0,0\"><b data-path-to-node=\"19,0,0\" data-index-in-node=\"0\">Firmengeschenke:<\/b> Ein durchdachtes, nachhaltiges Geschenk f\u00fcr Mitarbeiter und Kunden, das mit gr\u00fcnen Initiativen im Einklang steht.<\/p>\n<\/li>\n<li>\n<p data-path-to-node=\"19,1,0\"><b data-path-to-node=\"19,1,0\" data-index-in-node=\"0\">Event-Merchandise:<\/b> Hochwertige Werbegeschenke f\u00fcr Food-Festivals, Nachhaltigkeitskonferenzen und Messen.<\/p>\n<\/li>\n<li>\n<p data-path-to-node=\"19,2,0\"><b data-path-to-node=\"19,2,0\" data-index-in-node=\"0\">Einzelhandel &amp; Wiederverkauf:<\/b> Ideal f\u00fcr Bio-Lebensmittelgesch\u00e4fte, Unverpacktl\u00e4den und Museumsshops.<\/p>\n<\/li>\n<\/ul>","protected":false},"excerpt":{"rendered":"<ul>\n<li>\n<p data-path-to-node=\"11,0,0\"><b data-path-to-node=\"11,0,0\" data-index-in-node=\"0\">100% Nat\u00fcrliche Materialien:<\/b> Hergestellt aus GOTS-zertifizierter Baumwolle, reinem Bienenwachs, Jojoba\u00f6l und Kiefernharz.<\/p>\n<\/li>\n<li>\n<p data-path-to-node=\"11,1,0\"><b data-path-to-node=\"11,1,0\" data-index-in-node=\"0\">Umweltfreundliches Branding:<\/b> Eine nachhaltige, biologisch abbaubare Alternative zu Frischhaltefolie und Aluminiumfolie.<\/p>\n<\/li>\n<li>\n<p data-path-to-node=\"11,2,0\"><b data-path-to-node=\"11,2,0\" data-index-in-node=\"0\">Anpassbar:<\/b> Erh\u00e4ltlich in verschiedenen Blattgr\u00f6\u00dfen und Beutelformaten mit vollfarbigen Logodruckoptionen.<\/p>\n<\/li>\n<li>\n<p data-path-to-node=\"11,3,0\"><b data-path-to-node=\"11,3,0\" data-index-in-node=\"0\">Wiederverwendbar und waschbar:<\/b> Langlebiges Design, das sich durch Handw\u00e4rme formt und auch bei wiederholtem Gebrauch lange h\u00e4lt.<\/p>\n<\/li>\n<\/ul>","protected":false},"featured_media":6198,"comment_status":"closed","ping_status":"closed","template":"","meta":[],"product_brand":[],"product_cat":[121],"product_tag":[],"class_list":{"0":"post-6196","1":"product","2":"type-product","3":"status-publish","4":"has-post-thumbnail","6":"product_cat-promotional-merchandise","8":"first","9":"instock","10":"shipping-taxable","11":"purchasable","12":"product-type-simple"},"_links":{"self":[{"href":"https:\/\/wristbandfactory.eu\/de\/wp-json\/wp\/v2\/product\/6196","targetHints":{"allow":["GET"]}}],"collection":[{"href":"https:\/\/wristbandfactory.eu\/de\/wp-json\/wp\/v2\/product"}],"about":[{"href":"https:\/\/wristbandfactory.eu\/de\/wp-json\/wp\/v2\/types\/product"}],"replies":[{"embeddable":true,"href":"https:\/\/wristbandfactory.eu\/de\/wp-json\/wp\/v2\/comments?post=6196"}],"wp:featuredmedia":[{"embeddable":true,"href":"https:\/\/wristbandfactory.eu\/de\/wp-json\/wp\/v2\/media\/6198"}],"wp:attachment":[{"href":"https:\/\/wristbandfactory.eu\/de\/wp-json\/wp\/v2\/media?parent=6196"}],"wp:term":[{"taxonomy":"product_brand","embeddable":true,"href":"https:\/\/wristbandfactory.eu\/de\/wp-json\/wp\/v2\/product_brand?post=6196"},{"taxonomy":"product_cat","embeddable":true,"href":"https:\/\/wristbandfactory.eu\/de\/wp-json\/wp\/v2\/product_cat?post=6196"},{"taxonomy":"product_tag","embeddable":true,"href":"https:\/\/wristbandfactory.eu\/de\/wp-json\/wp\/v2\/product_tag?post=6196"}],"curies":[{"name":"wp","href":"https:\/\/api.w.org\/{rel}","templated":true}]}}