{"id":6193,"date":"2025-12-20T16:56:00","date_gmt":"2025-12-20T13:56:00","guid":{"rendered":"https:\/\/wristbandfactory.eu\/?post_type=product&#038;p=6193"},"modified":"2025-12-29T13:32:38","modified_gmt":"2025-12-29T10:32:38","slug":"plantable-id-cards-with-linden-seeds-personalized","status":"publish","type":"product","link":"https:\/\/wristbandfactory.eu\/de\/p\/plantable-id-cards-with-linden-seeds-personalized\/","title":{"rendered":"Pflanzbare Namensschilder"},"content":{"rendered":"<p data-path-to-node=\"12\">Verwandeln Sie Ihre Veranstaltungsakkreditierung mit unserem Service in ein gr\u00fcnes Statement. <b data-path-to-node=\"12\" data-index-in-node=\"92\">Pflanzbare Ausweiskarten mit Lindensamen<\/b>. Im Gegensatz zu herk\u00f6mmlichen Namensschildern aus Plastik oder Papier zeichnen sich diese innovativen Karten durch eine einzigartige \u00f6kologische Besonderheit aus: ein kleiner, biologisch abbaubarer MDF-Beh\u00e4lter, der an der Vorderseite angebracht ist und echte Lindenholzfasern enth\u00e4lt (<i data-path-to-node=\"12\" data-index-in-node=\"310\">Tilia<\/i>) Samen.<\/p>\n<p data-path-to-node=\"13\">Diese aus hochwertigem, impr\u00e4gniertem Papier hergestellten Karten sind so konzipiert, dass sie den Belastungen mehrt\u00e4giger Konferenzen oder Festivals standhalten und dabei vollst\u00e4ndig biologisch abbaubar sind. Nach der Veranstaltung k\u00f6nnen die Teilnehmenden die Karten in einem Garten oder Park einpflanzen, wo die Samen keimen und zu B\u00e4umen heranwachsen \u2013 ein nachhaltiges, positives \u00f6kologisches Erbe, das auch lange nach dem Ende Ihrer Veranstaltung erhalten bleibt.<\/p>\n<h2 data-path-to-node=\"14\">Hauptmerkmale<\/h2>\n<ul data-path-to-node=\"15\">\n<li>\n<p data-path-to-node=\"15,0,0\"><b data-path-to-node=\"15,0,0\" data-index-in-node=\"0\">Variabler Datendruck (VDP):<\/b> Wir k\u00f6nnen die Namen der einzelnen Teilnehmer, QR-Codes oder Sitzplatznummern direkt auf jede Karte drucken, sodass jede Eintrittskarte einzigartig und zur Verteilung bereit ist.<\/p>\n<\/li>\n<li>\n<p data-path-to-node=\"15,1,0\"><b data-path-to-node=\"15,1,0\" data-index-in-node=\"0\">Innovativer Saatgutbeh\u00e4lter:<\/b> Die Samen sind in einer dekorativen MDF-Kapsel auf der Vorderseite der Karte aufbewahrt und schaffen so einen sofortigen visuellen Gespr\u00e4chsanlass zum Thema Nachhaltigkeit.<\/p>\n<\/li>\n<li>\n<p data-path-to-node=\"15,2,0\"><b data-path-to-node=\"15,2,0\" data-index-in-node=\"0\">Vollfarbiges Branding:<\/b> Hochaufl\u00f6sender CMYK-Druck ist sowohl auf der Vorderseite (4+0) als auch auf der R\u00fcckseite (4+4) m\u00f6glich, um Ihr Event-Branding optimal zur Geltung zu bringen.<\/p>\n<\/li>\n<li>\n<p data-path-to-node=\"15,3,0\"><b data-path-to-node=\"15,3,0\" data-index-in-node=\"0\">P\u00e4dagogischer Wert:<\/b> Auf der R\u00fcckseite sind klare Pflanzanweisungen abgedruckt, die dem Benutzer zeigen, wie er aus seinem Ausweis einen Baum machen kann.<\/p>\n<\/li>\n<\/ul>\n<h2 data-path-to-node=\"16\">Technische Daten<\/h2>\n<ul data-path-to-node=\"17\">\n<li>\n<p data-path-to-node=\"17,0,0\"><b data-path-to-node=\"17,0,0\" data-index-in-node=\"0\">Abmessungen:<\/b> 60 mm x 90 mm.<\/p>\n<\/li>\n<li>\n<p data-path-to-node=\"17,1,0\"><b data-path-to-node=\"17,1,0\" data-index-in-node=\"0\">Material:<\/b> Impr\u00e4gniertes Papier (biologisch abbaubar) + MDF-Saatgutbeh\u00e4lter.<\/p>\n<\/li>\n<li>\n<p data-path-to-node=\"17,2,0\"><b data-path-to-node=\"17,2,0\" data-index-in-node=\"0\">Saatgutart:<\/b> Lindenbaum (<i data-path-to-node=\"17,2,0\" data-index-in-node=\"24\">Tilia<\/i>).<\/p>\n<\/li>\n<li>\n<p data-path-to-node=\"17,3,0\"><b data-path-to-node=\"17,3,0\" data-index-in-node=\"0\">Orientierung:<\/b> Vertikale oder horizontale Ausf\u00fchrungen verf\u00fcgbar.<\/p>\n<\/li>\n<li>\n<p data-path-to-node=\"17,4,0\"><b data-path-to-node=\"17,4,0\" data-index-in-node=\"0\">Drucken:<\/b> Digital CMYK (Variable Datenf\u00e4hig).<\/p>\n<\/li>\n<li>\n<p data-path-to-node=\"17,5,0\"><b data-path-to-node=\"17,5,0\" data-index-in-node=\"0\">Produktionszeit:<\/b> Etwa 2 Wochen nach der Genehmigung.<\/p>\n<\/li>\n<li>\n<p data-path-to-node=\"17,6,0\"><b data-path-to-node=\"17,6,0\" data-index-in-node=\"0\">Mindestbestellmenge:<\/b> 100 Einheiten.<\/p>\n<\/li>\n<\/ul>\n<h2 data-path-to-node=\"18\">Anwendungsf\u00e4lle<\/h2>\n<ul data-path-to-node=\"19\">\n<li>\n<p data-path-to-node=\"19,0,0\"><b data-path-to-node=\"19,0,0\" data-index-in-node=\"0\">Konferenzen zum Thema Nachhaltigkeit:<\/b> Das ultimative \u201cgr\u00fcne\u201d G\u00fctesiegel f\u00fcr Umweltgipfel und Klimaforen.<\/p>\n<\/li>\n<li>\n<p data-path-to-node=\"19,1,0\"><b data-path-to-node=\"19,1,0\" data-index-in-node=\"0\">CSR-Veranstaltungen von Unternehmen:<\/b> Zeigen Sie das Engagement Ihres Unternehmens f\u00fcr die Umwelt mit Kartenhalter, die der Natur etwas zur\u00fcckgeben.<\/p>\n<\/li>\n<li>\n<p data-path-to-node=\"19,2,0\"><b data-path-to-node=\"19,2,0\" data-index-in-node=\"0\">Naturfestivals:<\/b> Ideal f\u00fcr Veranstaltungen im Freien, bei denen Plastikm\u00fcll strengstens vermieden werden soll.<\/p>\n<\/li>\n<li>\n<p data-path-to-node=\"19,3,0\"><b data-path-to-node=\"19,3,0\" data-index-in-node=\"0\">VIP-Einladungen:<\/b> Kann auch als hochwertige, pflanzbare Einladungen f\u00fcr exklusive Galas verwendet werden.<\/p>\n<\/li>\n<\/ul>","protected":false},"excerpt":{"rendered":"<ul data-path-to-node=\"11\">\n<li>\n<p data-path-to-node=\"11,0,0\"><b data-path-to-node=\"11,0,0\" data-index-in-node=\"0\">\u00d6ko-Funktion:<\/b> Impr\u00e4gnierte Papierkarte mit einem sichtbaren MDF-Beh\u00e4lter, der echte Lindenbaumsamen enth\u00e4lt.<\/p>\n<\/li>\n<li>\n<p data-path-to-node=\"11,1,0\"><b data-path-to-node=\"11,1,0\" data-index-in-node=\"0\">Personalisierung:<\/b> Unterst\u00fctzt den variablen Datendruck (VDP) \u2013 Drucken Sie individuelle Namen, Codes oder Titel der Teilnehmer auf jede Karte.<\/p>\n<\/li>\n<li>\n<p data-path-to-node=\"11,2,0\"><b data-path-to-node=\"11,2,0\" data-index-in-node=\"0\">Design:<\/b> Vollfarbiger CMYK-Druck (ein- oder beidseitig) mit Pflanzanleitung auf der R\u00fcckseite.<\/p>\n<\/li>\n<li>\n<p data-path-to-node=\"11,3,0\"><b data-path-to-node=\"11,3,0\" data-index-in-node=\"0\">Format:<\/b> Standardgr\u00f6\u00dfe 60 x 90 mm, erh\u00e4ltlich in vertikaler oder horizontaler Ausrichtung.<\/p>\n<\/li>\n<\/ul>","protected":false},"featured_media":6293,"comment_status":"closed","ping_status":"closed","template":"","meta":[],"product_brand":[],"product_cat":[90,91],"product_tag":[],"class_list":{"0":"post-6193","1":"product","2":"type-product","3":"status-publish","4":"has-post-thumbnail","6":"product_cat-laminated-cards","7":"product_cat-badge-holders","9":"first","10":"instock","11":"shipping-taxable","12":"purchasable","13":"product-type-simple"},"_links":{"self":[{"href":"https:\/\/wristbandfactory.eu\/de\/wp-json\/wp\/v2\/product\/6193","targetHints":{"allow":["GET"]}}],"collection":[{"href":"https:\/\/wristbandfactory.eu\/de\/wp-json\/wp\/v2\/product"}],"about":[{"href":"https:\/\/wristbandfactory.eu\/de\/wp-json\/wp\/v2\/types\/product"}],"replies":[{"embeddable":true,"href":"https:\/\/wristbandfactory.eu\/de\/wp-json\/wp\/v2\/comments?post=6193"}],"wp:featuredmedia":[{"embeddable":true,"href":"https:\/\/wristbandfactory.eu\/de\/wp-json\/wp\/v2\/media\/6293"}],"wp:attachment":[{"href":"https:\/\/wristbandfactory.eu\/de\/wp-json\/wp\/v2\/media?parent=6193"}],"wp:term":[{"taxonomy":"product_brand","embeddable":true,"href":"https:\/\/wristbandfactory.eu\/de\/wp-json\/wp\/v2\/product_brand?post=6193"},{"taxonomy":"product_cat","embeddable":true,"href":"https:\/\/wristbandfactory.eu\/de\/wp-json\/wp\/v2\/product_cat?post=6193"},{"taxonomy":"product_tag","embeddable":true,"href":"https:\/\/wristbandfactory.eu\/de\/wp-json\/wp\/v2\/product_tag?post=6193"}],"curies":[{"name":"wp","href":"https:\/\/api.w.org\/{rel}","templated":true}]}}