{"id":6191,"date":"2025-12-20T16:49:13","date_gmt":"2025-12-20T13:49:13","guid":{"rendered":"https:\/\/wristbandfactory.eu\/?post_type=product&#038;p=6191"},"modified":"2025-12-20T16:49:13","modified_gmt":"2025-12-20T13:49:13","slug":"custom-wooden-id-cards-event-badges-eco-plywood","status":"publish","type":"product","link":"https:\/\/wristbandfactory.eu\/de\/p\/custom-wooden-id-cards-event-badges-eco-plywood\/","title":{"rendered":"Holz-Badges \/ Namensschilder aus Holz"},"content":{"rendered":"<p data-path-to-node=\"12\">Heben Sie sich ab mit unserem <b data-path-to-node=\"12\" data-index-in-node=\"44\">Individuell gestaltete Ausweise aus Holz<\/b>, Diese hochwertigen und nachhaltigen Namensschilder aus PVC sind eine elegante und nachhaltige Alternative zu herk\u00f6mmlichen PVC-Ausweisen. Gefertigt aus 3 mm starkem, hochwertigem Sperrholz, bieten sie eine nat\u00fcrliche und professionelle Optik, die perfekt zu umweltbewussten Markenwerten passt.<\/p>\n<p data-path-to-node=\"13\">Ideal f\u00fcr Konferenzen, VIP-Veranstaltungen und die Kennzeichnung von Unternehmen: Jede Karte besticht durch eine individuelle Holzmaserung und ist somit ein Unikat. Die Karten sind leicht und dennoch robust genug f\u00fcr mehrt\u00e4gige Veranstaltungen.<\/p>\n<p data-path-to-node=\"14\"><b data-path-to-node=\"14\" data-index-in-node=\"0\">Druck und Weiterverarbeitung:<\/b> Wir bieten brillante Vollfarbdrucke zur Darstellung Ihres Logos, der Namen der Teilnehmer oder von QR-Codes an.<\/p>\n<ul data-path-to-node=\"15\">\n<li>\n<p data-path-to-node=\"15,0,0\"><b data-path-to-node=\"15,0,0\" data-index-in-node=\"0\">Standardausf\u00fchrung:<\/b> Die Karten sind standardm\u00e4\u00dfig einseitig lackiert, um die Oberfl\u00e4che und den Aufdruck zu sch\u00fctzen.<\/p>\n<\/li>\n<li>\n<p data-path-to-node=\"15,1,0\"><b data-path-to-node=\"15,1,0\" data-index-in-node=\"0\">Doppelseitige Ausf\u00fchrung:<\/b> F\u00fcr doppelseitigen Druck empfehlen wir dringend, die zweite Seite mit Lack zu versehen, um ein Ausbleichen der Farben und Abnutzung zu verhindern (als Upgrade erh\u00e4ltlich).<\/p>\n<\/li>\n<\/ul>\n<h2 data-path-to-node=\"16\">Hauptmerkmale<\/h2>\n<ul data-path-to-node=\"17\">\n<li>\n<p data-path-to-node=\"17,0,0\"><b data-path-to-node=\"17,0,0\" data-index-in-node=\"0\">Nat\u00fcrliche \u00c4sthetik:<\/b> Die warme Holzstruktur sorgt f\u00fcr eine hochwertige Optik und Haptik, die Kunststoff nicht erreichen kann.<\/p>\n<\/li>\n<li>\n<p data-path-to-node=\"17,1,0\"><b data-path-to-node=\"17,1,0\" data-index-in-node=\"0\">Vollst\u00e4ndige Anpassung:<\/b> Unterst\u00fctzt vollfarbigen Digitaldruck auf einer oder beiden Seiten.<\/p>\n<\/li>\n<li>\n<p data-path-to-node=\"17,2,0\"><b data-path-to-node=\"17,2,0\" data-index-in-node=\"0\">Haltbarkeit:<\/b> Mit einem Schutzlack behandelt, um Feuchtigkeit und t\u00e4glicher Abnutzung standzuhalten.<\/p>\n<\/li>\n<li>\n<p data-path-to-node=\"17,3,0\"><b data-path-to-node=\"17,3,0\" data-index-in-node=\"0\">Universelle Passform:<\/b> Verf\u00fcgt \u00fcber ein vorgebohrtes Loch (Standardgr\u00f6\u00dfe) zur unbedruckten Befestigung an jedem Lanyard oder Clip.<\/p>\n<\/li>\n<li>\n<p data-path-to-node=\"17,4,0\"><b data-path-to-node=\"17,4,0\" data-index-in-node=\"0\">Nachhaltige Wahl:<\/b> Hergestellt aus nachwachsenden Holzquellen, wodurch der Plastikverbrauch Ihrer Veranstaltung reduziert wird.<\/p>\n<\/li>\n<\/ul>\n<h2 data-path-to-node=\"18\">Technische Daten<\/h2>\n<ul data-path-to-node=\"19\">\n<li>\n<p data-path-to-node=\"19,0,0\"><b data-path-to-node=\"19,0,0\" data-index-in-node=\"0\">Abmessungen:<\/b> 100 mm x 50 mm x 3 mm.<\/p>\n<\/li>\n<li>\n<p data-path-to-node=\"19,1,0\"><b data-path-to-node=\"19,1,0\" data-index-in-node=\"0\">Material:<\/b> Natursperrholz.<\/p>\n<\/li>\n<li>\n<p data-path-to-node=\"19,2,0\"><b data-path-to-node=\"19,2,0\" data-index-in-node=\"0\">Gewicht:<\/b> Ultraleicht f\u00fcr angenehmen Tragekomfort.<\/p>\n<\/li>\n<li>\n<p data-path-to-node=\"19,3,0\"><b data-path-to-node=\"19,3,0\" data-index-in-node=\"0\">Locher:<\/b> Zentriertes oberes Loch (rund oder l\u00e4nglich, \u00fcblicherweise Standard).<\/p>\n<\/li>\n<li>\n<p data-path-to-node=\"19,4,0\"><b data-path-to-node=\"19,4,0\" data-index-in-node=\"0\">Mindestbestellmenge:<\/b> 100 Einheiten.<\/p>\n<\/li>\n<\/ul>\n<h2 data-path-to-node=\"20\">Anwendungsf\u00e4lle<\/h2>\n<ul data-path-to-node=\"21\">\n<li>\n<p data-path-to-node=\"21,0,0\"><b data-path-to-node=\"21,0,0\" data-index-in-node=\"0\">Gr\u00fcne Konferenzen:<\/b> Das ultimative Accessoire f\u00fcr Gipfeltreffen mit Fokus auf Nachhaltigkeit.<\/p>\n<\/li>\n<li>\n<p data-path-to-node=\"21,1,0\"><b data-path-to-node=\"21,1,0\" data-index-in-node=\"0\">VIP-P\u00e4sse:<\/b> Exklusive Backstage- oder Ehreng\u00e4step\u00e4sse mit einem hochwertigen Gef\u00fchl.<\/p>\n<\/li>\n<li>\n<p data-path-to-node=\"21,2,0\"><b data-path-to-node=\"21,2,0\" data-index-in-node=\"0\">Mitarbeiter-ID:<\/b> Langlebige und stilvolle Alltagskennzeichnung f\u00fcr umweltfreundliche Unternehmen.<\/p>\n<\/li>\n<li>\n<p data-path-to-node=\"21,3,0\"><b data-path-to-node=\"21,3,0\" data-index-in-node=\"0\">Firmengeschenke:<\/b> K\u00f6nnen als Gep\u00e4ckanh\u00e4nger oder Erinnerungsst\u00fccke verwendet werden.<\/p>\n<\/li>\n<\/ul>","protected":false},"excerpt":{"rendered":"<ul>\n<li>\n<p data-path-to-node=\"11,0,0\"><b data-path-to-node=\"11,0,0\" data-index-in-node=\"0\">Material:<\/b> 3 mm hochwertiges Sperrholz (Naturfinish).<\/p>\n<\/li>\n<li>\n<p data-path-to-node=\"11,1,0\"><b data-path-to-node=\"11,1,0\" data-index-in-node=\"0\">Abmessungen:<\/b> 10 cm x 5 cm (Leicht und langlebig).<\/p>\n<\/li>\n<li>\n<p data-path-to-node=\"11,2,0\"><b data-path-to-node=\"11,2,0\" data-index-in-node=\"0\">Schutz:<\/b> Standardm\u00e4\u00dfig einseitig lackiert f\u00fcr l\u00e4ngere Haltbarkeit (beidseitig optional).<\/p>\n<\/li>\n<li>\n<p data-path-to-node=\"11,3,0\"><b data-path-to-node=\"11,3,0\" data-index-in-node=\"0\">Anhang:<\/b> Vorgebohrtes Loch, kompatibel mit allen g\u00e4ngigen Lanyards.<\/p>\n<\/li>\n<li>\n<p data-path-to-node=\"11,4,0\"><b data-path-to-node=\"11,4,0\" data-index-in-node=\"0\">Umweltfreundlich:<\/b> Eine biologisch abbaubare, plastikfreie Alternative f\u00fcr umweltfreundliche Veranstaltungen.<\/p>\n<\/li>\n<\/ul>","protected":false},"featured_media":6192,"comment_status":"closed","ping_status":"closed","template":"","meta":[],"product_brand":[],"product_cat":[91],"product_tag":[],"class_list":{"0":"post-6191","1":"product","2":"type-product","3":"status-publish","4":"has-post-thumbnail","6":"product_cat-badge-holders","8":"first","9":"instock","10":"shipping-taxable","11":"purchasable","12":"product-type-simple"},"_links":{"self":[{"href":"https:\/\/wristbandfactory.eu\/de\/wp-json\/wp\/v2\/product\/6191","targetHints":{"allow":["GET"]}}],"collection":[{"href":"https:\/\/wristbandfactory.eu\/de\/wp-json\/wp\/v2\/product"}],"about":[{"href":"https:\/\/wristbandfactory.eu\/de\/wp-json\/wp\/v2\/types\/product"}],"replies":[{"embeddable":true,"href":"https:\/\/wristbandfactory.eu\/de\/wp-json\/wp\/v2\/comments?post=6191"}],"wp:featuredmedia":[{"embeddable":true,"href":"https:\/\/wristbandfactory.eu\/de\/wp-json\/wp\/v2\/media\/6192"}],"wp:attachment":[{"href":"https:\/\/wristbandfactory.eu\/de\/wp-json\/wp\/v2\/media?parent=6191"}],"wp:term":[{"taxonomy":"product_brand","embeddable":true,"href":"https:\/\/wristbandfactory.eu\/de\/wp-json\/wp\/v2\/product_brand?post=6191"},{"taxonomy":"product_cat","embeddable":true,"href":"https:\/\/wristbandfactory.eu\/de\/wp-json\/wp\/v2\/product_cat?post=6191"},{"taxonomy":"product_tag","embeddable":true,"href":"https:\/\/wristbandfactory.eu\/de\/wp-json\/wp\/v2\/product_tag?post=6191"}],"curies":[{"name":"wp","href":"https:\/\/api.w.org\/{rel}","templated":true}]}}