{"id":6179,"date":"2025-12-20T16:26:50","date_gmt":"2025-12-20T13:26:50","guid":{"rendered":"https:\/\/wristbandfactory.eu\/?post_type=product&#038;p=6179"},"modified":"2025-12-29T13:50:35","modified_gmt":"2025-12-29T10:50:35","slug":"custom-branded-plant-growing-kits-green-gifts","status":"publish","type":"product","link":"https:\/\/wristbandfactory.eu\/de\/p\/custom-branded-plant-growing-kits-green-gifts\/","title":{"rendered":"Pflanzsets mit Logo"},"content":{"rendered":"<p data-path-to-node=\"12\">Holen Sie sich mit unserem vielseitigen Sortiment die Natur ins B\u00fcro oder nach Hause. <b data-path-to-node=\"12\" data-index-in-node=\"90\">Individuell gestaltete Pflanzenanzuchtsets<\/b>. Diese \u201cgr\u00fcnen Geschenke\u201d sind die perfekten Werbeartikel f\u00fcr Unternehmen, die Nachhaltigkeit, Wohlbefinden und Wachstum in den Vordergrund stellen m\u00f6chten. Ob f\u00fcr Kampagnen zum Tag der Erde, als Dankesch\u00f6n f\u00fcr Mitarbeiter oder als Giveaways f\u00fcr umweltbewusste Veranstaltungen \u2013 eine lebende Pflanze hinterl\u00e4sst einen bleibenden Eindruck.<\/p>\n<p data-path-to-node=\"13\">Wir bieten eine gro\u00dfe Auswahl an Formaten f\u00fcr jedes Budget und jeden Stil. Von hochwertigen Keramiksets, die auf der Fensterbank toll aussehen, bis hin zu kompakten Bio-PET-Sets f\u00fcr den Massenvertrieb \u2013 jedes Set ist sofort einsatzbereit und enth\u00e4lt Erde und Saatgut.<\/p>\n<h2 data-path-to-node=\"14\">Verf\u00fcgbare Konfigurationen<\/h2>\n<p data-path-to-node=\"15\">Sie k\u00f6nnen verschiedene Stile kombinieren oder bestimmte Modelle aus unserer Kollektion ausw\u00e4hlen:<\/p>\n<ul data-path-to-node=\"16\">\n<li>\n<p data-path-to-node=\"16,0,0\"><b data-path-to-node=\"16,0,0\" data-index-in-node=\"0\">Keramiktopf-Sets:<\/b> Erh\u00e4ltlich als Standard-3er-Set oder als beeindruckendes XXL-Set. Hochwertige Optik, ideal als Geschenk f\u00fcr F\u00fchrungskr\u00e4fte.<\/p>\n<\/li>\n<li>\n<p data-path-to-node=\"16,1,0\"><b data-path-to-node=\"16,1,0\" data-index-in-node=\"0\">EcoCup &amp; Bio-PET Kits:<\/b> Leichte, nachhaltige Beh\u00e4lter aus Recyclingmaterialien oder Biokunststoffen. Ideal f\u00fcr Mailings und Veranstaltungen.<\/p>\n<\/li>\n<li>\n<p data-path-to-node=\"16,2,0\"><b data-path-to-node=\"16,2,0\" data-index-in-node=\"0\">Anti-Smog-Samenmischung:<\/b> Spezielle Samenmischungen zur Luftreinigung, verpackt in umweltfreundlichen Beh\u00e4ltern.<\/p>\n<\/li>\n<li>\n<p data-path-to-node=\"16,3,0\"><b data-path-to-node=\"16,3,0\" data-index-in-node=\"0\">Phiolenstr\u00e4u\u00dfe:<\/b> Ein einzigartiges \u201cBlume im Fl\u00e4schchen\u201d-Konzept (einzeln oder im 3er-Pack) \u2013 eine minimalistische, moderne Interpretation von Blumengeschenken.<\/p>\n<\/li>\n<li>\n<p data-path-to-node=\"16,4,0\"><b data-path-to-node=\"16,4,0\" data-index-in-node=\"0\">Mini- und Doppelsets:<\/b> Kompakte Einzelsets oder \u201cZwei-in-Eins\u201d-Boxen f\u00fcr mehr Abwechslung.<\/p>\n<\/li>\n<\/ul>\n<h2 data-path-to-node=\"17\">Hauptmerkmale<\/h2>\n<ul data-path-to-node=\"18\">\n<li>\n<p data-path-to-node=\"18,0,0\"><b data-path-to-node=\"18,0,0\" data-index-in-node=\"0\">Bereit zum Anwachsen:<\/b> Alle Sets enthalten komprimierte Erdtabletten und hochwertiges Saatgut (Kr\u00e4uter, Blumen oder B\u00e4ume).<\/p>\n<\/li>\n<li>\n<p data-path-to-node=\"18,1,0\"><b data-path-to-node=\"18,1,0\" data-index-in-node=\"0\">Markenbereich:<\/b> Gro\u00dfe Fl\u00e4che auf T\u00f6pfen, Tassen oder Verpackungen f\u00fcr Ihr Logo und Ihre Botschaft.<\/p>\n<\/li>\n<li>\n<p data-path-to-node=\"18,2,0\"><b data-path-to-node=\"18,2,0\" data-index-in-node=\"0\">Nachhaltigkeitsbotschaft:<\/b> Verbindet Ihre Marke mit Umweltschutz und positivem Wachstum.<\/p>\n<\/li>\n<li>\n<p data-path-to-node=\"18,3,0\"><b data-path-to-node=\"18,3,0\" data-index-in-node=\"0\">Lang anhaltende Belichtung:<\/b> Im Gegensatz zu einem Flyer steht eine Pflanze monate- oder jahrelang auf dem Schreibtisch und sorgt so daf\u00fcr, dass Ihre Marke pr\u00e4sent bleibt.<\/p>\n<\/li>\n<\/ul>\n<h2 data-path-to-node=\"19\">Technische Daten<\/h2>\n<ul data-path-to-node=\"20\">\n<li>\n<p data-path-to-node=\"20,0,0\"><b data-path-to-node=\"20,0,0\" data-index-in-node=\"0\">Materialoptionen:<\/b> Keramik, Bio-PET-Kunststoff, Recyclingpapier\/-karton, Glas (Ampullen).<\/p>\n<\/li>\n<li>\n<p data-path-to-node=\"20,1,0\"><b data-path-to-node=\"20,1,0\" data-index-in-node=\"0\">Saatgutoptionen:<\/b> Basilikum, Minze, Petersilie, Sonnenblume, Vergissmeinnicht, Anti-Smog-Mischung und mehr.<\/p>\n<\/li>\n<li>\n<p data-path-to-node=\"20,2,0\"><b data-path-to-node=\"20,2,0\" data-index-in-node=\"0\">Drucken:<\/b> Tampondruck (auf harten Oberfl\u00e4chen) oder Digitaldruck (Etikett\/H\u00fclle) (auf Verpackungen).<\/p>\n<\/li>\n<li>\n<p data-path-to-node=\"20,3,0\"><b data-path-to-node=\"20,3,0\" data-index-in-node=\"0\">Mindestbestellmenge:<\/b> 50 Einheiten (variiert je nach Modell).<\/p>\n<\/li>\n<\/ul>","protected":false},"excerpt":{"rendered":"<ul data-path-to-node=\"11\">\n<li>\n<p data-path-to-node=\"11,0,0\"><b data-path-to-node=\"11,0,0\" data-index-in-node=\"0\">Vielfalt:<\/b> Erh\u00e4ltlich in Keramik (3er-Set\/XXL), Bio-PET, EcoCup oder Glasfl\u00e4schchen.<\/p>\n<\/li>\n<li>\n<p data-path-to-node=\"11,1,0\"><b data-path-to-node=\"11,1,0\" data-index-in-node=\"0\">Komplettes Set:<\/b> Beinhaltet alles, was zum Anpflanzen ben\u00f6tigt wird: Topf\/Beh\u00e4lter, Erdpellets und Samen.<\/p>\n<\/li>\n<li>\n<p data-path-to-node=\"11,2,0\"><b data-path-to-node=\"11,2,0\" data-index-in-node=\"0\">Umweltfreundlich:<\/b> Nachhaltige Materialien wie recycelter Kunststoff, Keramik und smoghemmende Pflanzenmischungen.<\/p>\n<\/li>\n<li>\n<p data-path-to-node=\"11,3,0\"><b data-path-to-node=\"11,3,0\" data-index-in-node=\"0\">Anpassung:<\/b> Tampondruck oder vollfarbige Etikettierung auf dem Beh\u00e4lter oder der Verpackung.<\/p>\n<\/li>\n<\/ul>","protected":false},"featured_media":6295,"comment_status":"closed","ping_status":"closed","template":"","meta":[],"product_brand":[],"product_cat":[121],"product_tag":[],"class_list":{"0":"post-6179","1":"product","2":"type-product","3":"status-publish","4":"has-post-thumbnail","6":"product_cat-promotional-merchandise","8":"first","9":"instock","10":"shipping-taxable","11":"purchasable","12":"product-type-simple"},"_links":{"self":[{"href":"https:\/\/wristbandfactory.eu\/de\/wp-json\/wp\/v2\/product\/6179","targetHints":{"allow":["GET"]}}],"collection":[{"href":"https:\/\/wristbandfactory.eu\/de\/wp-json\/wp\/v2\/product"}],"about":[{"href":"https:\/\/wristbandfactory.eu\/de\/wp-json\/wp\/v2\/types\/product"}],"replies":[{"embeddable":true,"href":"https:\/\/wristbandfactory.eu\/de\/wp-json\/wp\/v2\/comments?post=6179"}],"wp:featuredmedia":[{"embeddable":true,"href":"https:\/\/wristbandfactory.eu\/de\/wp-json\/wp\/v2\/media\/6295"}],"wp:attachment":[{"href":"https:\/\/wristbandfactory.eu\/de\/wp-json\/wp\/v2\/media?parent=6179"}],"wp:term":[{"taxonomy":"product_brand","embeddable":true,"href":"https:\/\/wristbandfactory.eu\/de\/wp-json\/wp\/v2\/product_brand?post=6179"},{"taxonomy":"product_cat","embeddable":true,"href":"https:\/\/wristbandfactory.eu\/de\/wp-json\/wp\/v2\/product_cat?post=6179"},{"taxonomy":"product_tag","embeddable":true,"href":"https:\/\/wristbandfactory.eu\/de\/wp-json\/wp\/v2\/product_tag?post=6179"}],"curies":[{"name":"wp","href":"https:\/\/api.w.org\/{rel}","templated":true}]}}