{"id":6165,"date":"2025-12-19T22:29:34","date_gmt":"2025-12-19T19:29:34","guid":{"rendered":"https:\/\/wristbandfactory.eu\/?post_type=product&#038;p=6165"},"modified":"2025-12-29T13:57:35","modified_gmt":"2025-12-29T10:57:35","slug":"custom-luggage-tags-bamboo-waterproof-paper-shaped","status":"publish","type":"product","link":"https:\/\/wristbandfactory.eu\/de\/p\/custom-luggage-tags-bamboo-waterproof-paper-shaped\/","title":{"rendered":"Bedruckte Kofferanh\u00e4nger"},"content":{"rendered":"<p data-path-to-node=\"9\">Reisen hinterl\u00e4sst Eindruck, und unsere Auswahl an personalisierten Gep\u00e4ckanh\u00e4ngern sorgt daf\u00fcr, dass Ihre Marke Ihre Kunden \u00fcberallhin begleitet. Die langlebige und gut sichtbare Produktlinie bietet Flexibilit\u00e4t f\u00fcr jedes Marketingbudget und jeden Stil \u2013 egal ob Sie ein kosteng\u00fcnstiges Werbegeschenk oder ein hochwertiges, umweltfreundliches Pr\u00e4sent ben\u00f6tigen.<\/p>\n<p data-path-to-node=\"10\"><b data-path-to-node=\"10\" data-index-in-node=\"0\">W\u00e4hle deinen Stil:<\/b><\/p>\n<ol start=\"1\" data-path-to-node=\"11\">\n<li>\n<p data-path-to-node=\"11,0,0\"><b data-path-to-node=\"11,0,0\" data-index-in-node=\"0\">Etiketten aus synthetischem Papier (wasser- und rei\u00dffest):<\/b> Lassen Sie sich nicht vom Wort \u201cPapier\u201d t\u00e4uschen. Dieses hochentwickelte synthetische Material ist absolut wasserdicht und rei\u00dffest und eignet sich daher perfekt f\u00fcr anspruchsvolle Reisen.<\/p>\n<ul data-path-to-node=\"11,0,1\">\n<li>\n<p data-path-to-node=\"11,0,1,0,0\"><b data-path-to-node=\"11,0,1,0,0\" data-index-in-node=\"0\">Standardform:<\/b> Maximaler Platz f\u00fcr Logos und Kontaktinformationen.<\/p>\n<\/li>\n<li>\n<p data-path-to-node=\"11,0,1,1,0\"><b data-path-to-node=\"11,0,1,1,0\" data-index-in-node=\"0\">Flugzeugform:<\/b> Ein witziges, gestanztes Luftfahrt-Design, ideal f\u00fcr Tourismusverb\u00e4nde und Fluggesellschaften.<\/p>\n<\/li>\n<li>\n<p data-path-to-node=\"11,0,1,2,0\"><i data-path-to-node=\"11,0,1,2,0\" data-index-in-node=\"0\">Beinhaltet einen vollfarbigen Druck auf der Vorderseite.<\/i><\/p>\n<\/li>\n<\/ul>\n<\/li>\n<li>\n<p data-path-to-node=\"11,1,0\"><b data-path-to-node=\"11,1,0\" data-index-in-node=\"0\">Bambus-Etiketten (\u00d6ko-Premium):<\/b> F\u00fcr einen nachhaltigen und hochwertigen Look w\u00e4hlen Sie unsere Etiketten aus nat\u00fcrlichem Bambus. Stabil und unverwechselbar, fallen sie auf dem Karussell sofort ins Auge.<\/p>\n<ul data-path-to-node=\"11,1,1\">\n<li>\n<p data-path-to-node=\"11,1,1,0,0\"><i data-path-to-node=\"11,1,1,0,0\" data-index-in-node=\"0\">Inklusive Kunststoffband und Schnalle zur sicheren Befestigung.<\/i><\/p>\n<\/li>\n<\/ul>\n<\/li>\n<\/ol>\n<h2 data-path-to-node=\"12\">Hauptmerkmale<\/h2>\n<ul data-path-to-node=\"13\">\n<li>\n<p data-path-to-node=\"13,0,0\"><b data-path-to-node=\"13,0,0\" data-index-in-node=\"0\">Vielseitigkeit:<\/b> Ein Produktangebot, vielf\u00e4ltige L\u00f6sungen. Kombinieren Sie nach Bedarf f\u00fcr unterschiedliche Kundensegmente (z. B. Papier f\u00fcr Economy-Passagiere, Bambus f\u00fcr VIPs).<\/p>\n<\/li>\n<li>\n<p data-path-to-node=\"13,1,0\"><b data-path-to-node=\"13,1,0\" data-index-in-node=\"0\">Extrem langlebig:<\/b> Das synthetische Papier ist regenfest, feuchtigkeitsbest\u00e4ndig und empfindlich gegen\u00fcber unsachgem\u00e4\u00dfer Gep\u00e4ckbehandlung, ohne zu rei\u00dfen.<\/p>\n<\/li>\n<li>\n<p data-path-to-node=\"13,2,0\"><b data-path-to-node=\"13,2,0\" data-index-in-node=\"0\">Umweltbewusst:<\/b> Bambus bietet eine erneuerbare Materialoption f\u00fcr gr\u00fcne Marketingkampagnen.<\/p>\n<\/li>\n<li>\n<p data-path-to-node=\"13,3,0\"><b data-path-to-node=\"13,3,0\" data-index-in-node=\"0\">Hohe Sichtbarkeit:<\/b> Gro\u00dfe Druckfl\u00e4chen sorgen daf\u00fcr, dass Ihr Logo an Flugh\u00e4fen weltweit gesehen wird.<\/p>\n<\/li>\n<\/ul>\n<h2 data-path-to-node=\"14\">Technische Daten<\/h2>\n<ul data-path-to-node=\"15\">\n<li>\n<p data-path-to-node=\"15,0,0\"><b data-path-to-node=\"15,0,0\" data-index-in-node=\"0\">Materialien:<\/b> Synthetisches Papier (Polypropylenmischung) ODER nat\u00fcrlicher Bambus.<\/p>\n<\/li>\n<li>\n<p data-path-to-node=\"15,1,0\"><b data-path-to-node=\"15,1,0\" data-index-in-node=\"0\">Eigenschaften von Papieretiketten:<\/b> Wasserabweisend, rei\u00dffest, flexibel.<\/p>\n<\/li>\n<li>\n<p data-path-to-node=\"15,2,0\"><b data-path-to-node=\"15,2,0\" data-index-in-node=\"0\">Eigenschaften von Bamboo-Etiketten:<\/b> Steif, nat\u00fcrliche Maserung.<\/p>\n<\/li>\n<li>\n<p data-path-to-node=\"15,3,0\"><b data-path-to-node=\"15,3,0\" data-index-in-node=\"0\">Formen:<\/b> Rechteckig (ca. 85 x 54 mm) oder Flugzeug-Stanzschnitt.<\/p>\n<\/li>\n<li>\n<p data-path-to-node=\"15,4,0\"><b data-path-to-node=\"15,4,0\" data-index-in-node=\"0\">Anhang:<\/b> Kunststoffarmband mit Schnalle (Bambus) oder Schlaufenmechanismus.<\/p>\n<\/li>\n<li>\n<p data-path-to-node=\"15,5,0\"><b data-path-to-node=\"15,5,0\" data-index-in-node=\"0\">Mindestbestellmenge:<\/b> 250 St\u00fcck (f\u00fcr Papiermodelle).<\/p>\n<\/li>\n<\/ul>\n<h2 data-path-to-node=\"16\">Anwendungsf\u00e4lle<\/h2>\n<ul data-path-to-node=\"17\">\n<li>\n<p data-path-to-node=\"17,0,0\"><b data-path-to-node=\"17,0,0\" data-index-in-node=\"0\">Reiseveranstalter:<\/b> F\u00fcgen Sie Reisedokumentenmappen ein Markenetikett hinzu.<\/p>\n<\/li>\n<li>\n<p data-path-to-node=\"17,1,0\"><b data-path-to-node=\"17,1,0\" data-index-in-node=\"0\">Firmenausfl\u00fcge:<\/b> Das Gep\u00e4ck der Gruppe l\u00e4sst sich bei Gruppenreisen leicht identifizieren.<\/p>\n<\/li>\n<li>\n<p data-path-to-node=\"17,2,0\"><b data-path-to-node=\"17,2,0\" data-index-in-node=\"0\">Hotels:<\/b> Ein unvergessliches Geschenk zum Auschecken f\u00fcr Ihre G\u00e4ste.<\/p>\n<\/li>\n<li>\n<p data-path-to-node=\"17,3,0\"><b data-path-to-node=\"17,3,0\" data-index-in-node=\"0\">Logistik:<\/b> Langlebige Kennzeichnung f\u00fcr Fracht und Sonderfracht.<\/p>\n<\/li>\n<\/ul>","protected":false},"excerpt":{"rendered":"<ul>\n<li>\n<p data-path-to-node=\"8,0,0\"><b data-path-to-node=\"8,0,0\" data-index-in-node=\"0\">Materialwahl:<\/b> W\u00e4hlen Sie zwischen starrem Bambus oder flexiblem, rei\u00dffestem Papier.<\/p>\n<\/li>\n<li>\n<p data-path-to-node=\"8,1,0\"><b data-path-to-node=\"8,1,0\" data-index-in-node=\"0\">Formen:<\/b> Erh\u00e4ltlich in Standard-Rechteckformen oder thematischen Flugzeugformen.<\/p>\n<\/li>\n<li>\n<p data-path-to-node=\"8,2,0\"><b data-path-to-node=\"8,2,0\" data-index-in-node=\"0\">Haltbarkeit:<\/b> Wasserabweisend und f\u00fcr den Einsatz auf globalen Reisen konzipiert.<\/p>\n<\/li>\n<li>\n<p data-path-to-node=\"8,3,0\"><b data-path-to-node=\"8,3,0\" data-index-in-node=\"0\">Markenbildung:<\/b> Vollfarbdruck (Papier) oder Lasergravur\/-druck (Bambus).<\/p>\n<\/li>\n<\/ul>","protected":false},"featured_media":6304,"comment_status":"closed","ping_status":"closed","template":"","meta":[],"product_brand":[],"product_cat":[129,122],"product_tag":[],"class_list":{"0":"post-6165","1":"product","2":"type-product","3":"status-publish","4":"has-post-thumbnail","6":"product_cat-leisure-lifestyle","7":"product_cat-promotional-accessories","9":"first","10":"instock","11":"shipping-taxable","12":"purchasable","13":"product-type-simple"},"_links":{"self":[{"href":"https:\/\/wristbandfactory.eu\/de\/wp-json\/wp\/v2\/product\/6165","targetHints":{"allow":["GET"]}}],"collection":[{"href":"https:\/\/wristbandfactory.eu\/de\/wp-json\/wp\/v2\/product"}],"about":[{"href":"https:\/\/wristbandfactory.eu\/de\/wp-json\/wp\/v2\/types\/product"}],"replies":[{"embeddable":true,"href":"https:\/\/wristbandfactory.eu\/de\/wp-json\/wp\/v2\/comments?post=6165"}],"wp:featuredmedia":[{"embeddable":true,"href":"https:\/\/wristbandfactory.eu\/de\/wp-json\/wp\/v2\/media\/6304"}],"wp:attachment":[{"href":"https:\/\/wristbandfactory.eu\/de\/wp-json\/wp\/v2\/media?parent=6165"}],"wp:term":[{"taxonomy":"product_brand","embeddable":true,"href":"https:\/\/wristbandfactory.eu\/de\/wp-json\/wp\/v2\/product_brand?post=6165"},{"taxonomy":"product_cat","embeddable":true,"href":"https:\/\/wristbandfactory.eu\/de\/wp-json\/wp\/v2\/product_cat?post=6165"},{"taxonomy":"product_tag","embeddable":true,"href":"https:\/\/wristbandfactory.eu\/de\/wp-json\/wp\/v2\/product_tag?post=6165"}],"curies":[{"name":"wp","href":"https:\/\/api.w.org\/{rel}","templated":true}]}}