{"id":6162,"date":"2025-12-19T22:20:32","date_gmt":"2025-12-19T19:20:32","guid":{"rendered":"https:\/\/wristbandfactory.eu\/?post_type=product&#038;p=6162"},"modified":"2025-12-29T13:59:23","modified_gmt":"2025-12-29T10:59:23","slug":"colored-eva-earplugs-in-transparent-case-with-carrying-chain","status":"publish","type":"product","link":"https:\/\/wristbandfactory.eu\/de\/p\/colored-eva-earplugs-in-transparent-case-with-carrying-chain\/","title":{"rendered":"Farbige EVA-Ohrst\u00f6psel im Etui mit Kette"},"content":{"rendered":"<p data-path-to-node=\"10\">Sch\u00fctzen Sie das Geh\u00f6r Ihrer Teilnehmer stilvoll mit unseren farbenfrohen EVA-Ohrst\u00f6pseln. Diese Ohrst\u00f6psel sind f\u00fcr l\u00e4ngeres Tragen konzipiert und bestehen aus weichem Ethylenvinylacetat (EVA), das sich angenehm an den Geh\u00f6rgang anpasst. Jedes Paar wird in einem robusten, transparenten Etui mit praktischer Tragekette geliefert, sodass es sich unbedruckt an Schl\u00fcsselbunden, Lanyards oder Rei\u00dfverschl\u00fcssen befestigen l\u00e4sst. Ein unverzichtbarer Begleiter f\u00fcr Festivals, Baustellen und Reisen.<\/p>\n<h2 data-path-to-node=\"11\">Hauptmerkmale<\/h2>\n<ul data-path-to-node=\"12\">\n<li>\n<p data-path-to-node=\"12,0,0\"><b data-path-to-node=\"12,0,0\" data-index-in-node=\"0\">Tragbares Design:<\/b> Die mitgelieferte Kette sorgt daf\u00fcr, dass die Ohrst\u00f6psel immer griffbereit sind und vor Schmutz gesch\u00fctzt werden, wenn sie nicht benutzt werden.<\/p>\n<\/li>\n<li>\n<p data-path-to-node=\"12,1,0\"><b data-path-to-node=\"12,1,0\" data-index-in-node=\"0\">Komfortpassform:<\/b> Das weiche EVA-Schaummaterial dehnt sich sanft aus und sorgt so f\u00fcr einen sicheren Sitz, ohne Druck auszu\u00fcben.<\/p>\n<\/li>\n<li>\n<p data-path-to-node=\"12,2,0\"><b data-path-to-node=\"12,2,0\" data-index-in-node=\"0\">Hohe Sichtbarkeit:<\/b> Erh\u00e4ltlich in leuchtenden, kr\u00e4ftigen Farben, die sofort ins Auge fallen.<\/p>\n<\/li>\n<li>\n<p data-path-to-node=\"12,3,0\"><b data-path-to-node=\"12,3,0\" data-index-in-node=\"0\">Robustes Geh\u00e4use:<\/b> Die durchsichtige Kunststoffbox bietet hervorragendes Branding-Potenzial und Schutz.<\/p>\n<\/li>\n<\/ul>\n<h2 data-path-to-node=\"13\">Technische Daten<\/h2>\n<ul data-path-to-node=\"14\">\n<li>\n<p data-path-to-node=\"14,0,0\"><b data-path-to-node=\"14,0,0\" data-index-in-node=\"0\">Material:<\/b> Weicher EVA-Schaum (Ethylenvinylacetat).<\/p>\n<\/li>\n<li>\n<p data-path-to-node=\"14,1,0\"><b data-path-to-node=\"14,1,0\" data-index-in-node=\"0\">Geh\u00e4usematerial:<\/b> Transparenter Kunststoff.<\/p>\n<\/li>\n<li>\n<p data-path-to-node=\"14,2,0\"><b data-path-to-node=\"14,2,0\" data-index-in-node=\"0\">Anhang:<\/b> Metallkugelkette \/ Tragekette.<\/p>\n<\/li>\n<li>\n<p data-path-to-node=\"14,3,0\"><b data-path-to-node=\"14,3,0\" data-index-in-node=\"0\">Farben:<\/b> Verschiedene leuchtende Farben.<\/p>\n<\/li>\n<li>\n<p data-path-to-node=\"14,4,0\"><b data-path-to-node=\"14,4,0\" data-index-in-node=\"0\">Wiederverwendbarkeit:<\/b> Wiederverwendbar und waschbar.<\/p>\n<\/li>\n<\/ul>\n<h2 data-path-to-node=\"15\">Anwendungsf\u00e4lle<\/h2>\n<ul data-path-to-node=\"16\">\n<li>\n<p data-path-to-node=\"16,0,0\"><b data-path-to-node=\"16,0,0\" data-index-in-node=\"0\">Musikfestivals &amp; Konzerte:<\/b> Unverzichtbarer Geh\u00f6rschutz f\u00fcr laute Umgebungen.<\/p>\n<\/li>\n<li>\n<p data-path-to-node=\"16,1,0\"><b data-path-to-node=\"16,1,0\" data-index-in-node=\"0\">Reisen &amp; Luftfahrt:<\/b> Reduziert Kabinenger\u00e4usche f\u00fcr eine ruhige Reise.<\/p>\n<\/li>\n<li>\n<p data-path-to-node=\"16,2,0\"><b data-path-to-node=\"16,2,0\" data-index-in-node=\"0\">Bauwesen &amp; Industrie:<\/b> Grundlegende Sicherheitsausr\u00fcstung f\u00fcr Besucher oder Bereiche mit geringer Belastung.<\/p>\n<\/li>\n<li>\n<p data-path-to-node=\"16,3,0\"><b data-path-to-node=\"16,3,0\" data-index-in-node=\"0\">Werbekampagnen:<\/b> Hervorragendes Werbegeschenk f\u00fcr Veranstaltungen zur Sensibilisierung f\u00fcr Gesundheit und Sicherheit.<\/p>\n<\/li>\n<\/ul>","protected":false},"excerpt":{"rendered":"<ul>\n<li>\n<p data-path-to-node=\"9,0,0\">Hergestellt aus weichem, komfortablem EVA-Material.<\/p>\n<\/li>\n<li>\n<p data-path-to-node=\"9,1,0\">Inklusive transparentem Etui mit Tragekette.<\/p>\n<\/li>\n<li>\n<p data-path-to-node=\"9,2,0\">Leuchtende, gut sichtbare Farben.<\/p>\n<\/li>\n<li>\n<p data-path-to-node=\"9,3,0\">Wiederverwendbar und leicht zu reinigen.<\/p>\n<\/li>\n<\/ul>","protected":false},"featured_media":6163,"comment_status":"closed","ping_status":"closed","template":"","meta":[],"product_brand":[],"product_cat":[68,121],"product_tag":[],"class_list":{"0":"post-6162","1":"product","2":"type-product","3":"status-publish","4":"has-post-thumbnail","6":"product_cat-event-supplies","7":"product_cat-promotional-merchandise","9":"first","10":"instock","11":"shipping-taxable","12":"purchasable","13":"product-type-simple"},"_links":{"self":[{"href":"https:\/\/wristbandfactory.eu\/de\/wp-json\/wp\/v2\/product\/6162","targetHints":{"allow":["GET"]}}],"collection":[{"href":"https:\/\/wristbandfactory.eu\/de\/wp-json\/wp\/v2\/product"}],"about":[{"href":"https:\/\/wristbandfactory.eu\/de\/wp-json\/wp\/v2\/types\/product"}],"replies":[{"embeddable":true,"href":"https:\/\/wristbandfactory.eu\/de\/wp-json\/wp\/v2\/comments?post=6162"}],"wp:featuredmedia":[{"embeddable":true,"href":"https:\/\/wristbandfactory.eu\/de\/wp-json\/wp\/v2\/media\/6163"}],"wp:attachment":[{"href":"https:\/\/wristbandfactory.eu\/de\/wp-json\/wp\/v2\/media?parent=6162"}],"wp:term":[{"taxonomy":"product_brand","embeddable":true,"href":"https:\/\/wristbandfactory.eu\/de\/wp-json\/wp\/v2\/product_brand?post=6162"},{"taxonomy":"product_cat","embeddable":true,"href":"https:\/\/wristbandfactory.eu\/de\/wp-json\/wp\/v2\/product_cat?post=6162"},{"taxonomy":"product_tag","embeddable":true,"href":"https:\/\/wristbandfactory.eu\/de\/wp-json\/wp\/v2\/product_tag?post=6162"}],"curies":[{"name":"wp","href":"https:\/\/api.w.org\/{rel}","templated":true}]}}