{"id":6159,"date":"2025-12-19T16:35:18","date_gmt":"2025-12-19T13:35:18","guid":{"rendered":"https:\/\/wristbandfactory.eu\/?post_type=product&#038;p=6159"},"modified":"2025-12-19T16:35:18","modified_gmt":"2025-12-19T13:35:18","slug":"custom-printed-seamless-arm-sleeves-uv-protection","status":"publish","type":"product","link":"https:\/\/wristbandfactory.eu\/de\/p\/custom-printed-seamless-arm-sleeves-uv-protection\/","title":{"rendered":"Bedruckte Armlinge (Nahtlos)"},"content":{"rendered":"<p data-path-to-node=\"11\">Steigern Sie die Sichtbarkeit Ihrer Marke bei Outdoor-Veranstaltungen und Sportwettk\u00e4mpfen mit unseren individuell bedruckten, nahtlosen Armstulpen. Diese vielseitigen Accessoires sind unverzichtbar f\u00fcr L\u00e4ufer, Radfahrer und Mitarbeiter im Au\u00dfenbereich und bieten eine gro\u00dfe, bewegliche Fl\u00e4che f\u00fcr Ihr Logo oder Ihre Grafik.<\/p>\n<p data-path-to-node=\"12\">Anders als bei herk\u00f6mmlichen, im Siebdruckverfahren bedruckten \u00c4rmeln verwenden wir f\u00fcr unsere \u00c4rmel die Farbsublimationstechnologie. Das bedeutet, dass das Design in die Stofffasern eingearbeitet wird, wodurch sichergestellt wird, dass der Druck nicht rei\u00dft, abbl\u00e4ttert oder verblasst, w\u00e4hrend gleichzeitig die Atmungsaktivit\u00e4t und Elastizit\u00e4t des Stoffes erhalten bleiben.<\/p>\n<h2 data-path-to-node=\"13\">Hauptmerkmale<\/h2>\n<ul data-path-to-node=\"14\">\n<li>\n<p data-path-to-node=\"14,0,0\"><b data-path-to-node=\"14,0,0\" data-index-in-node=\"0\">Nahtlose Konstruktion:<\/b> Das schlauchf\u00f6rmige Strickdesign verzichtet auf Seitenn\u00e4hte und verhindert so Reibung und Hautreizungen bei l\u00e4ngerem Tragen.<\/p>\n<\/li>\n<li>\n<p data-path-to-node=\"14,1,0\"><b data-path-to-node=\"14,1,0\" data-index-in-node=\"0\"><span class=\"citation-32\">Sonnen- und Hautschutz:<\/span><\/b><span class=\"citation-32 citation-end-32\"> Bietet eine wirksame Barriere gegen sch\u00e4dliche UV-Strahlen und sch\u00fctzt die Haut vor Verbrennungen oder Kratzern durch Rasen.<\/span><\/p>\n<div class=\"source-inline-chip-container ng-star-inserted\"><\/div>\n<\/li>\n<li>\n<p data-path-to-node=\"14,2,0\"><b data-path-to-node=\"14,2,0\" data-index-in-node=\"0\">Elastische Passform:<\/b> Die Mischung aus Polyester und Elastan sorgt daf\u00fcr, dass die \u00c4rmel sicher an ihrem Platz bleiben, ohne die Bewegungsfreiheit einzuschr\u00e4nken.<\/p>\n<\/li>\n<li>\n<p data-path-to-node=\"14,3,0\"><b data-path-to-node=\"14,3,0\" data-index-in-node=\"0\">Lebhafte Anpassungsm\u00f6glichkeiten:<\/b> Der vollfl\u00e4chige Oberfl\u00e4chendruck erm\u00f6glicht die perfekte Wiedergabe komplexer Farbverl\u00e4ufe, Fotos und Markenfarben.<\/p>\n<\/li>\n<\/ul>\n<h2 data-path-to-node=\"15\">Technische Daten<\/h2>\n<ul data-path-to-node=\"16\">\n<li>\n<p data-path-to-node=\"16,0,0\"><b data-path-to-node=\"16,0,0\" data-index-in-node=\"0\">Material:<\/b> Technisches Gewebe mit 160 g\/m\u00b2 (951 TP4T Polyester \/ 51 TP4T Elastan).<\/p>\n<\/li>\n<li>\n<p data-path-to-node=\"16,1,0\"><b data-path-to-node=\"16,1,0\" data-index-in-node=\"0\">Drucktechnik:<\/b> Vollfarbiger Farbsublimationsdruck.<\/p>\n<\/li>\n<li>\n<p data-path-to-node=\"16,2,0\"><b data-path-to-node=\"16,2,0\" data-index-in-node=\"0\">Verpackung:<\/b> Wird paarweise verkauft (1 St\u00fcck = 2 \u00c4rmel).<\/p>\n<\/li>\n<li>\n<p data-path-to-node=\"16,3,0\"><b data-path-to-node=\"16,3,0\" data-index-in-node=\"0\">Abmessungen (mittel):<\/b> 7 cm (Handgelenk) x 8 cm (Oberarm) x 37 cm (L\u00e4nge).<\/p>\n<\/li>\n<li>\n<p data-path-to-node=\"16,4,0\"><b data-path-to-node=\"16,4,0\" data-index-in-node=\"0\">Abmessungen (Gro\u00df):<\/b> 9 cm (Handgelenk) x 11 cm (Oberarm) x 44 cm (L\u00e4nge).<\/p>\n<\/li>\n<\/ul>\n<h2 data-path-to-node=\"17\">Anwendungsf\u00e4lle<\/h2>\n<ul data-path-to-node=\"18\">\n<li>\n<p data-path-to-node=\"18,0,0\"><b data-path-to-node=\"18,0,0\" data-index-in-node=\"0\">Marathon- und Radsportveranstaltungen:<\/b> Unverzichtbare Ausr\u00fcstung f\u00fcr die Teilnehmer in den Geschenkt\u00fcten.<\/p>\n<\/li>\n<li>\n<p data-path-to-node=\"18,1,0\"><b data-path-to-node=\"18,1,0\" data-index-in-node=\"0\">Teamuniformen:<\/b> Einheitliches Erscheinungsbild f\u00fcr Basketball-, Volleyball- oder E-Sport-Teams.<\/p>\n<\/li>\n<li>\n<p data-path-to-node=\"18,2,0\"><b data-path-to-node=\"18,2,0\" data-index-in-node=\"0\">Arbeitskr\u00e4fte im Freien:<\/b> Schutz f\u00fcr Mitarbeiter, die in direktem Sonnenlicht arbeiten (Landschaftspflege, Veranstaltungssicherheit).<\/p>\n<\/li>\n<li>\n<p data-path-to-node=\"18,3,0\"><b data-path-to-node=\"18,3,0\" data-index-in-node=\"0\">Warenverk\u00e4ufe:<\/b> Hochwertiger Artikel f\u00fcr Fitnessstudio- oder Vereinsshops.<\/p>\n<\/li>\n<\/ul>","protected":false},"excerpt":{"rendered":"<ul>\n<li>\n<p data-path-to-node=\"10,0,0\"><b data-path-to-node=\"10,0,0\" data-index-in-node=\"0\">Nahtloser Komfort:<\/b> Keine st\u00f6renden N\u00e4hte f\u00fcr maximalen Komfort bei k\u00f6rperlicher Aktivit\u00e4t.<\/p>\n<\/li>\n<li>\n<p data-path-to-node=\"10,1,0\"><b data-path-to-node=\"10,1,0\" data-index-in-node=\"0\">Vollfarbiges Branding:<\/b> Der randlose Sublimationsdruck erm\u00f6glicht unbegrenzte Gestaltungsm\u00f6glichkeiten.<\/p>\n<\/li>\n<li>\n<p data-path-to-node=\"10,2,0\"><b data-path-to-node=\"10,2,0\" data-index-in-node=\"0\"><span class=\"citation-33\">UV- und Kratzschutz:<\/span><\/b><span class=\"citation-33 citation-end-33\"> Sch\u00fctzt die Arme vor Sonneneinstrahlung und leichten Absch\u00fcrfungen.<\/span><\/p>\n<\/li>\n<li>\n<p data-path-to-node=\"10,3,0\"><b data-path-to-node=\"10,3,0\" data-index-in-node=\"0\">Verkauf paarweise:<\/b> Eine Einheit umfasst sowohl einen linken als auch einen rechten \u00c4rmel.<\/p>\n<\/li>\n<\/ul>","protected":false},"featured_media":6160,"comment_status":"closed","ping_status":"closed","template":"","meta":[],"product_brand":[],"product_cat":[118],"product_tag":[],"class_list":{"0":"post-6159","1":"product","2":"type-product","3":"status-publish","4":"has-post-thumbnail","6":"product_cat-sports-fitness","8":"first","9":"instock","10":"shipping-taxable","11":"purchasable","12":"product-type-simple"},"_links":{"self":[{"href":"https:\/\/wristbandfactory.eu\/de\/wp-json\/wp\/v2\/product\/6159","targetHints":{"allow":["GET"]}}],"collection":[{"href":"https:\/\/wristbandfactory.eu\/de\/wp-json\/wp\/v2\/product"}],"about":[{"href":"https:\/\/wristbandfactory.eu\/de\/wp-json\/wp\/v2\/types\/product"}],"replies":[{"embeddable":true,"href":"https:\/\/wristbandfactory.eu\/de\/wp-json\/wp\/v2\/comments?post=6159"}],"wp:featuredmedia":[{"embeddable":true,"href":"https:\/\/wristbandfactory.eu\/de\/wp-json\/wp\/v2\/media\/6160"}],"wp:attachment":[{"href":"https:\/\/wristbandfactory.eu\/de\/wp-json\/wp\/v2\/media?parent=6159"}],"wp:term":[{"taxonomy":"product_brand","embeddable":true,"href":"https:\/\/wristbandfactory.eu\/de\/wp-json\/wp\/v2\/product_brand?post=6159"},{"taxonomy":"product_cat","embeddable":true,"href":"https:\/\/wristbandfactory.eu\/de\/wp-json\/wp\/v2\/product_cat?post=6159"},{"taxonomy":"product_tag","embeddable":true,"href":"https:\/\/wristbandfactory.eu\/de\/wp-json\/wp\/v2\/product_tag?post=6159"}],"curies":[{"name":"wp","href":"https:\/\/api.w.org\/{rel}","templated":true}]}}