{"id":6150,"date":"2025-12-19T16:10:08","date_gmt":"2025-12-19T13:10:08","guid":{"rendered":"https:\/\/wristbandfactory.eu\/?post_type=product&#038;p=6150"},"modified":"2026-02-27T15:23:40","modified_gmt":"2026-02-27T12:23:40","slug":"custom-printed-hand-fans","status":"publish","type":"product","link":"https:\/\/wristbandfactory.eu\/de\/p\/custom-printed-hand-fans\/","title":{"rendered":"Bedruckte F\u00e4cher"},"content":{"rendered":"<p data-path-to-node=\"7\">Mit unseren hochwertigen, individuell bedruckten Handf\u00e4chern sorgen Sie f\u00fcr Abk\u00fchlung bei Ihren Kunden und maximale Sichtbarkeit Ihrer Marke. Speziell f\u00fcr Werbekampagnen im Gro\u00dfhandel und Firmenveranstaltungen entwickelt, vereinen diese F\u00e4cher praktischen Nutzen mit einer gro\u00dfz\u00fcgigen Fl\u00e4che f\u00fcr Ihr Branding. Durch die Kombination von drei verschiedenen Stielmaterialien \u2013 klassischem Holz, modernem Kunststoff und nachhaltigem Bambus \u2013 in einem individualisierbaren Produkt k\u00f6nnen Sie Look und Haptik perfekt an Ihre Markenidentit\u00e4t oder das Thema Ihrer Veranstaltung anpassen.<\/p>\n<h2 data-path-to-node=\"8\">Hauptmerkmale<\/h2>\n<ul data-path-to-node=\"9\">\n<li>\n<p data-path-to-node=\"9,0,0\"><b data-path-to-node=\"9,0,0\" data-index-in-node=\"0\">Vollfarbiger Stoffdruck:<\/b> Das strapazierf\u00e4hige Polyestergewebe ist f\u00fcr hochaufl\u00f6sende Sublimation optimiert und sorgt daf\u00fcr, dass Ihre Logos, Muster und Farbverl\u00e4ufe leuchtend und farbecht bleiben.<\/p>\n<\/li>\n<li>\n<p data-path-to-node=\"9,1,0\"><b data-path-to-node=\"9,1,0\" data-index-in-node=\"0\">Drei Rahmenstile:<\/b> * <b data-path-to-node=\"9,1,0\" data-index-in-node=\"22\">Holzst\u00e4be:<\/b> Traditionell, elegant und zeitlos.<\/p>\n<ul data-path-to-node=\"9,1,1\">\n<li>\n<p data-path-to-node=\"9,1,1,0,0\"><b data-path-to-node=\"9,1,1,0,0\" data-index-in-node=\"0\">Plastikst\u00e4be:<\/b> \u00c4u\u00dferst strapazierf\u00e4hig und mit der M\u00f6glichkeit, die exakte Pantone-Farbe Ihrer Markenrichtlinien zu treffen.<\/p>\n<\/li>\n<li>\n<p data-path-to-node=\"9,1,1,1,0\"><b data-path-to-node=\"9,1,1,1,0\" data-index-in-node=\"0\">Bambusst\u00f6cke:<\/b> Mit wundersch\u00f6nen Stanzdetails f\u00fcr ein umweltbewusstes, hochwertiges Finish.<\/p>\n<\/li>\n<\/ul>\n<\/li>\n<li>\n<p data-path-to-node=\"9,2,0\"><b data-path-to-node=\"9,2,0\" data-index-in-node=\"0\">Ma\u00dfgefertigte Pr\u00e4sentationsboxen:<\/b> Hinterlassen Sie einen bleibenden Eindruck vom Moment der Geschenk\u00fcbergabe an. W\u00e4hlen Sie zwischen laminierten Oberfl\u00e4chen, rustikalem Kraftpapier oder eleganten Schachteln mit Sichtfenster \u2013 alle individuell mit Ihrem Design gestaltbar.<\/p>\n<\/li>\n<\/ul>\n<h2 data-path-to-node=\"10\">Technische Daten<\/h2>\n<ul data-path-to-node=\"11\">\n<li>\n<p data-path-to-node=\"11,0,0\"><b data-path-to-node=\"11,0,0\" data-index-in-node=\"0\">Stoffmaterial:<\/b> 100% Polyester (optimiert f\u00fcr Sublimation)<\/p>\n<\/li>\n<li>\n<p data-path-to-node=\"11,1,0\"><b data-path-to-node=\"11,1,0\" data-index-in-node=\"0\">Optionen f\u00fcr das Stickmaterial:<\/b> Holz, Kunststoff (individuelle Pantone-Farben erh\u00e4ltlich) oder gestanzter Bambus<\/p>\n<\/li>\n<li>\n<p data-path-to-node=\"11,2,0\"><b data-path-to-node=\"11,2,0\" data-index-in-node=\"0\">Branding-Methode (Fan):<\/b> Vollfarbiger Sublimationsdruck auf Stoff<\/p>\n<\/li>\n<li>\n<p data-path-to-node=\"11,3,0\"><b data-path-to-node=\"11,3,0\" data-index-in-node=\"0\">Verpackungsoptionen:<\/b> Individuell bedruckte laminierte Kartons, Kraftkartons oder Kartons mit Sichtfenster<\/p>\n<\/li>\n<\/ul>\n<h2 data-path-to-node=\"12\">Anwendungsf\u00e4lle<\/h2>\n<ul data-path-to-node=\"13\">\n<li>\n<p data-path-to-node=\"13,0,0\"><b data-path-to-node=\"13,0,0\" data-index-in-node=\"0\">Sommerfeste &amp; Open-Air-Konzerte:<\/b> Verteilen Sie praktische Werbeartikel, die die Teilnehmer aktiv nutzen und w\u00e4hrend der gesamten Veranstaltung bei sich tragen werden.<\/p>\n<\/li>\n<li>\n<p data-path-to-node=\"13,1,0\"><b data-path-to-node=\"13,1,0\" data-index-in-node=\"0\">Firmenfeiern &amp; Hochzeiten:<\/b> Verwenden Sie die Varianten aus Bambus oder Holz mit individuell gestalteten Kraftpapierboxen als elegante Gastgeschenke.<\/p>\n<\/li>\n<li>\n<p data-path-to-node=\"13,2,0\"><b data-path-to-node=\"13,2,0\" data-index-in-node=\"0\">Tourismus &amp; Gastgewerbe:<\/b> Ideal f\u00fcr Hotels, Kreuzfahrtlinien und Resorts, die ihren G\u00e4sten in warmen Klimazonen Marken-Annehmlichkeiten bieten m\u00f6chten.<\/p>\n<\/li>\n<\/ul>","protected":false},"excerpt":{"rendered":"<ul>\n<li>\n<p data-path-to-node=\"6,0,0\"><b data-path-to-node=\"6,0,0\" data-index-in-node=\"0\">Lebendiges Sublimationsbranding:<\/b> Das hochwertige Polyestergewebe wurde speziell f\u00fcr den vollfarbigen, randlosen Sublimationsdruck entwickelt, um Ihr Firmendesign makellos zur Geltung zu bringen.<\/p>\n<\/li>\n<li>\n<p data-path-to-node=\"6,1,0\"><b data-path-to-node=\"6,1,0\" data-index-in-node=\"0\">Vielseitige Materialoptionen:<\/b> Sie haben die Wahl zwischen klassischen Holzst\u00e4bchen, umweltfreundlichen, gestanzten Bambusst\u00e4bchen oder Kunststoffst\u00e4bchen, die in einer breiten Standardpalette oder mit individueller Pantone-Farbanpassung erh\u00e4ltlich sind.<\/p>\n<\/li>\n<li>\n<p data-path-to-node=\"6,2,0\"><b data-path-to-node=\"6,2,0\" data-index-in-node=\"0\">Vollst\u00e4ndig kundenspezifische Verpackung:<\/b> Werten Sie Ihre Firmengeschenke mit individuell gestaltbaren Pr\u00e4sentationsboxen auf, die in laminierter, Kraftpapier- oder Fensterausf\u00fchrung erh\u00e4ltlich sind und so zur \u00c4sthetik Ihrer Kampagne passen.<\/p>\n<\/li>\n<li>\n<p data-path-to-node=\"6,3,0\"><b data-path-to-node=\"6,3,0\" data-index-in-node=\"0\">Ideal f\u00fcr Gro\u00dfveranstaltungen:<\/b> Ein kosteng\u00fcnstiger und gut sichtbarer Werbeartikel, der sich perfekt f\u00fcr Sommerfeste, Firmenveranstaltungen im Freien und gro\u00df angelegte Marketingkampagnen eignet.<\/p>\n<\/li>\n<\/ul>","protected":false},"featured_media":6311,"comment_status":"closed","ping_status":"closed","template":"","meta":[],"product_brand":[],"product_cat":[45],"product_tag":[],"class_list":{"0":"post-6150","1":"product","2":"type-product","3":"status-publish","4":"has-post-thumbnail","6":"product_cat-other","8":"first","9":"instock","10":"shipping-taxable","11":"purchasable","12":"product-type-simple"},"_links":{"self":[{"href":"https:\/\/wristbandfactory.eu\/de\/wp-json\/wp\/v2\/product\/6150","targetHints":{"allow":["GET"]}}],"collection":[{"href":"https:\/\/wristbandfactory.eu\/de\/wp-json\/wp\/v2\/product"}],"about":[{"href":"https:\/\/wristbandfactory.eu\/de\/wp-json\/wp\/v2\/types\/product"}],"replies":[{"embeddable":true,"href":"https:\/\/wristbandfactory.eu\/de\/wp-json\/wp\/v2\/comments?post=6150"}],"wp:featuredmedia":[{"embeddable":true,"href":"https:\/\/wristbandfactory.eu\/de\/wp-json\/wp\/v2\/media\/6311"}],"wp:attachment":[{"href":"https:\/\/wristbandfactory.eu\/de\/wp-json\/wp\/v2\/media?parent=6150"}],"wp:term":[{"taxonomy":"product_brand","embeddable":true,"href":"https:\/\/wristbandfactory.eu\/de\/wp-json\/wp\/v2\/product_brand?post=6150"},{"taxonomy":"product_cat","embeddable":true,"href":"https:\/\/wristbandfactory.eu\/de\/wp-json\/wp\/v2\/product_cat?post=6150"},{"taxonomy":"product_tag","embeddable":true,"href":"https:\/\/wristbandfactory.eu\/de\/wp-json\/wp\/v2\/product_tag?post=6150"}],"curies":[{"name":"wp","href":"https:\/\/api.w.org\/{rel}","templated":true}]}}