{"id":6135,"date":"2025-12-19T15:54:46","date_gmt":"2025-12-19T12:54:46","guid":{"rendered":"https:\/\/wristbandfactory.eu\/?post_type=product&#038;p=6135"},"modified":"2025-12-29T15:18:47","modified_gmt":"2025-12-29T12:18:47","slug":"custom-printed-wooden-deck-chairs-patio-stools-made-in-eu","status":"publish","type":"product","link":"https:\/\/wristbandfactory.eu\/de\/p\/custom-printed-wooden-deck-chairs-patio-stools-made-in-eu\/","title":{"rendered":"Bedruckte Liegest\u00fchle aus Holz (Made in EU)"},"content":{"rendered":"<p data-path-to-node=\"10\">Schaffen Sie ein entspannendes Markenerlebnis mit unserem Premium-Sortiment. <b data-path-to-node=\"10\" data-index-in-node=\"86\">Individuell bedruckte Liegest\u00fchle und Hocker aus Holz<\/b>. Ob f\u00fcr einen Strandclub, ein Musikfestival, eine sommerliche Firmenterrasse oder ein Winterskigebiet \u2013 diese St\u00fchle bieten die perfekte Mischung aus Komfort und Sicht.<\/p>\n<p data-path-to-node=\"11\">Unsere direkt in der EU gefertigten Gestelle bestehen aus robustem Buchenholz (Naturfinish) und garantieren so Langlebigkeit und eine hochwertige Anmutung im Vergleich zu leichten Importmodellen. Der Sitzbezug wird digital in Vollfarbe bedruckt, wodurch fotorealistische Designs entstehen, die die gesamte Oberfl\u00e4che bedecken.<\/p>\n<h3 data-path-to-node=\"12\">Verf\u00fcgbare Modelle<\/h3>\n<p data-path-to-node=\"13\">Wir bieten vier verschiedene Konfigurationen an, die Ihren Veranstaltungsbed\u00fcrfnissen gerecht werden:<\/p>\n<ol start=\"1\" data-path-to-node=\"14\">\n<li>\n<p data-path-to-node=\"14,0,0\"><b data-path-to-node=\"14,0,0\" data-index-in-node=\"0\">Klassischer Liegestuhl:<\/b> Zeitloses Design ohne Armlehnen. Minimalistisch und tragbar.<\/p>\n<\/li>\n<li>\n<p data-path-to-node=\"14,1,0\"><b data-path-to-node=\"14,1,0\" data-index-in-node=\"0\">Komfortabler Liegestuhl:<\/b> Verf\u00fcgt \u00fcber ergonomische Armlehnen f\u00fcr zus\u00e4tzliche Entspannung.<\/p>\n<\/li>\n<li>\n<p data-path-to-node=\"14,2,0\"><b data-path-to-node=\"14,2,0\" data-index-in-node=\"0\">Premium-Liegestuhl:<\/b> Mit Armlehnen und integriertem Getr\u00e4nkehalter \u2013 die ultimative Wahl f\u00fcr Festivals.<\/p>\n<\/li>\n<li>\n<p data-path-to-node=\"14,3,0\"><b data-path-to-node=\"14,3,0\" data-index-in-node=\"0\">Terrassenhocker:<\/b> Eine kompakte, faltbare Fu\u00dfst\u00fctze oder ein zus\u00e4tzlicher Sitz, der perfekt zu den St\u00fchlen passt.<\/p>\n<\/li>\n<\/ol>\n<h2 data-path-to-node=\"15\">Hauptmerkmale<\/h2>\n<ul data-path-to-node=\"16\">\n<li>\n<p data-path-to-node=\"16,0,0\"><b data-path-to-node=\"16,0,0\" data-index-in-node=\"0\">Anpassbarer Komfort:<\/b> Alle Stuhlmodelle verf\u00fcgen \u00fcber eine 3-stufige R\u00fcckenlehnenh\u00f6henverstellung f\u00fcr individuelles Sitzen (Standard: Bereich 28\/60 mm; Modelle mit Armlehnen: Bereich 28\/57 mm oder 32\/61 mm).<\/p>\n<\/li>\n<li>\n<p data-path-to-node=\"16,1,0\"><b data-path-to-node=\"16,1,0\" data-index-in-node=\"0\">Lebendiges Branding:<\/b> Das 215 g\/m\u00b2 Polyestergewebe unterst\u00fctzt hochaufl\u00f6senden CMYK-Druck. <i data-path-to-node=\"16,1,0\" data-index-in-node=\"83\">Hinweis: Aufgrund der Absorptionseigenschaften des Textils k\u00f6nnen die endg\u00fcltigen Farben bis zu 151 TP4T von der digitalen Datei abweichen.<\/i><\/p>\n<\/li>\n<li>\n<p data-path-to-node=\"16,2,0\"><b data-path-to-node=\"16,2,0\" data-index-in-node=\"0\">Intelligentes Design:<\/b> Die Stuhlbez\u00fcge sind abnehmbar und austauschbar, sodass Sie Kampagnen aktualisieren k\u00f6nnen, ohne neue Gestelle kaufen zu m\u00fcssen. (Hinweis: Der Hockerbezug ist fest\/nicht abnehmbar).<\/p>\n<\/li>\n<li>\n<p data-path-to-node=\"16,3,0\"><b data-path-to-node=\"16,3,0\" data-index-in-node=\"0\">Sicherheit &amp; Last:<\/b> Die robuste Konstruktion erm\u00f6glicht eine Belastbarkeit von bis zu 110 kg pro Sitzplatz.<\/p>\n<\/li>\n<\/ul>\n<h2 data-path-to-node=\"17\">Technische Daten<\/h2>\n<table data-path-to-node=\"18\">\n<thead>\n<tr>\n<td><strong>Besonderheit<\/strong><\/td>\n<td><strong>Klassischer Stuhl<\/strong><\/td>\n<td><strong>Armlehnstuhl<\/strong><\/td>\n<td><strong>Stuhl mit Getr\u00e4nkehalter<\/strong><\/td>\n<td><strong>Terrassenhocker<\/strong><\/td>\n<\/tr>\n<\/thead>\n<tbody>\n<tr>\n<td><span data-path-to-node=\"18,1,0,0\"><b data-path-to-node=\"18,1,0,0\" data-index-in-node=\"0\">Rahmenmaterial<\/b><\/span><\/td>\n<td><span data-path-to-node=\"18,1,1,0\">Buchenholz<\/span><\/td>\n<td><span data-path-to-node=\"18,1,2,0\">Buchenholz<\/span><\/td>\n<td><span data-path-to-node=\"18,1,3,0\">Buchenholz<\/span><\/td>\n<td><span data-path-to-node=\"18,1,4,0\">Buchenholz<\/span><\/td>\n<\/tr>\n<tr>\n<td><span data-path-to-node=\"18,2,0,0\"><b data-path-to-node=\"18,2,0,0\" data-index-in-node=\"0\">Abmessungen (gefaltet)<\/b><\/span><\/td>\n<td><span data-path-to-node=\"18,2,1,0\">1250 x 560 mm<\/span><\/td>\n<td><span data-path-to-node=\"18,2,2,0\">1510 x 580 mm<\/span><\/td>\n<td><span data-path-to-node=\"18,2,3,0\">1510 x 580 mm<\/span><\/td>\n<td><span data-path-to-node=\"18,2,4,0\">500 x 320 mm<\/span><\/td>\n<\/tr>\n<tr>\n<td><span data-path-to-node=\"18,3,0,0\"><b data-path-to-node=\"18,3,0,0\" data-index-in-node=\"0\">H\u00f6henebenen<\/b><\/span><\/td>\n<td><span data-path-to-node=\"18,3,1,0\">3-stufig<\/span><\/td>\n<td><span data-path-to-node=\"18,3,2,0\">3-stufig<\/span><\/td>\n<td><span data-path-to-node=\"18,3,3,0\">3-stufig<\/span><\/td>\n<td><span data-path-to-node=\"18,3,4,0\">Fest (70 mm)<\/span><\/td>\n<\/tr>\n<tr>\n<td><span data-path-to-node=\"18,4,0,0\"><b data-path-to-node=\"18,4,0,0\" data-index-in-node=\"0\">Gewicht<\/b><\/span><\/td>\n<td><span data-path-to-node=\"18,4,1,0\">3,9 kg (7,8 kg\/Karton)<\/span><\/td>\n<td><span data-path-to-node=\"18,4,2,0\">4,4 kg (8,8 kg\/Karton)<\/span><\/td>\n<td><span data-path-to-node=\"18,4,3,0\">4,7 kg (9,4 kg\/Karton)<\/span><\/td>\n<td><span data-path-to-node=\"18,4,4,0\">1,6 kg (3,2 kg\/Karton)<\/span><\/td>\n<\/tr>\n<tr>\n<td><span data-path-to-node=\"18,5,0,0\"><b data-path-to-node=\"18,5,0,0\" data-index-in-node=\"0\">Stoff<\/b><\/span><\/td>\n<td><span data-path-to-node=\"18,5,1,0\">215 g\/m\u00b2 Polyester<\/span><\/td>\n<td><span data-path-to-node=\"18,5,2,0\">215 g\/m\u00b2 Polyester<\/span><\/td>\n<td><span data-path-to-node=\"18,5,3,0\">215 g\/m\u00b2 Polyester<\/span><\/td>\n<td><span data-path-to-node=\"18,5,4,0\">215 g\/m\u00b2 Polyester<\/span><\/td>\n<\/tr>\n<tr>\n<td><span data-path-to-node=\"18,6,0,0\"><b data-path-to-node=\"18,6,0,0\" data-index-in-node=\"0\">Verpackung<\/b><\/span><\/td>\n<td><span data-path-to-node=\"18,6,1,0\">2 St\u00fcck \/ Karton<\/span><\/td>\n<td><span data-path-to-node=\"18,6,2,0\">2 St\u00fcck \/ Karton<\/span><\/td>\n<td><span data-path-to-node=\"18,6,3,0\">2 St\u00fcck \/ Karton<\/span><\/td>\n<td><span data-path-to-node=\"18,6,4,0\">2 St\u00fcck \/ Karton<\/span><\/td>\n<\/tr>\n<\/tbody>\n<\/table>\n<h2 data-path-to-node=\"19\">Anwendungsf\u00e4lle<\/h2>\n<ul data-path-to-node=\"20\">\n<li>\n<p data-path-to-node=\"20,0,0\"><b data-path-to-node=\"20,0,0\" data-index-in-node=\"0\">Sommerfeste &amp; Strandbars:<\/b> Eine markeneigene Chill-out-Zone schaffen.<\/p>\n<\/li>\n<li>\n<p data-path-to-node=\"20,1,0\"><b data-path-to-node=\"20,1,0\" data-index-in-node=\"0\">Skigebiete:<\/b> Auch auf winterlichen Sonnenterrassen eignen sich robustes Holz und Polyester gut.<\/p>\n<\/li>\n<li>\n<p data-path-to-node=\"20,2,0\"><b data-path-to-node=\"20,2,0\" data-index-in-node=\"0\">Firmengeschenke:<\/b> Ein hochwertiges Geschenk f\u00fcr Partner zur Verwendung in ihren G\u00e4rten oder auf ihren Balkonen.<\/p>\n<\/li>\n<li>\n<p data-path-to-node=\"20,3,0\"><b data-path-to-node=\"20,3,0\" data-index-in-node=\"0\">Veranstaltungen im Freien:<\/b> Tragbare Sitzgelegenheiten, die gleichzeitig als Werbefl\u00e4che dienen.<\/p>\n<\/li>\n<\/ul>","protected":false},"excerpt":{"rendered":"<ul>\n<li>\n<p data-path-to-node=\"9,0,0\"><b data-path-to-node=\"9,0,0\" data-index-in-node=\"0\">Hergestellt in der EU:<\/b> Handgefertigt aus hochwertigem, nat\u00fcrlichem Buchenholz.<\/p>\n<\/li>\n<li>\n<p data-path-to-node=\"9,1,0\"><b data-path-to-node=\"9,1,0\" data-index-in-node=\"0\">Vollst\u00e4ndige Anpassung:<\/b> Randloser CMYK-Druck auf strapazierf\u00e4higem 215 g\/m\u00b2 Polyester.<\/p>\n<\/li>\n<li>\n<p data-path-to-node=\"9,2,0\"><b data-path-to-node=\"9,2,0\" data-index-in-node=\"0\">4 Modelle verf\u00fcgbar:<\/b> Standard, Armlehnen, Armlehnen + Getr\u00e4nkehalter und Klapphocker.<\/p>\n<\/li>\n<li>\n<p data-path-to-node=\"9,3,0\"><b data-path-to-node=\"9,3,0\" data-index-in-node=\"0\">Austauschbarer Stoff:<\/b> Das Design l\u00e4sst sich bei allen Stuhlmodellen unbedruckt \u00e4ndern (der Hockerbezug ist fest).<\/p>\n<\/li>\n<\/ul>","protected":false},"featured_media":6320,"comment_status":"closed","ping_status":"closed","template":"","meta":[],"product_brand":[],"product_cat":[68],"product_tag":[],"class_list":{"0":"post-6135","1":"product","2":"type-product","3":"status-publish","4":"has-post-thumbnail","6":"product_cat-event-supplies","8":"first","9":"instock","10":"shipping-taxable","11":"purchasable","12":"product-type-simple"},"_links":{"self":[{"href":"https:\/\/wristbandfactory.eu\/de\/wp-json\/wp\/v2\/product\/6135","targetHints":{"allow":["GET"]}}],"collection":[{"href":"https:\/\/wristbandfactory.eu\/de\/wp-json\/wp\/v2\/product"}],"about":[{"href":"https:\/\/wristbandfactory.eu\/de\/wp-json\/wp\/v2\/types\/product"}],"replies":[{"embeddable":true,"href":"https:\/\/wristbandfactory.eu\/de\/wp-json\/wp\/v2\/comments?post=6135"}],"wp:featuredmedia":[{"embeddable":true,"href":"https:\/\/wristbandfactory.eu\/de\/wp-json\/wp\/v2\/media\/6320"}],"wp:attachment":[{"href":"https:\/\/wristbandfactory.eu\/de\/wp-json\/wp\/v2\/media?parent=6135"}],"wp:term":[{"taxonomy":"product_brand","embeddable":true,"href":"https:\/\/wristbandfactory.eu\/de\/wp-json\/wp\/v2\/product_brand?post=6135"},{"taxonomy":"product_cat","embeddable":true,"href":"https:\/\/wristbandfactory.eu\/de\/wp-json\/wp\/v2\/product_cat?post=6135"},{"taxonomy":"product_tag","embeddable":true,"href":"https:\/\/wristbandfactory.eu\/de\/wp-json\/wp\/v2\/product_tag?post=6135"}],"curies":[{"name":"wp","href":"https:\/\/api.w.org\/{rel}","templated":true}]}}