{"id":6133,"date":"2025-12-19T15:34:23","date_gmt":"2025-12-19T12:34:23","guid":{"rendered":"https:\/\/wristbandfactory.eu\/?post_type=product&#038;p=6133"},"modified":"2025-12-19T15:34:24","modified_gmt":"2025-12-19T12:34:24","slug":"custom-led-acrylic-invitations-business-cards","status":"publish","type":"product","link":"https:\/\/wristbandfactory.eu\/de\/p\/custom-led-acrylic-invitations-business-cards\/","title":{"rendered":"Leuchtende Visitenkarten und LED-Einladungen"},"content":{"rendered":"<p data-path-to-node=\"9\">Werten Sie Ihre Marke oder Veranstaltung mit unserem auf <b data-path-to-node=\"9\" data-index-in-node=\"65\">Individuell gestaltete LED-Acryl-Einladungen und Visitenkarten<\/b>. Anders als herk\u00f6mmliche Papierkarten bestehen diese futuristischen Karten aus robustem, kristallklarem Acryl und sind mit integrierter LED-Technologie ausgestattet. Per Knopfdruck werden die laserge\u00e4tzten Details Ihres Designs aktiviert und leuchten auf \u2013 ein beeindruckender visueller Effekt, der Ihre Botschaft garantiert im Ged\u00e4chtnis beh\u00e4lt.<\/p>\n<p data-path-to-node=\"10\">Das sind nicht unbedruckt nur Karten; sie sind Erinnerungsst\u00fccke. Ob als hochwertige Visitenkarte, die sofort eine Verbindung herstellt, als leuchtender VIP-Pass f\u00fcr eine Abendveranstaltung oder als romantische Hochzeitseinladung \u2013 die LED-Acrylkarte schafft ein einzigartiges Erlebnis.<\/p>\n<h2 data-path-to-node=\"11\">Hauptmerkmale<\/h2>\n<ul data-path-to-node=\"12\">\n<li>\n<p data-path-to-node=\"12,0,0\"><b data-path-to-node=\"12,0,0\" data-index-in-node=\"0\">Lasergravurtechnologie:<\/b> Wir gravieren Ihren Text, Ihr Logo oder Ihr Kunstwerk direkt in die Acrylglasoberfl\u00e4che. Das LED-Licht durchdringt das Material und erfasst die Gravur, wodurch diese hell vor dem transparenten Hintergrund leuchtet.<\/p>\n<\/li>\n<li>\n<p data-path-to-node=\"12,1,0\"><b data-path-to-node=\"12,1,0\" data-index-in-node=\"0\">Ber\u00fchrungsaktivierung:<\/b> Moderne kapazitive Ber\u00fchrungssensoren erm\u00f6glichen es dem Empf\u00e4nger, das Licht nahtlos ein- und auszuschalten.<\/p>\n<\/li>\n<li>\n<p data-path-to-node=\"12,2,0\"><b data-path-to-node=\"12,2,0\" data-index-in-node=\"0\">Vollst\u00e4ndige Anpassung:<\/b> Erh\u00e4ltlich in verschiedenen Formen (rechteckig, quadratisch oder individuell gestanzt) und Gr\u00f6\u00dfen, passend zu Standard-Geldb\u00f6rsen oder gr\u00f6\u00dferen Briefumschlagformaten.<\/p>\n<\/li>\n<li>\n<p data-path-to-node=\"12,3,0\"><b data-path-to-node=\"12,3,0\" data-index-in-node=\"0\">Haltbarkeit:<\/b> Hergestellt aus robustem Acryl (PMMA), das Biegungen und Kratzern besser widersteht als herk\u00f6mmliche Plastikkarten.<\/p>\n<\/li>\n<\/ul>\n<h2 data-path-to-node=\"13\">Technische Daten<\/h2>\n<ul data-path-to-node=\"14\">\n<li>\n<p data-path-to-node=\"14,0,0\"><b data-path-to-node=\"14,0,0\" data-index-in-node=\"0\">Material:<\/b> Transparentes Acryl (PMMA).<\/p>\n<\/li>\n<li>\n<p data-path-to-node=\"14,1,0\"><b data-path-to-node=\"14,1,0\" data-index-in-node=\"0\">Dicke:<\/b> Optionen: 2 mm \u2013 3 mm.<\/p>\n<\/li>\n<li>\n<p data-path-to-node=\"14,2,0\"><b data-path-to-node=\"14,2,0\" data-index-in-node=\"0\">Lichtquelle:<\/b> Integrierte LED-Leuchten (wei\u00df oder mehrfarbig).<\/p>\n<\/li>\n<li>\n<p data-path-to-node=\"14,3,0\"><b data-path-to-node=\"14,3,0\" data-index-in-node=\"0\">Leistung:<\/b> Knopfzellenbatterien (austauschbar\/nicht wiederaufladbar) oder wiederaufladbar \u00fcber USB (ausgew\u00e4hlte Modelle).<\/p>\n<\/li>\n<li>\n<p data-path-to-node=\"14,4,0\"><b data-path-to-node=\"14,4,0\" data-index-in-node=\"0\">Schaltertyp:<\/b> Touchpad oder Tastenschalter.<\/p>\n<\/li>\n<li>\n<p data-path-to-node=\"14,5,0\"><b data-path-to-node=\"14,5,0\" data-index-in-node=\"0\">Produktionszeit:<\/b> 5-10 Werktage.<\/p>\n<\/li>\n<li>\n<p data-path-to-node=\"14,6,0\"><b data-path-to-node=\"14,6,0\" data-index-in-node=\"0\">Drucken:<\/b> Lasergravur (Standard) + Siebdruck- oder Buchdruckoptionen.<\/p>\n<\/li>\n<\/ul>\n<h2 data-path-to-node=\"15\">Anwendungsf\u00e4lle<\/h2>\n<ul data-path-to-node=\"16\">\n<li>\n<p data-path-to-node=\"16,0,0\"><b data-path-to-node=\"16,0,0\" data-index-in-node=\"0\">VIP-Visitenkarten:<\/b> Heben Sie sich bei Netzwerkveranstaltungen mit einer Visitenkarte hervor, die den Raum im wahrsten Sinne des Wortes erhellt.<\/p>\n<\/li>\n<li>\n<p data-path-to-node=\"16,1,0\"><b data-path-to-node=\"16,1,0\" data-index-in-node=\"0\">Luxuri\u00f6se Hochzeitseinladungen:<\/b> Setzen Sie mit leuchtenden Einladungen ein Zeichen f\u00fcr eine exklusive Abendhochzeit.<\/p>\n<\/li>\n<li>\n<p data-path-to-node=\"16,2,0\"><b data-path-to-node=\"16,2,0\" data-index-in-node=\"0\">Souvenirs zur Veranstaltung:<\/b> Perfekt f\u00fcr Fanartikel, Erinnerungstickets oder \u201cSave the Date\u201d-Magnete.<\/p>\n<\/li>\n<li>\n<p data-path-to-node=\"16,3,0\"><b data-path-to-node=\"16,3,0\" data-index-in-node=\"0\">Nachtleben &amp; Galas:<\/b> Sie eignen sich als gut sichtbare Getr\u00e4nkemarken oder VIP-Zugangskarten bei schlechten Lichtverh\u00e4ltnissen.<\/p>\n<\/li>\n<\/ul>","protected":false},"excerpt":{"rendered":"<ul>\n<li>\n<p data-path-to-node=\"8,0,0\"><b data-path-to-node=\"8,0,0\" data-index-in-node=\"0\">Erleuchteter Einschlag:<\/b> Eingebaute LED-Leuchten lassen Ihr lasergraviertes Design brillant erstrahlen.<\/p>\n<\/li>\n<li>\n<p data-path-to-node=\"8,1,0\"><b data-path-to-node=\"8,1,0\" data-index-in-node=\"0\">Hochwertiges Material:<\/b> Hochwertiges, 2 mm oder 3 mm starkes, kristallklares Acrylglas.<\/p>\n<\/li>\n<li>\n<p data-path-to-node=\"8,2,0\"><b data-path-to-node=\"8,2,0\" data-index-in-node=\"0\">Kundenspezifische Technologie:<\/b> Erh\u00e4ltlich mit Touchpad-Schaltern und wiederaufladbaren oder Einwegbatterien.<\/p>\n<\/li>\n<li>\n<p data-path-to-node=\"8,3,0\"><b data-path-to-node=\"8,3,0\" data-index-in-node=\"0\">Vielseitig einsetzbar:<\/b> Ideal f\u00fcr luxuri\u00f6se Hochzeitseinladungen, hochwertige Visitenkarten oder Souvenirtickets.<\/p>\n<\/li>\n<\/ul>","protected":false},"featured_media":6134,"comment_status":"closed","ping_status":"closed","template":"","meta":[],"product_brand":[],"product_cat":[76],"product_tag":[],"class_list":{"0":"post-6133","1":"product","2":"type-product","3":"status-publish","4":"has-post-thumbnail","6":"product_cat-glow-led-products","8":"first","9":"instock","10":"shipping-taxable","11":"product-type-simple"},"_links":{"self":[{"href":"https:\/\/wristbandfactory.eu\/de\/wp-json\/wp\/v2\/product\/6133","targetHints":{"allow":["GET"]}}],"collection":[{"href":"https:\/\/wristbandfactory.eu\/de\/wp-json\/wp\/v2\/product"}],"about":[{"href":"https:\/\/wristbandfactory.eu\/de\/wp-json\/wp\/v2\/types\/product"}],"replies":[{"embeddable":true,"href":"https:\/\/wristbandfactory.eu\/de\/wp-json\/wp\/v2\/comments?post=6133"}],"wp:featuredmedia":[{"embeddable":true,"href":"https:\/\/wristbandfactory.eu\/de\/wp-json\/wp\/v2\/media\/6134"}],"wp:attachment":[{"href":"https:\/\/wristbandfactory.eu\/de\/wp-json\/wp\/v2\/media?parent=6133"}],"wp:term":[{"taxonomy":"product_brand","embeddable":true,"href":"https:\/\/wristbandfactory.eu\/de\/wp-json\/wp\/v2\/product_brand?post=6133"},{"taxonomy":"product_cat","embeddable":true,"href":"https:\/\/wristbandfactory.eu\/de\/wp-json\/wp\/v2\/product_cat?post=6133"},{"taxonomy":"product_tag","embeddable":true,"href":"https:\/\/wristbandfactory.eu\/de\/wp-json\/wp\/v2\/product_tag?post=6133"}],"curies":[{"name":"wp","href":"https:\/\/api.w.org\/{rel}","templated":true}]}}