{"id":6109,"date":"2025-12-18T12:35:53","date_gmt":"2025-12-18T09:35:53","guid":{"rendered":"https:\/\/wristbandfactory.eu\/?post_type=product&#038;p=6109"},"modified":"2025-12-18T12:36:00","modified_gmt":"2025-12-18T09:36:00","slug":"full-color-tyvek-wristbands-cmyk-photo-print","status":"publish","type":"product","link":"https:\/\/wristbandfactory.eu\/de\/p\/full-color-tyvek-wristbands-cmyk-photo-print\/","title":{"rendered":"Tyvek-B\u00e4nder mit Vollfarbdruck (CMYK)"},"content":{"rendered":"<p data-path-to-node=\"12\">Steigern Sie die Markenpr\u00e4senz Ihrer Veranstaltung mit unserem <b data-path-to-node=\"12\" data-index-in-node=\"62\">Vollfarbige Tyvek-Armb\u00e4nder<\/b>. Im Gegensatz zu herk\u00f6mmlichen einfarbigen Optionen beseitigt dieses Premium-Druckverfahren alle gestalterischen Einschr\u00e4nkungen und erm\u00f6glicht es Ihnen, einen unbedruckten Sicherheitsausweis in ein leistungsstarkes Marketinginstrument zu verwandeln.<\/p>\n<p data-path-to-node=\"13\">Mithilfe fortschrittlicher digitaler CMYK-Drucktechnologie k\u00f6nnen wir reproduzieren <b data-path-to-node=\"13\" data-index-in-node=\"66\">hochaufl\u00f6sende Fotos, sanfte Farbverl\u00e4ufe und mehrfarbige Sponsorenlogos<\/b> Mit au\u00dfergew\u00f6hnlicher Klarheit. Der Druck erstreckt sich \u00fcber die gesamte Fl\u00e4che und bietet Ihnen so eine vollst\u00e4ndig individualisierbare Fl\u00e4che, um Ihre Markenidentit\u00e4t oder Ihr Festivalthema optimal zu pr\u00e4sentieren.<\/p>\n<h2 data-path-to-node=\"14\">Hauptmerkmale<\/h2>\n<ul data-path-to-node=\"15\">\n<li>\n<p data-path-to-node=\"15,0,0\"><b data-path-to-node=\"15,0,0\" data-index-in-node=\"0\">CMYK-Fotoqualit\u00e4t:<\/b> Drucken Sie Millionen von Farben mit h\u00f6chster Pr\u00e4zision. Perfekt f\u00fcr komplexe Kunstwerke, die Schattierungen oder feine Details erfordern.<\/p>\n<\/li>\n<li>\n<p data-path-to-node=\"15,1,0\"><b data-path-to-node=\"15,1,0\" data-index-in-node=\"0\">Maximale Markenpr\u00e4senz:<\/b> Ideal f\u00fcr Festivals und Firmenveranstaltungen, bei denen Sponsorenlogos in ihren Originalfarben dargestellt werden m\u00fcssen.<\/p>\n<\/li>\n<li>\n<p data-path-to-node=\"15,2,0\"><b data-path-to-node=\"15,2,0\" data-index-in-node=\"0\">Manipulationssichere Sicherheit:<\/b> Ausgestattet mit einem sicheren, gestanzten Klebeverschluss, der sich beim Entfernen aufl\u00f6st, um eine Weitergabe des Tickets zu verhindern.<\/p>\n<\/li>\n<li>\n<p data-path-to-node=\"15,3,0\"><b data-path-to-node=\"15,3,0\" data-index-in-node=\"0\">Fortlaufende Nummerierung:<\/b> Jedes Armband verf\u00fcgt \u00fcber eine eindeutige Seriennummer zur Kapazit\u00e4tsverfolgung und Sicherheitspr\u00fcfung.<\/p>\n<\/li>\n<li>\n<p data-path-to-node=\"15,4,0\"><b data-path-to-node=\"15,4,0\" data-index-in-node=\"0\">Original DuPont\u2122 Tyvek\u00ae:<\/b> Wir verwenden authentisches Tyvek\u00ae-Material, das wasserdicht, strapazierf\u00e4hig und komfortabel f\u00fcr mehrt\u00e4gige Veranstaltungen ist.<\/p>\n<\/li>\n<li>\n<p data-path-to-node=\"15,5,0\"><b data-path-to-node=\"15,5,0\" data-index-in-node=\"0\">Optionaler Abrei\u00dfabschnitt:<\/b> Kann mit einem perforierten Abschnitt hergestellt werden, ideal f\u00fcr Getr\u00e4nkegutscheine, Garderobenanh\u00e4nger oder Tombola-Lose.<\/p>\n<\/li>\n<\/ul>\n<h2 data-path-to-node=\"16\">Technische Daten<\/h2>\n<ul data-path-to-node=\"17\">\n<li>\n<p data-path-to-node=\"17,0,0\"><b data-path-to-node=\"17,0,0\" data-index-in-node=\"0\">Material:<\/b> DuPont\u2122 Tyvek\u00ae (Recycelbares Polyethylen hoher Dichte).<\/p>\n<\/li>\n<li>\n<p data-path-to-node=\"17,1,0\"><b data-path-to-node=\"17,1,0\" data-index-in-node=\"0\">Druckart:<\/b> Digitaler Vollfarbdruck (CMYK).<\/p>\n<\/li>\n<li>\n<p data-path-to-node=\"17,2,0\"><b data-path-to-node=\"17,2,0\" data-index-in-node=\"0\">Druckbereich:<\/b> Randlos (Beschnitt erlaubt).<\/p>\n<\/li>\n<li>\n<p data-path-to-node=\"17,3,0\"><b data-path-to-node=\"17,3,0\" data-index-in-node=\"0\">Gr\u00f6\u00dfe:<\/b> Standardbreite 19 mm oder 25 mm.<\/p>\n<\/li>\n<li>\n<p data-path-to-node=\"17,4,0\"><b data-path-to-node=\"17,4,0\" data-index-in-node=\"0\">Schlie\u00dfung:<\/b> Einwegklebstoff mit Sicherheitsverschluss.<\/p>\n<\/li>\n<li>\n<p data-path-to-node=\"17,5,0\"><b data-path-to-node=\"17,5,0\" data-index-in-node=\"0\">Haltbarkeit:<\/b> Wasserabweisend, rei\u00dffest, geeignet f\u00fcr 1-5 Tage.<\/p>\n<\/li>\n<\/ul>\n<h2 data-path-to-node=\"18\">Anwendungsf\u00e4lle<\/h2>\n<ul data-path-to-node=\"19\">\n<li>\n<p data-path-to-node=\"19,0,0\"><b data-path-to-node=\"19,0,0\" data-index-in-node=\"0\">Musikfestivals:<\/b> Lebendige Designs, die zur visuellen Identit\u00e4t des Festivals passen.<\/p>\n<\/li>\n<li>\n<p data-path-to-node=\"19,1,0\"><b data-path-to-node=\"19,1,0\" data-index-in-node=\"0\">VIP-Zugang:<\/b> VIP-G\u00e4ste werden durch ein hochwertiges, farbiges Erscheinungsbild von Standard-Armb\u00e4ndern unterschieden.<\/p>\n<\/li>\n<li>\n<p data-path-to-node=\"19,2,0\"><b data-path-to-node=\"19,2,0\" data-index-in-node=\"0\">Sponsoring:<\/b> Mehrere Sponsorenlogos sollen deutlich in ihren offiziellen Firmenfarben angezeigt werden.<\/p>\n<\/li>\n<li>\n<p data-path-to-node=\"19,3,0\"><b data-path-to-node=\"19,3,0\" data-index-in-node=\"0\">Marketingkampagnen:<\/b> Nutzen Sie QR-Codes und aussagekr\u00e4ftige Grafiken, um die Interaktion zu f\u00f6rdern.<\/p>\n<\/li>\n<\/ul>","protected":false},"excerpt":{"rendered":"<ul>\n<li>\n<p data-path-to-node=\"11,0,0\"><b data-path-to-node=\"11,0,0\" data-index-in-node=\"0\">Grenzenlose Kreativit\u00e4t:<\/b> Der Vollfarb-CMYK-Druck erm\u00f6glicht die Darstellung von Fotos, Farbverl\u00e4ufen und komplexen Sponsorenlogos.<\/p>\n<\/li>\n<li>\n<p data-path-to-node=\"11,1,0\"><b data-path-to-node=\"11,1,0\" data-index-in-node=\"0\">Randloses Design:<\/b> Maximieren Sie die Markenwirkung mit einem Design, das die gesamte L\u00e4nge des Armbands bedeckt.<\/p>\n<\/li>\n<li>\n<p data-path-to-node=\"11,2,0\"><b data-path-to-node=\"11,2,0\" data-index-in-node=\"0\">Hochaufl\u00f6send:<\/b> Gestochen scharfe, fotorealistische Druckqualit\u00e4t, die mit herk\u00f6mmlichem Siebdruck nicht erreichbar ist.<\/p>\n<\/li>\n<li>\n<p data-path-to-node=\"11,3,0\"><b data-path-to-node=\"11,3,0\" data-index-in-node=\"0\">Sicher und langlebig:<\/b> Mit fortlaufender Nummerierung und echtem, rei\u00dffestem DuPont\u2122 Tyvek\u00ae.<\/p>\n<\/li>\n<\/ul>","protected":false},"featured_media":6110,"comment_status":"closed","ping_status":"closed","template":"","meta":[],"product_brand":[],"product_cat":[41],"product_tag":[],"class_list":{"0":"post-6109","1":"product","2":"type-product","3":"status-publish","4":"has-post-thumbnail","6":"product_cat-tyvek","8":"first","9":"instock","10":"shipping-taxable","11":"purchasable","12":"product-type-simple"},"_links":{"self":[{"href":"https:\/\/wristbandfactory.eu\/de\/wp-json\/wp\/v2\/product\/6109","targetHints":{"allow":["GET"]}}],"collection":[{"href":"https:\/\/wristbandfactory.eu\/de\/wp-json\/wp\/v2\/product"}],"about":[{"href":"https:\/\/wristbandfactory.eu\/de\/wp-json\/wp\/v2\/types\/product"}],"replies":[{"embeddable":true,"href":"https:\/\/wristbandfactory.eu\/de\/wp-json\/wp\/v2\/comments?post=6109"}],"wp:featuredmedia":[{"embeddable":true,"href":"https:\/\/wristbandfactory.eu\/de\/wp-json\/wp\/v2\/media\/6110"}],"wp:attachment":[{"href":"https:\/\/wristbandfactory.eu\/de\/wp-json\/wp\/v2\/media?parent=6109"}],"wp:term":[{"taxonomy":"product_brand","embeddable":true,"href":"https:\/\/wristbandfactory.eu\/de\/wp-json\/wp\/v2\/product_brand?post=6109"},{"taxonomy":"product_cat","embeddable":true,"href":"https:\/\/wristbandfactory.eu\/de\/wp-json\/wp\/v2\/product_cat?post=6109"},{"taxonomy":"product_tag","embeddable":true,"href":"https:\/\/wristbandfactory.eu\/de\/wp-json\/wp\/v2\/product_tag?post=6109"}],"curies":[{"name":"wp","href":"https:\/\/api.w.org\/{rel}","templated":true}]}}