{"id":6103,"date":"2025-12-17T16:17:31","date_gmt":"2025-12-17T13:17:31","guid":{"rendered":"https:\/\/wristbandfactory.eu\/?post_type=product&#038;p=6103"},"modified":"2025-12-19T01:19:49","modified_gmt":"2025-12-18T22:19:49","slug":"custom-tyvek-running-bibs-race-numbers","status":"publish","type":"product","link":"https:\/\/wristbandfactory.eu\/de\/p\/custom-tyvek-running-bibs-race-numbers\/","title":{"rendered":"Startnummern aus Tyvek (Bedruckt)"},"content":{"rendered":"<p data-path-to-node=\"10\">Statten Sie Ihre Athleten mit professioneller Ausr\u00fcstung aus <b>Individuell gestaltbare Tyvek-Laufhosen<\/b>. Ob Sie einen Stadtmarathon, einen Wohlt\u00e4tigkeitslauf oder einen Schulsporttag organisieren, die Qualit\u00e4t der Startnummer spiegelt die Qualit\u00e4t der Veranstaltung wider.<\/p>\n<p data-path-to-node=\"11\">Wir verwenden <b>Tyvek\u00ae-Material<\/b>, Das Material ist der Branchenstandard f\u00fcr Startnummern. Es sieht aus wie Papier und l\u00e4sst sich auch so bedrucken, ist aber so haltbar wie Kunststoff. Es ist praktisch unm\u00f6glich, es von Hand zu zerrei\u00dfen, zerf\u00e4llt nicht bei Regen oder Schwei\u00df und bleibt leicht (insbesondere unser empfohlenes Material). <b>43 g\/m\u00b2<\/b> Option), sodass die Konkurrenz es kaum sp\u00fcrt.<\/p>\n<h2 data-path-to-node=\"12\">Hauptmerkmale<\/h2>\n<ul data-path-to-node=\"13\">\n<li>\n<p data-path-to-node=\"13,0,0\"><b>Unzerst\u00f6rbare Haltbarkeit:<\/b> Tyvek h\u00e4lt den Belastungen von Langstreckenl\u00e4ufen, Schlamml\u00e4ufen und schlechtem Wetter stand, ohne zu rei\u00dfen oder auszubleichen.<\/p>\n<\/li>\n<li>\n<p data-path-to-node=\"13,1,0\"><b>Variabler Datendruck:<\/b> Wir k\u00f6nnen fortlaufende Nummern, Barcodes, QR-Codes und die Namen der einzelnen Teilnehmer direkt auf die Startnummern drucken.<\/p>\n<\/li>\n<li>\n<p data-path-to-node=\"13,2,0\"><b>Sichtbarkeit der Sponsoren:<\/b> Die gro\u00dfe Fl\u00e4che bietet optimale Bedingungen f\u00fcr Sponsorenlogos und sorgt daf\u00fcr, dass diese auf jedem Foto der Veranstaltung zu sehen sind.<\/p>\n<\/li>\n<li>\n<p data-path-to-node=\"13,3,0\"><b>Sichere Verbindung:<\/b> Sie sind so konzipiert, dass sie sich leicht an Kleidung befestigen lassen (Sicherheitsnadeln werden \u00fcblicherweise separat oder als Set verkauft).<\/p>\n<\/li>\n<\/ul>\n<h2 data-path-to-node=\"14\">Technische Daten<\/h2>\n<ul data-path-to-node=\"15\">\n<li>\n<p data-path-to-node=\"15,0,0\"><b>Material:<\/b> Tyvek\u00ae (Synthetikpapier).<\/p>\n<\/li>\n<li>\n<p data-path-to-node=\"15,1,0\"><b>Dicke:<\/b> 43 g\/m\u00b2 (Leicht &amp; Weich), 55 g\/m\u00b2, 75 g\/m\u00b2 (Fest).<\/p>\n<\/li>\n<li>\n<p data-path-to-node=\"15,2,0\"><b>Standardgr\u00f6\u00dfen:<\/b><\/p>\n<ul data-path-to-node=\"15,2,1\">\n<li>\n<p data-path-to-node=\"15,2,1,0,0\">21 x 22 cm (Gro\u00df)<\/p>\n<\/li>\n<li>\n<p data-path-to-node=\"15,2,1,1,0\">21 x 15 cm (A5-Standard)<\/p>\n<\/li>\n<li>\n<p data-path-to-node=\"15,2,1,2,0\">20 x 20 cm \/ 18 x 18 cm (Quadrat)<\/p>\n<\/li>\n<li>\n<p data-path-to-node=\"15,2,1,3,0\">21 x 11 cm \/ 10 x 11 cm (Klein)<\/p>\n<\/li>\n<\/ul>\n<\/li>\n<li>\n<p data-path-to-node=\"15,3,0\"><b>Drucken:<\/b> Vollfarbdigital (CMYK).<\/p>\n<\/li>\n<li>\n<p data-path-to-node=\"15,4,0\"><b>Festsetzung:<\/b> 4 Eckl\u00f6cher (optional).<\/p>\n<\/li>\n<li>\n<p data-path-to-node=\"15,5,0\"><b>Mindestbestellmenge:<\/b> 100 Einheiten.<\/p>\n<\/li>\n<\/ul>\n<h2 data-path-to-node=\"16\">Anwendungsf\u00e4lle<\/h2>\n<ul data-path-to-node=\"17\">\n<li>\n<p data-path-to-node=\"17,0,0\"><b>Marathons &amp; Triathlons:<\/b> Erforderlicher Ausweis f\u00fcr zeitlich begrenzte Wettk\u00e4mpfe.<\/p>\n<\/li>\n<li>\n<p data-path-to-node=\"17,1,0\"><b>Wohlt\u00e4tigkeitsl\u00e4ufe:<\/b> Branding-M\u00f6glichkeit f\u00fcr Sponsoren und gemeinn\u00fctzige Organisationen.<\/p>\n<\/li>\n<li>\n<p data-path-to-node=\"17,2,0\"><b>Skifahren &amp; Radfahren:<\/b> Robuste Zahlen, die Wind und Feuchtigkeit widerstehen.<\/p>\n<\/li>\n<li>\n<p data-path-to-node=\"17,3,0\"><b>Vorsprechen:<\/b> Werden als Identifikationsnummern f\u00fcr Tanz- oder Casting-Vorsprechen verwendet.<\/p>\n<\/li>\n<\/ul>","protected":false},"excerpt":{"rendered":"<ul>\n<li>\n<p data-path-to-node=\"9,0,0\"><b>Material:<\/b> Echt <b>Tyvek\u00ae<\/b> \u2013 rei\u00dffest, wasserdicht und atmungsaktiv.<\/p>\n<\/li>\n<li>\n<p data-path-to-node=\"9,1,0\"><b>Gewichtsoptionen:<\/b> Erh\u00e4ltlich in 43 g\/m\u00b2 (empfohlen f\u00fcr leichtes Material), 55 g\/m\u00b2 oder 75 g\/m\u00b2.<\/p>\n<\/li>\n<li>\n<p data-path-to-node=\"9,2,0\"><b>Anpassung:<\/b> Vollfarbiger Digitaldruck f\u00fcr Logos, Nummern und Sponsorendaten.<\/p>\n<\/li>\n<li>\n<p data-path-to-node=\"9,3,0\"><b>Gr\u00f6\u00dfen:<\/b> Breites Angebot an Standardgr\u00f6\u00dfen (z. B. A5, A4, 21x22 cm) f\u00fcr jede Art von Veranstaltung.<\/p>\n<\/li>\n<\/ul>","protected":false},"featured_media":6132,"comment_status":"closed","ping_status":"closed","template":"","meta":[],"product_brand":[],"product_cat":[68,118],"product_tag":[],"class_list":{"0":"post-6103","1":"product","2":"type-product","3":"status-publish","4":"has-post-thumbnail","6":"product_cat-event-supplies","7":"product_cat-sports-fitness","9":"first","10":"instock","11":"shipping-taxable","12":"purchasable","13":"product-type-simple"},"_links":{"self":[{"href":"https:\/\/wristbandfactory.eu\/de\/wp-json\/wp\/v2\/product\/6103","targetHints":{"allow":["GET"]}}],"collection":[{"href":"https:\/\/wristbandfactory.eu\/de\/wp-json\/wp\/v2\/product"}],"about":[{"href":"https:\/\/wristbandfactory.eu\/de\/wp-json\/wp\/v2\/types\/product"}],"replies":[{"embeddable":true,"href":"https:\/\/wristbandfactory.eu\/de\/wp-json\/wp\/v2\/comments?post=6103"}],"wp:featuredmedia":[{"embeddable":true,"href":"https:\/\/wristbandfactory.eu\/de\/wp-json\/wp\/v2\/media\/6132"}],"wp:attachment":[{"href":"https:\/\/wristbandfactory.eu\/de\/wp-json\/wp\/v2\/media?parent=6103"}],"wp:term":[{"taxonomy":"product_brand","embeddable":true,"href":"https:\/\/wristbandfactory.eu\/de\/wp-json\/wp\/v2\/product_brand?post=6103"},{"taxonomy":"product_cat","embeddable":true,"href":"https:\/\/wristbandfactory.eu\/de\/wp-json\/wp\/v2\/product_cat?post=6103"},{"taxonomy":"product_tag","embeddable":true,"href":"https:\/\/wristbandfactory.eu\/de\/wp-json\/wp\/v2\/product_tag?post=6103"}],"curies":[{"name":"wp","href":"https:\/\/api.w.org\/{rel}","templated":true}]}}