{"id":6096,"date":"2025-12-17T16:05:07","date_gmt":"2025-12-17T13:05:07","guid":{"rendered":"https:\/\/wristbandfactory.eu\/?post_type=product&#038;p=6096"},"modified":"2026-03-03T12:09:37","modified_gmt":"2026-03-03T09:09:37","slug":"custom-printed-full-color-boxer-shorts","status":"publish","type":"product","link":"https:\/\/wristbandfactory.eu\/de\/p\/custom-printed-full-color-boxer-shorts\/","title":{"rendered":"Individuell bedruckte Boxershorts in Vollfarbe"},"content":{"rendered":"<p data-path-to-node=\"6\">Verwandeln Sie ein allt\u00e4gliches Basic in ein Statement mit unseren individuell bedruckten Boxershorts in Vollfarbe. Ob f\u00fcr ein Sportteam auf der Suche nach einem einheitlichen Outfit bis hin zur Funktionsunterw\u00e4sche, eine Band mit einzigartigen Merchandise-Artikeln oder ein Unternehmen, das ein witziges und einpr\u00e4gsames Werbegeschenk kreieren m\u00f6chte \u2013 diese Boxershorts bieten Ihnen maximale kreative Freiheit.<\/p>\n<p data-path-to-node=\"7\">Anders als bei herk\u00f6mmlicher bedruckter Unterw\u00e4sche, bei der ein Logo unbedruckt per Hei\u00dfpressung auf das fertige Kleidungsst\u00fcck aufgebracht wird, fertigen wir diese Unterw\u00e4sche von Grund auf neu. Wir bedrucken Rollen hochwertigen Stoff mit Ihrem individuellen Design, bevor wir diesen zuschneiden und vern\u00e4hen. So bedeckt Ihr Design \u2013 ob sich ein Logo-Muster wiederholt, ein hochaufl\u00f6sendes Foto oder Ihre spezifischen Markenfarben \u2013 das gesamte Produkt nahtlos, inklusive des Bundes.<\/p>\n<h2 data-path-to-node=\"8\">Hauptmerkmale<\/h2>\n<ul data-path-to-node=\"9\">\n<li>\n<p data-path-to-node=\"9,0,0\"><b data-path-to-node=\"9,0,0\" data-index-in-node=\"0\">Hochwertige Materialmischung:<\/b> Hergestellt aus einer strapazierf\u00e4higen, dehnbaren Mischung aus Polyesterfasern und Elasthan. Dadurch ist der Stoff angenehm weich auf der Haut, hoch atmungsaktiv und beh\u00e4lt seine Form dauerhaft.<\/p>\n<\/li>\n<li>\n<p data-path-to-node=\"9,1,0\"><b data-path-to-node=\"9,1,0\" data-index-in-node=\"0\">Lebendiger Sublimationsdruck:<\/b> Wir nutzen modernste hochaufl\u00f6sende Drucktechnologie. Die Tinte wird direkt in die Stofffasern eingearbeitet, wodurch garantiert wird, dass Ihr Firmendesign auch nach mehrmaligem Waschen nicht rei\u00dft, abbl\u00e4ttert oder verblasst.<\/p>\n<\/li>\n<li>\n<p data-path-to-node=\"9,2,0\"><b data-path-to-node=\"9,2,0\" data-index-in-node=\"0\">Vollst\u00e4ndige Personalisierung:<\/b> Ideal f\u00fcr individuelle Namensgebung. Sie k\u00f6nnen eine Gro\u00dfbestellung aufgeben, bei der jedes einzelne Paar einen anderen Namen oder eine andere Nummer auf dem Bund oder Bein aufgedruckt erh\u00e4lt, was Ihren Produkten eine hochwertige Note verleiht.<\/p>\n<\/li>\n<\/ul>\n<h2 data-path-to-node=\"10\">Technische Daten<\/h2>\n<ul data-path-to-node=\"11\">\n<li>\n<p data-path-to-node=\"11,0,0\"><b data-path-to-node=\"11,0,0\" data-index-in-node=\"0\">Material:<\/b> Polyesterfaser- und Elasthanmischung.<\/p>\n<\/li>\n<li>\n<p data-path-to-node=\"11,1,0\"><b data-path-to-node=\"11,1,0\" data-index-in-node=\"0\">Drucktechnik:<\/b> Vollst\u00e4ndiger Farbsublimationsdruck (CMYK).<\/p>\n<\/li>\n<li>\n<p data-path-to-node=\"11,2,0\"><b data-path-to-node=\"11,2,0\" data-index-in-node=\"0\">Aufl\u00f6sung:<\/b> Hochaufl\u00f6sende Fotoqualit\u00e4t.<\/p>\n<\/li>\n<li>\n<p data-path-to-node=\"11,3,0\"><b data-path-to-node=\"11,3,0\" data-index-in-node=\"0\">Stile:<\/b> Herren-Boxershorts, Damen-Slips\/Shorts.<\/p>\n<\/li>\n<li>\n<p data-path-to-node=\"11,4,0\"><b data-path-to-node=\"11,4,0\" data-index-in-node=\"0\">Gr\u00f6\u00dfen:<\/b> XS \u2013 XXL.<\/p>\n<\/li>\n<li>\n<p data-path-to-node=\"11,5,0\"><b data-path-to-node=\"11,5,0\" data-index-in-node=\"0\">Mindestbestellmenge:<\/b> 50 Einheiten.<\/p>\n<\/li>\n<\/ul>\n<h2 data-path-to-node=\"12\">Anwendungsf\u00e4lle<\/h2>\n<ul data-path-to-node=\"13\">\n<li>\n<p data-path-to-node=\"13,0,0\"><b data-path-to-node=\"13,0,0\" data-index-in-node=\"0\">Sportmannschaften und Vereine:<\/b> Einheitliche Funktionsunterw\u00e4sche f\u00fcr Fu\u00dfball-, Basketball-, Rugby-Mannschaften oder Sportverb\u00e4nde.<\/p>\n<\/li>\n<li>\n<p data-path-to-node=\"13,1,0\"><b data-path-to-node=\"13,1,0\" data-index-in-node=\"0\">Waren &amp; Einzelhandel:<\/b> Attraktive und margenstarke Bekleidungsartikel f\u00fcr Bands, Festivals und Influencer, die ihr Merchandising-Sortiment erweitern m\u00f6chten.<\/p>\n<\/li>\n<li>\n<p data-path-to-node=\"13,2,0\"><b data-path-to-node=\"13,2,0\" data-index-in-node=\"0\">Firmengeschenke:<\/b> Ein humorvolles, unerwartetes und unvergessliches Werbegeschenk f\u00fcr Firmenausfl\u00fcge oder kreative Marketingkampagnen.<\/p>\n<\/li>\n<li>\n<p data-path-to-node=\"13,3,0\"><b data-path-to-node=\"13,3,0\" data-index-in-node=\"0\">Werbegeschenke bei der Veranstaltung:<\/b> Ma\u00dfgeschneiderte Bekleidung f\u00fcr Teambuilding-Events, Junggesellen-\/Junggesellinnenabschiede oder gesponserte Sportveranstaltungen.<\/p>\n<\/li>\n<\/ul>","protected":false},"excerpt":{"rendered":"<ul>\n<li>\n<p data-path-to-node=\"5,0,0\">Vollst\u00e4ndig individualisierbarer, randloser Sublimationsdruck f\u00fcr maximale Sichtbarkeit der Unternehmens- oder Teammarke.<\/p>\n<\/li>\n<li>\n<p data-path-to-node=\"5,1,0\">Hochwertige Polyesterfaser- und Elasthanmischung f\u00fcr ganzt\u00e4gigen Tragekomfort, Atmungsaktivit\u00e4t und Formbest\u00e4ndigkeit.<\/p>\n<\/li>\n<li>\n<p data-path-to-node=\"5,2,0\">Ideal f\u00fcr Sportmannschaften, Event-Merchandise und einzigartige Werbegeschenke f\u00fcr Unternehmen.<\/p>\n<\/li>\n<li>\n<p data-path-to-node=\"5,3,0\">Flexible Gro\u00dfbestellung mit Optionen zur individuellen Personalisierung, wie z. B. individuelle Namen auf jedem Paar.<\/p>\n<\/li>\n<\/ul>","protected":false},"featured_media":6937,"comment_status":"closed","ping_status":"closed","template":"","meta":[],"product_brand":[],"product_cat":[118,45],"product_tag":[],"class_list":{"0":"post-6096","1":"product","2":"type-product","3":"status-publish","4":"has-post-thumbnail","6":"product_cat-sports-fitness","7":"product_cat-other","9":"first","10":"instock","11":"shipping-taxable","12":"purchasable","13":"product-type-simple"},"_links":{"self":[{"href":"https:\/\/wristbandfactory.eu\/de\/wp-json\/wp\/v2\/product\/6096","targetHints":{"allow":["GET"]}}],"collection":[{"href":"https:\/\/wristbandfactory.eu\/de\/wp-json\/wp\/v2\/product"}],"about":[{"href":"https:\/\/wristbandfactory.eu\/de\/wp-json\/wp\/v2\/types\/product"}],"replies":[{"embeddable":true,"href":"https:\/\/wristbandfactory.eu\/de\/wp-json\/wp\/v2\/comments?post=6096"}],"wp:featuredmedia":[{"embeddable":true,"href":"https:\/\/wristbandfactory.eu\/de\/wp-json\/wp\/v2\/media\/6937"}],"wp:attachment":[{"href":"https:\/\/wristbandfactory.eu\/de\/wp-json\/wp\/v2\/media?parent=6096"}],"wp:term":[{"taxonomy":"product_brand","embeddable":true,"href":"https:\/\/wristbandfactory.eu\/de\/wp-json\/wp\/v2\/product_brand?post=6096"},{"taxonomy":"product_cat","embeddable":true,"href":"https:\/\/wristbandfactory.eu\/de\/wp-json\/wp\/v2\/product_cat?post=6096"},{"taxonomy":"product_tag","embeddable":true,"href":"https:\/\/wristbandfactory.eu\/de\/wp-json\/wp\/v2\/product_tag?post=6096"}],"curies":[{"name":"wp","href":"https:\/\/api.w.org\/{rel}","templated":true}]}}