{"id":6080,"date":"2025-12-17T15:25:31","date_gmt":"2025-12-17T12:25:31","guid":{"rendered":"https:\/\/wristbandfactory.eu\/?post_type=product&#038;p=6080"},"modified":"2026-03-31T09:50:24","modified_gmt":"2026-03-31T06:50:24","slug":"custom-metal-enamel-lapel-pins-badges","status":"publish","type":"product","link":"https:\/\/wristbandfactory.eu\/de\/p\/custom-metal-enamel-lapel-pins-badges\/","title":{"rendered":"Emaille-Pins mit Logo (Anstecknadeln)"},"content":{"rendered":"<p data-path-to-node=\"11\">In einer Zeit, in der Markenidentit\u00e4t von entscheidender Bedeutung ist, <b>Anstecknadeln aus Metall nach Ma\u00df<\/b> Sie bieten eine elegante M\u00f6glichkeit, Ihr Unternehmen hervorzuheben. Weit mehr als nur Accessoires, dienen diese Kartenhalter als Symbole f\u00fcr Prestige, Zusammenhalt und Zugeh\u00f6rigkeit.<\/p>\n<p data-path-to-node=\"12\">Wir verbinden traditionelle Handwerkskunst mit modernen Markenanforderungen. Ein Paradebeispiel daf\u00fcr ist unsere Arbeit f\u00fcr <b>FREEN<\/b>, wo wir 20 mm Messingstifte hergestellt haben, die <b>Imitation Hartschmelz<\/b>. Die gl\u00e4nzende Nickelbeschichtung bildet einen wundersch\u00f6nen Kontrast zu den tiefen Emaillefarben und der dezenten sandigen Textur und verwandelt ein Firmenlogo in ein Schmuckst\u00fcck.<\/p>\n<p data-path-to-node=\"13\">Metallstifte sind jedoch auch funktionale Werkzeuge. <b>49. Saaremaa-Rallye<\/b>, Wir produzierten stylische Anstecknadeln, die gleichzeitig als <b>tragbare Eintrittskarten<\/b>, Das beweist, dass Sicherheitszertifikate stilvoll sein k\u00f6nnen. Ob Sie ein hochwertiges Firmengeschenk, ein praktisches Erinnerungsst\u00fcck f\u00fcr eine Veranstaltung oder ein Symbol der Unterst\u00fctzung ben\u00f6tigen (wie unsere <b>Anstecknadeln mit estnisch-ukrainischen Flaggen<\/b>Wir liefern Pr\u00e4zision und Qualit\u00e4t.<\/p>\n<h2 data-path-to-node=\"14\">Hauptmerkmale<\/h2>\n<ul data-path-to-node=\"15\">\n<li>\n<p data-path-to-node=\"15,0,0\"><b>Harte Emaille-Imitation (Epola):<\/b> Es entsteht eine glatte, ebene Oberfl\u00e4che, bei der die Metalllinien b\u00fcndig mit der farbigen Emaille abschlie\u00dfen. Dies ergibt ein schmuckartiges, hochwertiges Finish (wie im FREEN-Projekt verwendet).<\/p>\n<\/li>\n<li>\n<p data-path-to-node=\"15,1,0\"><b>Materialexzellenz:<\/b> Hergestellt aus strapazierf\u00e4higem Material <b>Messing oder Eisen<\/b>, Dadurch f\u00fchlt sich die Anstecknadel wertig an und h\u00e4lt jahrelang.<\/p>\n<\/li>\n<li>\n<p data-path-to-node=\"15,2,0\"><b>Beschichtungsoptionen:<\/b> W\u00e4hlen Sie aus gl\u00e4nzendem Gold, Silber (Nickel), Schwarznickel, Antikbronze und weiteren Farben, um Ihre Markenrichtlinien zu erf\u00fcllen.<\/p>\n<\/li>\n<li>\n<p data-path-to-node=\"15,3,0\"><b>Sichere Verbindung:<\/b> Standard <b>Schmetterlingskupplung<\/b> Sorgt daf\u00fcr, dass die Anstecknadel an Anzugrevers, Rucks\u00e4cken oder Uniformen sicher h\u00e4lt. Magnetische Verschl\u00fcsse oder Sicherheitsnadeln sind ebenfalls erh\u00e4ltlich.<\/p>\n<\/li>\n<\/ul>\n<h2 data-path-to-node=\"16\">Technische Daten<\/h2>\n<ul data-path-to-node=\"17\">\n<li>\n<p data-path-to-node=\"17,0,0\"><b>Material:<\/b> Messing, Kupfer, Eisen oder Zinklegierung.<\/p>\n<\/li>\n<li>\n<p data-path-to-node=\"17,1,0\"><b>Technik:<\/b> Gepr\u00e4gt mit Hartemaille, Weichemaille oder Offsetdruck.<\/p>\n<\/li>\n<li>\n<p data-path-to-node=\"17,2,0\"><b>Standardgr\u00f6\u00dfen:<\/b> 15 mm \u2013 50 mm (Sonderformen auf Anfrage).<\/p>\n<\/li>\n<li>\n<p data-path-to-node=\"17,3,0\"><b>Dicke:<\/b> Typischerweise 1,2 mm \u2013 2,0 mm.<\/p>\n<\/li>\n<li>\n<p data-path-to-node=\"17,4,0\"><b>\u00dcberzug:<\/b> Gold, Nickel, Schwarznickel, Bronze usw.<\/p>\n<\/li>\n<li>\n<p data-path-to-node=\"17,5,0\"><b>Unterst\u00fctzung:<\/b> Schmetterlingsverschluss (Standard), Gummikupplung, Sicherheitsnadel, Magnet.<\/p>\n<\/li>\n<li>\n<p data-path-to-node=\"17,6,0\"><b>Mindestbestellmenge:<\/b> 50 Einheiten.<\/p>\n<\/li>\n<\/ul>\n<h2 data-path-to-node=\"18\">Anwendungsf\u00e4lle<\/h2>\n<ul data-path-to-node=\"19\">\n<li>\n<p data-path-to-node=\"19,0,0\"><b>Corporate Identity:<\/b> Werten Sie die Kleidung Ihres Teams mit dezenten, eleganten Logo-Pins auf.<\/p>\n<\/li>\n<li>\n<p data-path-to-node=\"19,1,0\"><b>Zugang zur Veranstaltung:<\/b> Ersetzen Sie Papiertickets durch Sammler-Pins (z. B. VIP-P\u00e4sse oder Rallye-Kartenhalter).<\/p>\n<\/li>\n<li>\n<p data-path-to-node=\"19,2,0\"><b>CSR &amp; Solidarit\u00e4t:<\/b> Zeigen Sie Ihre Unterst\u00fctzung f\u00fcr globale Anliegen (z. B. durch das Tragen von Flaggen-Anstecknadeln), um Ihre soziale Verantwortung zu demonstrieren.<\/p>\n<\/li>\n<li>\n<p data-path-to-node=\"19,3,0\"><b>Waren:<\/b> Ein margenstarker Einzelhandelsartikel f\u00fcr Bands, K\u00fcnstler und Souvenirl\u00e4den.<\/p>\n<\/li>\n<\/ul>","protected":false},"excerpt":{"rendered":"<ul>\n<li>\n<p data-path-to-node=\"10,0,0\"><b>Premium-Finish:<\/b> Erh\u00e4ltlich in Hartemaille (Imitation), Weichemaille oder Offsetdruck.<\/p>\n<\/li>\n<li>\n<p data-path-to-node=\"10,1,0\"><b>Material:<\/b> Hochwertiges Messing oder Zinklegierung mit verschiedenen Beschichtungen (Nickel, Gold, Schwarz).<\/p>\n<\/li>\n<li>\n<p data-path-to-node=\"10,2,0\"><b>Vielseitig:<\/b> Verwendung als Firmenschmuck, Eintrittskarten f\u00fcr Veranstaltungen oder Symbole f\u00fcr wohlt\u00e4tige Zwecke.<\/p>\n<\/li>\n<li>\n<p data-path-to-node=\"10,3,0\"><b>Anpassung:<\/b> Vollst\u00e4ndig individuell anpassbare Formen, Gr\u00f6\u00dfen und Texturen (z. B. sandgestrahlter Hintergrund)<\/p>\n<\/li>\n<\/ul>","protected":false},"featured_media":6081,"comment_status":"closed","ping_status":"closed","template":"","meta":[],"product_brand":[],"product_cat":[121,122,45],"product_tag":[],"class_list":{"0":"post-6080","1":"product","2":"type-product","3":"status-publish","4":"has-post-thumbnail","6":"product_cat-promotional-merchandise","7":"product_cat-promotional-accessories","8":"product_cat-other","10":"first","11":"instock","12":"shipping-taxable","13":"purchasable","14":"product-type-simple"},"_links":{"self":[{"href":"https:\/\/wristbandfactory.eu\/de\/wp-json\/wp\/v2\/product\/6080","targetHints":{"allow":["GET"]}}],"collection":[{"href":"https:\/\/wristbandfactory.eu\/de\/wp-json\/wp\/v2\/product"}],"about":[{"href":"https:\/\/wristbandfactory.eu\/de\/wp-json\/wp\/v2\/types\/product"}],"replies":[{"embeddable":true,"href":"https:\/\/wristbandfactory.eu\/de\/wp-json\/wp\/v2\/comments?post=6080"}],"wp:featuredmedia":[{"embeddable":true,"href":"https:\/\/wristbandfactory.eu\/de\/wp-json\/wp\/v2\/media\/6081"}],"wp:attachment":[{"href":"https:\/\/wristbandfactory.eu\/de\/wp-json\/wp\/v2\/media?parent=6080"}],"wp:term":[{"taxonomy":"product_brand","embeddable":true,"href":"https:\/\/wristbandfactory.eu\/de\/wp-json\/wp\/v2\/product_brand?post=6080"},{"taxonomy":"product_cat","embeddable":true,"href":"https:\/\/wristbandfactory.eu\/de\/wp-json\/wp\/v2\/product_cat?post=6080"},{"taxonomy":"product_tag","embeddable":true,"href":"https:\/\/wristbandfactory.eu\/de\/wp-json\/wp\/v2\/product_tag?post=6080"}],"curies":[{"name":"wp","href":"https:\/\/api.w.org\/{rel}","templated":true}]}}