{"id":6077,"date":"2025-12-17T15:18:17","date_gmt":"2025-12-17T12:18:17","guid":{"rendered":"https:\/\/wristbandfactory.eu\/?post_type=product&#038;p=6077"},"modified":"2025-12-29T15:34:37","modified_gmt":"2025-12-29T12:34:37","slug":"custom-high-visibility-reflective-shopping-bags","status":"publish","type":"product","link":"https:\/\/wristbandfactory.eu\/de\/p\/custom-high-visibility-reflective-shopping-bags\/","title":{"rendered":"Reflektierende Einkaufstaschen mit Logo"},"content":{"rendered":"<p data-path-to-node=\"11\">Verbinden Sie praktischen Nutzen mit grundlegender Verkehrssicherheit durch unser <b>Reflektierende Einkaufstaschen mit Logo<\/b>. In den dunklen Herbst- und Wintermonaten ist Sichtbarkeit entscheidend. Diese innovative Tasche verwandelt einen gew\u00f6hnlichen Werbeartikel in ein lebensrettendes Accessoire, indem sie Autoscheinwerfer aus jedem Winkel reflektiert und so daf\u00fcr sorgt, dass der Tr\u00e4ger gesehen wird.<\/p>\n<p data-path-to-node=\"12\">Diese Tasche eignet sich ideal f\u00fcr Schulen, Verkehrssicherheitskampagnen und betriebliche Sicherheitsinitiativen und bietet eine gro\u00dfe Fl\u00e4che f\u00fcr Ihr Logo sowie einen echten Mehrwert f\u00fcr den Empf\u00e4nger. Im Gegensatz zu kleinen Reflektoren, die leicht versteckt werden k\u00f6nnen, ist eine vollreflektierende Tragetasche un\u00fcbersehbar.<\/p>\n<h2 data-path-to-node=\"13\">Hauptmerkmale<\/h2>\n<ul data-path-to-node=\"14\">\n<li>\n<p data-path-to-node=\"14,0,1\"><span data-path-to-node=\"14,0,1,0\"><b><span class=\"citation-84\">360\u00b0-Reflexionsgrad:<\/span><\/b><span class=\"citation-84\"> Die Tasche besteht vollst\u00e4ndig aus reflektierendem Material mit unterschiedlicher Sichtbarkeit und ist somit ein echter Sicherheitswarnwert.<\/span><\/span><span data-path-to-node=\"14,0,1,2\">.<\/span><\/p>\n<\/li>\n<li>\n<p data-path-to-node=\"14,1,1\"><span data-path-to-node=\"14,1,1,0\"><b><span class=\"citation-83\">Robuste Konstruktion:<\/span><\/b><span class=\"citation-83\"> Hergestellt aus strapazierf\u00e4higem Polyester mit einem stabilen Bodenfalten (8 cm), sodass es Lebensmittel, B\u00fccher oder Veranstaltungsmaterialien sicher aufbewahrt.<\/span><\/span><span data-path-to-node=\"14,1,1,2\">.<\/span><\/p>\n<\/li>\n<li>\n<p data-path-to-node=\"14,2,1\"><span data-path-to-node=\"14,2,1,0\"><b><span class=\"citation-82\">Sicherheitskonform:<\/span><\/b><span class=\"citation-82\"> Hergestellt nach hohen Standards, durchl\u00e4uft strenge Tests f\u00fcr <\/span><b><span class=\"citation-82\">Phthalate<\/span><\/b><span class=\"citation-82\"> Und <\/span><b><span class=\"citation-82\">F\u00fchren<\/span><\/b><span class=\"citation-82\">, Dadurch wird sichergestellt, dass das Material ungiftig und f\u00fcr alle Altersgruppen sicher ist.<\/span><\/span><span data-path-to-node=\"14,2,1,2\">.<\/span><\/p>\n<\/li>\n<li>\n<p data-path-to-node=\"14,3,0\"><b>Individuelles Branding:<\/b> Ihr Logo wird direkt auf die reflektierende Oberfl\u00e4che gedruckt, wodurch sichergestellt wird, dass Ihre Marke mit Sicherheit und Sorgfalt assoziiert wird.<\/p>\n<\/li>\n<\/ul>\n<h2 data-path-to-node=\"15\">Technische Daten<\/h2>\n<ul data-path-to-node=\"16\">\n<li>\n<p data-path-to-node=\"16,0,1\"><span data-path-to-node=\"16,0,1,0\"><b><span class=\"citation-81\">Abmessungen:<\/span><\/b><span class=\"citation-81\"> 38 cm (B) x 42 cm (H) x 8 cm (T)<\/span><\/span><span data-path-to-node=\"16,0,1,2\">.<\/span><\/p>\n<\/li>\n<li>\n<p data-path-to-node=\"16,1,1\"><span data-path-to-node=\"16,1,1,0\"><b><span class=\"citation-80\">Material:<\/span><\/b><span class=\"citation-80\"> Polyester mit reflektierender Beschichtung<\/span><\/span><span data-path-to-node=\"16,1,1,2\">.<\/span><\/p>\n<\/li>\n<li>\n<p data-path-to-node=\"16,2,1\"><span data-path-to-node=\"16,2,1,0\"><b><span class=\"citation-79\">Stil:<\/span><\/b><span class=\"citation-79\"> Einkaufstasche mit Henkel \/ Tragetasche<\/span><\/span><span data-path-to-node=\"16,2,1,2\">.<\/span><\/p>\n<\/li>\n<li>\n<p data-path-to-node=\"16,3,0\"><span data-path-to-node=\"16,3,0,0\"><b>Gewicht:<\/b> Ca. <\/span><span data-path-to-node=\"16,3,0,2\"><span class=\"citation-78\">0,250 kg pro Einheit<\/span><\/span><span data-path-to-node=\"16,3,0,4\">.<\/span><\/p>\n<\/li>\n<li>\n<p data-path-to-node=\"16,4,1\"><span data-path-to-node=\"16,4,1,0\"><b><span class=\"citation-77\">Verpackung:<\/span><\/b><span class=\"citation-77\"> Gro\u00dfpackung (100 St\u00fcck\/Karton)<\/span><\/span><span data-path-to-node=\"16,4,1,2\">.<\/span><\/p>\n<\/li>\n<li>\n<p data-path-to-node=\"16,4,1\"><span data-path-to-node=\"16,5,1,0\"><b><span class=\"citation-76\">Einhaltung:<\/span><\/b><span class=\"citation-76\"> Bestanden: Phthalat-, Blei- und A20-Test f\u00fcr Vliesstoffe\/PP-Standards<\/span><\/span><\/p>\n<\/li>\n<\/ul>\n<h2 data-path-to-node=\"17\">Anwendungsf\u00e4lle<\/h2>\n<ul data-path-to-node=\"18\">\n<li>\n<p data-path-to-node=\"18,0,0\"><b>Verkehrssicherheitskampagnen:<\/b> Ideales Verteilungsobjekt f\u00fcr Fu\u00dfg\u00e4nger und Radfahrer in den dunklen Monaten.<\/p>\n<\/li>\n<li>\n<p data-path-to-node=\"18,1,0\"><b>Schul- und Jugendgruppen:<\/b> Sichere Schultaschen f\u00fcr Sch\u00fcler auf dem Heimweg am Nachmittag.<\/p>\n<\/li>\n<li>\n<p data-path-to-node=\"18,2,0\"><b>Event-Merchandise:<\/b> Eine hochwertige Konferenztasche, die die Teilnehmer aufgrund ihrer Sicherheitsmerkmale wiederverwenden werden.<\/p>\n<\/li>\n<\/ul>","protected":false},"excerpt":{"rendered":"<ul>\n<li data-path-to-node=\"10,0,0\"><b>Hohe Sichtbarkeit:<\/b> Die gesamte Oberfl\u00e4che der Tasche besteht aus reflektierendem Material, was maximale Sicherheit bei schlechten Lichtverh\u00e4ltnissen gew\u00e4hrleistet.<\/li>\n<li>\n<p data-path-to-node=\"10,0,0\"><span style=\"font-family: -apple-system, BlinkMacSystemFont, 'Segoe UI', Roboto, 'Helvetica Neue', Arial, 'Noto Sans', sans-serif, 'Apple Color Emoji', 'Segoe UI Emoji', 'Segoe UI Symbol', 'Noto Color Emoji';\" data-path-to-node=\"10,1,1,0\"><b><span class=\"citation-87\">Langlebiges Material:<\/span><\/b><span class=\"citation-87\"> Hergestellt aus robustem Polyester mit reflektierender Beschichtung<\/span><\/span><span style=\"font-family: -apple-system, BlinkMacSystemFont, 'Segoe UI', Roboto, 'Helvetica Neue', Arial, 'Noto Sans', sans-serif, 'Apple Color Emoji', 'Segoe UI Emoji', 'Segoe UI Symbol', 'Noto Color Emoji';\" data-path-to-node=\"10,1,1,2\">.<\/span><\/p>\n<\/li>\n<li>\n<p data-path-to-node=\"10,2,1\"><span data-path-to-node=\"10,2,1,0\"><b><span class=\"citation-86\">Zertifizierte Sicherheit:<\/span><\/b><span class=\"citation-86\"> Auf Phthalate- und Bleifreiheit gepr\u00fcft, daher sicher f\u00fcr den t\u00e4glichen Gebrauch.<\/span><\/span><span data-path-to-node=\"10,2,1,2\">.<\/span><\/p>\n<\/li>\n<li>\n<p data-path-to-node=\"10,3,1\"><span data-path-to-node=\"10,3,1,0\"><b><span class=\"citation-85\">Praktische Gr\u00f6\u00dfe:<\/span><\/b><span class=\"citation-85\"> Mittelgro\u00dfe Einkaufstasche (38 x 42 x 8 cm) mit komfortablen Griffen<\/span><\/span><span data-path-to-node=\"10,3,1,2\">.<\/span><\/p>\n<\/li>\n<\/ul>","protected":false},"featured_media":6329,"comment_status":"closed","ping_status":"closed","template":"","meta":[],"product_brand":[],"product_cat":[131],"product_tag":[],"class_list":{"0":"post-6077","1":"product","2":"type-product","3":"status-publish","4":"has-post-thumbnail","6":"product_cat-custom-bags-totes","8":"first","9":"instock","10":"shipping-taxable","11":"purchasable","12":"product-type-simple"},"_links":{"self":[{"href":"https:\/\/wristbandfactory.eu\/de\/wp-json\/wp\/v2\/product\/6077","targetHints":{"allow":["GET"]}}],"collection":[{"href":"https:\/\/wristbandfactory.eu\/de\/wp-json\/wp\/v2\/product"}],"about":[{"href":"https:\/\/wristbandfactory.eu\/de\/wp-json\/wp\/v2\/types\/product"}],"replies":[{"embeddable":true,"href":"https:\/\/wristbandfactory.eu\/de\/wp-json\/wp\/v2\/comments?post=6077"}],"wp:featuredmedia":[{"embeddable":true,"href":"https:\/\/wristbandfactory.eu\/de\/wp-json\/wp\/v2\/media\/6329"}],"wp:attachment":[{"href":"https:\/\/wristbandfactory.eu\/de\/wp-json\/wp\/v2\/media?parent=6077"}],"wp:term":[{"taxonomy":"product_brand","embeddable":true,"href":"https:\/\/wristbandfactory.eu\/de\/wp-json\/wp\/v2\/product_brand?post=6077"},{"taxonomy":"product_cat","embeddable":true,"href":"https:\/\/wristbandfactory.eu\/de\/wp-json\/wp\/v2\/product_cat?post=6077"},{"taxonomy":"product_tag","embeddable":true,"href":"https:\/\/wristbandfactory.eu\/de\/wp-json\/wp\/v2\/product_tag?post=6077"}],"curies":[{"name":"wp","href":"https:\/\/api.w.org\/{rel}","templated":true}]}}