{"id":6073,"date":"2025-12-17T15:08:59","date_gmt":"2025-12-17T12:08:59","guid":{"rendered":"https:\/\/wristbandfactory.eu\/?post_type=product&#038;p=6073"},"modified":"2026-01-03T01:21:06","modified_gmt":"2026-01-02T22:21:06","slug":"custom-charity-bracelets-with-printed-backing-cards","status":"publish","type":"product","link":"https:\/\/wristbandfactory.eu\/de\/p\/custom-charity-bracelets-with-printed-backing-cards\/","title":{"rendered":"Charity-Armb\u00e4nder mit Logo"},"content":{"rendered":"<p data-path-to-node=\"8\">Verwandeln Sie ein schlichtes Accessoire in ein wirkungsvolles Symbol der Solidarit\u00e4t mit unseren individuell gestaltbaren Charity-Armb\u00e4ndern. Speziell f\u00fcr NGOs und soziale Projekte entwickelt, gehen diese Armb\u00e4nder weit \u00fcber herk\u00f6mmliche Werbeartikel hinaus und werden zu einem tragbaren Dankesch\u00f6n an Spender und Freiwillige. Die Kombination aus komfortablem Armband und einem individuell gestalteten Designelement macht dieses Armband zu einem wertvollen Geschenk f\u00fcr jeden guten Zweck.<\/p>\n<p data-path-to-node=\"9\">Das Set enth\u00e4lt eine professionell bedruckte Tr\u00e4gerkarte, die das Armband in ein komplettes Kommunikationsinstrument verwandelt. Dieser verkaufsfertige Ansatz gew\u00e4hrleistet, dass Ihre Botschaft klar und deutlich ankommt \u2013 egal ob bei Veranstaltungen, per Direktmailing oder am Point of Sale.<\/p>\n<h2 data-path-to-node=\"10\">Hauptmerkmale<\/h2>\n<ul data-path-to-node=\"11\">\n<li>\n<p data-path-to-node=\"11,0,0\"><b data-path-to-node=\"11,0,0\" data-index-in-node=\"0\">Premium-\u00c4sthetik:<\/b> Im Gegensatz zu den tempor\u00e4ren Festivalarmb\u00e4ndern bestehen diese Armb\u00e4nder aus weichen Materialien und metallischen Akzenten, die ihnen ein schmuckartiges Tragegef\u00fchl verleihen.<\/p>\n<\/li>\n<li>\n<p data-path-to-node=\"11,1,1\"><span data-path-to-node=\"11,1,1,0\"><b data-path-to-node=\"11,1,1,0\" data-index-in-node=\"0\"><span class=\"citation-11394\">Ma\u00dfgefertigte Acryl-Anh\u00e4nger:<\/span><\/b><span class=\"citation-11394\"> Wir verwenden pr\u00e4zises Laserschneiden, um Anh\u00e4nger herzustellen, die zu Ihrer Kampagnenidentit\u00e4t passen \u2013 von Blutstropfen bis hin zu Firmenlogos.<\/span><\/span><span data-path-to-node=\"11,1,1,2\">.<\/span><\/p>\n<\/li>\n<li>\n<p data-path-to-node=\"11,2,0\"><b data-path-to-node=\"11,2,0\" data-index-in-node=\"0\">Vielseitige Messaging-Plattform:<\/b> Die gro\u00dfformatige Tr\u00e4gerkarte (75 \u00d7 160 mm) ist beidseitig im CMYK-Farbmodus bedruckt und eignet sich daher perfekt f\u00fcr Lehrmaterialien.<\/p>\n<\/li>\n<li>\n<p data-path-to-node=\"11,3,0\"><b data-path-to-node=\"11,3,0\" data-index-in-node=\"0\">Universelle Einstellbarkeit:<\/b> Ein verschiebbares Knotensystem gew\u00e4hrleistet die perfekte Passform f\u00fcr alle St\u00fctzen, von Kindern bis zu Erwachsenen.<\/p>\n<\/li>\n<\/ul>\n<h2 data-path-to-node=\"12\">Technische Daten<\/h2>\n<ul data-path-to-node=\"13\">\n<li>\n<p data-path-to-node=\"13,0,1\"><span data-path-to-node=\"13,0,1,0\"><b data-path-to-node=\"13,0,1,0\" data-index-in-node=\"0\"><span class=\"citation-11393\">Armbandmaterial:<\/span><\/b><span class=\"citation-11393\"> Weiche Nylon-\/Baumwollkordel mit silberfarbenen Perlen<\/span><\/span><span data-path-to-node=\"13,0,1,2\">.<\/span><\/p>\n<\/li>\n<li>\n<p data-path-to-node=\"13,1,0\"><b data-path-to-node=\"13,1,0\" data-index-in-node=\"0\">Anh\u00e4ngermaterial:<\/b> Farbiges Acryl in individuellen Formen.<\/p>\n<\/li>\n<li>\n<p data-path-to-node=\"13,2,0\"><b data-path-to-node=\"13,2,0\" data-index-in-node=\"0\">Kartenabmessungen:<\/b> 75 mm \u00d7 160 mm (vollst\u00e4ndig anpassbar).<\/p>\n<\/li>\n<li>\n<p data-path-to-node=\"13,3,0\"><b data-path-to-node=\"13,3,0\" data-index-in-node=\"0\">Kartendruck:<\/b> Beidseitiger Vollfarbdruck (CMYK).<\/p>\n<\/li>\n<li>\n<p data-path-to-node=\"13,4,0\"><b data-path-to-node=\"13,4,0\" data-index-in-node=\"0\">Mindestbestellmenge (MOQ):<\/b> 500 Einheiten.<\/p>\n<\/li>\n<\/ul>\n<h2 data-path-to-node=\"14\">Anwendungsf\u00e4lle<\/h2>\n<ul data-path-to-node=\"15\">\n<li>\n<p data-path-to-node=\"15,0,0\"><b data-path-to-node=\"15,0,0\" data-index-in-node=\"0\">Gesundheitsbewusstsein:<\/b> Ideal f\u00fcr Blutspendezentren, Krebsforschungsstiftungen und Initiativen zur F\u00f6rderung der psychischen Gesundheit.<\/p>\n<\/li>\n<li>\n<p data-path-to-node=\"15,1,0\"><b data-path-to-node=\"15,1,0\" data-index-in-node=\"0\">Spendenartikel:<\/b> Ein langlebiger und attraktiver Artikel, den Wohlt\u00e4tigkeitsorganisationen als margenstarkes Fundraising-Instrument verkaufen k\u00f6nnen.<\/p>\n<\/li>\n<li>\n<p data-path-to-node=\"15,2,0\"><b data-path-to-node=\"15,2,0\" data-index-in-node=\"0\">Unternehmensverantwortung:<\/b> Sinnvolle Geschenke f\u00fcr Mitarbeiter, die sich an gemeinn\u00fctzigen Projekten oder Projekten mit sozialer Wirkung beteiligen.<\/p>\n<\/li>\n<li>\n<p data-path-to-node=\"15,3,1\"><span data-path-to-node=\"15,3,1,0\"><b data-path-to-node=\"15,3,1,0\" data-index-in-node=\"0\"><span class=\"citation-11392\">Unvergessliche Erinnerungsst\u00fccke:<\/span><\/b><span class=\"citation-11392\"> Nachhaltige Souvenirs f\u00fcr Galadinner, Wohlt\u00e4tigkeitsl\u00e4ufe oder Gipfeltreffen<\/span><\/span><span data-path-to-node=\"15,3,1,2\">.<\/span><\/p>\n<\/li>\n<\/ul>","protected":false},"excerpt":{"rendered":"<ul>\n<li>\n<p data-path-to-node=\"7,0,0\"><b data-path-to-node=\"7,0,0\" data-index-in-node=\"0\">Verkaufsfertige Pr\u00e4sentation:<\/b> Jedes Armband ist auf einer 75 \u00d7 160 mm gro\u00dfen, vollfarbigen Tr\u00e4gerkarte vormontiert und bietet somit ausreichend Platz f\u00fcr Kampagnen-Storytelling oder QR-Codes.<\/p>\n<\/li>\n<li>\n<p data-path-to-node=\"7,1,1\"><span data-path-to-node=\"7,1,1,0\"><b data-path-to-node=\"7,1,1,0\" data-index-in-node=\"0\"><span class=\"citation-11395\">Vollst\u00e4ndig individualisierbare Charms:<\/span><\/b><span class=\"citation-11395\"> Beinhaltet einen lasergeschnittenen Acrylanh\u00e4nger, der in jeder Form und Farbe erh\u00e4ltlich ist, z. B. mit Schleifen oder Logos zur Sensibilisierung f\u00fcr bestimmte Themen.<\/span><\/span><span data-path-to-node=\"7,1,1,2\">.<\/span><\/p>\n<\/li>\n<li>\n<p data-path-to-node=\"7,2,0\"><b data-path-to-node=\"7,2,0\" data-index-in-node=\"0\">Hochwertige Verarbeitung in Schmuckqualit\u00e4t:<\/b> Gefertigt aus weichem Nylon- oder Baumwollgarn und edlen silberfarbenen Perlen, konzipiert f\u00fcr den t\u00e4glichen Gebrauch \u00fcber einen l\u00e4ngeren Zeitraum.<\/p>\n<\/li>\n<li>\n<p data-path-to-node=\"7,3,0\"><b data-path-to-node=\"7,3,0\" data-index-in-node=\"0\">Hochwirksames B2B-Tool:<\/b> Ideal f\u00fcr Gesundheitsorganisationen, NGOs und CSR-Initiativen von Unternehmen mit einer Mindestbestellmenge von 500 St\u00fcck.<\/p>\n<\/li>\n<\/ul>","protected":false},"featured_media":6074,"comment_status":"closed","ping_status":"closed","template":"","meta":[],"product_brand":[],"product_cat":[122,45],"product_tag":[],"class_list":{"0":"post-6073","1":"product","2":"type-product","3":"status-publish","4":"has-post-thumbnail","6":"product_cat-promotional-accessories","7":"product_cat-other","9":"first","10":"instock","11":"shipping-taxable","12":"purchasable","13":"product-type-simple"},"_links":{"self":[{"href":"https:\/\/wristbandfactory.eu\/de\/wp-json\/wp\/v2\/product\/6073","targetHints":{"allow":["GET"]}}],"collection":[{"href":"https:\/\/wristbandfactory.eu\/de\/wp-json\/wp\/v2\/product"}],"about":[{"href":"https:\/\/wristbandfactory.eu\/de\/wp-json\/wp\/v2\/types\/product"}],"replies":[{"embeddable":true,"href":"https:\/\/wristbandfactory.eu\/de\/wp-json\/wp\/v2\/comments?post=6073"}],"wp:featuredmedia":[{"embeddable":true,"href":"https:\/\/wristbandfactory.eu\/de\/wp-json\/wp\/v2\/media\/6074"}],"wp:attachment":[{"href":"https:\/\/wristbandfactory.eu\/de\/wp-json\/wp\/v2\/media?parent=6073"}],"wp:term":[{"taxonomy":"product_brand","embeddable":true,"href":"https:\/\/wristbandfactory.eu\/de\/wp-json\/wp\/v2\/product_brand?post=6073"},{"taxonomy":"product_cat","embeddable":true,"href":"https:\/\/wristbandfactory.eu\/de\/wp-json\/wp\/v2\/product_cat?post=6073"},{"taxonomy":"product_tag","embeddable":true,"href":"https:\/\/wristbandfactory.eu\/de\/wp-json\/wp\/v2\/product_tag?post=6073"}],"curies":[{"name":"wp","href":"https:\/\/api.w.org\/{rel}","templated":true}]}}