{"id":6068,"date":"2025-12-17T14:59:31","date_gmt":"2025-12-17T11:59:31","guid":{"rendered":"https:\/\/wristbandfactory.eu\/?post_type=product&#038;p=6068"},"modified":"2025-12-29T15:37:08","modified_gmt":"2025-12-29T12:37:08","slug":"custom-embroidered-sleeve-patches-with-velcro","status":"publish","type":"product","link":"https:\/\/wristbandfactory.eu\/de\/p\/custom-embroidered-sleeve-patches-with-velcro\/","title":{"rendered":"Bestickte Aufn\u00e4her mit Klettverschluss"},"content":{"rendered":"<p data-path-to-node=\"11\">Statten Sie Ihr Team, Ihre Einheit oder Ihren Verein aus mit <b>Individuell bestickte \u00c4rmelaufn\u00e4her<\/b>. Diese auf Langlebigkeit und Prestige ausgelegten Aufn\u00e4her sind die Standardwahl f\u00fcr Milit\u00e4reinheiten, Sicherheitsfirmen und Airsoft-Teams, die eine professionelle Kennzeichnung ben\u00f6tigen, die sich leicht anbringen und entfernen l\u00e4sst.<\/p>\n<p data-path-to-node=\"12\">Ein Paradebeispiel unserer Handwerkskunst ist das Emblem, das f\u00fcr die <b>Reservisten des Logistikbataillons<\/b>. Dieser 80 \u00d7 90 mm gro\u00dfe Aufn\u00e4her zeigt einen majest\u00e4tischen goldenen Drachen, der auf tiefviolettem Hintergrund gestickt ist. Wir haben hochwertige Materialien verwendet. <b>metallischer Goldfaden<\/b> um die komplexen Details des Drachen hervorzuheben, der Macht und Exzellenz symbolisiert.<\/p>\n<h2 data-path-to-node=\"13\">Hauptmerkmale<\/h2>\n<ul data-path-to-node=\"14\">\n<li>\n<p data-path-to-node=\"14,0,0\"><b>Klettverschluss auf der R\u00fcckseite:<\/b> Die Aufn\u00e4her sind auf der R\u00fcckseite mit einem starken Klettverschluss (Hakenseite) versehen, der eine sofortige Befestigung an Uniformen, taktischen Westen oder Rucks\u00e4cken erm\u00f6glicht.<\/p>\n<\/li>\n<li>\n<p data-path-to-node=\"14,1,0\"><b>Premium-Threads:<\/b> Wir bieten eine gro\u00dfe Auswahl an Garnfarben, darunter auch Metallic-Optionen (Gold, Silber), um bestimmte Designelemente vor dem Hintergrund hervorzuheben.<\/p>\n<\/li>\n<li>\n<p data-path-to-node=\"14,2,0\"><b>Verst\u00e4rkte Kanten:<\/b> Mit einer robusten schwarzen Lackierung versehen <b>\u00fcberlappender Rand<\/b> (Overlockstich), der ein Ausfransen verhindert und das Design perfekt einrahmt.<\/p>\n<\/li>\n<li>\n<p data-path-to-node=\"14,3,0\"><b>Vielseitige Anwendung:<\/b> Ideal zur Kennzeichnung von Dienstgrad, Einheit oder Abteilung, ohne das Kleidungsst\u00fcck dauerhaft zu ver\u00e4ndern.<\/p>\n<\/li>\n<\/ul>\n<h2 data-path-to-node=\"15\">Technische Daten<\/h2>\n<ul data-path-to-node=\"16\">\n<li>\n<p data-path-to-node=\"16,0,0\"><b>Standardgr\u00f6\u00dfe:<\/b> Kundenspezifisch (z. B. 80 \u00d7 90 mm).<\/p>\n<\/li>\n<li>\n<p data-path-to-node=\"16,1,0\"><b>Material:<\/b> Grundgewebe aus K\u00f6perstoff mit Stickgarnen aus Polyester\/Rayon.<\/p>\n<\/li>\n<li>\n<p data-path-to-node=\"16,2,0\"><b>Unterst\u00fctzung:<\/b> Klettverschluss (Hakenverschluss) oder zum Aufb\u00fcgeln\/Aufn\u00e4hen.<\/p>\n<\/li>\n<li>\n<p data-path-to-node=\"16,3,0\"><b>Grenze:<\/b> Vers\u00e4uberter Rand (Standard) oder Laserschnitt (f\u00fcr komplexe Formen).<\/p>\n<\/li>\n<li>\n<p data-path-to-node=\"16,4,0\"><b>Abdeckung:<\/b> Bis zu 100% Stickabdeckung verf\u00fcgbar.<\/p>\n<\/li>\n<li>\n<p data-path-to-node=\"16,5,0\"><b>Mindestbestellmenge:<\/b> 50 Einheiten.<\/p>\n<\/li>\n<\/ul>\n<h2 data-path-to-node=\"17\">Anwendungsf\u00e4lle<\/h2>\n<ul data-path-to-node=\"18\">\n<li>\n<p data-path-to-node=\"18,0,0\"><b>Milit\u00e4r &amp; Verteidigung:<\/b> Einheitskartenhalter und Rangkartenhalter (wie beispielsweise beim Logistikbataillon).<\/p>\n<\/li>\n<li>\n<p data-path-to-node=\"18,1,0\"><b>Sicherheitsfirmen:<\/b> Einheitliches Branding, das zwischen Jacken und Hemden ausgetauscht werden kann.<\/p>\n<\/li>\n<li>\n<p data-path-to-node=\"18,2,0\"><b>Airsoft &amp; Paintball:<\/b> Teamkartenhalter und Moralkartenhalter.<\/p>\n<\/li>\n<li>\n<p data-path-to-node=\"18,3,0\"><b>Arbeitskleidung:<\/b> Langlebiges Branding f\u00fcr Mechaniker, Bau- und Logistikpersonal.<\/p>\n<\/li>\n<\/ul>","protected":false},"excerpt":{"rendered":"<ul>\n<li>\n<p data-path-to-node=\"10,0,0\"><b>Anhang:<\/b> Strapazierf\u00e4hige Klettverschluss-R\u00fcckseite f\u00fcr unbedrucktes Abnehmen und Austauschen.<\/p>\n<\/li>\n<li>\n<p data-path-to-node=\"10,1,0\"><b>Detaillierte Beschreibung:<\/b> Hochdichte Stickerei mit Standard- oder Metallicgarnen (z. B. Gold).<\/p>\n<\/li>\n<li>\n<p data-path-to-node=\"10,2,0\"><b>Kantenbearbeitung:<\/b> Vers\u00e4uberte (\u00fcbern\u00e4hte) R\u00e4nder f\u00fcr Langlebigkeit und ein professionelles Aussehen.<\/p>\n<\/li>\n<li>\n<p data-path-to-node=\"10,3,0\"><b>Anpassung:<\/b> Vollst\u00e4ndig individuell anpassbare Formen und Gr\u00f6\u00dfen (Beispiel: 80x90mm).<\/p>\n<\/li>\n<\/ul>","protected":false},"featured_media":6331,"comment_status":"closed","ping_status":"closed","template":"","meta":[],"product_brand":[],"product_cat":[124,122],"product_tag":[],"class_list":{"0":"post-6068","1":"product","2":"type-product","3":"status-publish","4":"has-post-thumbnail","6":"product_cat-id-solutions","7":"product_cat-promotional-accessories","9":"first","10":"instock","11":"shipping-taxable","12":"purchasable","13":"product-type-simple"},"_links":{"self":[{"href":"https:\/\/wristbandfactory.eu\/de\/wp-json\/wp\/v2\/product\/6068","targetHints":{"allow":["GET"]}}],"collection":[{"href":"https:\/\/wristbandfactory.eu\/de\/wp-json\/wp\/v2\/product"}],"about":[{"href":"https:\/\/wristbandfactory.eu\/de\/wp-json\/wp\/v2\/types\/product"}],"replies":[{"embeddable":true,"href":"https:\/\/wristbandfactory.eu\/de\/wp-json\/wp\/v2\/comments?post=6068"}],"wp:featuredmedia":[{"embeddable":true,"href":"https:\/\/wristbandfactory.eu\/de\/wp-json\/wp\/v2\/media\/6331"}],"wp:attachment":[{"href":"https:\/\/wristbandfactory.eu\/de\/wp-json\/wp\/v2\/media?parent=6068"}],"wp:term":[{"taxonomy":"product_brand","embeddable":true,"href":"https:\/\/wristbandfactory.eu\/de\/wp-json\/wp\/v2\/product_brand?post=6068"},{"taxonomy":"product_cat","embeddable":true,"href":"https:\/\/wristbandfactory.eu\/de\/wp-json\/wp\/v2\/product_cat?post=6068"},{"taxonomy":"product_tag","embeddable":true,"href":"https:\/\/wristbandfactory.eu\/de\/wp-json\/wp\/v2\/product_tag?post=6068"}],"curies":[{"name":"wp","href":"https:\/\/api.w.org\/{rel}","templated":true}]}}