{"id":5995,"date":"2025-12-16T16:28:57","date_gmt":"2025-12-16T13:28:57","guid":{"rendered":"https:\/\/wristbandfactory.eu\/?post_type=product&#038;p=5995"},"modified":"2025-12-29T15:58:22","modified_gmt":"2025-12-29T12:58:22","slug":"custom-printed-microfiber-cleaning-cloths-screens-glasses","status":"publish","type":"product","link":"https:\/\/wristbandfactory.eu\/de\/p\/custom-printed-microfiber-cleaning-cloths-screens-glasses\/","title":{"rendered":"Mikrofasert\u00fccher mit Logo"},"content":{"rendered":"<p data-path-to-node=\"9\">Sorgen Sie daf\u00fcr, dass Ihre Marke jedes Mal gesehen wird, wenn ein Kunde seine Brille oder seinen Smartphone-Bildschirm reinigt. <b>Ma\u00dfgefertigte Mikrofasert\u00fccher<\/b> Sie sind ein \u00e4u\u00dferst praktischer, leichter und kosteng\u00fcnstiger Werbeartikel. Im Gegensatz zu Papiertaschent\u00fcchern sind diese strapazierf\u00e4higen T\u00fccher wiederverwendbar und sorgen so f\u00fcr langfristige Markenpr\u00e4senz.<\/p>\n<p data-path-to-node=\"10\">Wir bieten eine vielseitige Auswahl an Materialien und Gr\u00f6\u00dfen, die zu Ihrem Budget und Ihren Nachhaltigkeitszielen passen \u2013 von kosteng\u00fcnstigen Werbegeschenken bis hin zu hochwertigen, dicken Reinigungst\u00fcchern aus europ\u00e4ischer Herstellung.<\/p>\n<h2 data-path-to-node=\"11\">Material- und \u00d6ko-Optionen<\/h2>\n<p data-path-to-node=\"12\">W\u00e4hlen Sie das Stoffgewicht, das Ihren Bed\u00fcrfnissen entspricht:<\/p>\n<ul data-path-to-node=\"13\">\n<li>\n<p data-path-to-node=\"13,0,0\"><b>Standard-Mikrofaser (170 g\/m\u00b2):<\/b> Leicht und kosteng\u00fcnstig. Ideal f\u00fcr gro\u00df angelegte Mailing-Kampagnen und Handzettel auf Messen.<\/p>\n<\/li>\n<li>\n<p data-path-to-node=\"13,1,0\"><b>Premium-Mikrofaser (200 g\/m\u00b2):<\/b> Dicker, weicher und strapazierf\u00e4higer. Liegt wertiger in der Hand \u2013 perfekt als hochwertiges Firmengeschenk.<\/p>\n<\/li>\n<li>\n<p data-path-to-node=\"13,2,0\"><b>Umweltfreundliches rPET (170 g\/m\u00b2\/200 g\/m\u00b2):<\/b> Hergestellt aus recycelten Plastikflaschen. Eine nachhaltige Alternative, die genauso gut reinigt wie herk\u00f6mmliche Mikrofasert\u00fccher, aber die Umweltbelastung reduziert.<\/p>\n<\/li>\n<\/ul>\n<h2 data-path-to-node=\"14\">Branding-Techniken<\/h2>\n<ul data-path-to-node=\"15\">\n<li>\n<p data-path-to-node=\"15,0,0\"><b>Vollfarbsublimation:<\/b> Wir bedrucken die gesamte Stoffoberfl\u00e4che mit Ihrem hochaufl\u00f6senden Foto, Logo oder Muster (randlos).<\/p>\n<\/li>\n<li>\n<p data-path-to-node=\"15,1,0\"><b>Gepr\u00e4gtes Branding:<\/b> Ihr Logo wird per Hei\u00dfpressung in den Stoff eingearbeitet, wodurch eine dezente, dauerhafte Struktur ohne Tinte entsteht. Ein edler Look f\u00fcr 200-g\/m\u00b2- und rPET-Gewebe.<\/p>\n<\/li>\n<\/ul>\n<h2 data-path-to-node=\"16\">Verf\u00fcgbare Gr\u00f6\u00dfen<\/h2>\n<p data-path-to-node=\"17\">Wir bieten eine Vielzahl von Standardgr\u00f6\u00dfen f\u00fcr verschiedene Ger\u00e4te an:<\/p>\n<ul data-path-to-node=\"18\">\n<li>\n<p data-path-to-node=\"18,0,0\"><b>Taschengr\u00f6\u00dfe:<\/b> 12\u00d712 cm (Ideal f\u00fcr Brillen)<\/p>\n<\/li>\n<li>\n<p data-path-to-node=\"18,1,0\"><b>Standard:<\/b> 15\u00d715 cm \/ 17\u00d712 cm (Ideal f\u00fcr Handys)<\/p>\n<\/li>\n<li>\n<p data-path-to-node=\"18,2,0\"><b>Gro\u00df:<\/b> 17\u00d715 cm \/ 17\u00d718 cm (Ideal f\u00fcr Tablets und Laptops)<\/p>\n<\/li>\n<\/ul>\n<h2 data-path-to-node=\"19\">Technische Daten<\/h2>\n<ul data-path-to-node=\"20\">\n<li>\n<p data-path-to-node=\"20,0,0\"><b>Mindestbestellmenge (MOQ):<\/b><\/p>\n<ul data-path-to-node=\"20,0,1\">\n<li>\n<p data-path-to-node=\"20,0,1,0,0\">Standardimport: <b>250 St\u00fcck<\/b><\/p>\n<\/li>\n<li>\n<p data-path-to-node=\"20,0,1,1,0\">Hergestellt in der EU: <b>100 St\u00fcck<\/b><\/p>\n<\/li>\n<\/ul>\n<\/li>\n<li>\n<p data-path-to-node=\"20,1,0\"><b>Verpackung:<\/b> Gro\u00dfpackung oder einzeln in Polybeuteln verpackt (optional).<\/p>\n<\/li>\n<li>\n<p data-path-to-node=\"20,2,0\"><b>Herkunft:<\/b> Optionen f\u00fcr Importe aus Asien (bester Preis) oder Produktion in Europa (schnellste Lieferung).<\/p>\n<\/li>\n<li>\n<p data-path-to-node=\"20,3,0\"><b>Verwenden:<\/b> Fusselfreie, nicht scheuernde Reinigung f\u00fcr empfindliche optische Oberfl\u00e4chen.<\/p>\n<\/li>\n<\/ul>\n<h2 data-path-to-node=\"21\">Anwendungsf\u00e4lle<\/h2>\n<ul data-path-to-node=\"22\">\n<li>\n<p data-path-to-node=\"22,0,0\"><b>Technologie- und IT-Unternehmen:<\/b> Unverzichtbares Zubeh\u00f6r f\u00fcr Laptops und Monitore.<\/p>\n<\/li>\n<li>\n<p data-path-to-node=\"22,1,0\"><b>Optiker &amp; Brillen:<\/b> Das klassische Markengeschenk, das jeder Brille beiliegt.<\/p>\n<\/li>\n<li>\n<p data-path-to-node=\"22,2,0\"><b>Direktmailing-Kampagnen:<\/b> Extrem leicht und flach, wodurch sie weltweit g\u00fcnstig versendet werden k\u00f6nnen.<\/p>\n<\/li>\n<li>\n<p data-path-to-node=\"22,3,0\"><b>Event-Goodie-Bags:<\/b> Ein n\u00fctzlicher Gegenstand, den die Teilnehmer nicht wegwerfen werden.<\/p>\n<\/li>\n<\/ul>\n<p data-path-to-node=\"23\">","protected":false},"excerpt":{"rendered":"<ul>\n<li>\n<p data-path-to-node=\"8,0,0\"><b>Kristallklare Reinigung:<\/b> Perfekt geeignet f\u00fcr Smartphones, Tablets, Laptops und Brillen.<\/p>\n<\/li>\n<li>\n<p data-path-to-node=\"8,1,0\"><b>Materialauswahl:<\/b> Standard 170 g\/m\u00b2\/200 g\/m\u00b2 oder umweltfreundlich <b>rPET<\/b> (Recycelte Flaschen).<\/p>\n<\/li>\n<li>\n<p data-path-to-node=\"8,2,0\"><b>Druckoptionen:<\/b> Lebhaft <b>Vollfarbe<\/b> Sublimation oder subtil <b>Gepr\u00e4gt<\/b> Markenbildung.<\/p>\n<\/li>\n<li>\n<p data-path-to-node=\"8,3,0\"><b>Europ\u00e4ische Produktion:<\/b> Schnelle Lieferoptionen verf\u00fcgbar bei niedrigen Mindestbestellmengen (ab 100 St\u00fcck).<\/p>\n<\/li>\n<\/ul>","protected":false},"featured_media":6333,"comment_status":"closed","ping_status":"closed","template":"","meta":[],"product_brand":[],"product_cat":[128],"product_tag":[],"class_list":{"0":"post-5995","1":"product","2":"type-product","3":"status-publish","4":"has-post-thumbnail","6":"product_cat-mobile-tech-accessories","8":"first","9":"instock","10":"shipping-taxable","11":"purchasable","12":"product-type-simple"},"_links":{"self":[{"href":"https:\/\/wristbandfactory.eu\/de\/wp-json\/wp\/v2\/product\/5995","targetHints":{"allow":["GET"]}}],"collection":[{"href":"https:\/\/wristbandfactory.eu\/de\/wp-json\/wp\/v2\/product"}],"about":[{"href":"https:\/\/wristbandfactory.eu\/de\/wp-json\/wp\/v2\/types\/product"}],"replies":[{"embeddable":true,"href":"https:\/\/wristbandfactory.eu\/de\/wp-json\/wp\/v2\/comments?post=5995"}],"wp:featuredmedia":[{"embeddable":true,"href":"https:\/\/wristbandfactory.eu\/de\/wp-json\/wp\/v2\/media\/6333"}],"wp:attachment":[{"href":"https:\/\/wristbandfactory.eu\/de\/wp-json\/wp\/v2\/media?parent=5995"}],"wp:term":[{"taxonomy":"product_brand","embeddable":true,"href":"https:\/\/wristbandfactory.eu\/de\/wp-json\/wp\/v2\/product_brand?post=5995"},{"taxonomy":"product_cat","embeddable":true,"href":"https:\/\/wristbandfactory.eu\/de\/wp-json\/wp\/v2\/product_cat?post=5995"},{"taxonomy":"product_tag","embeddable":true,"href":"https:\/\/wristbandfactory.eu\/de\/wp-json\/wp\/v2\/product_tag?post=5995"}],"curies":[{"name":"wp","href":"https:\/\/api.w.org\/{rel}","templated":true}]}}