{"id":5985,"date":"2025-12-16T16:19:40","date_gmt":"2025-12-16T13:19:40","guid":{"rendered":"https:\/\/wristbandfactory.eu\/?post_type=product&#038;p=5985"},"modified":"2026-01-09T18:37:15","modified_gmt":"2026-01-09T15:37:15","slug":"custom-knitted-socks-with-logo-cotton-bamboo-merino-sports","status":"publish","type":"product","link":"https:\/\/wristbandfactory.eu\/de\/p\/custom-knitted-socks-with-logo-cotton-bamboo-merino-sports\/","title":{"rendered":"Gestrickte Socken mit Logo"},"content":{"rendered":"<p data-path-to-node=\"10\">Verwandeln Sie ein allt\u00e4gliches Gebrauchsgegenstand in den Verkaufsschlager Ihrer Marke. Unser <b>Ma\u00dfgestrickte Socken<\/b> Sie werden nicht unbedruckt nur bedruckt, sondern mithilfe der Jacquard-Webtechnik von Grund auf neu gefertigt. Das bedeutet, dass Ihr Logo und Design mit bis zu f\u00fcnf verschiedenen Garnfarben direkt in den Stoff eingewebt werden. So wird sichergestellt, dass sich das Design nicht abl\u00f6st oder verblasst.<\/p>\n<p data-path-to-node=\"11\">Ob Sie professionelle Firmengeschenke, leistungsstarke Sportausr\u00fcstung oder umweltbewusste Produkte ben\u00f6tigen \u2013 unsere Produktionskapazit\u00e4ten decken jeden Bedarf mit geringen Mindestmengen ab.<\/p>\n<h2 data-path-to-node=\"12\">Materialoptionen<\/h2>\n<p data-path-to-node=\"13\">Wir bieten Ihnen unterschiedliche Materialmischungen an, die auf Ihre spezifischen Bed\u00fcrfnisse zugeschnitten sind:<\/p>\n<ul data-path-to-node=\"14\">\n<li>\n<p data-path-to-node=\"14,0,0\"><b>Klassische Baumwollmischung:<\/b> Der Branchenstandard f\u00fcr Komfort und Langlebigkeit. Ideal f\u00fcr den t\u00e4glichen Gebrauch und als Werbegeschenk.<\/p>\n<ul data-path-to-node=\"14,0,1\">\n<li>\n<p data-path-to-node=\"14,0,1,0,0\"><i>Zusammensetzung:<\/i> F\u00fcr die Produktion in der EU werden 68% Baumwolle, 29% Polyester, 3% Elasthan (Standard) oder 80% Baumwollmischungen verwendet.<\/p>\n<\/li>\n<\/ul>\n<\/li>\n<li>\n<p data-path-to-node=\"14,1,0\"><b>Premium-Bambus:<\/b> Eine nachhaltige, sanftere Alternative, die von Natur aus hypoallergen ist.<\/p>\n<ul data-path-to-node=\"14,1,1\">\n<li>\n<p data-path-to-node=\"14,1,1,0,0\"><i>Zusammensetzung:<\/i> 65% Bambus, 25% Baumwolle, 8% Polyester, 2% Elastan.<\/p>\n<\/li>\n<\/ul>\n<\/li>\n<li>\n<p data-path-to-node=\"14,2,0\"><b>Merinowolle (Winter &amp; Wandern):<\/b> Weich, atmungsaktiv und geruchsabsorbierend. Perfekt f\u00fcr Outdoor-Marken und als Wintergeschenk.<\/p>\n<ul data-path-to-node=\"14,2,1\">\n<li>\n<p data-path-to-node=\"14,2,1,0,0\"><i>Zusammensetzung:<\/i> 43% Merinowolle, 25% Polyamid, 29% Acryl, 3% Elastan.<\/p>\n<\/li>\n<\/ul>\n<\/li>\n<li>\n<p data-path-to-node=\"14,3,0\"><b>Performance Sports Blend:<\/b> Hochstrapazierf\u00e4hige Materialmischungen, speziell entwickelt f\u00fcr Laufen und Fu\u00dfball.<\/p>\n<ul data-path-to-node=\"14,3,1\">\n<li>\n<p data-path-to-node=\"14,3,1,0,0\"><i>Zusammensetzung:<\/i> Polyamid\/Baumwolle\/Elastan-Mischgewebe mit Netzbel\u00fcftung.<\/p>\n<\/li>\n<\/ul>\n<\/li>\n<\/ul>\n<h2 data-path-to-node=\"15\">Verf\u00fcgbare Stile und Schnitte<\/h2>\n<p data-path-to-node=\"16\">Sie k\u00f6nnen Ihr Design auf jeden der folgenden Zuschnitte anwenden:<\/p>\n<ul data-path-to-node=\"17\">\n<li>\n<p data-path-to-node=\"17,0,0\"><b>Crew-Socken:<\/b> Die klassische Wadenl\u00e4nge. In allen Materialien erh\u00e4ltlich.<\/p>\n<\/li>\n<li>\n<p data-path-to-node=\"17,1,0\"><b>Kn\u00f6chel- und unsichtbare Socken:<\/b> Dezente und moderne Schnitte, perfekt f\u00fcr den Sommer oder Sneaker.<\/p>\n<\/li>\n<li>\n<p data-path-to-node=\"17,2,0\"><b>Sport- und Tennissocken:<\/b> Merkmale <b>360\u00b0-Bogenst\u00fctze<\/b> und optional gepolsterte (Halb-Frottee-)Sohlen zur Sto\u00dfd\u00e4mpfung.<\/p>\n<\/li>\n<li>\n<p data-path-to-node=\"17,3,0\"><b>Laufsocken:<\/b> Hochwertige Stricktechnik mit atmungsaktivem Mesh im Vorderfu\u00dfbereich und Piqu\u00e9-Strick am Bein.<\/p>\n<\/li>\n<li>\n<p data-path-to-node=\"17,4,0\"><b>Fu\u00dfballsocken:<\/b> Knielanger Schuh mit Mesh-Eins\u00e4tzen an Wade und Obersohle.<\/p>\n<\/li>\n<li>\n<p data-path-to-node=\"17,5,0\"><b>Yoga &amp; Anti-Rutsch:<\/b> Mit rutschfesten Silikonnoppen an der Sohle in Ihrem individuellen Muster. Erh\u00e4ltlich als Zehenschuh oder Zehenkappe.<\/p>\n<\/li>\n<\/ul>\n<h2 data-path-to-node=\"18\">Technische Daten<\/h2>\n<ul data-path-to-node=\"19\">\n<li>\n<p data-path-to-node=\"19,0,0\"><b>Stricktechnologie:<\/b> Jacquard (in den Stoff eingewebtes Muster).<\/p>\n<\/li>\n<li>\n<p data-path-to-node=\"19,1,0\"><b>Farben:<\/b> Bis zu 5 Farben pro Design.<\/p>\n<\/li>\n<li>\n<p data-path-to-node=\"19,2,0\"><b>Mindestbestellmenge (MOQ):<\/b> Beginnt bei <b>25 Paare<\/b> f\u00fcr ausgew\u00e4hlte Sportmodelle und <b>50 Paare<\/b> f\u00fcr Standardausf\u00fchrungen.<\/p>\n<\/li>\n<li>\n<p data-path-to-node=\"19,3,0\"><b>Gr\u00f6\u00dfen:<\/b> Einheitsgr\u00f6\u00dfe oder spezifische Gr\u00f6\u00dfenbereiche erh\u00e4ltlich.<\/p>\n<\/li>\n<li>\n<p data-path-to-node=\"19,4,0\"><b>Verpackung:<\/b> Optionale, individuell gestaltete, vollfarbige Papieretiketten. <i>Hinweis: Bei mehreren Gr\u00f6\u00dfen mit dem gleichen Etikettendesign werden Gr\u00f6\u00dfenaufkleber verwendet, um Kosten zu sparen.<\/i><\/p>\n<\/li>\n<li>\n<p data-path-to-node=\"19,5,0\"><b>Designhinweis:<\/b> Linke und rechte Socken k\u00f6nnen unterschiedliche Designs haben (gegen Aufpreis). Logos an der Au\u00dfenseite beider Beine gelten aufgrund ihrer Ausrichtung als separate Designs.<\/p>\n<\/li>\n<\/ul>\n<h2 data-path-to-node=\"20\">Anwendungsf\u00e4lle<\/h2>\n<ul data-path-to-node=\"21\">\n<li>\n<p data-path-to-node=\"21,0,0\"><b>Firmengeschenke:<\/b> Witzige und praktische B\u00fcrogeschenke, die die Mitarbeiter auch tats\u00e4chlich tragen.<\/p>\n<\/li>\n<li>\n<p data-path-to-node=\"21,1,0\"><b>Sportmannschaften:<\/b> Individuell gestaltete Socken f\u00fcr Fu\u00dfball, Basketball und Laufen in den jeweiligen Teamfarben.<\/p>\n<\/li>\n<li>\n<p data-path-to-node=\"21,2,0\"><b>Einzelhandel &amp; Merchandising:<\/b> Hochwertige Wiederverkaufsartikel f\u00fcr Bands, Influencer und Bekleidungsmarken.<\/p>\n<\/li>\n<li>\n<p data-path-to-node=\"21,3,0\"><b>Wellness-Studios:<\/b> Marken-Antirutschsocken f\u00fcr Yoga- und Pilateskurse.<\/p>\n<\/li>\n<\/ul>\n<p data-path-to-node=\"22\">","protected":false},"excerpt":{"rendered":"<ul>\n<li>\n<p data-path-to-node=\"9,0,0\"><b>Jacquardstricken:<\/b> Ihr Design wird direkt in den Stoff eingewebt (bis zu 5 Farben), um Langlebigkeit und eine hochwertige Optik zu gew\u00e4hrleisten.<\/p>\n<\/li>\n<li>\n<p data-path-to-node=\"9,1,0\"><b>Materialwahl:<\/b> Erh\u00e4ltlich in Standard-Baumwolle, umweltfreundlichem Bambus oder warmer Merinowolle.<\/p>\n<\/li>\n<li>\n<p data-path-to-node=\"9,2,0\"><b>Vielseitige Stile:<\/b> Optionen: Crew, Ankle, No-Show, Sports (Fu\u00dfgew\u00f6lbeunterst\u00fctzung) und Anti-Rutsch-Yoga.<\/p>\n<\/li>\n<li>\n<p data-path-to-node=\"9,3,0\"><b>Bedruckte Tags:<\/b> Optionale vollfarbige Papieretiketten oder Aufkleber f\u00fcr verkaufsfertige Verpackungen.<\/p>\n<\/li>\n<\/ul>","protected":false},"featured_media":6670,"comment_status":"closed","ping_status":"closed","template":"","meta":[],"product_brand":[],"product_cat":[129],"product_tag":[],"class_list":{"0":"post-5985","1":"product","2":"type-product","3":"status-publish","4":"has-post-thumbnail","6":"product_cat-leisure-lifestyle","8":"first","9":"instock","10":"shipping-taxable","11":"product-type-simple"},"_links":{"self":[{"href":"https:\/\/wristbandfactory.eu\/de\/wp-json\/wp\/v2\/product\/5985","targetHints":{"allow":["GET"]}}],"collection":[{"href":"https:\/\/wristbandfactory.eu\/de\/wp-json\/wp\/v2\/product"}],"about":[{"href":"https:\/\/wristbandfactory.eu\/de\/wp-json\/wp\/v2\/types\/product"}],"replies":[{"embeddable":true,"href":"https:\/\/wristbandfactory.eu\/de\/wp-json\/wp\/v2\/comments?post=5985"}],"wp:featuredmedia":[{"embeddable":true,"href":"https:\/\/wristbandfactory.eu\/de\/wp-json\/wp\/v2\/media\/6670"}],"wp:attachment":[{"href":"https:\/\/wristbandfactory.eu\/de\/wp-json\/wp\/v2\/media?parent=5985"}],"wp:term":[{"taxonomy":"product_brand","embeddable":true,"href":"https:\/\/wristbandfactory.eu\/de\/wp-json\/wp\/v2\/product_brand?post=5985"},{"taxonomy":"product_cat","embeddable":true,"href":"https:\/\/wristbandfactory.eu\/de\/wp-json\/wp\/v2\/product_cat?post=5985"},{"taxonomy":"product_tag","embeddable":true,"href":"https:\/\/wristbandfactory.eu\/de\/wp-json\/wp\/v2\/product_tag?post=5985"}],"curies":[{"name":"wp","href":"https:\/\/api.w.org\/{rel}","templated":true}]}}