{"id":5968,"date":"2025-12-16T15:35:54","date_gmt":"2025-12-16T12:35:54","guid":{"rendered":"https:\/\/wristbandfactory.eu\/?post_type=product&#038;p=5968"},"modified":"2025-12-29T16:31:10","modified_gmt":"2025-12-29T13:31:10","slug":"custom-knitted-beanies-winter-hats-acrylic-rpet-jacquard","status":"publish","type":"product","link":"https:\/\/wristbandfactory.eu\/de\/p\/custom-knitted-beanies-winter-hats-acrylic-rpet-jacquard\/","title":{"rendered":"Ma\u00dfgefertigte Strickm\u00fctzen und Winterm\u00fctzen (Acryl, rPET, Jacquard)"},"content":{"rendered":"<p data-path-to-node=\"11\">Verleihen Sie Ihrer Marke mit unserem Premium-Produkt einen warmen Touch. <b>Ma\u00dfgefertigte Strickm\u00fctzen<\/b>. Diese Winterm\u00fctzen sind der ideale Werbeartikel f\u00fcr die kalte Jahreszeit und eignen sich perfekt als Firmengeschenke, f\u00fcr Sportmannschaften und den Einzelhandel. Im Gegensatz zu herk\u00f6mmlichen bedruckten Artikeln \u00fcberzeugen unsere Winterm\u00fctzen durch ihre hochwertige Haptik und W\u00e4rme. Ob Sie eine klassische Beanie mit gesticktem Logo oder eine individuell gestaltete Jacquard-Strickm\u00fctze ben\u00f6tigen, bei der Ihr Design direkt in den Stoff eingewebt wird \u2013 wir bieten Kopfbedeckungen in Einzelhandelsqualit\u00e4t, die man gerne tr\u00e4gt.<\/p>\n<h2 data-path-to-node=\"12\">Hauptmerkmale<\/h2>\n<ul data-path-to-node=\"13\">\n<li>\n<p data-path-to-node=\"13,0,0\"><b>Riesige Vielfalt:<\/b> W\u00e4hlen Sie zwischen klassischen Beanies mit Umschlag, trendigen Fischerm\u00fctzen (flaches Profil), l\u00e4ssigen Modellen oder hochwertigen Zopfstrickm\u00fctzen.<\/p>\n<\/li>\n<li>\n<p data-path-to-node=\"13,1,0\"><b>Umweltfreundliche Optionen:<\/b> Erreichen Sie Ihre Nachhaltigkeitsziele, indem Sie zertifiziertes rPET (recycelter Kunststoff) anstelle von herk\u00f6mmlichem Acryl w\u00e4hlen.<\/p>\n<\/li>\n<li>\n<p data-path-to-node=\"13,2,0\"><b>Jacquard-Webtechnologie:<\/b> Bei komplexen Mustern oder gro\u00dffl\u00e4chigen Logos stricken wir Ihr Design direkt in die M\u00fctzenstruktur ein und verwenden dabei bis zu 4 Farben (nahtlose Optik).<\/p>\n<\/li>\n<li>\n<p data-path-to-node=\"13,3,0\"><b>Hochwertige Ausf\u00fchrungen:<\/b> Erh\u00e4ltlich mit \u201cShu\u201d-Veloursfutter oder Fleecefutter f\u00fcr zus\u00e4tzliche Isolierung bei extremer K\u00e4lte.<\/p>\n<\/li>\n<li>\n<p data-path-to-node=\"13,4,0\"><b>Sicherheitsoptionen:<\/b> Kann mit reflektierenden F\u00e4den oder Streifen eingewebt werden, um in Wintern\u00e4chten eine hohe Sichtbarkeit zu gew\u00e4hrleisten.<\/p>\n<\/li>\n<\/ul>\n<h2 data-path-to-node=\"14\">Technische Daten<\/h2>\n<ul data-path-to-node=\"15\">\n<li>\n<p data-path-to-node=\"15,0,0\"><b>Material:<\/b> 100% Acryl, 100% rPET oder Polylana\u00ae-Mischungen.<\/p>\n<\/li>\n<li>\n<p data-path-to-node=\"15,1,0\"><b>Gr\u00f6\u00dfe:<\/b> Einheitsgr\u00f6\u00dfe (dehnbares Strickmaterial).<\/p>\n<\/li>\n<li>\n<p data-path-to-node=\"15,2,0\"><b>Branding-Methoden:<\/b><\/p>\n<ul data-path-to-node=\"15,2,1\">\n<li>\n<p data-path-to-node=\"15,2,1,0,0\"><b>Stickerei:<\/b> Flache oder 3D-Puffapplikationen (am besten geeignet f\u00fcr fl\u00e4chige Logos auf M\u00fctzen mit Umschlag).<\/p>\n<\/li>\n<li>\n<p data-path-to-node=\"15,2,1,1,0\"><b>Jacquard:<\/b> Das Design ist in den Stoff eingestrickt (am besten geeignet f\u00fcr Muster\/gro\u00dfe Texte).<\/p>\n<\/li>\n<li>\n<p data-path-to-node=\"15,2,1,2,0\"><b>Gewebter Aufn\u00e4her:<\/b> Im Retro-Stil, auf die Manschette gestickt.<\/p>\n<\/li>\n<\/ul>\n<\/li>\n<li>\n<p data-path-to-node=\"15,3,0\"><b>Schichten:<\/b> Einlagig (leicht), zweilagig (Standard) oder mit Fleece gef\u00fcttert (strapazierf\u00e4hig).<\/p>\n<\/li>\n<li>\n<p data-path-to-node=\"15,4,0\"><b>Mindestbestellmenge (MOQ):<\/b> 100 Einheiten.<\/p>\n<\/li>\n<\/ul>\n<h2 data-path-to-node=\"16\">Anwendungsf\u00e4lle<\/h2>\n<ul data-path-to-node=\"17\">\n<li>\n<p data-path-to-node=\"17,0,0\"><b>Firmengeschenke:<\/b> Hochwertige Wintergeschenke f\u00fcr Mitarbeiter und wichtige Kunden.<\/p>\n<\/li>\n<li>\n<p data-path-to-node=\"17,1,0\"><b>Sportvereine:<\/b> Unverzichtbare Teamkleidung f\u00fcr Fans und Spieler w\u00e4hrend des Wintertrainings.<\/p>\n<\/li>\n<li>\n<p data-path-to-node=\"17,2,0\"><b>Veranstaltungen im Freien:<\/b> Sorgen Sie daf\u00fcr, dass die Mitarbeiter der Veranstaltung und die Festivalbesucher warm und gut sichtbar sind.<\/p>\n<\/li>\n<li>\n<p data-path-to-node=\"17,3,0\"><b>Einzelhandelswaren:<\/b> Hochwertige Markenartikel f\u00fcr Bands, Brauereien und Modemarken.<\/p>\n<\/li>\n<\/ul>","protected":false},"excerpt":{"rendered":"<ul data-path-to-node=\"9\">\n<li>\n<p data-path-to-node=\"9,0,0\"><b>Riesige Vielfalt:<\/b> Von klassischen M\u00fctzen mit Umschlag und trendigen Fischerm\u00fctzen bis hin zu hochwertigen Zopfstrickpullovern.<\/p>\n<\/li>\n<li>\n<p data-path-to-node=\"9,1,0\"><b>Umweltfreundliche Optionen:<\/b> Viele Modelle sind in zertifiziertem rPET-Material (recyceltem Kunststoff) erh\u00e4ltlich.<\/p>\n<\/li>\n<li>\n<p data-path-to-node=\"9,2,0\"><b>Individuelles Branding:<\/b> Sie haben die Wahl zwischen gestickten Logos oder vollst\u00e4ndig gewebten Jacquard-Mustern (2-4 Farben).<\/p>\n<\/li>\n<li>\n<p data-path-to-node=\"9,3,0\"><b>Bereit f\u00fcr den Winter:<\/b> Zu den Optionen geh\u00f6ren Fleecefutter, reflektierende F\u00e4den und w\u00e4rmende Doppellagen-Strickwaren.<\/p>\n<\/li>\n<\/ul>","protected":false},"featured_media":6355,"comment_status":"closed","ping_status":"closed","template":"","meta":[],"product_brand":[],"product_cat":[45],"product_tag":[],"class_list":{"0":"post-5968","1":"product","2":"type-product","3":"status-publish","4":"has-post-thumbnail","6":"product_cat-other","8":"first","9":"instock","10":"shipping-taxable","11":"purchasable","12":"product-type-simple"},"_links":{"self":[{"href":"https:\/\/wristbandfactory.eu\/de\/wp-json\/wp\/v2\/product\/5968","targetHints":{"allow":["GET"]}}],"collection":[{"href":"https:\/\/wristbandfactory.eu\/de\/wp-json\/wp\/v2\/product"}],"about":[{"href":"https:\/\/wristbandfactory.eu\/de\/wp-json\/wp\/v2\/types\/product"}],"replies":[{"embeddable":true,"href":"https:\/\/wristbandfactory.eu\/de\/wp-json\/wp\/v2\/comments?post=5968"}],"wp:featuredmedia":[{"embeddable":true,"href":"https:\/\/wristbandfactory.eu\/de\/wp-json\/wp\/v2\/media\/6355"}],"wp:attachment":[{"href":"https:\/\/wristbandfactory.eu\/de\/wp-json\/wp\/v2\/media?parent=5968"}],"wp:term":[{"taxonomy":"product_brand","embeddable":true,"href":"https:\/\/wristbandfactory.eu\/de\/wp-json\/wp\/v2\/product_brand?post=5968"},{"taxonomy":"product_cat","embeddable":true,"href":"https:\/\/wristbandfactory.eu\/de\/wp-json\/wp\/v2\/product_cat?post=5968"},{"taxonomy":"product_tag","embeddable":true,"href":"https:\/\/wristbandfactory.eu\/de\/wp-json\/wp\/v2\/product_tag?post=5968"}],"curies":[{"name":"wp","href":"https:\/\/api.w.org\/{rel}","templated":true}]}}