{"id":5963,"date":"2025-12-16T15:28:54","date_gmt":"2025-12-16T12:28:54","guid":{"rendered":"https:\/\/wristbandfactory.eu\/?post_type=product&#038;p=5963"},"modified":"2025-12-29T16:49:28","modified_gmt":"2025-12-29T13:49:28","slug":"custom-printed-bucket-hats-polyester-reversible-corduroy","status":"publish","type":"product","link":"https:\/\/wristbandfactory.eu\/de\/p\/custom-printed-bucket-hats-polyester-reversible-corduroy\/","title":{"rendered":"Bedruckte Fischerh\u00fcte"},"content":{"rendered":"<p data-path-to-node=\"11\"><b>Kultige Kopfbedeckungen f\u00fcr maximale Markenpr\u00e4senz<\/b> Unser <b>Individuell bedruckte Fischerh\u00fcte<\/b> Sie sind das ultimative Sommeraccessoire f\u00fcr Festivals, Outdoor-Events und Firmenkollektionen. Ob Sie ein kosteng\u00fcnstiges Werbegeschenk oder einen hochwertigen Artikel f\u00fcr den Einzelhandel ben\u00f6tigen \u2013 unser Sortiment deckt mit brillanten Farbdrucken und erstklassigen Stoffen jeden Bedarf ab.<\/p>\n<p data-path-to-node=\"12\"><b>Verf\u00fcgbare Modelle und Ausf\u00fchrungen<\/b><\/p>\n<ul data-path-to-node=\"13\">\n<li>\n<p data-path-to-node=\"13,0,0\"><b>Standard Vollfarbe (Polyester)<\/b><\/p>\n<ul data-path-to-node=\"13,0,1\">\n<li>\n<p data-path-to-node=\"13,0,1,0,0\"><b>Leicht:<\/b> 150 g\/m\u00b2 Polyester. Perfekt f\u00fcr hei\u00dfe Sommertage und gro\u00dfe Werbeaktionen.<\/p>\n<\/li>\n<li>\n<p data-path-to-node=\"13,0,1,1,0\"><b>Schwergewicht:<\/b>\u00a0260 g\/m\u00b2 Polyester. Sorgt f\u00fcr ein robusteres, strukturiertes Tragegef\u00fchl und eine h\u00f6here Wertwahrnehmung.<\/p>\n<\/li>\n<li>\n<p data-path-to-node=\"13,0,1,2,0\"><b>Details:<\/b> Auf der Au\u00dfenseite und der Innenseite des Schirms bedruckt. Schwarzes Schwei\u00dfband inklusive.<\/p>\n<\/li>\n<\/ul>\n<\/li>\n<li>\n<p data-path-to-node=\"13,1,0\"><b>Wendbare \u201c2-in-1\u201d-H\u00fcte<\/b><\/p>\n<ul data-path-to-node=\"13,1,1\">\n<li>\n<p data-path-to-node=\"13,1,1,0,0\"><b>(150 g\/m\u00b2) &amp; (260 g\/m\u00b2):<\/b> Verdoppeln Sie die Wirkung Ihrer Marke! Diese Caps sind komplett wendbar und bieten so zwei v\u00f6llig unterschiedliche Designs f\u00fcr innen und au\u00dfen. Unbedruckt die Cap umst\u00fclpen und schon haben Sie einen neuen Look.<\/p>\n<\/li>\n<\/ul>\n<\/li>\n<li>\n<p data-path-to-node=\"13,2,0\"><b>Hochwertige Textur (Cord)<\/b><\/p>\n<ul data-path-to-node=\"13,2,1\">\n<li>\n<p data-path-to-node=\"13,2,1,0,0\"><b>Klassischer Cord:<\/b> 210 g\/m\u00b2 schweres Gewebe mit ausgepr\u00e4gter Rippenstruktur. Mittleres Profil.<\/p>\n<\/li>\n<li>\n<p data-path-to-node=\"13,2,1,1,0\"><b>Baumwollkord:<\/b> 200 g\/m\u00b2 Baumwollmischung f\u00fcr ein weicheres, nat\u00fcrliches Tragegef\u00fchl.<\/p>\n<\/li>\n<li>\n<p data-path-to-node=\"13,2,1,2,0\"><b>Stil:<\/b> Retro-inspirierter Look, perfekt f\u00fcr trendorientierte Marken und Streetwear.<\/p>\n<\/li>\n<\/ul>\n<\/li>\n<li>\n<p data-path-to-node=\"13,3,0\"><b>Spezialoptionen<\/b><\/p>\n<ul data-path-to-node=\"13,3,1\">\n<li>\n<p data-path-to-node=\"13,3,1,0,0\"><b>Breite Krempe:<\/b> 200 g\/m\u00b2 Polyester mit verl\u00e4ngerter Krempe f\u00fcr zus\u00e4tzlichen Sonnenschutz.<\/p>\n<\/li>\n<li>\n<p data-path-to-node=\"13,3,1,1,0\"><b>Bestickte Variante:<\/b> 170 g\/m\u00b2 Polyester, speziell entwickelt f\u00fcr Stickerei oder Spotdruck.<\/p>\n<\/li>\n<\/ul>\n<\/li>\n<\/ul>\n<p data-path-to-node=\"14\"><b>Spezifikationen &amp; Gr\u00f6\u00dfenangaben<\/b><\/p>\n<ul data-path-to-node=\"15\">\n<li>\n<p data-path-to-node=\"15,0,0\"><b>Drucken:<\/b> Vollfl\u00e4chiger CMYK-Sublimationsdruck (Polyestermodelle). Erm\u00f6glicht fotorealistische Designs und fl\u00e4chendeckende Muster.<\/p>\n<\/li>\n<li>\n<p data-path-to-node=\"15,1,0\"><b>Gr\u00f6\u00dfen:<\/b><\/p>\n<ul data-path-to-node=\"15,1,1\">\n<li>\n<p data-path-to-node=\"15,1,1,0,0\"><b>Kinder:<\/b> 55 cm<\/p>\n<\/li>\n<li>\n<p data-path-to-node=\"15,1,1,1,0\"><b>Standard Erwachsener:<\/b> 58 cm (Passend f\u00fcr die meisten Frauen und M\u00e4nner)<\/p>\n<\/li>\n<li>\n<p data-path-to-node=\"15,1,1,2,0\"><b>Gro\u00dfes ausgewachsenes Exemplar:<\/b> 60 cm (Lockere Passform)<\/p>\n<\/li>\n<\/ul>\n<\/li>\n<li>\n<p data-path-to-node=\"15,2,0\"><b>Bel\u00fcftung:<\/b> Eingen\u00e4hte, farblich abgestimmte \u00d6sen (bei Standard-Polyestermodellen) gew\u00e4hrleisten Atmungsaktivit\u00e4t bei warmen Anl\u00e4ssen.<\/p>\n<\/li>\n<li>\n<p data-path-to-node=\"15,3,0\"><b>Krempenbreite:<\/b> Standardm\u00e4\u00dfig in 5,5 cm oder 7,5 cm erh\u00e4ltlich (je nach Modell).<\/p>\n<\/li>\n<\/ul>\n<p data-path-to-node=\"16\"><b>Anwendungsf\u00e4lle<\/b><\/p>\n<ul data-path-to-node=\"17\">\n<li>\n<p data-path-to-node=\"17,0,0\"><b>Festivals &amp; Konzerte:<\/b> Gut sichtbare Fanartikel, die Fans gerne tragen.<\/p>\n<\/li>\n<li>\n<p data-path-to-node=\"17,1,0\"><b>Sportmannschaften:<\/b> Einheitliches Erscheinungsbild f\u00fcr Unterst\u00fctzer und Vereinsmitglieder.<\/p>\n<\/li>\n<li>\n<p data-path-to-node=\"17,2,0\"><b>Studentenveranstaltungen:<\/b> Orientierungstage und Universit\u00e4tsartikel.<\/p>\n<\/li>\n<\/ul>","protected":false},"excerpt":{"rendered":"<ul>\n<li>\n<p data-path-to-node=\"9,0,0\"><b>Gro\u00dfe Auswahl:<\/b> W\u00e4hlen Sie zwischen leichtem (150 g\/m\u00b2) oder schwerem (260 g\/m\u00b2) Polyester, Wendemodellen oder trendigem Cord.<\/p>\n<\/li>\n<li>\n<p data-path-to-node=\"9,1,0\"><b>Vollst\u00e4ndige Anpassung:<\/b> Randloser CMYK-Sublimationsdruck f\u00fcr unbegrenzte Farben und Muster.<\/p>\n<\/li>\n<li>\n<p data-path-to-node=\"9,2,0\"><b>Perfekte Passform:<\/b> Erh\u00e4ltlich in den Gr\u00f6\u00dfen Kinder (55 cm), Erwachsene (58 cm) und Gro\u00df (60 cm).<\/p>\n<\/li>\n<li>\n<p data-path-to-node=\"9,3,0\"><b>Vielseitig:<\/b> Ideal f\u00fcr Sommerfestivals, Sportartikel und Streetwear-Marken.<\/p>\n<\/li>\n<\/ul>","protected":false},"featured_media":6365,"comment_status":"closed","ping_status":"closed","template":"","meta":[],"product_brand":[],"product_cat":[130],"product_tag":[],"class_list":{"0":"post-5963","1":"product","2":"type-product","3":"status-publish","4":"has-post-thumbnail","6":"product_cat-custom-headwear","8":"first","9":"instock","10":"shipping-taxable","11":"purchasable","12":"product-type-simple"},"_links":{"self":[{"href":"https:\/\/wristbandfactory.eu\/de\/wp-json\/wp\/v2\/product\/5963","targetHints":{"allow":["GET"]}}],"collection":[{"href":"https:\/\/wristbandfactory.eu\/de\/wp-json\/wp\/v2\/product"}],"about":[{"href":"https:\/\/wristbandfactory.eu\/de\/wp-json\/wp\/v2\/types\/product"}],"replies":[{"embeddable":true,"href":"https:\/\/wristbandfactory.eu\/de\/wp-json\/wp\/v2\/comments?post=5963"}],"wp:featuredmedia":[{"embeddable":true,"href":"https:\/\/wristbandfactory.eu\/de\/wp-json\/wp\/v2\/media\/6365"}],"wp:attachment":[{"href":"https:\/\/wristbandfactory.eu\/de\/wp-json\/wp\/v2\/media?parent=5963"}],"wp:term":[{"taxonomy":"product_brand","embeddable":true,"href":"https:\/\/wristbandfactory.eu\/de\/wp-json\/wp\/v2\/product_brand?post=5963"},{"taxonomy":"product_cat","embeddable":true,"href":"https:\/\/wristbandfactory.eu\/de\/wp-json\/wp\/v2\/product_cat?post=5963"},{"taxonomy":"product_tag","embeddable":true,"href":"https:\/\/wristbandfactory.eu\/de\/wp-json\/wp\/v2\/product_tag?post=5963"}],"curies":[{"name":"wp","href":"https:\/\/api.w.org\/{rel}","templated":true}]}}