{"id":5959,"date":"2025-12-16T15:21:56","date_gmt":"2025-12-16T12:21:56","guid":{"rendered":"https:\/\/wristbandfactory.eu\/?post_type=product&#038;p=5959"},"modified":"2025-12-29T16:55:07","modified_gmt":"2025-12-29T13:55:07","slug":"custom-printed-balaclavas-ski-masks-polyester-fleece-thermal","status":"publish","type":"product","link":"https:\/\/wristbandfactory.eu\/de\/p\/custom-printed-balaclavas-ski-masks-polyester-fleece-thermal\/","title":{"rendered":"Bedruckte Sturmhauben &amp; Skimasken"},"content":{"rendered":"<p data-path-to-node=\"11\"><b>Ultimatives Branding f\u00fcr kaltes Wetter<\/b> Statten Sie Ihr Team oder Ihre Fans mit unseren Produkten aus <b>Individuell bedruckte Sturmhauben<\/b>, Diese Skimasken wurden f\u00fcr maximale W\u00e4rme und Sichtbarkeit entwickelt. Ob f\u00fcr Skigebiete, Winterbautrupps oder Werbeveranstaltungen im Freien \u2013 sie bieten eine gro\u00dfe bedruckbare Fl\u00e4che, um Ihre Marke zu pr\u00e4sentieren und gleichzeitig optimalen Schutz vor den Elementen zu bieten.<\/p>\n<p data-path-to-node=\"12\"><b>Verf\u00fcgbare Modelle und Spezifikationen<\/b><\/p>\n<ul data-path-to-node=\"13\">\n<li>\n<p data-path-to-node=\"13,0,0\"><b>\u00a0Leichtes Performance-Material (einlagig)<\/b><\/p>\n<ul data-path-to-node=\"13,0,1\">\n<li>\n<p data-path-to-node=\"13,0,1,0,0\"><b>Material:<\/b> 100% Polyester (180-190 g\/m\u00b2).<\/p>\n<\/li>\n<li>\n<p data-path-to-node=\"13,0,1,1,0\"><b>Design:<\/b> Vollfarbiger Sublimationsdruck \u00fcber die gesamte Oberfl\u00e4che.<\/p>\n<\/li>\n<li>\n<p data-path-to-node=\"13,0,1,2,0\"><b>Geeignet f\u00fcr:<\/b> Aktive Sportarten, das Tragen von Unterbekleidung unter dem Helm und mildere Winterbedingungen.<\/p>\n<\/li>\n<li>\n<p data-path-to-node=\"13,0,1,3,0\"><b>Gr\u00f6\u00dfe:<\/b> Ca. 45 x 26 cm (48 g).<\/p>\n<\/li>\n<\/ul>\n<\/li>\n<li>\n<p data-path-to-node=\"13,1,0\"><b>Winterw\u00e4rme (Doppelschicht)<\/b><\/p>\n<ul data-path-to-node=\"13,1,1\">\n<li>\n<p data-path-to-node=\"13,1,1,0,0\"><b>Material:<\/b> Bedrucktes Polyester-Au\u00dfenmaterial (130 g\/m\u00b2) + schwarzes Polar-Fleece-Futter (160 g\/m\u00b2).<\/p>\n<\/li>\n<li>\n<p data-path-to-node=\"13,1,1,1,0\"><b>Design:<\/b> Au\u00dfen vollfarbiger Druck, innen weich und w\u00e4rmend.<\/p>\n<\/li>\n<li>\n<p data-path-to-node=\"13,1,1,2,0\"><b>Geeignet f\u00fcr:<\/b> Skifahren, Snowboarden und l\u00e4ngerer Aufenthalt in K\u00e4lte.<\/p>\n<\/li>\n<li>\n<p data-path-to-node=\"13,1,1,3,0\"><b>Gr\u00f6\u00dfe:<\/b> Ca. 40x29cm (65-70g).<\/p>\n<\/li>\n<\/ul>\n<\/li>\n<li>\n<p data-path-to-node=\"13,2,0\"><b>\u00a0Klassisches Thermofleece (Vollfleece)<\/b><\/p>\n<ul data-path-to-node=\"13,2,1\">\n<li>\n<p data-path-to-node=\"13,2,1,0,0\"><b>Material:<\/b> 100% Polar Fleece (220 g\/m\u00b2).<\/p>\n<\/li>\n<li>\n<p data-path-to-node=\"13,2,1,1,0\"><b>Design:<\/b> Erh\u00e4ltlich in Standardstofffarben mit <b>Logo-Stickerei<\/b>.<\/p>\n<\/li>\n<li>\n<p data-path-to-node=\"13,2,1,2,0\"><b>Geeignet f\u00fcr:<\/b> Hochwertige, w\u00e4rmende Arbeitskleidung und Premiumprodukte.<\/p>\n<\/li>\n<li>\n<p data-path-to-node=\"13,2,1,3,0\"><b>Gr\u00f6\u00dfe:<\/b> Ca. 38x30cm (100g).<\/p>\n<\/li>\n<\/ul>\n<\/li>\n<\/ul>","protected":false},"excerpt":{"rendered":"<ul>\n<li>\n<p data-path-to-node=\"9,0,0\"><b>Drei Varianten:<\/b> Einlagiges Polyester (Leicht), mit Fleece gef\u00fcttertes Polyester (Warm) oder einfarbiges Polarfleece (Thermal).<\/p>\n<\/li>\n<li>\n<p data-path-to-node=\"9,1,0\"><b>Vollst\u00e4ndige Anpassung:<\/b> Sublimationsdruck \u00fcber die gesamte Fl\u00e4che f\u00fcr komplexe Grafiken oder Stickerei auf einfarbigem Fleece.<\/p>\n<\/li>\n<li>\n<p data-path-to-node=\"9,2,0\"><b>Winterschutz:<\/b> Sch\u00fctzt Gesicht und Hals vor Wind und K\u00e4lte; ideal f\u00fcr Wintersport und Arbeiten im Freien.<\/p>\n<\/li>\n<li>\n<p data-path-to-node=\"9,3,0\"><b>Universelle Passform:<\/b> Das Einheitsgr\u00f6\u00dfen-Design (ca. 40x29cm \/ 45x26cm) gew\u00e4hrleistet Vielseitigkeit.<\/p>\n<\/li>\n<\/ul>","protected":false},"featured_media":6370,"comment_status":"closed","ping_status":"closed","template":"","meta":[],"product_brand":[],"product_cat":[123,118],"product_tag":[],"class_list":{"0":"post-5959","1":"product","2":"type-product","3":"status-publish","4":"has-post-thumbnail","6":"product_cat-fan-cheering-items","7":"product_cat-sports-fitness","9":"first","10":"instock","11":"shipping-taxable","12":"purchasable","13":"product-type-simple"},"_links":{"self":[{"href":"https:\/\/wristbandfactory.eu\/de\/wp-json\/wp\/v2\/product\/5959","targetHints":{"allow":["GET"]}}],"collection":[{"href":"https:\/\/wristbandfactory.eu\/de\/wp-json\/wp\/v2\/product"}],"about":[{"href":"https:\/\/wristbandfactory.eu\/de\/wp-json\/wp\/v2\/types\/product"}],"replies":[{"embeddable":true,"href":"https:\/\/wristbandfactory.eu\/de\/wp-json\/wp\/v2\/comments?post=5959"}],"wp:featuredmedia":[{"embeddable":true,"href":"https:\/\/wristbandfactory.eu\/de\/wp-json\/wp\/v2\/media\/6370"}],"wp:attachment":[{"href":"https:\/\/wristbandfactory.eu\/de\/wp-json\/wp\/v2\/media?parent=5959"}],"wp:term":[{"taxonomy":"product_brand","embeddable":true,"href":"https:\/\/wristbandfactory.eu\/de\/wp-json\/wp\/v2\/product_brand?post=5959"},{"taxonomy":"product_cat","embeddable":true,"href":"https:\/\/wristbandfactory.eu\/de\/wp-json\/wp\/v2\/product_cat?post=5959"},{"taxonomy":"product_tag","embeddable":true,"href":"https:\/\/wristbandfactory.eu\/de\/wp-json\/wp\/v2\/product_tag?post=5959"}],"curies":[{"name":"wp","href":"https:\/\/api.w.org\/{rel}","templated":true}]}}