{"id":5822,"date":"2025-12-11T12:39:16","date_gmt":"2025-12-11T09:39:16","guid":{"rendered":"https:\/\/wristbandfactory.eu\/?post_type=product&#038;p=5822"},"modified":"2025-12-11T12:39:30","modified_gmt":"2025-12-11T09:39:30","slug":"debossed-silicone-wristbands-colour-filled-engraved","status":"publish","type":"product","link":"https:\/\/wristbandfactory.eu\/de\/p\/debossed-silicone-wristbands-colour-filled-engraved\/","title":{"rendered":"Silikonarmb\u00e4nder \u2013 Tiefpr\u00e4gung \/ Farbf\u00fcllung"},"content":{"rendered":"<p data-path-to-node=\"10\"><b>Der Branchenstandard f\u00fcr Langlebigkeit<\/b><\/p>\n<p data-path-to-node=\"11\"><b>Gepr\u00e4gte, farbig ausgef\u00fcllte Armb\u00e4nder<\/b> Diese Armb\u00e4nder sind die Premium-Wahl f\u00fcr Marken und Organisationen, die Wert auf Langlebigkeit legen. Im Gegensatz zu herk\u00f6mmlichen bedruckten Armb\u00e4ndern, bei denen die Tinte nur auf der Oberfl\u00e4che liegt, durchlaufen diese Armb\u00e4nder einen zweistufigen Herstellungsprozess, um sicherzustellen, dass Ihre Botschaft genauso lange h\u00e4lt wie das Armband selbst.<\/p>\n<p data-path-to-node=\"12\"><b>Wie es hergestellt wird<\/b><\/p>\n<ol start=\"1\" data-path-to-node=\"13\">\n<li>\n<p data-path-to-node=\"13,0,0\"><b>Gravur (Pr\u00e4gung):<\/b> Wir fertigen eine individuelle Form an, um Ihr Logo und Ihren Text tief in das Silikonarmband einzugravieren.<\/p>\n<\/li>\n<li>\n<p data-path-to-node=\"13,1,0\"><b>Farbf\u00fcllung:<\/b> Die vertieften Bereiche werden dann von Hand mit einer speziellen, haltbaren Silikontinte in einer Kontrastfarbe ausgef\u00fcllt.<\/p>\n<\/li>\n<\/ol>\n<p data-path-to-node=\"14\"><b>Warum sollte man sich f\u00fcr Reliefpr\u00e4gung entscheiden?<\/b> Da die Konstruktion unter der Oberfl\u00e4che versenkt ist, ist sie physikalisch vor Reibung und Verschlei\u00df gesch\u00fctzt. Dies macht sie zur einzig praktikablen Option f\u00fcr <b>langfristige Sensibilisierungskampagnen, Artikel zur F\u00f6rderung des Schulgeistes und Spendenaktionen<\/b> wobei das Armband monatelang oder sogar jahrelang t\u00e4glich getragen wird.<\/p>\n<p data-path-to-node=\"15\"><b>Anpassung<\/b> Wir k\u00f6nnen das Silikonarmband an jedes beliebige Armband anpassen. <b>Pantone (PMS)<\/b> F\u00e4rben Sie den eingravierten Text mit einer beliebigen kontrastierenden Pantone-Farbe ein, die perfekt zu Ihrer Markenidentit\u00e4t passt.<\/p>\n<p data-path-to-node=\"16\"><b>Hauptmerkmale:<\/b><\/p>\n<ul data-path-to-node=\"17\">\n<li>\n<p data-path-to-node=\"17,0,0\"><b>Stil:<\/b> Gepr\u00e4gt (vertieft) und mit Tinte ausgef\u00fcllt.<\/p>\n<\/li>\n<li>\n<p data-path-to-node=\"17,1,0\"><b>Material:<\/b> 100% Silikon in medizinischer Qualit\u00e4t.<\/p>\n<\/li>\n<li>\n<p data-path-to-node=\"17,2,0\"><b>Haltbarkeit:<\/b> Extrem (verschlei\u00dffestes Design).<\/p>\n<\/li>\n<li>\n<p data-path-to-node=\"17,3,0\"><b>Gr\u00f6\u00dfen:<\/b> Erwachsene (202 mm) &amp; Jugendliche (180 mm).<\/p>\n<\/li>\n<\/ul>","protected":false},"excerpt":{"rendered":"<ul>\n<li>\n<p data-path-to-node=\"8,0,0\"><b>Maximale Haltbarkeit:<\/b> Ihr Logo ist tief in das Silikon eingraviert (gepr\u00e4gt), sodass es sich nicht abreiben l\u00e4sst.<\/p>\n<\/li>\n<li>\n<p data-path-to-node=\"8,1,0\"><b>Ausgef\u00fcllt:<\/b> Der eingravierte Text ist mit kontrastierender Silikontinte ausgef\u00fcllt, um einen lebendigen, ausdrucksstarken Look zu erzielen.<\/p>\n<\/li>\n<li>\n<p data-path-to-node=\"8,2,0\"><b>Premium-Feeling:<\/b> Bietet eine haptische, dreidimensionale Oberfl\u00e4che, die oft mit hochwertigen Wohlt\u00e4tigkeitskampagnen (z. B. Livestrong) in Verbindung gebracht wird.<\/p>\n<\/li>\n<li>\n<p data-path-to-node=\"8,3,0\"><b>Permanente Markenpr\u00e4senz:<\/b> Ideal f\u00fcr langfristiges Tragen (Monate oder Jahre) ohne Ausbleichen.<\/p>\n<\/li>\n<\/ul>","protected":false},"featured_media":5823,"comment_status":"closed","ping_status":"closed","template":"","meta":[],"product_brand":[],"product_cat":[49],"product_tag":[],"class_list":{"0":"post-5822","1":"product","2":"type-product","3":"status-publish","4":"has-post-thumbnail","6":"product_cat-silicone","8":"first","9":"instock","10":"shipping-taxable","11":"purchasable","12":"product-type-simple"},"_links":{"self":[{"href":"https:\/\/wristbandfactory.eu\/de\/wp-json\/wp\/v2\/product\/5822","targetHints":{"allow":["GET"]}}],"collection":[{"href":"https:\/\/wristbandfactory.eu\/de\/wp-json\/wp\/v2\/product"}],"about":[{"href":"https:\/\/wristbandfactory.eu\/de\/wp-json\/wp\/v2\/types\/product"}],"replies":[{"embeddable":true,"href":"https:\/\/wristbandfactory.eu\/de\/wp-json\/wp\/v2\/comments?post=5822"}],"wp:featuredmedia":[{"embeddable":true,"href":"https:\/\/wristbandfactory.eu\/de\/wp-json\/wp\/v2\/media\/5823"}],"wp:attachment":[{"href":"https:\/\/wristbandfactory.eu\/de\/wp-json\/wp\/v2\/media?parent=5822"}],"wp:term":[{"taxonomy":"product_brand","embeddable":true,"href":"https:\/\/wristbandfactory.eu\/de\/wp-json\/wp\/v2\/product_brand?post=5822"},{"taxonomy":"product_cat","embeddable":true,"href":"https:\/\/wristbandfactory.eu\/de\/wp-json\/wp\/v2\/product_cat?post=5822"},{"taxonomy":"product_tag","embeddable":true,"href":"https:\/\/wristbandfactory.eu\/de\/wp-json\/wp\/v2\/product_tag?post=5822"}],"curies":[{"name":"wp","href":"https:\/\/api.w.org\/{rel}","templated":true}]}}