{"id":5820,"date":"2025-12-11T12:35:46","date_gmt":"2025-12-11T09:35:46","guid":{"rendered":"https:\/\/wristbandfactory.eu\/?post_type=product&#038;p=5820"},"modified":"2025-12-11T12:37:20","modified_gmt":"2025-12-11T09:37:20","slug":"printed-silicone-wristbands-custom-screen-print","status":"publish","type":"product","link":"https:\/\/wristbandfactory.eu\/de\/p\/printed-silicone-wristbands-custom-screen-print\/","title":{"rendered":"Silikonarmb\u00e4nder \u2013 Bedruckt \/ Mit Logo"},"content":{"rendered":"<p data-path-to-node=\"12\"><b>Der Klassiker f\u00fcr Werbezwecke<\/b><\/p>\n<p data-path-to-node=\"13\"><b>Bedruckte Silikonarmb\u00e4nder<\/b> Sie sind die beliebteste Wahl f\u00fcr Marketingkampagnen, Messen und Veranstaltungen, bei denen Sichtbarkeit und Budget entscheidende Priorit\u00e4t haben. Im Gegensatz zu gravierten Ringen pr\u00e4sentieren sie Ihr Design. <b>direkt auf die glatte Oberfl\u00e4che im Siebdruckverfahren bedruckt<\/b> des Silikons, das ein scharfes, sauberes Finish bietet, das die Blicke auf sich zieht.<\/p>\n<p data-path-to-node=\"14\"><b>Unbegrenzte Farboptionen<\/b> Wir bieten Ihnen volle Flexibilit\u00e4t bei der Individualisierung. Sie k\u00f6nnen alles ausw\u00e4hlen. <b>Pantone (PMS)-Farbe<\/b> W\u00e4hlen Sie f\u00fcr das Silikonarmband selbst eine kontrastierende Tintenfarbe f\u00fcr Ihr Logo und Ihren Text. Dies gew\u00e4hrleistet die Einhaltung Ihrer Corporate Identity gem\u00e4\u00df 100%.<\/p>\n<p data-path-to-node=\"15\"><b>Material &amp; Komfort<\/b> Hergestellt aus <b>100% hochwertiges, latexfreies Silikon<\/b>, Diese Armb\u00e4nder sind wasserdicht, hitzebest\u00e4ndig und so bequem, dass man sie den ganzen Tag tragen kann. Sie sind robust genug f\u00fcr mehrt\u00e4gige Veranstaltungen, wurden aber prim\u00e4r als kosteng\u00fcnstige Werbeartikel konzipiert.<\/p>\n<p data-path-to-node=\"16\"><i>Hinweis: F\u00fcr den langfristigen t\u00e4glichen Gebrauch (Monate\/Jahre) empfehlen wir unsere \u201cDebossed\u201d-Armb\u00e4nder, da sich der Oberfl\u00e4chendruck bei starker Reibung mit der Zeit abnutzen kann.<\/i><\/p>\n<p data-path-to-node=\"17\"><b>Hauptmerkmale:<\/b><\/p>\n<ul data-path-to-node=\"18\">\n<li>\n<p data-path-to-node=\"18,0,0\"><b>Verfahren:<\/b> Hochpr\u00e4ziser Siebdruck.<\/p>\n<\/li>\n<li>\n<p data-path-to-node=\"18,1,0\"><b>Material:<\/b> 100% Weiches Silikon (ungiftig).<\/p>\n<\/li>\n<li>\n<p data-path-to-node=\"18,2,0\"><b>Gr\u00f6\u00dfe:<\/b> Standardgr\u00f6\u00dfe f\u00fcr Erwachsene (202x12x2mm) und Jugendliche (180x12x2mm).<\/p>\n<\/li>\n<li>\n<p data-path-to-node=\"18,3,0\"><b>Anwendungsfall:<\/b> Werbegeschenke, Aufkl\u00e4rungskampagnen, Festivals.<\/p>\n<\/li>\n<\/ul>","protected":false},"excerpt":{"rendered":"<ul data-path-to-node=\"10\">\n<li>\n<p data-path-to-node=\"10,0,0\"><b>Hohe Sichtbarkeit:<\/b> Gestochen scharfer Siebdruck sorgt daf\u00fcr, dass Ihr Logo auf der Oberfl\u00e4che deutlich hervortritt.<\/p>\n<\/li>\n<li>\n<p data-path-to-node=\"10,1,0\"><b>Pantone-Farbanpassung:<\/b> Wir stimmen sowohl das Silikonarmband als auch die Tintenfarbe an Ihre Markenrichtlinien ab.<\/p>\n<\/li>\n<li>\n<p data-path-to-node=\"10,2,0\"><b>Kosteng\u00fcnstig:<\/b> Die kosteng\u00fcnstigste Option f\u00fcr gro\u00df angelegte Werbeaktionen und Werbegeschenke.<\/p>\n<\/li>\n<li>\n<p data-path-to-node=\"10,3,0\"><b>Schnelle Bearbeitung:<\/b> K\u00fcrzere Produktionszeiten im Vergleich zu gepr\u00e4gten oder erhabenen Formen.<\/p>\n<\/li>\n<\/ul>","protected":false},"featured_media":5821,"comment_status":"closed","ping_status":"closed","template":"","meta":[],"product_brand":[],"product_cat":[49],"product_tag":[],"class_list":{"0":"post-5820","1":"product","2":"type-product","3":"status-publish","4":"has-post-thumbnail","6":"product_cat-silicone","8":"first","9":"instock","10":"shipping-taxable","11":"purchasable","12":"product-type-simple"},"_links":{"self":[{"href":"https:\/\/wristbandfactory.eu\/de\/wp-json\/wp\/v2\/product\/5820","targetHints":{"allow":["GET"]}}],"collection":[{"href":"https:\/\/wristbandfactory.eu\/de\/wp-json\/wp\/v2\/product"}],"about":[{"href":"https:\/\/wristbandfactory.eu\/de\/wp-json\/wp\/v2\/types\/product"}],"replies":[{"embeddable":true,"href":"https:\/\/wristbandfactory.eu\/de\/wp-json\/wp\/v2\/comments?post=5820"}],"wp:featuredmedia":[{"embeddable":true,"href":"https:\/\/wristbandfactory.eu\/de\/wp-json\/wp\/v2\/media\/5821"}],"wp:attachment":[{"href":"https:\/\/wristbandfactory.eu\/de\/wp-json\/wp\/v2\/media?parent=5820"}],"wp:term":[{"taxonomy":"product_brand","embeddable":true,"href":"https:\/\/wristbandfactory.eu\/de\/wp-json\/wp\/v2\/product_brand?post=5820"},{"taxonomy":"product_cat","embeddable":true,"href":"https:\/\/wristbandfactory.eu\/de\/wp-json\/wp\/v2\/product_cat?post=5820"},{"taxonomy":"product_tag","embeddable":true,"href":"https:\/\/wristbandfactory.eu\/de\/wp-json\/wp\/v2\/product_tag?post=5820"}],"curies":[{"name":"wp","href":"https:\/\/api.w.org\/{rel}","templated":true}]}}