{"id":5819,"date":"2025-12-11T12:22:13","date_gmt":"2025-12-11T09:22:13","guid":{"rendered":"https:\/\/wristbandfactory.eu\/?post_type=product&#038;p=5819"},"modified":"2026-03-03T22:09:53","modified_gmt":"2026-03-03T19:09:53","slug":"linen-fabric-wristbands-custom-woven-printed","status":"publish","type":"product","link":"https:\/\/wristbandfactory.eu\/de\/p\/linen-fabric-wristbands-custom-woven-printed\/","title":{"rendered":"Stoffarmb\u00e4nder (Leinen) \u2013 Mit Logo \/ Bedruckt"},"content":{"rendered":"<p data-path-to-node=\"10\"><b>Eleganz trifft auf Nachhaltigkeit<\/b><\/p>\n<p data-path-to-node=\"11\">F\u00fcr Veranstaltungen, die Raffinesse erfordern, ohne dabei \u00f6kologische Werte zu vernachl\u00e4ssigen, <b>Armb\u00e4nder aus Leinenstoff<\/b> Sie sind die ultimative Wahl. Leinen wird aus den Fasern der Flachspflanze hergestellt und ist eines der \u00e4ltesten und nachhaltigsten Textilien der Welt, gesch\u00e4tzt f\u00fcr seine St\u00e4rke, Saugf\u00e4higkeit und K\u00fchle.<\/p>\n<p data-path-to-node=\"12\"><b>Ein einzigartiger, strukturierter Look<\/b> Leinen besticht durch seine nat\u00fcrliche, leicht unregelm\u00e4\u00dfige Webart und sein mattes Finish. Diese \u201cperfekt unperfekte\u201d Textur verleiht dem Armband einen authentischen, organischen Charakter, den synthetische Materialien nicht imitieren k\u00f6nnen. Es ist die bevorzugte Wahl f\u00fcr <b>Luxushochzeiten, Boutique-Festivals und exklusive Firmenveranstaltungen<\/b>.<\/p>\n<p data-path-to-node=\"13\"><b>Markenbildung &amp; Design<\/b> Um die nat\u00fcrliche Maserung des Stoffes zu unterstreichen, empfehlen wir:<\/p>\n<ul data-path-to-node=\"14\">\n<li>\n<p data-path-to-node=\"14,0,0\"><b>Siebdruck:<\/b> Verwenden Sie dunkle, einfarbige Drucke (wie Marineblau, Schwarz oder Waldgr\u00fcn), um einen starken Kontrast zum nat\u00fcrlichen cremewei\u00dfen oder gef\u00e4rbten Leinenhintergrund zu erzielen.<\/p>\n<\/li>\n<li>\n<p data-path-to-node=\"14,1,0\"><b>Gewebt (Stickerei):<\/b> Ein subtiles, tonales Gewebe erzeugt einen dezenten und eleganten Markeneffekt.<\/p>\n<\/li>\n<\/ul>\n<p data-path-to-node=\"15\"><b>Sicher und umweltfreundlich<\/b> Kombinieren Sie es mit unserem <b>Bamboo Eco-Lock<\/b> Um ein 100%-Kunststoff-freies Profil zu gew\u00e4hrleisten, sind f\u00fcr eine sichere Zutrittskontrolle auch standardm\u00e4\u00dfige Hochsicherheitsschieber kompatibel.<\/p>\n<p data-path-to-node=\"16\"><b>Hauptmerkmale:<\/b><\/p>\n<ul data-path-to-node=\"17\">\n<li>\n<p data-path-to-node=\"17,0,0\"><b>Material:<\/b> 100% Naturleinen (Flachs).<\/p>\n<\/li>\n<li>\n<p data-path-to-node=\"17,1,0\"><b>F\u00fchlen:<\/b> F\u00fchlt sich k\u00fchl an, wird mit der Zeit weicher.<\/p>\n<\/li>\n<li>\n<p data-path-to-node=\"17,2,0\"><b>\u00d6ko-Bewertung:<\/b> Geringer Wasserverbrauch, biologisch abbaubar.<\/p>\n<\/li>\n<li>\n<p data-path-to-node=\"17,3,0\"><b>Haltbarkeit:<\/b> St\u00e4rker als Baumwolle, \u00e4u\u00dferst rei\u00dffest.<\/p>\n<\/li>\n<\/ul>","protected":false},"excerpt":{"rendered":"<ul>\n<li>\n<p data-path-to-node=\"8,0,0\"><b>Hochwertige Naturfaser:<\/b> Hergestellt aus hochwertigen Flachsfasern, bietet es eine edle, matte Optik.<\/p>\n<\/li>\n<li>\n<p data-path-to-node=\"8,1,0\"><b>Atmungsaktiver Komfort:<\/b> Dank seiner au\u00dfergew\u00f6hnlichen Luftdurchl\u00e4ssigkeit ist es die beste Wahl f\u00fcr Sommerveranstaltungen.<\/p>\n<\/li>\n<li>\n<p data-path-to-node=\"8,2,0\"><b>Einzigartige Textur:<\/b> Verf\u00fcgt \u00fcber die klassische \u201cunregelm\u00e4\u00dfige\u201d Textur von echtem Leinen, die sich nat\u00fcrlich und hochwertig anf\u00fchlt.<\/p>\n<\/li>\n<li>\n<p data-path-to-node=\"8,3,0\"><b>100% Nachhaltig:<\/b> Vollst\u00e4ndig biologisch abbaubar und mit minimalem Wasserverbrauch angebaut.<\/p>\n<\/li>\n<\/ul>","protected":false},"featured_media":6947,"comment_status":"closed","ping_status":"closed","template":"","meta":[],"product_brand":[],"product_cat":[133,47],"product_tag":[],"class_list":{"0":"post-5819","1":"product","2":"type-product","3":"status-publish","4":"has-post-thumbnail","6":"product_cat-eco-friendly-wristbands","7":"product_cat-fabric-wristbands","9":"first","10":"instock","11":"shipping-taxable","12":"purchasable","13":"product-type-simple"},"_links":{"self":[{"href":"https:\/\/wristbandfactory.eu\/de\/wp-json\/wp\/v2\/product\/5819","targetHints":{"allow":["GET"]}}],"collection":[{"href":"https:\/\/wristbandfactory.eu\/de\/wp-json\/wp\/v2\/product"}],"about":[{"href":"https:\/\/wristbandfactory.eu\/de\/wp-json\/wp\/v2\/types\/product"}],"replies":[{"embeddable":true,"href":"https:\/\/wristbandfactory.eu\/de\/wp-json\/wp\/v2\/comments?post=5819"}],"wp:featuredmedia":[{"embeddable":true,"href":"https:\/\/wristbandfactory.eu\/de\/wp-json\/wp\/v2\/media\/6947"}],"wp:attachment":[{"href":"https:\/\/wristbandfactory.eu\/de\/wp-json\/wp\/v2\/media?parent=5819"}],"wp:term":[{"taxonomy":"product_brand","embeddable":true,"href":"https:\/\/wristbandfactory.eu\/de\/wp-json\/wp\/v2\/product_brand?post=5819"},{"taxonomy":"product_cat","embeddable":true,"href":"https:\/\/wristbandfactory.eu\/de\/wp-json\/wp\/v2\/product_cat?post=5819"},{"taxonomy":"product_tag","embeddable":true,"href":"https:\/\/wristbandfactory.eu\/de\/wp-json\/wp\/v2\/product_tag?post=5819"}],"curies":[{"name":"wp","href":"https:\/\/api.w.org\/{rel}","templated":true}]}}