{"id":5818,"date":"2025-12-11T12:18:31","date_gmt":"2025-12-11T09:18:31","guid":{"rendered":"https:\/\/wristbandfactory.eu\/?post_type=product&#038;p=5818"},"modified":"2025-12-19T23:41:51","modified_gmt":"2025-12-19T20:41:51","slug":"hemp-fabric-wristbands-custom-woven-printed","status":"publish","type":"product","link":"https:\/\/wristbandfactory.eu\/de\/p\/hemp-fabric-wristbands-custom-woven-printed\/","title":{"rendered":"Stoffarmb\u00e4nder (Hanf) \u2013 Mit Logo \/ Bedruckt"},"content":{"rendered":"<p data-path-to-node=\"11\"><b>Die st\u00e4rkste nat\u00fcrliche Wahl<\/b><\/p>\n<p data-path-to-node=\"12\">Setzen Sie ein starkes Statement mit <b>Armb\u00e4nder aus Hanfstoff<\/b>, Die strapazierf\u00e4higste Option in unserem umweltfreundlichen Sortiment. Hanffasern sind f\u00fcr ihre Rei\u00dffestigkeit bekannt, wodurch sich diese Armb\u00e4nder perfekt f\u00fcr Outdoor-Festivals, Abenteuerveranstaltungen oder den mehrw\u00f6chigen Einsatz eignen, bei dem Abnutzung ein Problem darstellt.<\/p>\n<p data-path-to-node=\"13\"><b>Unverwechselbarer \u201cerdiger\u201d Look<\/b> Im Gegensatz zur glatten Oberfl\u00e4che von rPET oder der Weichheit von Bambus bietet Hanf eine <b>strukturierte, k\u00f6rnige Textur<\/b>. Dadurch erh\u00e4lt das Armband einen hochwertigen, \u201chandgefertigten\u201d Eindruck, der Ihren G\u00e4sten sofort Nachhaltigkeit und Authentizit\u00e4t vermittelt.<\/p>\n<p data-path-to-node=\"14\"><b>Markenempfehlungen<\/b> Aufgrund der gr\u00f6beren Textur der Hanffasern:<\/p>\n<ul data-path-to-node=\"15\">\n<li>\n<p data-path-to-node=\"15,0,0\"><b>Siebdruck:<\/b> Wir empfehlen kr\u00e4ftige, einfarbige Drucke (wie Schwarz oder Dunkelgr\u00fcn), die einen sch\u00f6nen Kontrast zum nat\u00fcrlichen beigen\/braunen Hintergrund der Faser bilden.<\/p>\n<\/li>\n<li>\n<p data-path-to-node=\"15,1,0\"><b>Gewebt (Stickerei):<\/b> Unbedruckte Texte und Logos k\u00f6nnen f\u00fcr eine dauerhafte Optik direkt in das Armband eingewebt werden.<\/p>\n<\/li>\n<\/ul>\n<p data-path-to-node=\"16\"><b>Umweltfreundliche Hardware<\/b> Vervollst\u00e4ndigen Sie den Look mit unserem <b>Bamboo Eco-Lock<\/b> oder ein wiederverwendbares <b>Holzperlen<\/b>. F\u00fcr besonders anspruchsvolle Zugangskontrollen sind auch standardm\u00e4\u00dfige, sichere Kunststoffschieber erh\u00e4ltlich.<\/p>\n<p data-path-to-node=\"17\"><b>Hauptmerkmale:<\/b><\/p>\n<ul data-path-to-node=\"18\">\n<li>\n<p data-path-to-node=\"18,0,0\"><b>Material:<\/b> 100% Nat\u00fcrliche Hanffaser.<\/p>\n<\/li>\n<li>\n<p data-path-to-node=\"18,1,0\"><b>Textur:<\/b> Grob, nat\u00fcrlich und taktil.<\/p>\n<\/li>\n<li>\n<p data-path-to-node=\"18,2,0\"><b>Haltbarkeit:<\/b> Hohe Best\u00e4ndigkeit gegen Dehnung und Wasser.<\/p>\n<\/li>\n<li>\n<p data-path-to-node=\"18,3,0\"><b>\u00d6ko-Bewertung:<\/b> Kohlenstoffnegativer Wachstumszyklus, biologisch abbaubar.<\/p>\n<\/li>\n<\/ul>","protected":false},"excerpt":{"rendered":"<ul data-path-to-node=\"9\">\n<li>\n<p data-path-to-node=\"9,0,0\"><b>Extrem langlebig:<\/b> Hanf ist eine der st\u00e4rksten Naturfasern und eignet sich ideal f\u00fcr anspruchsvolle oder lang andauernde Veranstaltungen.<\/p>\n<\/li>\n<li>\n<p data-path-to-node=\"9,1,0\"><b>Rustikale \u00c4sthetik:<\/b> Bietet eine unverwechselbare, strukturierte, erdige Optik, die sich von glatten Synthetikfasern abhebt.<\/p>\n<\/li>\n<li>\n<p data-path-to-node=\"9,2,0\"><b>100% Nachhaltig:<\/b> Ohne Pestizide angebaut und vollst\u00e4ndig biologisch abbaubar.<\/p>\n<\/li>\n<li>\n<p data-path-to-node=\"9,3,0\"><b>Individuelles Branding:<\/b> Am besten geeignet f\u00fcr ausdrucksstarke Siebdrucke oder schlichte Webmuster.<\/p>\n<\/li>\n<\/ul>","protected":false},"featured_media":5827,"comment_status":"closed","ping_status":"closed","template":"","meta":[],"product_brand":[],"product_cat":[133,47],"product_tag":[],"class_list":{"0":"post-5818","1":"product","2":"type-product","3":"status-publish","4":"has-post-thumbnail","6":"product_cat-eco-friendly-wristbands","7":"product_cat-fabric-wristbands","9":"first","10":"instock","11":"shipping-taxable","12":"purchasable","13":"product-type-simple"},"_links":{"self":[{"href":"https:\/\/wristbandfactory.eu\/de\/wp-json\/wp\/v2\/product\/5818","targetHints":{"allow":["GET"]}}],"collection":[{"href":"https:\/\/wristbandfactory.eu\/de\/wp-json\/wp\/v2\/product"}],"about":[{"href":"https:\/\/wristbandfactory.eu\/de\/wp-json\/wp\/v2\/types\/product"}],"replies":[{"embeddable":true,"href":"https:\/\/wristbandfactory.eu\/de\/wp-json\/wp\/v2\/comments?post=5818"}],"wp:featuredmedia":[{"embeddable":true,"href":"https:\/\/wristbandfactory.eu\/de\/wp-json\/wp\/v2\/media\/5827"}],"wp:attachment":[{"href":"https:\/\/wristbandfactory.eu\/de\/wp-json\/wp\/v2\/media?parent=5818"}],"wp:term":[{"taxonomy":"product_brand","embeddable":true,"href":"https:\/\/wristbandfactory.eu\/de\/wp-json\/wp\/v2\/product_brand?post=5818"},{"taxonomy":"product_cat","embeddable":true,"href":"https:\/\/wristbandfactory.eu\/de\/wp-json\/wp\/v2\/product_cat?post=5818"},{"taxonomy":"product_tag","embeddable":true,"href":"https:\/\/wristbandfactory.eu\/de\/wp-json\/wp\/v2\/product_tag?post=5818"}],"curies":[{"name":"wp","href":"https:\/\/api.w.org\/{rel}","templated":true}]}}