{"id":5816,"date":"2025-12-11T12:14:13","date_gmt":"2025-12-11T09:14:13","guid":{"rendered":"https:\/\/wristbandfactory.eu\/?post_type=product&#038;p=5816"},"modified":"2025-12-19T23:41:58","modified_gmt":"2025-12-19T20:41:58","slug":"bamboo-fabric-wristbands-custom-woven-printed","status":"publish","type":"product","link":"https:\/\/wristbandfactory.eu\/de\/p\/bamboo-fabric-wristbands-custom-woven-printed\/","title":{"rendered":"Stoffarmb\u00e4nder (Bambus) \u2013 Mit Logo \/ Bedruckt"},"content":{"rendered":"<p data-path-to-node=\"10\"><b>Die sanfteste Wahl f\u00fcr nachhaltige Veranstaltungen<\/b><\/p>\n<p data-path-to-node=\"11\">Bieten Sie Ihren VIP-G\u00e4sten und umweltbewussten Teilnehmern mit unserem Produkt h\u00f6chsten Komfort. <b>Armb\u00e4nder aus Bambusgewebe<\/b>. Diese Armb\u00e4nder werden aus einem der am schnellsten wachsenden nachwachsenden Rohstoffe der Welt hergestellt und vereinen Nachhaltigkeit mit einer hochwertigen, seidig-glatten Textur, die sich synthetischen Alternativen \u00fcberlegen anf\u00fchlt.<\/p>\n<p data-path-to-node=\"12\"><b>Warum Bambus w\u00e4hlen?<\/b> Bambusfasern sind nat\u00fcrlich <b>antibakteriell, hypoallergen und feuchtigkeitsableitend<\/b>. Dadurch eignet es sich ideal f\u00fcr mehrt\u00e4gige Festivals in hei\u00dfen Klimazonen oder f\u00fcr G\u00e4ste mit empfindlicher Haut. Im Gegensatz zu Plastik ist es atmungsaktiv und am Ende seines Lebenszyklus vollst\u00e4ndig biologisch abbaubar.<\/p>\n<p data-path-to-node=\"13\"><b>Branding &amp; Individualisierung<\/b> Aufgrund der nat\u00fcrlichen, matten Textur von Bambus empfehlen wir:<\/p>\n<ul data-path-to-node=\"14\">\n<li>\n<p data-path-to-node=\"14,0,0\"><b>Gewebt (Stickerei):<\/b> Durch das direkte Einweben Ihres Logos in den Stoff (bis zu 8 Farben) entsteht ein klassischer, hochwertiger Look.<\/p>\n<\/li>\n<li>\n<p data-path-to-node=\"14,1,0\"><b>Siebdruck:<\/b> Am besten geeignet f\u00fcr Designs, die scharfe Schrift oder bestimmte Sonderfarben auf der Oberfl\u00e4che erfordern.<\/p>\n<\/li>\n<\/ul>\n<p data-path-to-node=\"15\"><b>Sicher und umweltfreundlich<\/b> Maximieren Sie Ihre Umweltbilanz, indem Sie diese Armb\u00e4nder mit unseren kombinieren. <b>Bamboo Eco-Lock<\/b> (50% weniger Kunststoff). Wir bieten au\u00dferdem standardm\u00e4\u00dfige Hochsicherheitsschieber und wiederverwendbare Holzkugeln an.<\/p>\n<p data-path-to-node=\"16\"><b>Hauptmerkmale:<\/b><\/p>\n<ul data-path-to-node=\"17\">\n<li>\n<p data-path-to-node=\"17,0,0\"><b>Material:<\/b> 100% Bambusfaser.<\/p>\n<\/li>\n<li>\n<p data-path-to-node=\"17,1,0\"><b>F\u00fchlen:<\/b> Luxuri\u00f6s, weich und satinartig.<\/p>\n<\/li>\n<li>\n<p data-path-to-node=\"17,2,0\"><b>\u00d6ko-Bewertung:<\/b> Hochgradig erneuerbar und biologisch abbaubar.<\/p>\n<\/li>\n<li>\n<p data-path-to-node=\"17,3,0\"><b>Verwendung:<\/b> Perfekt f\u00fcr VIP-Zugang, \u00d6ko-Gipfeltreffen und luxuri\u00f6se Retreats.<\/p>\n<\/li>\n<\/ul>","protected":false},"excerpt":{"rendered":"<ul>\n<li>\n<p data-path-to-node=\"8,0,0\"><b>Hochwertiges Material:<\/b> Hergestellt aus schnellwachsenden, biologisch abbaubaren 100%-Bambusfasern.<\/p>\n<\/li>\n<li>\n<p data-path-to-node=\"8,1,0\"><b>Seidiger Komfort:<\/b> Das weichste Armband, das es gibt; von Natur aus antibakteriell und hypoallergen.<\/p>\n<\/li>\n<li>\n<p data-path-to-node=\"8,2,0\"><b>Individuelles Branding:<\/b> Erh\u00e4ltlich als gewebte (bestickte) oder Siebdruckversion (Pantone-Farbanpassung).<\/p>\n<\/li>\n<li>\n<p data-path-to-node=\"8,3,0\"><b>Nachhaltig:<\/b> Eine erneuerbare Ressource, die zum Anbau keinerlei Pestizide ben\u00f6tigt.<\/p>\n<\/li>\n<\/ul>","protected":false},"featured_media":5828,"comment_status":"closed","ping_status":"closed","template":"","meta":[],"product_brand":[],"product_cat":[133,47],"product_tag":[],"class_list":{"0":"post-5816","1":"product","2":"type-product","3":"status-publish","4":"has-post-thumbnail","6":"product_cat-eco-friendly-wristbands","7":"product_cat-fabric-wristbands","9":"first","10":"instock","11":"shipping-taxable","12":"purchasable","13":"product-type-simple"},"_links":{"self":[{"href":"https:\/\/wristbandfactory.eu\/de\/wp-json\/wp\/v2\/product\/5816","targetHints":{"allow":["GET"]}}],"collection":[{"href":"https:\/\/wristbandfactory.eu\/de\/wp-json\/wp\/v2\/product"}],"about":[{"href":"https:\/\/wristbandfactory.eu\/de\/wp-json\/wp\/v2\/types\/product"}],"replies":[{"embeddable":true,"href":"https:\/\/wristbandfactory.eu\/de\/wp-json\/wp\/v2\/comments?post=5816"}],"wp:featuredmedia":[{"embeddable":true,"href":"https:\/\/wristbandfactory.eu\/de\/wp-json\/wp\/v2\/media\/5828"}],"wp:attachment":[{"href":"https:\/\/wristbandfactory.eu\/de\/wp-json\/wp\/v2\/media?parent=5816"}],"wp:term":[{"taxonomy":"product_brand","embeddable":true,"href":"https:\/\/wristbandfactory.eu\/de\/wp-json\/wp\/v2\/product_brand?post=5816"},{"taxonomy":"product_cat","embeddable":true,"href":"https:\/\/wristbandfactory.eu\/de\/wp-json\/wp\/v2\/product_cat?post=5816"},{"taxonomy":"product_tag","embeddable":true,"href":"https:\/\/wristbandfactory.eu\/de\/wp-json\/wp\/v2\/product_tag?post=5816"}],"curies":[{"name":"wp","href":"https:\/\/api.w.org\/{rel}","templated":true}]}}