{"id":5814,"date":"2025-12-11T12:06:41","date_gmt":"2025-12-11T09:06:41","guid":{"rendered":"https:\/\/wristbandfactory.eu\/?post_type=product&#038;p=5814"},"modified":"2025-12-19T23:45:17","modified_gmt":"2025-12-19T20:45:17","slug":"organic-cotton-wristbands-custom-woven-printed","status":"publish","type":"product","link":"https:\/\/wristbandfactory.eu\/de\/p\/organic-cotton-wristbands-custom-woven-printed\/","title":{"rendered":"Stoffarmb\u00e4nder (Baumwolle) \u2013 Mit Logo \/ Bedruckt"},"content":{"rendered":"<p data-path-to-node=\"11\"><b>Die nat\u00fcrliche Wahl f\u00fcr nachhaltige Veranstaltungen<\/b><\/p>\n<p data-path-to-node=\"12\">Verbessern Sie die Umweltbilanz Ihrer Marke mit unserem <b>Armb\u00e4nder aus Bio-Baumwolle<\/b>. Im Gegensatz zu synthetischen Materialien werden diese Armb\u00e4nder aus 100%-Naturfasern gefertigt und bieten eine matte, rustikale Optik sowie ein au\u00dfergew\u00f6hnlich weiches Tragegef\u00fchl auf der Haut. Sie sind die perfekte L\u00f6sung f\u00fcr mehrt\u00e4gige Festivals, VIP-Veranstaltungen und Marken, die ein plastikfreies Image vermitteln m\u00f6chten.<\/p>\n<p data-path-to-node=\"13\"><b>Komfort trifft auf Langlebigkeit<\/b> Baumwolle ist von Natur aus atmungsaktiv und hypoallergen und daher die komfortabelste Wahl f\u00fcr l\u00e4ngeres Tragen. Sie verursacht keine Hautreizungen oder Schwitzen und sorgt so f\u00fcr ein erstklassiges Erlebnis f\u00fcr Ihre G\u00e4ste.<\/p>\n<p data-path-to-node=\"14\"><b>Branding-Optionen<\/b> Aufgrund der nat\u00fcrlichen Faserstruktur empfehlen wir zwei unterschiedliche Individualisierungsmethoden:<\/p>\n<ul data-path-to-node=\"15\">\n<li>\n<p data-path-to-node=\"15,0,0\"><b>Gewebt (Stickerei):<\/b> Ihr Logo wird mit bis zu 8 Garnfarben direkt in den Stoff eingestickt. Dadurch entsteht eine strapazierf\u00e4hige, hochwertige Oberfl\u00e4che, die nicht verblasst.<\/p>\n<\/li>\n<li>\n<p data-path-to-node=\"15,1,0\"><b>Siebdruck:<\/b> Perfekt geeignet f\u00fcr die pr\u00e4zise Pantone-Farbabstimmung auf der Oberfl\u00e4che des Armbands.<\/p>\n<\/li>\n<\/ul>\n<p data-path-to-node=\"16\"><b>Sichere und nachhaltige Hardware<\/b> Kombinieren Sie diese Naturb\u00e4nder mit unseren <b>Bamboo Eco-Lock<\/b> (50% Bambus-Verbundwerkstoff) zur Herstellung einer vollst\u00e4ndig umweltfreundlichen Armbandl\u00f6sung. Standardm\u00e4\u00dfige Hochsicherheits-Schieber und wiederverwendbare Holzperlen sind ebenfalls erh\u00e4ltlich.<\/p>\n<p data-path-to-node=\"17\"><b>Hauptmerkmale:<\/b><\/p>\n<ul data-path-to-node=\"18\">\n<li>\n<p data-path-to-node=\"18,0,0\"><b>Material:<\/b> 100% Bio-Baumwolle.<\/p>\n<\/li>\n<li>\n<p data-path-to-node=\"18,1,0\"><b>\u00d6ko-Bewertung:<\/b> Biologisch abbaubar und erneuerbar.<\/p>\n<\/li>\n<li>\n<p data-path-to-node=\"18,2,0\"><b>Textur:<\/b> Weiche, matte Oberfl\u00e4che (nicht gl\u00e4nzend).<\/p>\n<\/li>\n<li>\n<p data-path-to-node=\"18,3,0\"><b>Abmessungen:<\/b> Standard 340 mm x 15 mm.<\/p>\n<\/li>\n<\/ul>","protected":false},"excerpt":{"rendered":"<ul>\n<li>\n<p data-path-to-node=\"9,0,0\"><b>Nat\u00fcrliches Material:<\/b> Hergestellt aus 100% biologisch abbaubaren Bio-Baumwollfasern.<\/p>\n<\/li>\n<li>\n<p data-path-to-node=\"9,1,0\"><b>Premium-Komfort:<\/b> Weich, atmungsaktiv und hypoallergen (ideal f\u00fcr empfindliche Haut).<\/p>\n<\/li>\n<li>\n<p data-path-to-node=\"9,2,0\"><b>Individuelles Branding:<\/b> Sie haben die Wahl zwischen hochwertiger Stickerei (gewebt) oder Siebdruck.<\/p>\n<\/li>\n<li>\n<p data-path-to-node=\"9,3,0\"><b>Plastikfrei:<\/b> Eine rundum nachhaltige Wahl, die mit Bamboo Eco-Locks kompatibel ist.<\/p>\n<\/li>\n<\/ul>","protected":false},"featured_media":5829,"comment_status":"closed","ping_status":"closed","template":"","meta":[],"product_brand":[],"product_cat":[133,47],"product_tag":[],"class_list":{"0":"post-5814","1":"product","2":"type-product","3":"status-publish","4":"has-post-thumbnail","6":"product_cat-eco-friendly-wristbands","7":"product_cat-fabric-wristbands","9":"first","10":"instock","11":"shipping-taxable","12":"purchasable","13":"product-type-simple"},"_links":{"self":[{"href":"https:\/\/wristbandfactory.eu\/de\/wp-json\/wp\/v2\/product\/5814","targetHints":{"allow":["GET"]}}],"collection":[{"href":"https:\/\/wristbandfactory.eu\/de\/wp-json\/wp\/v2\/product"}],"about":[{"href":"https:\/\/wristbandfactory.eu\/de\/wp-json\/wp\/v2\/types\/product"}],"replies":[{"embeddable":true,"href":"https:\/\/wristbandfactory.eu\/de\/wp-json\/wp\/v2\/comments?post=5814"}],"wp:featuredmedia":[{"embeddable":true,"href":"https:\/\/wristbandfactory.eu\/de\/wp-json\/wp\/v2\/media\/5829"}],"wp:attachment":[{"href":"https:\/\/wristbandfactory.eu\/de\/wp-json\/wp\/v2\/media?parent=5814"}],"wp:term":[{"taxonomy":"product_brand","embeddable":true,"href":"https:\/\/wristbandfactory.eu\/de\/wp-json\/wp\/v2\/product_brand?post=5814"},{"taxonomy":"product_cat","embeddable":true,"href":"https:\/\/wristbandfactory.eu\/de\/wp-json\/wp\/v2\/product_cat?post=5814"},{"taxonomy":"product_tag","embeddable":true,"href":"https:\/\/wristbandfactory.eu\/de\/wp-json\/wp\/v2\/product_tag?post=5814"}],"curies":[{"name":"wp","href":"https:\/\/api.w.org\/{rel}","templated":true}]}}